{"id":2133,"date":"2024-04-22T03:16:50","date_gmt":"2024-04-22T03:16:50","guid":{"rendered":"https:\/\/nfc-readers.com\/?post_type=product&#038;p=2133"},"modified":"2024-09-24T06:04:13","modified_gmt":"2024-09-24T06:04:13","slug":"silicone-rfid-nfc-wristbands","status":"publish","type":"product","link":"https:\/\/nfc-readers.com\/fr\/ic-reader\/silicone-rfid-nfc-wristbands\/","title":{"rendered":"Bracelets en silicone RFID NFC"},"content":{"rendered":"<table width=\"476\">\n<tbody>\n<tr style=\"font-style: inherit; font-weight: inherit;\">\n<td style=\"font-style: inherit;\" width=\"187\"><span style=\"font-style: inherit; font-weight: inherit;\" data-spm-anchor-id=\"a2700.details.0.i62.23d334f5zYksZe\">Produit<\/span><\/td>\n<td style=\"font-style: inherit;\" width=\"289\"><span style=\"font-style: inherit; font-weight: inherit;\">\u00a0Bracelet en silicone RFID\u00a0<\/span><\/td>\n<\/tr>\n<tr style=\"font-style: inherit; font-weight: inherit;\">\n<td style=\"font-style: inherit;\" width=\"187\"><span style=\"font-style: inherit; font-weight: inherit;\">\u00a0Mat\u00e9riel\u00a0<\/span><\/td>\n<td style=\"font-style: inherit;\" width=\"289\"><span style=\"font-style: inherit; font-weight: inherit;\">\u00a0Silicone<\/span><\/td>\n<\/tr>\n<tr style=\"font-style: inherit; font-weight: inherit;\">\n<td style=\"font-style: inherit;\" width=\"187\"><span style=\"font-style: inherit; font-weight: inherit;\">\u00a0Taille<\/span><\/td>\n<td style=\"font-style: inherit;\" width=\"289\"><span style=\"font-style: inherit; font-weight: inherit;\">\u00a0Personnalis\u00e9<\/span><\/td>\n<\/tr>\n<tr style=\"font-style: inherit; font-weight: inherit;\">\n<td style=\"font-style: inherit;\" width=\"187\"><span style=\"font-style: inherit; font-weight: inherit;\">\u00a0Couleur<\/span><\/td>\n<td style=\"font-style: inherit;\" width=\"289\"><span style=\"font-style: inherit; font-weight: inherit;\">\u00a0Bleu\/rouge\/noir\/blanc\/jaune\/gris\/vert\/rose, etc., ou personnalis\u00e9<\/span><\/td>\n<\/tr>\n<tr style=\"font-style: inherit; font-weight: inherit;\">\n<td style=\"font-style: inherit;\" width=\"187\"><span style=\"font-style: inherit; font-weight: inherit;\">\u00a0Protocole<\/span><\/td>\n<td width=\"289\"><span style=\"font-style: inherit; font-weight: inherit;\">\u00a0ISO14443A, ISO15693<\/span><\/td>\n<\/tr>\n<tr style=\"font-style: inherit; font-weight: inherit;\">\n<td style=\"font-style: inherit;\" width=\"187\"><span style=\"font-style: inherit; font-weight: inherit;\">\u00a0Puce HF (13,56 MHz)\u00a0<\/span><\/td>\n<td style=\"font-style: inherit;\" width=\"289\"><span style=\"font-style: inherit; font-weight: inherit;\">\u00a0FM11RF08, S50, S70, M1K, \u00e9tiquette NFC213\/216, etc.<\/span><\/td>\n<\/tr>\n<tr style=\"font-style: inherit; font-weight: inherit;\">\n<td style=\"font-style: inherit;\" rowspan=\"4\" width=\"187\"><span style=\"font-style: inherit; font-weight: inherit;\">\u00a0Artisanat<\/span><\/td>\n<td style=\"font-style: inherit;\" width=\"289\"><span style=\"font-style: inherit; font-weight: inherit;\">\u00a0Personnaliser l&#039;impression<\/span><\/td>\n<\/tr>\n<tr>\n<td width=\"289\"><span style=\"font-style: inherit; font-weight: inherit;\">\u00a0Service d&#039;encodage disponible<\/span><\/td>\n<\/tr>\n<tr>\n<td width=\"289\">\u00a0UID laser\/impression ou num\u00e9ro de s\u00e9rie sur la carte<\/td>\n<\/tr>\n<tr>\n<td width=\"289\">\u00a0L&#039;UID et le num\u00e9ro de s\u00e9rie peuvent \u00eatre fournis au format Excel<\/td>\n<\/tr>\n<tr style=\"font-style: inherit; font-weight: inherit;\">\n<td style=\"font-style: inherit;\" width=\"187\"><span style=\"font-style: inherit; font-weight: inherit;\">\u00a0Caract\u00e9ristiques<\/span><\/td>\n<td style=\"font-style: inherit;\" width=\"289\"><span style=\"font-style: inherit; font-weight: inherit;\">\u00a0Facile \u00e0 porter et \u00e0 utiliser, haute performance, faible co\u00fbt, \u00e9cologique, non toxique<\/span><\/td>\n<\/tr>\n<tr style=\"font-style: inherit; font-weight: inherit;\">\n<td style=\"font-style: inherit;\" width=\"187\"><span style=\"font-style: inherit; font-weight: inherit;\">\u00a0Application\u00a0<\/span><\/td>\n<td style=\"font-style: inherit;\" width=\"289\"><span style=\"font-style: inherit; font-weight: inherit;\">\u00a0Largement appliqu\u00e9 dans les f\u00eates, les \u00e9v\u00e9nements sportifs, la salle de sport, le restaurant, le marathon, etc., comme contr\u00f4le d&#039;acc\u00e8s et paiement<\/span><\/td>\n<\/tr>\n<\/tbody>\n<\/table>\n<div>Bracelets RFID en silicone<\/div>\n<div><\/div>\n<div>BRACELETS RFID POUR PARCS DE VR ET TERRAINS DE CAMPING Commodit\u00e9 s\u00e9curis\u00e9e. Utilisez des bracelets RFID sur votre aire de camping-car ou terrains de camping pour permettre un contr\u00f4le d&#039;acc\u00e8s s\u00e9curis\u00e9 aux diff\u00e9rentes zones de votre site et pour cr\u00e9er une propri\u00e9t\u00e9 sans num\u00e9raire o\u00f9 tout est g\u00e9r\u00e9 d&#039;un simple clic. Achats sans num\u00e9raire.<\/div>\n<div><\/div>\n<div>Bracelets RFID pour centres de divertissement familial. Utilisez nos bracelets RFID pour des transactions s\u00e9curis\u00e9es de d\u00e9bit, NFC et POS dans les centres de divertissement familial, les salles d&#039;arcade, les casinos et les centres de jeux.<\/div>\n<div><\/div>\n<div>Pour toute application. D\u00e9ployez nos bracelets RFID en silicone \u00e9tanches n&#039;importe o\u00f9 : \u00e0 la salle de sport, \u00e0 la piscine, au spa, au parc aquatique ou \u00e0 l&#039;h\u00f4tel. Payez la nourriture, les services et les commodit\u00e9s en un seul clic sur notre syst\u00e8me ou sur votre terminal de point de vente. Les bracelets RFID en silicone conviennent \u00e9galement aux applications de contr\u00f4le d&#039;acc\u00e8s RFID, de verrouillage et de surveillance du personnel dans votre b\u00e2timent, bureau, laboratoire ou entrep\u00f4t.<\/div>\n<div><\/div>\n<div><img loading=\"lazy\" decoding=\"async\" class=\"alignnone wp-image-2134\" src=\"https:\/\/nfc-readers.com\/wp-content\/uploads\/2024\/04\/H41cec2b20d6746e4bf71ea249b81ff01N-300x246.jpg\" alt=\"\" width=\"525\" height=\"431\" srcset=\"https:\/\/nfc-readers.com\/wp-content\/uploads\/2024\/04\/H41cec2b20d6746e4bf71ea249b81ff01N-300x246.jpg 300w, https:\/\/nfc-readers.com\/wp-content\/uploads\/2024\/04\/H41cec2b20d6746e4bf71ea249b81ff01N-1024x839.jpg 1024w, https:\/\/nfc-readers.com\/wp-content\/uploads\/2024\/04\/H41cec2b20d6746e4bf71ea249b81ff01N-768x629.jpg 768w, https:\/\/nfc-readers.com\/wp-content\/uploads\/2024\/04\/H41cec2b20d6746e4bf71ea249b81ff01N-1536x1258.jpg 1536w, https:\/\/nfc-readers.com\/wp-content\/uploads\/2024\/04\/H41cec2b20d6746e4bf71ea249b81ff01N-2048x1678.jpg 2048w, https:\/\/nfc-readers.com\/wp-content\/uploads\/2024\/04\/H41cec2b20d6746e4bf71ea249b81ff01N-600x491.jpg 600w\" sizes=\"auto, (max-width: 525px) 100vw, 525px\" \/><\/div>\n<div><img loading=\"lazy\" decoding=\"async\" class=\"alignnone wp-image-2135\" src=\"https:\/\/nfc-readers.com\/wp-content\/uploads\/2024\/04\/HTB1OdAhDr9YBuNjy0Fgq6AxcXXaH-300x300.jpg\" alt=\"\" width=\"527\" height=\"527\" srcset=\"https:\/\/nfc-readers.com\/wp-content\/uploads\/2024\/04\/HTB1OdAhDr9YBuNjy0Fgq6AxcXXaH-300x300.jpg 300w, https:\/\/nfc-readers.com\/wp-content\/uploads\/2024\/04\/HTB1OdAhDr9YBuNjy0Fgq6AxcXXaH-150x150.jpg 150w, https:\/\/nfc-readers.com\/wp-content\/uploads\/2024\/04\/HTB1OdAhDr9YBuNjy0Fgq6AxcXXaH-600x600.jpg 600w, https:\/\/nfc-readers.com\/wp-content\/uploads\/2024\/04\/HTB1OdAhDr9YBuNjy0Fgq6AxcXXaH-100x100.jpg 100w, https:\/\/nfc-readers.com\/wp-content\/uploads\/2024\/04\/HTB1OdAhDr9YBuNjy0Fgq6AxcXXaH.jpg 750w\" sizes=\"auto, (max-width: 527px) 100vw, 527px\" \/><\/div>\n<div><\/div>\n<div>\n<p>FAQ:<\/p>\n<p><strong>1. POUVEZ-VOUS NOUS PROPOSER QUELQUES \u00c9CHANTILLONS ?<\/strong><\/p>\n<p>Une fois que nous savons clairement de quels produits vous avez besoin, nous pouvons alors vous proposer un \u00e9chantillon existant similaire pour votre r\u00e9f\u00e9rence.<\/p>\n<p>\u00c9chantillon gratuit avec les frais d&#039;exp\u00e9dition que vous avez pay\u00e9s.<\/p>\n<p>Si vous avez besoin d&#039;un \u00e9chantillon d&#039;\u00e9tiquette personnalis\u00e9 en fonction de votre conception et de vos besoins, un co\u00fbt d&#039;\u00e9chantillonnage raisonnable est factur\u00e9 en cons\u00e9quence.<\/p>\n<p>&nbsp;<\/p>\n<p><strong>2. NOUS NE SOMMES PAS UN ACHETEUR EXPERT DANS VOTRE TECHNOLOGIE, DE QUELLES INFORMATIONS AVEZ-VOUS BESOIN DE NOUS POUR UN DEVIS ?<\/strong><\/p>\n<p>Cher ami, veuillez nous informer clairement de l&#039;application du tag, quel objectif souhaitez-vous atteindre,<\/p>\n<p>nous vous proposerions le produit appropri\u00e9 \u00e0 bon prix<\/p>\n<p>&nbsp;<\/p>\n<p><strong>3. POUVONS-NOUS VISITER VOTRE USINE ?<\/strong><\/p>\n<p>Oui, accueillez chaleureusement votre visite d\u2019usine. Et c&#039;est un honneur d&#039;\u00eatre votre guide lors de votre voyage en Chine.<\/p>\n<p>&nbsp;<\/p>\n<\/div>\n<p>&nbsp;<\/p>","protected":false},"excerpt":{"rendered":"<p>Les bracelets RFID en silicone avec technologie de puce NFC permettent une identification sans contact pour la billetterie, le contr\u00f4le d&#039;acc\u00e8s et la gestion efficace des \u00e9v\u00e9nements.<\/p>","protected":false},"featured_media":2136,"template":"","meta":[],"product_brand":[],"product_cat":[50],"product_tag":[],"class_list":{"0":"post-2133","1":"product","2":"type-product","3":"status-publish","4":"has-post-thumbnail","6":"product_cat-silicone-rfid-nfc-wristbands","8":"first","9":"instock","10":"shipping-taxable","11":"product-type-simple"},"_links":{"self":[{"href":"https:\/\/nfc-readers.com\/fr\/wp-json\/wp\/v2\/product\/2133","targetHints":{"allow":["GET"]}}],"collection":[{"href":"https:\/\/nfc-readers.com\/fr\/wp-json\/wp\/v2\/product"}],"about":[{"href":"https:\/\/nfc-readers.com\/fr\/wp-json\/wp\/v2\/types\/product"}],"wp:featuredmedia":[{"embeddable":true,"href":"https:\/\/nfc-readers.com\/fr\/wp-json\/wp\/v2\/media\/2136"}],"wp:attachment":[{"href":"https:\/\/nfc-readers.com\/fr\/wp-json\/wp\/v2\/media?parent=2133"}],"wp:term":[{"taxonomy":"product_brand","embeddable":true,"href":"https:\/\/nfc-readers.com\/fr\/wp-json\/wp\/v2\/product_brand?post=2133"},{"taxonomy":"product_cat","embeddable":true,"href":"https:\/\/nfc-readers.com\/fr\/wp-json\/wp\/v2\/product_cat?post=2133"},{"taxonomy":"product_tag","embeddable":true,"href":"https:\/\/nfc-readers.com\/fr\/wp-json\/wp\/v2\/product_tag?post=2133"}],"curies":[{"name":"wp","href":"https:\/\/api.w.org\/{rel}","templated":true}]}}