{"id":2144,"date":"2024-04-22T03:53:51","date_gmt":"2024-04-22T03:53:51","guid":{"rendered":"https:\/\/nfc-readers.com\/?post_type=product&#038;p=2144"},"modified":"2024-09-24T06:02:28","modified_gmt":"2024-09-24T06:02:28","slug":"nfc-smart-ring","status":"publish","type":"product","link":"https:\/\/nfc-readers.com\/fr\/ic-reader\/nfc-smart-ring\/","title":{"rendered":"Bague intelligente NFC"},"content":{"rendered":"<table width=\"443\">\n<tbody>\n<tr style=\"font-style: inherit; font-weight: inherit;\">\n<td style=\"font-style: inherit;\" width=\"152\">Nom du produit<\/td>\n<td style=\"font-style: inherit;\" width=\"291\">Anneau NFC<\/td>\n<\/tr>\n<tr style=\"font-style: inherit; font-weight: inherit;\">\n<td style=\"font-style: inherit;\" width=\"152\">Mat\u00e9riel<\/td>\n<td style=\"font-style: inherit;\" width=\"291\">C\u00e9ramique de zircone du corps principal, r\u00e9sine \u00e9poxy de la surface<\/td>\n<\/tr>\n<tr style=\"font-style: inherit; font-weight: inherit;\">\n<td style=\"font-style: inherit;\" width=\"152\">Diam\u00e8tre int\u00e9rieur de l&#039;anneau<\/td>\n<td style=\"font-style: inherit;\" width=\"291\">16 mm, 17 mm, 18 mm, 19 mm, 20 mm, 21 mm, 22 mm, 23 mm<\/td>\n<\/tr>\n<tr style=\"font-style: inherit; font-weight: inherit;\">\n<td style=\"font-style: inherit;\" width=\"152\">\u00c9br\u00e9cher<\/td>\n<td style=\"font-style: inherit;\" width=\"291\">NFC 215 213 216, IC (UID), ID (EM4305)<\/td>\n<\/tr>\n<tr style=\"font-style: inherit; font-weight: inherit;\">\n<td style=\"font-style: inherit;\" width=\"152\">Protocole<\/td>\n<td style=\"font-style: inherit;\" width=\"291\">Forum NFC Type 2 ISO14443A<\/td>\n<\/tr>\n<tr style=\"font-style: inherit; font-weight: inherit;\">\n<td style=\"font-style: inherit;\" width=\"152\">Fr\u00e9quence<\/td>\n<td style=\"font-style: inherit;\" width=\"291\">13,56 MHz<\/td>\n<\/tr>\n<tr style=\"font-style: inherit; font-weight: inherit;\">\n<td style=\"font-style: inherit;\" width=\"152\">Direction de d\u00e9tection<\/td>\n<td style=\"font-style: inherit;\" width=\"291\">D\u00e9tection omnidirectionnelle<\/td>\n<\/tr>\n<tr style=\"font-style: inherit; font-weight: inherit;\">\n<td style=\"font-style: inherit;\" width=\"152\">Distance de d\u00e9tection<\/td>\n<td style=\"font-style: inherit;\" width=\"291\">0-10 cm (d\u00e9pend du lecteur)<\/td>\n<\/tr>\n<tr style=\"font-style: inherit; font-weight: inherit;\">\n<td style=\"font-style: inherit;\" width=\"152\">Emballer<\/td>\n<td style=\"font-style: inherit;\" width=\"291\">Anneau NFC + manuel<\/td>\n<\/tr>\n<\/tbody>\n<\/table>\n<p>&nbsp;<\/p>\n<p>Fonctionnalit\u00e9:<br \/>\nL&#039;anneau intelligent est un composant de gadgets portables, ex\u00e9cute des fonctions magiques sur le t\u00e9l\u00e9phone mobile, exploite la fonction mobile et partage les donn\u00e9es via la technologie de communication par fr\u00e9quence sans fil NFC, les fonctions de conception avanc\u00e9e sont les suivantes\u00a0: verrouillage de l&#039;application, fonctionnement automatique, masquage de l&#039;application, Partager une carte de visite, partager un lien Internet, partager le texte et partager un fichier en ligne. La forme du produit est con\u00e7ue selon les \u00e9l\u00e9ments populaires internationaux, cr\u00e9\u00e9s par le titane m\u00e9dical pur, pas besoin de charger, hautement \u00e9tanche et adapt\u00e9 \u00e0 toutes les personnes \u00e0 tout moment.<\/p>\n<p>&nbsp;<\/p>\n<p><iframe loading=\"lazy\" title=\"Anneau NFC\" width=\"1020\" height=\"574\" src=\"https:\/\/www.youtube.com\/embed\/rflL5fkvj6c?feature=oembed\" frameborder=\"0\" allow=\"accelerometer; autoplay; clipboard-write; encrypted-media; gyroscope; picture-in-picture; web-share\" referrerpolicy=\"strict-origin-when-cross-origin\" allowfullscreen><\/iframe><\/p>\n<p>&nbsp;<\/p>\n<p><span class=\"magic-26\"><b data-spm-anchor-id=\"a2700.details.0.i59.2acc580aDAbgjP\">A) Comment puis-je obtenir un \u00e9chantillon\u00a0? <\/b><\/span><\/p>\n<div><span class=\"magic-26\">Avant de recevoir la premi\u00e8re commande, veuillez payer le co\u00fbt de l&#039;\u00e9chantillon et les frais express. Nous rendrons le<br \/>\nLe co\u00fbt de l&#039;\u00e9chantillon vous sera rembours\u00e9 lors de votre premi\u00e8re commande. <\/span><\/div>\n<div><\/div>\n<div><\/div>\n<div><\/div>\n<div><span class=\"magic-26\"><b>B) Si vous pouviez apposer notre marque sur vos produits\u00a0?<\/b><\/span><\/div>\n<div><span class=\"magic-26\">Oui. Nous pouvons imprimer votre logo sur les produits et les emballages si vous pouvez respecter notre MOQ. <\/span><\/div>\n<div><span class=\"magic-26\">\u00a0<\/span><\/div>\n<div><span class=\"magic-26\"><b>C) Si vous pouviez fabriquer vos produits selon notre couleur\u00a0? <\/b><\/span><\/div>\n<div><span class=\"magic-26\">Oui, la couleur des produits peut \u00eatre personnalis\u00e9e si vous pouvez respecter notre MOQ. <\/span><\/div>\n<div><span class=\"magic-26\">\u00a0<\/span><\/div>\n<div><span class=\"magic-26\"><b>D) Comment garantir la qualit\u00e9 de vos produits ? <\/b><\/span><\/div>\n<div><span class=\"magic-26\" data-spm-anchor-id=\"a2700.details.0.i60.2acc580aDAbgjP\">1) D\u00e9tection stricte pendant la production. <\/span><\/div>\n<div><span class=\"magic-26\">2) Une inspection stricte par \u00e9chantillonnage des produits avant exp\u00e9dition et un emballage du produit intact garantissent<\/span><\/div>","protected":false},"excerpt":{"rendered":"<p>La bague intelligente NFC, dot\u00e9e d&#039;une puce NFC et de la technologie RFID \u00e0 13,56 M, offre un moyen \u00e9l\u00e9gant d&#039;interagir sans fil avec les smartphones et les syst\u00e8mes d&#039;acc\u00e8s.<\/p>","protected":false},"featured_media":2145,"template":"","meta":[],"product_brand":[],"product_cat":[52],"product_tag":[],"class_list":{"0":"post-2144","1":"product","2":"type-product","3":"status-publish","4":"has-post-thumbnail","6":"product_cat-nfc-smart-ring","8":"first","9":"instock","10":"shipping-taxable","11":"product-type-simple"},"_links":{"self":[{"href":"https:\/\/nfc-readers.com\/fr\/wp-json\/wp\/v2\/product\/2144","targetHints":{"allow":["GET"]}}],"collection":[{"href":"https:\/\/nfc-readers.com\/fr\/wp-json\/wp\/v2\/product"}],"about":[{"href":"https:\/\/nfc-readers.com\/fr\/wp-json\/wp\/v2\/types\/product"}],"wp:featuredmedia":[{"embeddable":true,"href":"https:\/\/nfc-readers.com\/fr\/wp-json\/wp\/v2\/media\/2145"}],"wp:attachment":[{"href":"https:\/\/nfc-readers.com\/fr\/wp-json\/wp\/v2\/media?parent=2144"}],"wp:term":[{"taxonomy":"product_brand","embeddable":true,"href":"https:\/\/nfc-readers.com\/fr\/wp-json\/wp\/v2\/product_brand?post=2144"},{"taxonomy":"product_cat","embeddable":true,"href":"https:\/\/nfc-readers.com\/fr\/wp-json\/wp\/v2\/product_cat?post=2144"},{"taxonomy":"product_tag","embeddable":true,"href":"https:\/\/nfc-readers.com\/fr\/wp-json\/wp\/v2\/product_tag?post=2144"}],"curies":[{"name":"wp","href":"https:\/\/api.w.org\/{rel}","templated":true}]}}