{"id":2249,"date":"2024-04-26T07:56:44","date_gmt":"2024-04-26T07:56:44","guid":{"rendered":"https:\/\/nfc-readers.com\/?post_type=product&#038;p=2249"},"modified":"2024-09-24T06:00:37","modified_gmt":"2024-09-24T06:00:37","slug":"contactless-acr1281u-c2-uid-card-reader","status":"publish","type":"product","link":"https:\/\/nfc-readers.com\/fr\/ic-reader\/contactless-acr1281u-c2-uid-card-reader\/","title":{"rendered":"Lecteur de carte UID ACR1281U-C2"},"content":{"rendered":"<h1>Lecteur de carte UID ACR1281U-C2<\/h1>\n<p>Le lecteur UID de carte ACR1281U-C2 est une solution id\u00e9ale pour une int\u00e9gration sans effort dans les environnements PC, sans les tracas li\u00e9s \u00e0 l&#039;installation du pilote (Pos Aucun lecteur requis) et con\u00e7u pour fonctionner efficacement sur plusieurs syst\u00e8mes. Associ\u00e9 \u00e0 sa capacit\u00e9 de lire la carte jusqu&#039;au bout, \u00e0 sa conception centr\u00e9e sur l&#039;utilisateur et \u00e0 sa construction durable, il offre un fonctionnement fiable, rapide et convivial, parfaitement adapt\u00e9 \u00e0 diverses applications o\u00f9 une identification s\u00e9curis\u00e9e et rapide est primordiale.<\/p>\n<ul>\n<li>\n<h2>Interface USB 2.0 pleine vitesse<\/h2>\n<\/li>\n<li>\n<h2>Classe de clavier USB HID<\/h2>\n<\/li>\n<li>\n<h2>Prise en charge des cartes sans contact\u00a0:<\/h2>\n<ul>\n<li>\n<h3>Vitesse de lecture\/\u00e9criture jusqu&#039;\u00e0 848 kbps<\/h3>\n<\/li>\n<li>\n<h3>Antenne int\u00e9gr\u00e9e pour un acc\u00e8s au tag sans contact, avec une distance de lecture de la carte jusqu&#039;\u00e0 50 mm (selon le type de tag)<\/h3>\n<\/li>\n<li>\n<h3>Prend en charge les cartes ISO 14443 partie 4 de type A et B et la s\u00e9rie MIFARE\u00ae<\/h3>\n<\/li>\n<li>\n<h3>Fonction anti-collision int\u00e9gr\u00e9e (une seule balise est accessible \u00e0 tout moment)<\/h3>\n<\/li>\n<\/ul>\n<\/li>\n<li>\n<h2>Mise \u00e0 niveau du micrologiciel USB<\/h2>\n<\/li>\n<li>\n<table width=\"498\">\n<tbody>\n<tr>\n<td colspan=\"2\" width=\"498\">Caract\u00e9ristiques physiques<\/td>\n<\/tr>\n<tr>\n<td width=\"209\">Dimensions (mm)<\/td>\n<td width=\"289\">120,5 mm (L) x 72,0 mm (L) x 20,4 mm (H)<\/td>\n<\/tr>\n<tr>\n<td width=\"209\">Poids (g)<\/td>\n<td width=\"289\">140g<\/td>\n<\/tr>\n<tr>\n<td colspan=\"2\" width=\"498\">Interface USB<\/td>\n<\/tr>\n<tr>\n<td width=\"209\">Protocole<\/td>\n<td width=\"289\">Classe de clavier USB HID<\/td>\n<\/tr>\n<tr>\n<td width=\"209\">Type de connecteur<\/td>\n<td width=\"289\">Type standard A<\/td>\n<\/tr>\n<tr>\n<td width=\"209\">Source d&#039;\u00e9nergie<\/td>\n<td width=\"289\">Depuis le port USB<\/td>\n<\/tr>\n<tr>\n<td width=\"209\">Vitesse<\/td>\n<td width=\"289\">USB pleine vitesse (12 Mbit\/s)<\/td>\n<\/tr>\n<tr>\n<td width=\"209\">Longueur de c\u00e2ble<\/td>\n<td width=\"289\">2,0 m, fixe<\/td>\n<\/tr>\n<tr>\n<td colspan=\"2\" width=\"498\">Interface de carte \u00e0 puce sans contact<\/td>\n<\/tr>\n<tr>\n<td width=\"209\">Standard<\/td>\n<td width=\"289\">ISO 14443 A et B parties 1 \u00e0 4, MIFARE\u00ae<\/td>\n<\/tr>\n<tr>\n<td rowspan=\"2\" width=\"209\">Protocole<\/td>\n<td width=\"289\">Carte conforme ISO 14443-4, T=CL<\/td>\n<\/tr>\n<tr>\n<td width=\"289\">Carte MIFARE\u00ae Classique, T=CL<\/td>\n<\/tr>\n<tr>\n<td colspan=\"2\" width=\"498\">P\u00e9riph\u00e9riques int\u00e9gr\u00e9s<\/td>\n<\/tr>\n<tr>\n<td width=\"209\">DIRIG\u00c9<\/td>\n<td width=\"289\">2 couleurs uniques\u00a0: rouge et vert<\/td>\n<\/tr>\n<tr>\n<td width=\"209\">Avertisseur sonore<\/td>\n<td width=\"289\">Monotone<\/td>\n<\/tr>\n<tr>\n<td colspan=\"2\" width=\"498\">Autres caract\u00e9ristiques<\/td>\n<\/tr>\n<tr>\n<td width=\"209\">Mise \u00e0 jour du firmware<\/td>\n<td width=\"289\">Prise en charge<\/td>\n<\/tr>\n<tr>\n<td colspan=\"2\" width=\"498\">Certifications\/Conformit\u00e9<\/td>\n<\/tr>\n<tr>\n<td rowspan=\"6\" width=\"209\">Certifications\/Conformit\u00e9<\/td>\n<td width=\"289\">OIN 14443<\/td>\n<\/tr>\n<tr>\n<td width=\"289\">USB pleine vitesse<\/td>\n<\/tr>\n<tr>\n<td width=\"289\">USB-HID<\/td>\n<\/tr>\n<tr>\n<td width=\"289\">CE<\/td>\n<\/tr>\n<tr>\n<td width=\"289\">FCC<\/td>\n<\/tr>\n<tr>\n<td width=\"289\">RoHS<\/td>\n<\/tr>\n<tr>\n<td colspan=\"2\" width=\"498\">Prise en charge du syst\u00e8me d&#039;exploitation du pilote de p\u00e9riph\u00e9rique<\/td>\n<\/tr>\n<tr>\n<td rowspan=\"4\" width=\"209\">Prise en charge du syst\u00e8me d&#039;exploitation du pilote de p\u00e9riph\u00e9rique<\/td>\n<td width=\"289\">Windows\u00ae<\/td>\n<\/tr>\n<tr>\n<td width=\"289\">Linux\u00ae<\/td>\n<\/tr>\n<tr>\n<td width=\"289\">MAC OS\u00ae<\/td>\n<\/tr>\n<tr>\n<td width=\"289\">Android\u2122<\/td>\n<\/tr>\n<\/tbody>\n<\/table>\n<\/li>\n<li><iframe loading=\"lazy\" title=\"Lecteur UID de carte ACR1281U-C2 - D\u00e9mo (avec outil de configuration)\" width=\"1020\" height=\"574\" src=\"https:\/\/www.youtube.com\/embed\/1UjSlask-OY?feature=oembed\" frameborder=\"0\" allow=\"accelerometer; autoplay; clipboard-write; encrypted-media; gyroscope; picture-in-picture; web-share\" referrerpolicy=\"strict-origin-when-cross-origin\" allowfullscreen><\/iframe><\/li>\n<\/ul>","protected":false},"excerpt":{"rendered":"<p>Le lecteur de cartes UID ACR1281U-C2 simplifie la configuration, en capturant les UID des cartes RFID \u00e0 13,56 M sans pilotes, id\u00e9al pour la v\u00e9rification d&#039;identit\u00e9 et le contr\u00f4le d&#039;acc\u00e8s.<\/p>","protected":false},"featured_media":2250,"template":"","meta":[],"product_brand":[],"product_cat":[45,40],"product_tag":[],"class_list":{"0":"post-2249","1":"product","2":"type-product","3":"status-publish","4":"has-post-thumbnail","6":"product_cat-contactless-nfc-reader","7":"product_cat-rfid-nfc-reader","9":"first","10":"instock","11":"shipping-taxable","12":"product-type-simple"},"_links":{"self":[{"href":"https:\/\/nfc-readers.com\/fr\/wp-json\/wp\/v2\/product\/2249","targetHints":{"allow":["GET"]}}],"collection":[{"href":"https:\/\/nfc-readers.com\/fr\/wp-json\/wp\/v2\/product"}],"about":[{"href":"https:\/\/nfc-readers.com\/fr\/wp-json\/wp\/v2\/types\/product"}],"wp:featuredmedia":[{"embeddable":true,"href":"https:\/\/nfc-readers.com\/fr\/wp-json\/wp\/v2\/media\/2250"}],"wp:attachment":[{"href":"https:\/\/nfc-readers.com\/fr\/wp-json\/wp\/v2\/media?parent=2249"}],"wp:term":[{"taxonomy":"product_brand","embeddable":true,"href":"https:\/\/nfc-readers.com\/fr\/wp-json\/wp\/v2\/product_brand?post=2249"},{"taxonomy":"product_cat","embeddable":true,"href":"https:\/\/nfc-readers.com\/fr\/wp-json\/wp\/v2\/product_cat?post=2249"},{"taxonomy":"product_tag","embeddable":true,"href":"https:\/\/nfc-readers.com\/fr\/wp-json\/wp\/v2\/product_tag?post=2249"}],"curies":[{"name":"wp","href":"https:\/\/api.w.org\/{rel}","templated":true}]}}