{"id":2259,"date":"2024-04-26T08:18:30","date_gmt":"2024-04-26T08:18:30","guid":{"rendered":"https:\/\/nfc-readers.com\/?post_type=product&#038;p=2259"},"modified":"2024-09-24T02:58:25","modified_gmt":"2024-09-24T02:58:25","slug":"apple-pay-mobile-walletmate-vas-nfc-reader","status":"publish","type":"product","link":"https:\/\/nfc-readers.com\/fr\/ic-reader\/apple-pay-mobile-walletmate-vas-nfc-reader\/","title":{"rendered":"Lecteur NFC Apple Pay Mobile WalletMate VAS"},"content":{"rendered":"<h1>Lecteur NFC Apple Pay Mobile WalletMate VAS<\/h1>\n<p>Le lecteur NFC WalletMate Mobile Wallet se pr\u00e9sente comme un outil de pointe, int\u00e9grant les protocoles VAS et les fonctionnalit\u00e9s du lecteur de contr\u00f4le d&#039;acc\u00e8s NFC pour offrir une exp\u00e9rience sans carte optimis\u00e9e. Avec l&#039;ajout d&#039;un terminal de point de vente avec lecteur NFC, une s\u00e9curit\u00e9 renforc\u00e9e et une large compatibilit\u00e9 des applications, il inaugure une nouvelle \u00e8re de commodit\u00e9 et d&#039;efficacit\u00e9. Cela en fait un atout essentiel pour les utilisateurs et les entreprises souhaitant exploiter la puissance de la technologie NFC pour des transactions transparentes, s\u00e9curis\u00e9es et rapides.<\/p>\n<p><iframe loading=\"lazy\" title=\"Outil de test ACS WalletMate Apple\/Google VAS - D\u00e9mo\" width=\"1020\" height=\"574\" src=\"https:\/\/www.youtube.com\/embed\/aOWbdgwvHDg?feature=oembed\" frameborder=\"0\" allow=\"accelerometer; autoplay; clipboard-write; encrypted-media; gyroscope; picture-in-picture; web-share\" referrerpolicy=\"strict-origin-when-cross-origin\" allowfullscreen><\/iframe><\/p>\n<ul>\n<li>\n<h2>Interface USB 2.0 pleine vitesse<\/h2>\n<\/li>\n<li>\n<h2>Conformit\u00e9 CCID<\/h2>\n<\/li>\n<li>\n<h2>Portefeuille mobile et lecteur de carte \u00e0 puce sans contact\u00a0:<\/h2>\n<ul>\n<li>\n<h3>Certifi\u00e9 Apple VAS et Google Smart Tap (WalletMate est uniquement un VAS, pas des terminaux de paiement)<\/h3>\n<\/li>\n<\/ul>\n<\/li>\n<li>\n<h3>Vitesse de lecture\/\u00e9criture jusqu&#039;\u00e0 424 kbps<\/h3>\n<\/li>\n<li>\n<h3>Antenne int\u00e9gr\u00e9e pour un acc\u00e8s au tag sans contact, avec une distance de lecture de la carte jusqu&#039;\u00e0 50 mm (selon le type de tag)<\/h3>\n<\/li>\n<li>\n<h3>Prend en charge les cartes ISO 14443 de type A et B, MIFARE\u00ae, FeliCa et les 4 types de balises NFC (ISO\/IEC 18092)<\/h3>\n<\/li>\n<li>\n<h3>Prend en charge l&#039;UID MIFARE\u00ae 7 octets, MIFARE\u00ae Plus et MIFARE\u00ae DESfire<\/h3>\n<\/li>\n<li>\n<h3>Fonction anti-collision int\u00e9gr\u00e9e (une seule balise est accessible \u00e0 tout moment)<\/h3>\n<\/li>\n<li>\n<h2>Prise en charge NFC\u00a0:<\/h2>\n<ul>\n<li>\n<h3>Mode lecteur\/enregistreur NFC<\/h3>\n<\/li>\n<li>\n<h3>Mode peer-to-peer<\/h3>\n<\/li>\n<li>\n<h3>Mode d&#039;\u00e9mulation de carte<\/h3>\n<\/li>\n<\/ul>\n<\/li>\n<li>\n<h2>Interface de programmation d&#039;applications:<\/h2>\n<ul>\n<li>\n<h3>Apple VAS et Google Smart Tap API pour les plateformes Windows et Linux<\/h3>\n<\/li>\n<li>\n<h3>Prend en charge PC\/SC<\/h3>\n<\/li>\n<li>\n<h3>Prend en charge CT-API (via le wrapper au-dessus du PC\/SC)<\/h3>\n<\/li>\n<\/ul>\n<\/li>\n<li>\n<h2>P\u00e9riph\u00e9riques\u00a0:<\/h2>\n<ul>\n<li>\n<h3>LED bicolore contr\u00f4lable par l&#039;utilisateur<\/h3>\n<\/li>\n<li>\n<h3>Buzzer contr\u00f4lable par l&#039;utilisateur<\/h3>\n<\/li>\n<\/ul>\n<\/li>\n<li>\n<h2>Mise \u00e0 niveau du micrologiciel USB<\/h2>\n<\/li>\n<li>\n<table width=\"559\">\n<tbody>\n<tr>\n<td colspan=\"2\" width=\"559\">Caract\u00e9ristiques physiques<\/td>\n<\/tr>\n<tr>\n<td width=\"214\">Dimensions (mm)<\/td>\n<td width=\"345\">98,0 mm (L) x 65,0 mm (L) x 12,8 mm (H)<\/td>\n<\/tr>\n<tr>\n<td width=\"214\">Poids (g)<\/td>\n<td width=\"345\">81g<\/td>\n<\/tr>\n<tr>\n<td colspan=\"2\" width=\"559\">Interface USB<\/td>\n<\/tr>\n<tr>\n<td width=\"214\">Protocole<\/td>\n<td width=\"345\">CCID USB<\/td>\n<\/tr>\n<tr>\n<td width=\"214\">Type de connecteur<\/td>\n<td width=\"345\">USB Type-A (ACR1252U-MW)<\/td>\n<\/tr>\n<tr>\n<td width=\"214\">Source d&#039;\u00e9nergie<\/td>\n<td width=\"345\">Depuis le port USB<\/td>\n<\/tr>\n<tr>\n<td width=\"214\">Vitesse<\/td>\n<td width=\"345\">USB pleine vitesse (12 Mbit\/s)<\/td>\n<\/tr>\n<tr>\n<td width=\"214\">Longueur de c\u00e2ble<\/td>\n<td width=\"345\">1,0 m, non d\u00e9tachable<\/td>\n<\/tr>\n<tr>\n<td colspan=\"2\" width=\"559\">Interface de carte \u00e0 puce sans contact<\/td>\n<\/tr>\n<tr>\n<td width=\"214\">Standard<\/td>\n<td width=\"345\">ISO\/IEC 18092 NFC, ISO 14443 types A et B, MIFARE\u00ae, FeliCa<\/td>\n<\/tr>\n<tr>\n<td rowspan=\"4\" width=\"214\">Protocole<\/td>\n<td width=\"345\">Carte conforme ISO 14443-4, T=CL<\/td>\n<\/tr>\n<tr>\n<td width=\"345\">Carte MIFARE\u00ae Classique, T=CL<\/td>\n<\/tr>\n<tr>\n<td width=\"345\">ISO18092, \u00e9tiquettes NFC<\/td>\n<\/tr>\n<tr>\n<td width=\"345\">F\u00e9lica<\/td>\n<\/tr>\n<tr>\n<td colspan=\"2\" width=\"559\">P\u00e9riph\u00e9riques int\u00e9gr\u00e9s<\/td>\n<\/tr>\n<tr>\n<td width=\"214\">DIRIG\u00c9<\/td>\n<td width=\"345\">1 bicolore : Rouge et Vert<\/td>\n<\/tr>\n<tr>\n<td width=\"214\">Avertisseur sonore<\/td>\n<td width=\"345\">Monotone<\/td>\n<\/tr>\n<tr>\n<td colspan=\"2\" width=\"559\">Autres caract\u00e9ristiques<\/td>\n<\/tr>\n<tr>\n<td width=\"214\">Mise \u00e0 jour du firmware<\/td>\n<td width=\"345\">Prise en charge<\/td>\n<\/tr>\n<tr>\n<td colspan=\"2\" width=\"559\">Certifications\/Conformit\u00e9<\/td>\n<\/tr>\n<tr>\n<td rowspan=\"4\" width=\"214\">Certifications\/Conformit\u00e9<\/td>\n<td width=\"345\">Certifications\u00a0:<\/td>\n<\/tr>\n<tr>\n<td width=\"345\">Apple VAS, Google Smart Tap, marque de certification NFC Forum, IEC\/EN 62368, CE, FCC, UKCA, J-LIS, VCCI, TELEC, KC, BIS, RoHS, REACH, WEEE<\/td>\n<\/tr>\n<tr>\n<td width=\"345\">Conformit\u00e9s\u00a0:<\/td>\n<\/tr>\n<tr>\n<td width=\"345\">CCID USB, PC\/SC<\/td>\n<\/tr>\n<tr>\n<td colspan=\"2\" width=\"559\">Prise en charge du syst\u00e8me d&#039;exploitation du pilote de p\u00e9riph\u00e9rique<\/td>\n<\/tr>\n<tr>\n<td width=\"214\">Prise en charge du syst\u00e8me d&#039;exploitation du pilote de p\u00e9riph\u00e9rique<\/td>\n<td width=\"345\">Windows\u00ae, Linux\u00ae, macOS (en d\u00e9veloppement), Android\u2122 (en d\u00e9veloppement)<\/td>\n<\/tr>\n<\/tbody>\n<\/table>\n<\/li>\n<\/ul>","protected":false},"excerpt":{"rendered":"<div>Le lecteur NFC innovant WalletMate prend en charge l&#039;engagement sans carte avec les laissez-passer num\u00e9riques, soutenu par VAS Apple et Google VAS pour les appareils iOS et Android.<\/div>","protected":false},"featured_media":2260,"template":"","meta":[],"product_brand":[],"product_cat":[45,40],"product_tag":[],"class_list":{"0":"post-2259","1":"product","2":"type-product","3":"status-publish","4":"has-post-thumbnail","6":"product_cat-contactless-nfc-reader","7":"product_cat-rfid-nfc-reader","9":"first","10":"instock","11":"shipping-taxable","12":"product-type-simple"},"_links":{"self":[{"href":"https:\/\/nfc-readers.com\/fr\/wp-json\/wp\/v2\/product\/2259","targetHints":{"allow":["GET"]}}],"collection":[{"href":"https:\/\/nfc-readers.com\/fr\/wp-json\/wp\/v2\/product"}],"about":[{"href":"https:\/\/nfc-readers.com\/fr\/wp-json\/wp\/v2\/types\/product"}],"wp:featuredmedia":[{"embeddable":true,"href":"https:\/\/nfc-readers.com\/fr\/wp-json\/wp\/v2\/media\/2260"}],"wp:attachment":[{"href":"https:\/\/nfc-readers.com\/fr\/wp-json\/wp\/v2\/media?parent=2259"}],"wp:term":[{"taxonomy":"product_brand","embeddable":true,"href":"https:\/\/nfc-readers.com\/fr\/wp-json\/wp\/v2\/product_brand?post=2259"},{"taxonomy":"product_cat","embeddable":true,"href":"https:\/\/nfc-readers.com\/fr\/wp-json\/wp\/v2\/product_cat?post=2259"},{"taxonomy":"product_tag","embeddable":true,"href":"https:\/\/nfc-readers.com\/fr\/wp-json\/wp\/v2\/product_tag?post=2259"}],"curies":[{"name":"wp","href":"https:\/\/api.w.org\/{rel}","templated":true}]}}