{"id":2262,"date":"2024-04-26T08:49:56","date_gmt":"2024-04-26T08:49:56","guid":{"rendered":"https:\/\/nfc-readers.com\/?post_type=product&#038;p=2262"},"modified":"2024-09-24T03:06:20","modified_gmt":"2024-09-24T03:06:20","slug":"pocketkey-fido-certified-usb-security-key","status":"publish","type":"product","link":"https:\/\/nfc-readers.com\/fr\/ic-reader\/pocketkey-fido-certified-usb-security-key\/","title":{"rendered":"Cl\u00e9 de s\u00e9curit\u00e9 USB certifi\u00e9e PocketKey FIDO\u00ae"},"content":{"rendered":"<h1>Cl\u00e9 de s\u00e9curit\u00e9 USB certifi\u00e9e PocketKey FIDO\u00ae<\/h1>\n<p>PocketKey s&#039;affirme comme un outil incontournable dans le secteur de la s\u00e9curit\u00e9 num\u00e9rique, promouvant une m\u00e9thode de connexion sans mot de passe et s\u00e9curis\u00e9e, facile \u00e0 transporter et \u00e0 utiliser sur diff\u00e9rentes plateformes. Sa forte authentification multifacteur, sa prise en charge multiplateforme et son d\u00e9ploiement facile font de PocketKey un choix de premier plan pour les utilisateurs et les administrations visant une exp\u00e9rience d&#039;authentification renforc\u00e9e et efficace.<\/p>\n<ul>\n<li>\n<h2>\u00a0Certifications\/Conformit\u00e9s<\/h2>\n<ul>\n<li>\n<h3>Syst\u00e8mes\/Normes\u00a0:<\/h3>\n<ul>\n<li>\n<h3>FIDO U2F<\/h3>\n<\/li>\n<li>\n<h3>FIDO2 L1<\/h3>\n<\/li>\n<\/ul>\n<\/li>\n<li>\n<h2>R\u00e9glementaire\/Environnemental\u00a0:<\/h2>\n<ul>\n<li>\n<h3>CE<\/h3>\n<\/li>\n<li>\n<h3>UKCA<\/h3>\n<\/li>\n<li>\n<h3>FCC<\/h3>\n<\/li>\n<li>\n<h3>RoHS<\/h3>\n<\/li>\n<li>\n<h3>ATTEINDRE<\/h3>\n<\/li>\n<\/ul>\n<\/li>\n<\/ul>\n<\/li>\n<li>\n<h2>Prend en charge les principaux navigateurs Web<\/h2>\n<ul>\n<li>\n<h3>ChromeTM, Safari\u00ae, Microsoft Edge\u00ae et Firefox\u00ae<\/h3>\n<\/li>\n<\/ul>\n<\/li>\n<li>\n<h2>Prend en charge le gestionnaire de cl\u00e9s<\/h2>\n<\/li>\n<li>\n<h2>Sp\u00e9cification cryptographique<\/h2>\n<ul>\n<li>\n<h3>CCE p256<\/h3>\n<\/li>\n<\/ul>\n<\/li>\n<li>\u00a0P\u00e9riph\u00e9riques\n<ul>\n<li>Commutateur m\u00e9canique pour la validation de pr\u00e9sence<\/li>\n<li>\n<table width=\"470\">\n<tbody>\n<tr>\n<td colspan=\"2\" width=\"470\">Caract\u00e9ristiques physiques<\/td>\n<\/tr>\n<tr>\n<td width=\"191\">Dimensions (mm)<\/td>\n<td width=\"279\">29,0 mm (L) \u00d7 14,5 mm (l) \u00d7 10,5 mm (H)<\/td>\n<\/tr>\n<tr>\n<td width=\"191\">Poids (g)<\/td>\n<td width=\"279\">4,48 g \u00b1 0,44 g<\/td>\n<\/tr>\n<tr>\n<td colspan=\"2\" width=\"470\">Interface USB<\/td>\n<\/tr>\n<tr>\n<td width=\"191\">Protocole<\/td>\n<td width=\"279\">USB CACH\u00c9<\/td>\n<\/tr>\n<tr>\n<td width=\"191\">Type de connecteur<\/td>\n<td width=\"279\">Norme USB Type-A<\/td>\n<\/tr>\n<tr>\n<td width=\"191\">Source d&#039;\u00e9nergie<\/td>\n<td width=\"279\">Depuis le port USB<\/td>\n<\/tr>\n<tr>\n<td width=\"191\">Vitesse<\/td>\n<td width=\"279\">USB 2.0 pleine vitesse (12 Mbit\/s)<\/td>\n<\/tr>\n<tr>\n<td colspan=\"2\" width=\"470\">Contacter l&#039;interface de carte \u00e0 puce<\/td>\n<\/tr>\n<tr>\n<td rowspan=\"6\" width=\"191\">Autres<\/td>\n<td width=\"279\">Courant d&#039;alimentation<\/td>\n<\/tr>\n<tr>\n<td width=\"279\">Max. 100mA<\/td>\n<\/tr>\n<tr>\n<td width=\"279\">Sp\u00e9cification cryptographique<\/td>\n<\/tr>\n<tr>\n<td width=\"279\">CCE p256<\/td>\n<\/tr>\n<tr>\n<td width=\"279\">Gestionnaire de cl\u00e9s<\/td>\n<\/tr>\n<tr>\n<td width=\"279\">Soutien<\/td>\n<\/tr>\n<tr>\n<td colspan=\"2\" width=\"470\">Autres caract\u00e9ristiques<\/td>\n<\/tr>\n<tr>\n<td rowspan=\"4\" width=\"191\">S\u00e9curit\u00e9<\/td>\n<td width=\"279\">Authentificateurs\u00a0:<\/td>\n<\/tr>\n<tr>\n<td width=\"279\">FIDO U2F<\/td>\n<\/tr>\n<tr>\n<td width=\"279\">FIDO2<\/td>\n<\/tr>\n<tr>\n<td width=\"279\">FIDO2CTAP2.1<\/td>\n<\/tr>\n<tr>\n<td colspan=\"2\" width=\"470\">Certifications\/Conformit\u00e9<\/td>\n<\/tr>\n<tr>\n<td rowspan=\"9\" width=\"191\">Certifications\/Conformit\u00e9<\/td>\n<td width=\"279\">Syst\u00e8mes\/Normes\u00a0:<\/td>\n<\/tr>\n<tr>\n<td width=\"279\">FIDO U2F<\/td>\n<\/tr>\n<tr>\n<td width=\"279\">FIDO2 L1<\/td>\n<\/tr>\n<tr>\n<td width=\"279\">R\u00e9glementaire\/Environnemental\u00a0:<\/td>\n<\/tr>\n<tr>\n<td width=\"279\">CE<\/td>\n<\/tr>\n<tr>\n<td width=\"279\">UKCA<\/td>\n<\/tr>\n<tr>\n<td width=\"279\">FCC<\/td>\n<\/tr>\n<tr>\n<td width=\"279\">RoHS<\/td>\n<\/tr>\n<tr>\n<td width=\"279\">ATTEINDRE<\/td>\n<\/tr>\n<tr>\n<td colspan=\"2\" width=\"470\">Prise en charge du syst\u00e8me d&#039;exploitation du pilote de p\u00e9riph\u00e9rique<\/td>\n<\/tr>\n<tr>\n<td rowspan=\"9\" width=\"191\">Prise en charge du syst\u00e8me d&#039;exploitation du pilote de p\u00e9riph\u00e9rique<\/td>\n<td width=\"279\">Windows\u00ae<\/td>\n<\/tr>\n<tr>\n<td width=\"279\">Linux\u00ae<\/td>\n<\/tr>\n<tr>\n<td width=\"279\">macOS<\/td>\n<\/tr>\n<tr>\n<td width=\"279\">Android\u2122<\/td>\n<\/tr>\n<tr>\n<td width=\"279\">Navigateurs\u00a0:<\/td>\n<\/tr>\n<tr>\n<td width=\"279\">Chrome\u2122<\/td>\n<\/tr>\n<tr>\n<td width=\"279\">Safari\u00ae<\/td>\n<\/tr>\n<tr>\n<td width=\"279\">Firefox\u00ae<\/td>\n<\/tr>\n<tr>\n<td width=\"279\">Microsoft Edge\u00ae<\/td>\n<\/tr>\n<\/tbody>\n<\/table>\n<\/li>\n<li>1.\u00a0<a href=\"https:\/\/youtu.be\/fbDyXZaPvQM\" target=\"_blank\" rel=\"noopener\">Microsoft<sup>\u00ae<\/sup>\u00a0Perspectives<sup>MT<\/sup>\u00a0Connectez-vous D\u00e9mo<\/a><\/li>\n<li><iframe loading=\"lazy\" title=\"PocketKey\u00a0: D\u00e9mo de connexion Microsoft\u00ae OutlookTM avec authentification sans mot de passe\" width=\"1020\" height=\"574\" src=\"https:\/\/www.youtube.com\/embed\/fbDyXZaPvQM?feature=oembed\" frameborder=\"0\" allow=\"accelerometer; autoplay; clipboard-write; encrypted-media; gyroscope; picture-in-picture; web-share\" referrerpolicy=\"strict-origin-when-cross-origin\" allowfullscreen><\/iframe><\/li>\n<li>2.\u00a0<a href=\"https:\/\/www.youtube.com\/watch?v=1MTW9mSfv8A\" target=\"_blank\" rel=\"noopener\">\u00a0Google<sup>\u00ae<\/sup>\u00a0D\u00e9mo de connexion au compte<\/a><\/li>\n<li><iframe loading=\"lazy\" title=\"PocketKey\u00a0: D\u00e9mo de connexion au compte Google\u00ae\" width=\"1020\" height=\"574\" src=\"https:\/\/www.youtube.com\/embed\/1MTW9mSfv8A?feature=oembed\" frameborder=\"0\" allow=\"accelerometer; autoplay; clipboard-write; encrypted-media; gyroscope; picture-in-picture; web-share\" referrerpolicy=\"strict-origin-when-cross-origin\" allowfullscreen><\/iframe><\/li>\n<li>3. \u00a0<a href=\"https:\/\/youtu.be\/Pjeif9S-PMQ\" target=\"_blank\" rel=\"noopener\">identifiant Apple<sup>\u00ae<\/sup>\u00a0et iCloud<sup>\u00ae<\/sup>\u00a0D\u00e9mo de connexion<\/a><\/li>\n<li><iframe loading=\"lazy\" title=\"PocketKey\u00a0: D\u00e9mo de connexion Apple ID\u00ae et iCloud\u00ae\" width=\"1020\" height=\"574\" src=\"https:\/\/www.youtube.com\/embed\/Pjeif9S-PMQ?feature=oembed\" frameborder=\"0\" allow=\"accelerometer; autoplay; clipboard-write; encrypted-media; gyroscope; picture-in-picture; web-share\" referrerpolicy=\"strict-origin-when-cross-origin\" allowfullscreen><\/iframe><\/li>\n<\/ul>\n<\/li>\n<\/ul>","protected":false},"excerpt":{"rendered":"<p>PocketKey am\u00e9liore la s\u00e9curit\u00e9 num\u00e9rique avec l&#039;authentification multifacteur, rempla\u00e7ant les syst\u00e8mes de mots de passe obsol\u00e8tes et prenant en charge les protocoles FIDO U2F pour un acc\u00e8s s\u00e9curis\u00e9.<\/p>","protected":false},"featured_media":2263,"template":"","meta":[],"product_brand":[],"product_cat":[39,46],"product_tag":[],"class_list":{"0":"post-2262","1":"product","2":"type-product","3":"status-publish","4":"has-post-thumbnail","6":"product_cat-usb-ic-smartcard-reader","7":"product_cat-nfc-cards","9":"first","10":"instock","11":"shipping-taxable","12":"product-type-simple"},"_links":{"self":[{"href":"https:\/\/nfc-readers.com\/fr\/wp-json\/wp\/v2\/product\/2262","targetHints":{"allow":["GET"]}}],"collection":[{"href":"https:\/\/nfc-readers.com\/fr\/wp-json\/wp\/v2\/product"}],"about":[{"href":"https:\/\/nfc-readers.com\/fr\/wp-json\/wp\/v2\/types\/product"}],"wp:featuredmedia":[{"embeddable":true,"href":"https:\/\/nfc-readers.com\/fr\/wp-json\/wp\/v2\/media\/2263"}],"wp:attachment":[{"href":"https:\/\/nfc-readers.com\/fr\/wp-json\/wp\/v2\/media?parent=2262"}],"wp:term":[{"taxonomy":"product_brand","embeddable":true,"href":"https:\/\/nfc-readers.com\/fr\/wp-json\/wp\/v2\/product_brand?post=2262"},{"taxonomy":"product_cat","embeddable":true,"href":"https:\/\/nfc-readers.com\/fr\/wp-json\/wp\/v2\/product_cat?post=2262"},{"taxonomy":"product_tag","embeddable":true,"href":"https:\/\/nfc-readers.com\/fr\/wp-json\/wp\/v2\/product_tag?post=2262"}],"curies":[{"name":"wp","href":"https:\/\/api.w.org\/{rel}","templated":true}]}}