{"id":2730,"date":"2024-06-07T08:01:07","date_gmt":"2024-06-07T08:01:07","guid":{"rendered":"https:\/\/nfc-readers.com\/?post_type=product&#038;p=2730"},"modified":"2024-09-24T02:54:03","modified_gmt":"2024-09-24T02:54:03","slug":"wallet-mate-nfc-reader-writer-support-apple-pay-and-google-vas","status":"publish","type":"product","link":"https:\/\/nfc-readers.com\/fr\/ic-reader\/wallet-mate-nfc-reader-writer-support-apple-pay-and-google-vas\/","title":{"rendered":"Wallet Mate NFC Reader Writer - Compatible avec Apple Pay et Google VAS"},"content":{"rendered":"<h1>Wallet Mate NFC Reader Writer - Compatible avec Apple Pay et Google VAS<\/h1>\n<div><\/div>\n<div class=\"auto-hide-last-sibling-br paragraph_1252f paragraph-element\"><strong>Le lecteur et enregistreur NFC Wallet Mate<\/strong> se pr\u00e9sente comme un gadget de pointe, int\u00e9grant les protocoles VAS et les fonctionnalit\u00e9s de lecteur de contr\u00f4le d&#039;acc\u00e8s NFC pour une interaction sans carte am\u00e9lior\u00e9e. Accompagn\u00e9 d&#039;un terminal POS avec lecteur NFC, de mesures de s\u00e9curit\u00e9 robustes et d&#039;une large compatibilit\u00e9 d&#039;applications, il ouvre la voie \u00e0 un nouveau standard de confort et d&#039;efficacit\u00e9. Sa conception et ses fonctionnalit\u00e9s en font un \u00e9quipement indispensable pour ceux qui souhaitent utiliser les atouts de la technologie NFC pour des transactions s\u00e9curis\u00e9es, fluides et rapides.<\/div>\n<div><\/div>\n<h2 class=\"auto-hide-last-sibling-br paragraph_1252f paragraph-element\">Interface USB 2.0 haute vitesse<\/h2>\n<h3 class=\"auto-hide-last-sibling-br paragraph_1252f paragraph-element\"><br class=\"container_e695a wrapper_ad07b undefined\" \/>Conformit\u00e9 aux normes CCID<br class=\"container_e695a wrapper_ad07b undefined\" \/>Portefeuille mobile et lecteur de carte \u00e0 puce sans contact\u00a0:<br class=\"container_e695a wrapper_ad07b undefined\" \/>Certifi\u00e9 par Apple VAS et Google Smart Tap (Remarque\u00a0: WalletMate est uniquement certifi\u00e9 pour VAS, pas pour les terminaux de paiement) Taux de transfert de donn\u00e9es atteignant 424\u00a0kbps<br class=\"container_e695a wrapper_ad07b undefined\" \/>Antenne int\u00e9gr\u00e9e pour une accessibilit\u00e9 sans contact des \u00e9tiquettes, offrant une distance de lecture de carte jusqu&#039;\u00e0 50 mm (selon le type d&#039;\u00e9tiquette)<br class=\"container_e695a wrapper_ad07b undefined\" \/>Compatibilit\u00e9 avec les cartes ISO 14443 Type A et B, MIFARE\u00ae, FeliCa et les quatre types d&#039;\u00e9tiquettes NFC (ISO\/IEC 18092)<br class=\"container_e695a wrapper_ad07b undefined\" \/>Prise en charge de MIFARE\u00ae UID 7 octets, MIFARE\u00ae Plus et MIFARE\u00ae DESfire<br class=\"container_e695a wrapper_ad07b undefined\" \/>Fonction anti-collision int\u00e9gr\u00e9e (une seule balise est accessible \u00e0 tout moment)<\/h3>\n<h2 class=\"auto-hide-last-sibling-br paragraph_1252f paragraph-element\"><br class=\"container_e695a wrapper_ad07b undefined\" \/>Prise en charge NFC\u00a0:<\/h2>\n<h3 class=\"auto-hide-last-sibling-br paragraph_1252f paragraph-element\"><br class=\"container_e695a wrapper_ad07b undefined\" \/>Fonctionnalit\u00e9 en mode lecteur\/enregistreur<br class=\"container_e695a wrapper_ad07b undefined\" \/>Mode peer-to-peer<br class=\"container_e695a wrapper_ad07b undefined\" \/>Mode d&#039;\u00e9mulation de carte<\/h3>\n<h2 class=\"auto-hide-last-sibling-br paragraph_1252f paragraph-element\"><br class=\"container_e695a wrapper_ad07b undefined\" \/>Interface de programmation d&#039;applications:<\/h2>\n<h3 class=\"auto-hide-last-sibling-br paragraph_1252f paragraph-element\"><br class=\"container_e695a wrapper_ad07b undefined\" \/>Compatibilit\u00e9 des API Apple VAS et Google Smart Tap avec les plateformes Windows et Linux<br class=\"container_e695a wrapper_ad07b undefined\" \/>Prise en charge PC\/SC<br class=\"container_e695a wrapper_ad07b undefined\" \/>Prise en charge de CT-API (facilit\u00e9 par un wrapper bas\u00e9 sur PC\/SC)<\/h3>\n<h2 class=\"auto-hide-last-sibling-br paragraph_1252f paragraph-element\">Fonctionnalit\u00e9s suppl\u00e9mentaires\u00a0:<\/h2>\n<h3 class=\"auto-hide-last-sibling-br paragraph_1252f paragraph-element\"><br class=\"container_e695a wrapper_ad07b undefined\" \/>LED bicolore contr\u00f4lable par l&#039;utilisateur<br class=\"container_e695a wrapper_ad07b undefined\" \/>Syst\u00e8me d&#039;alerte sonore contr\u00f4lable par l&#039;utilisateur<br class=\"container_e695a wrapper_ad07b undefined\" \/>Possibilit\u00e9 de mises \u00e0 jour du micrologiciel USB<\/h3>\n<p>&nbsp;<\/p>\n<ul>\n<li>\n<table width=\"559\">\n<tbody>\n<tr>\n<td colspan=\"2\" width=\"559\">Caract\u00e9ristiques physiques<\/td>\n<\/tr>\n<tr>\n<td width=\"214\">Dimensions (mm)<\/td>\n<td width=\"345\">98,0 mm (L) x 65,0 mm (L) x 12,8 mm (H)<\/td>\n<\/tr>\n<tr>\n<td width=\"214\">Poids (g)<\/td>\n<td width=\"345\">81g<\/td>\n<\/tr>\n<tr>\n<td colspan=\"2\" width=\"559\">Interface USB<\/td>\n<\/tr>\n<tr>\n<td width=\"214\">Protocole<\/td>\n<td width=\"345\">CCID USB<\/td>\n<\/tr>\n<tr>\n<td width=\"214\">Type de connecteur<\/td>\n<td width=\"345\">USB Type-A (ACR1252U-MW)<\/td>\n<\/tr>\n<tr>\n<td width=\"214\">Source d&#039;\u00e9nergie<\/td>\n<td width=\"345\">Depuis le port USB<\/td>\n<\/tr>\n<tr>\n<td width=\"214\">Vitesse<\/td>\n<td width=\"345\">USB pleine vitesse (12 Mbit\/s)<\/td>\n<\/tr>\n<tr>\n<td width=\"214\">Longueur de c\u00e2ble<\/td>\n<td width=\"345\">1,0 m, non d\u00e9tachable<\/td>\n<\/tr>\n<tr>\n<td colspan=\"2\" width=\"559\">Interface de carte \u00e0 puce sans contact<\/td>\n<\/tr>\n<tr>\n<td width=\"214\">Standard<\/td>\n<td width=\"345\">ISO\/IEC 18092 NFC, ISO 14443 types A et B, MIFARE\u00ae, FeliCa<\/td>\n<\/tr>\n<tr>\n<td rowspan=\"4\" width=\"214\">Protocole<\/td>\n<td width=\"345\">Carte conforme ISO 14443-4, T=CL<\/td>\n<\/tr>\n<tr>\n<td width=\"345\">Carte MIFARE\u00ae Classique, T=CL<\/td>\n<\/tr>\n<tr>\n<td width=\"345\">ISO18092, \u00e9tiquettes NFC<\/td>\n<\/tr>\n<tr>\n<td width=\"345\">F\u00e9lica<\/td>\n<\/tr>\n<tr>\n<td colspan=\"2\" width=\"559\">P\u00e9riph\u00e9riques int\u00e9gr\u00e9s<\/td>\n<\/tr>\n<tr>\n<td width=\"214\">DIRIG\u00c9<\/td>\n<td width=\"345\">1 bicolore : Rouge et Vert<\/td>\n<\/tr>\n<tr>\n<td width=\"214\">Avertisseur sonore<\/td>\n<td width=\"345\">Monotone<\/td>\n<\/tr>\n<tr>\n<td colspan=\"2\" width=\"559\">Autres caract\u00e9ristiques<\/td>\n<\/tr>\n<tr>\n<td width=\"214\">Mise \u00e0 jour du firmware<\/td>\n<td width=\"345\">Prise en charge<\/td>\n<\/tr>\n<tr>\n<td colspan=\"2\" width=\"559\">Certifications\/Conformit\u00e9<\/td>\n<\/tr>\n<tr>\n<td rowspan=\"4\" width=\"214\">Certifications\/Conformit\u00e9<\/td>\n<td width=\"345\">Certifications\u00a0:<\/td>\n<\/tr>\n<tr>\n<td width=\"345\">Apple VAS, Google Smart Tap, marque de certification NFC Forum, IEC\/EN 62368, CE, FCC, UKCA, J-LIS, VCCI, TELEC, KC, BIS, RoHS, REACH, WEEE<\/td>\n<\/tr>\n<tr>\n<td width=\"345\">Conformit\u00e9s\u00a0:<\/td>\n<\/tr>\n<tr>\n<td width=\"345\">CCID USB, PC\/SC<\/td>\n<\/tr>\n<tr>\n<td colspan=\"2\" width=\"559\">Prise en charge du syst\u00e8me d&#039;exploitation du pilote de p\u00e9riph\u00e9rique<\/td>\n<\/tr>\n<tr>\n<td width=\"214\">Prise en charge du syst\u00e8me d&#039;exploitation du pilote de p\u00e9riph\u00e9rique<\/td>\n<td width=\"345\">Windows\u00ae, Linux\u00ae, macOS (en d\u00e9veloppement), Android\u2122 (en d\u00e9veloppement)<\/td>\n<\/tr>\n<\/tbody>\n<\/table>\n<\/li>\n<\/ul>","protected":false},"excerpt":{"rendered":"<div>Le portefeuille mobile, lecteur NFC innovant prend en charge l&#039;engagement sans carte avec les laissez-passer num\u00e9riques, soutenu par VAS Apple et Google VAS pour les appareils iOS et Android.<\/div>\n<div><\/div>","protected":false},"featured_media":2731,"template":"","meta":[],"product_brand":[],"product_cat":[45,40],"product_tag":[],"class_list":{"0":"post-2730","1":"product","2":"type-product","3":"status-publish","4":"has-post-thumbnail","6":"product_cat-contactless-nfc-reader","7":"product_cat-rfid-nfc-reader","9":"first","10":"instock","11":"shipping-taxable","12":"product-type-simple"},"_links":{"self":[{"href":"https:\/\/nfc-readers.com\/fr\/wp-json\/wp\/v2\/product\/2730","targetHints":{"allow":["GET"]}}],"collection":[{"href":"https:\/\/nfc-readers.com\/fr\/wp-json\/wp\/v2\/product"}],"about":[{"href":"https:\/\/nfc-readers.com\/fr\/wp-json\/wp\/v2\/types\/product"}],"wp:featuredmedia":[{"embeddable":true,"href":"https:\/\/nfc-readers.com\/fr\/wp-json\/wp\/v2\/media\/2731"}],"wp:attachment":[{"href":"https:\/\/nfc-readers.com\/fr\/wp-json\/wp\/v2\/media?parent=2730"}],"wp:term":[{"taxonomy":"product_brand","embeddable":true,"href":"https:\/\/nfc-readers.com\/fr\/wp-json\/wp\/v2\/product_brand?post=2730"},{"taxonomy":"product_cat","embeddable":true,"href":"https:\/\/nfc-readers.com\/fr\/wp-json\/wp\/v2\/product_cat?post=2730"},{"taxonomy":"product_tag","embeddable":true,"href":"https:\/\/nfc-readers.com\/fr\/wp-json\/wp\/v2\/product_tag?post=2730"}],"curies":[{"name":"wp","href":"https:\/\/api.w.org\/{rel}","templated":true}]}}