{"id":2732,"date":"2024-10-07T08:34:31","date_gmt":"2024-10-07T08:34:31","guid":{"rendered":"https:\/\/nfc-readers.com\/?post_type=product&#038;p=2732"},"modified":"2024-10-28T14:32:27","modified_gmt":"2024-10-28T14:32:27","slug":"nfc-reader-writer-support-apple-pay-and-google-vas","status":"publish","type":"product","link":"https:\/\/nfc-readers.com\/fr\/ic-reader\/nfc-reader-writer-support-apple-pay-and-google-vas\/","title":{"rendered":"Prise en charge du lecteur NFC et de l&#039;enregistreur Apple Pay et Google VAS"},"content":{"rendered":"<div class=\"auto-hide-last-sibling-br paragraph_1252f paragraph-element\">\n<h1>Prise en charge du lecteur NFC et de l&#039;enregistreur Apple Pay et Google VAS<\/h1>\n<p>Entrez le\u00a0<strong>Lecteur NFC<\/strong>, une technologie sophistiqu\u00e9e con\u00e7ue pour am\u00e9liorer les transactions sans contact et rationaliser le contr\u00f4le d&#039;acc\u00e8s avec une efficacit\u00e9 in\u00e9gal\u00e9e. Que vous cherchiez \u00e0 acc\u00e9l\u00e9rer vos transactions, \u00e0 renforcer la s\u00e9curit\u00e9 ou simplement \u00e0 mettre \u00e0 niveau votre technologie, un lecteur NFC est un outil essentiel dans votre arsenal. Avec la capacit\u00e9 de lire et d&#039;\u00e9crire\u00a0<strong>Balises NFC<\/strong>\u00a0et des cartes, y compris des formats populaires comme\u00a0<strong>MIFARE<\/strong>, cet appareil est \u00e0 la pointe des solutions de paiement innovantes.<\/p>\n<h2>Avantages du choix du lecteur NFC<\/h2>\n<p>Investir dans un lecteur NFC n&#039;est pas seulement un achat ; c&#039;est une mise \u00e0 niveau de vos capacit\u00e9s de paiement qui offre de nombreux avantages. Tout d&#039;abord, il am\u00e9liore la s\u00e9curit\u00e9 en permettant\u00a0<strong>sans contact<\/strong>\u00a0paiements, r\u00e9duisant ainsi le risque associ\u00e9 aux transactions en esp\u00e8ces. Il est \u00e9galement con\u00e7u pour une utilisation facile, avec un processus de configuration simple qui peut se connecter via USB \u00e0 une large gamme d&#039;appareils, permettant ainsi l&#039;int\u00e9gration avec vos syst\u00e8mes existants. La conception compacte et portable vous permet d&#039;emporter votre capacit\u00e9 NFC partout o\u00f9 vous allez, ce qui la rend id\u00e9ale pour les commer\u00e7ants et les particuliers.<\/p>\n<h3>1.\u00a0<strong>Prise en charge compl\u00e8te de la technologie NFC<\/strong><\/h3>\n<p>Le\u00a0<strong>Lecteur NFC<\/strong>\u00a0prend en charge plusieurs fonctionnalit\u00e9s NFC, notamment le mode lecteur\/enregistreur, le mode peer-to-peer et le mode \u00e9mulation de carte. Cette polyvalence garantit la compatibilit\u00e9 avec diverses transactions, de la lecture\u00a0<strong>Cartes NFC<\/strong>\u00a0pour faciliter les paiements mobiles via\u00a0<strong>Google Pay<\/strong>\u00a0et\u00a0<strong>Apple Pay<\/strong>.<\/p>\n<h4>Mode lecteur\/\u00e9crivain<\/h4>\n<p>Avec le mode lecteur\/\u00e9crivain, les utilisateurs peuvent facilement\u00a0<strong>lire et \u00e9crire<\/strong>\u00a0donn\u00e9es aux \u00e9tiquettes NFC, ce qui rend l&#039;appareil parfait pour les applications de gestion des stocks et les campagnes marketing.<\/p>\n<h4>Mode peer-to-peer<\/h4>\n<p>Le mode Peer-to-Peer facilite le partage de donn\u00e9es entre deux appareils compatibles NFC, permettant des transactions ou des transferts d&#039;informations transparents, am\u00e9liorant ainsi la commodit\u00e9 pour les utilisateurs.<\/p>\n<h3>2.\u00a0<strong>Normes de compatibilit\u00e9 \u00e9lev\u00e9es<\/strong><\/h3>\n<p>Ce lecteur NFC est compatible avec une large gamme de cartes \u00e0 puce, y compris les cartes ISO 14443 de type A et B, ce qui en fait une solution universelle pour les entreprises qui ont besoin d&#039;un\u00a0<strong>lecteur de carte<\/strong>\u00a0pour plusieurs types de cartes.<\/p>\n<h4>Prend en charge diverses balises NFC<\/h4>\n<p>Outre les normes ISO, l&#039;appareil prend \u00e9galement en charge des formats tels que MIFARE\u00ae et FeliCa, garantissant ainsi une prise en charge compl\u00e8te pour pratiquement tous les utilisateurs.<\/p>\n<h4>Connectivit\u00e9 USB<\/h4>\n<p>Gr\u00e2ce \u00e0 une interface USB 2.0 haute vitesse, vous pouvez facilement connecter le lecteur NFC \u00e0 des smartphones ou des tablettes pour des transferts de donn\u00e9es rapides : tout est pr\u00eat \u00e0 l&#039;emploi\u00a0<strong>via USB<\/strong>.<\/p>\n<h3>3.\u00a0<strong>Fonctionnalit\u00e9s de s\u00e9curit\u00e9 robustes<\/strong><\/h3>\n<p>La s\u00e9curit\u00e9 est primordiale pour tout appareil de transaction, et le lecteur NFC excelle avec sa fonction anti-collision int\u00e9gr\u00e9e, garantissant qu&#039;une seule \u00e9tiquette est lue \u00e0 la fois, r\u00e9duisant ainsi consid\u00e9rablement les risques de corruption des donn\u00e9es ou de fraude.<\/p>\n<h4>Cryptage avanc\u00e9<\/h4>\n<p>Le lecteur NFC prend en charge diverses techniques de cryptage pour un transfert de donn\u00e9es s\u00e9curis\u00e9, garantissant que les informations sensibles restent prot\u00e9g\u00e9es tout au long du processus de transaction.<\/p>\n<h4>Alertes utilisateur<\/h4>\n<p>\u00c9quip\u00e9 d&#039;un syst\u00e8me d&#039;alerte sonore contr\u00f4lable par l&#039;utilisateur, les utilisateurs peuvent recevoir un retour imm\u00e9diat pendant les op\u00e9rations, am\u00e9liorant ainsi la convivialit\u00e9 et garantissant que les utilisateurs sont inform\u00e9s des lectures r\u00e9ussies.<\/p>\n<h3>4.\u00a0<strong>Impact environnemental<\/strong><\/h3>\n<p>Les entreprises \u00e9tant de plus en plus soucieuses de leur empreinte environnementale, le lecteur NFC a \u00e9t\u00e9 con\u00e7u dans une optique de d\u00e9veloppement durable. L&#039;appareil utilise une \u00e9nergie minimale et peut \u00eatre connect\u00e9 aux syst\u00e8mes existants sans n\u00e9cessiter de mises \u00e0 niveau mat\u00e9rielles importantes, r\u00e9duisant ainsi les d\u00e9chets.<\/p>\n<h4>Utilisation efficace de l&#039;\u00e9nergie<\/h4>\n<p>Fonctionnant \u00e0 13,56 MHz, le lecteur NFC est \u00e9conome en \u00e9nergie, ce qui permet une utilisation intensive sans co\u00fbts d&#039;\u00e9lectricit\u00e9 \u00e9lev\u00e9s. Les entreprises peuvent utiliser cette technologie sans craindre une augmentation de la demande \u00e9nerg\u00e9tique.<\/p>\n<h3>5.\u00a0<strong>Conception conviviale<\/strong><\/h3>\n<p>Le lecteur NFC pr\u00e9sente un design compact et \u00e9l\u00e9gant qui s&#039;int\u00e8gre parfaitement \u00e0 votre flux de travail. La LED bicolore contr\u00f4lable par l&#039;utilisateur fournit un retour visuel imm\u00e9diat pendant le fonctionnement, informant efficacement les utilisateurs de l&#039;\u00e9tat des transactions.<\/p>\n<h4>Portabilit\u00e9<\/h4>\n<p>Son cadre l\u00e9ger en fait une solution id\u00e9ale pour les entreprises en d\u00e9placement, des magasins de d\u00e9tail aux food trucks, permettant un d\u00e9ploiement rapide partout o\u00f9 cela est n\u00e9cessaire, le rendant ainsi tr\u00e8s efficace pour les installations temporaires et permanentes.<\/p>\n<h3>6.\u00a0<strong>Compatibilit\u00e9 de l&#039;\u00e9cosyst\u00e8me<\/strong><\/h3>\n<p>Le lecteur NFC est compatible avec divers syst\u00e8mes d&#039;exploitation tels que Windows, Linux et Android, permettant une large application dans divers environnements.<\/p>\n<h4>Int\u00e9gration facile avec les syst\u00e8mes \u00e9tablis<\/h4>\n<p>Am\u00e9liorez vos syst\u00e8mes de point de vente existants \u00e0 l&#039;aide du lecteur NFC tout en profitant de sa compatibilit\u00e9 avec les magasins d&#039;applications largement utilis\u00e9s pour t\u00e9l\u00e9charger des applications adapt\u00e9es aux besoins de votre entreprise.<\/p>\n<\/div>\n<table width=\"559\">\n<tbody>\n<tr>\n<td colspan=\"2\" width=\"559\">Caract\u00e9ristiques physiques<\/td>\n<\/tr>\n<tr>\n<td width=\"214\">Dimensions (mm)<\/td>\n<td width=\"345\">98,0 mm (L) x 65,0 mm (L) x 12,8 mm (H)<\/td>\n<\/tr>\n<tr>\n<td width=\"214\">Poids (g)<\/td>\n<td width=\"345\">81g<\/td>\n<\/tr>\n<tr>\n<td colspan=\"2\" width=\"559\">Interface USB<\/td>\n<\/tr>\n<tr>\n<td width=\"214\">Protocole<\/td>\n<td width=\"345\">CCID USB<\/td>\n<\/tr>\n<tr>\n<td width=\"214\">Type de connecteur<\/td>\n<td width=\"345\">USB Type-A (ACR1252U-MW)<\/td>\n<\/tr>\n<tr>\n<td width=\"214\">Source d&#039;\u00e9nergie<\/td>\n<td width=\"345\">Depuis le port USB<\/td>\n<\/tr>\n<tr>\n<td width=\"214\">Vitesse<\/td>\n<td width=\"345\">USB pleine vitesse (12 Mbit\/s)<\/td>\n<\/tr>\n<tr>\n<td width=\"214\">Longueur de c\u00e2ble<\/td>\n<td width=\"345\">1,0 m, non d\u00e9tachable<\/td>\n<\/tr>\n<tr>\n<td colspan=\"2\" width=\"559\">Interface de carte \u00e0 puce sans contact<\/td>\n<\/tr>\n<tr>\n<td width=\"214\">Standard<\/td>\n<td width=\"345\">ISO\/IEC 18092 NFC, ISO 14443 types A et B, MIFARE\u00ae, FeliCa<\/td>\n<\/tr>\n<tr>\n<td rowspan=\"4\" width=\"214\">Protocole<\/td>\n<td width=\"345\">Carte conforme ISO 14443-4, T=CL<\/td>\n<\/tr>\n<tr>\n<td width=\"345\">Carte MIFARE\u00ae Classique, T=CL<\/td>\n<\/tr>\n<tr>\n<td width=\"345\">ISO18092, \u00e9tiquettes NFC<\/td>\n<\/tr>\n<tr>\n<td width=\"345\">F\u00e9lica<\/td>\n<\/tr>\n<tr>\n<td colspan=\"2\" width=\"559\">P\u00e9riph\u00e9riques int\u00e9gr\u00e9s<\/td>\n<\/tr>\n<tr>\n<td width=\"214\">DIRIG\u00c9<\/td>\n<td width=\"345\">1 bicolore : Rouge et Vert<\/td>\n<\/tr>\n<tr>\n<td width=\"214\">Avertisseur sonore<\/td>\n<td width=\"345\">Monotone<\/td>\n<\/tr>\n<tr>\n<td colspan=\"2\" width=\"559\">Autres caract\u00e9ristiques<\/td>\n<\/tr>\n<tr>\n<td width=\"214\">Mise \u00e0 jour du firmware<\/td>\n<td width=\"345\">Prise en charge<\/td>\n<\/tr>\n<tr>\n<td colspan=\"2\" width=\"559\">Certifications\/Conformit\u00e9<\/td>\n<\/tr>\n<tr>\n<td rowspan=\"4\" width=\"214\">Certifications\/Conformit\u00e9<\/td>\n<td width=\"345\">Certifications\u00a0:<\/td>\n<\/tr>\n<tr>\n<td width=\"345\">Apple VAS, Google Smart Tap, marque de certification NFC Forum, IEC\/EN 62368, CE, FCC, UKCA, J-LIS, VCCI, TELEC, KC, BIS, RoHS, REACH, WEEE<\/td>\n<\/tr>\n<tr>\n<td width=\"345\">Conformit\u00e9s\u00a0:<\/td>\n<\/tr>\n<tr>\n<td width=\"345\">CCID USB, PC\/SC<\/td>\n<\/tr>\n<tr>\n<td colspan=\"2\" width=\"559\">Prise en charge du syst\u00e8me d&#039;exploitation du pilote de p\u00e9riph\u00e9rique<\/td>\n<\/tr>\n<tr>\n<td width=\"214\">Prise en charge du syst\u00e8me d&#039;exploitation du pilote de p\u00e9riph\u00e9rique<\/td>\n<td width=\"345\">Windows\u00ae, Linux\u00ae, macOS (en d\u00e9veloppement), Android\u2122 (en d\u00e9veloppement)<\/td>\n<\/tr>\n<\/tbody>\n<\/table>\n<h2>Avis des clients<\/h2>\n<blockquote><p>\u00ab Le lecteur NFC a transform\u00e9 notre fa\u00e7on de traiter les paiements. Il est rapide, s\u00e9curis\u00e9 et incroyablement facile \u00e0 int\u00e9grer \u00e0 nos syst\u00e8mes existants ! \u00bb \u2013\u00a0<strong>James T.<\/strong>, Responsable de la vente au d\u00e9tail<\/p><\/blockquote>\n<blockquote><p>\u00ab J&#039;adore la portabilit\u00e9 de ce lecteur NFC ! Il est parfait pour mon entreprise de food truck. \u00bb \u2013\u00a0<strong>Sandra W.<\/strong>Propri\u00e9taire de petite entreprise<\/p><\/blockquote>\n<h2>Questions fr\u00e9quemment pos\u00e9es (FAQ)<\/h2>\n<p><strong>1. Quels types de cartes le lecteur NFC peut-il lire ?<\/strong><br \/>\nLe lecteur NFC prend en charge les cartes ISO 14443 Type A et B, MIFARE\u00ae, FeliCa et toutes les balises NFC conformes aux normes ISO\/IEC 18092.<\/p>\n<p><strong>2. Le lecteur NFC est-il compatible avec les smartphones ?<\/strong><br \/>\nOui, vous pouvez facilement connecter le lecteur NFC \u00e0 la plupart des smartphones via USB pour faciliter les transactions rapides et le partage de donn\u00e9es.<\/p>\n<p><strong>3. Puis-je mettre \u00e0 jour le firmware ?<\/strong><br \/>\nOui, le lecteur NFC prend en charge les mises \u00e0 jour du micrologiciel USB, vous garantissant ainsi de b\u00e9n\u00e9ficier des derni\u00e8res fonctionnalit\u00e9s et mises \u00e0 niveau de s\u00e9curit\u00e9.<\/p>\n<p><strong>4. Jusqu&#039;\u00e0 quelle distance puis-je lire les tags NFC ?<\/strong><br \/>\nLe lecteur NFC a une distance de lecture allant jusqu&#039;\u00e0 50 mm, selon le type d&#039;\u00e9tiquette et ses capacit\u00e9s sp\u00e9cifiques.<\/p>\n<hr \/>\n<p>En choisissant le lecteur NFC, vous n&#039;investissez pas seulement dans un produit, vous adoptez une fa\u00e7on plus intelligente de r\u00e9aliser vos transactions. Que vous l&#039;int\u00e9griez pour un usage personnel ou professionnel, l&#039;efficacit\u00e9, la compatibilit\u00e9 et la s\u00e9curit\u00e9 de cet appareil le rendent v\u00e9ritablement indispensable. D\u00e9couvrez la nouvelle g\u00e9n\u00e9ration de paiements sans contact et d\u00e9couvrez la diff\u00e9rence qu&#039;elle peut faire dans vos transactions d\u00e8s aujourd&#039;hui !<\/p>","protected":false},"excerpt":{"rendered":"<div>Lecteur NFC compatible avec Apple Pay et Google VAS, approuv\u00e9 par VAS<strong>\u00a0Apple et Google VAS (service \u00e0 valeur ajout\u00e9e) <\/strong> protocoles des g\u00e9ants de l&#039;industrie Apple et Google, cet appareil ouvre la voie \u00e0 un engagement sans carte r\u00e9volutionnaire en approuvant un large \u00e9ventail de laissez-passer num\u00e9riques, y compris, mais sans s&#039;y limiter, les programmes de fid\u00e9lit\u00e9, les billets d&#039;acc\u00e8s et les informations d&#039;identification pour les individus dans les environnements d&#039;entreprise ou \u00e9ducatifs sur iOS et les appareils Android.<\/div>\n<div><\/div>","protected":false},"featured_media":2731,"template":"","meta":[],"product_brand":[],"product_cat":[45,40],"product_tag":[],"class_list":{"0":"post-2732","1":"product","2":"type-product","3":"status-publish","4":"has-post-thumbnail","6":"product_cat-contactless-nfc-reader","7":"product_cat-rfid-nfc-reader","9":"first","10":"instock","11":"shipping-taxable","12":"product-type-simple"},"_links":{"self":[{"href":"https:\/\/nfc-readers.com\/fr\/wp-json\/wp\/v2\/product\/2732","targetHints":{"allow":["GET"]}}],"collection":[{"href":"https:\/\/nfc-readers.com\/fr\/wp-json\/wp\/v2\/product"}],"about":[{"href":"https:\/\/nfc-readers.com\/fr\/wp-json\/wp\/v2\/types\/product"}],"wp:featuredmedia":[{"embeddable":true,"href":"https:\/\/nfc-readers.com\/fr\/wp-json\/wp\/v2\/media\/2731"}],"wp:attachment":[{"href":"https:\/\/nfc-readers.com\/fr\/wp-json\/wp\/v2\/media?parent=2732"}],"wp:term":[{"taxonomy":"product_brand","embeddable":true,"href":"https:\/\/nfc-readers.com\/fr\/wp-json\/wp\/v2\/product_brand?post=2732"},{"taxonomy":"product_cat","embeddable":true,"href":"https:\/\/nfc-readers.com\/fr\/wp-json\/wp\/v2\/product_cat?post=2732"},{"taxonomy":"product_tag","embeddable":true,"href":"https:\/\/nfc-readers.com\/fr\/wp-json\/wp\/v2\/product_tag?post=2732"}],"curies":[{"name":"wp","href":"https:\/\/api.w.org\/{rel}","templated":true}]}}