{"id":2740,"date":"2024-06-11T01:53:04","date_gmt":"2024-06-11T01:53:04","guid":{"rendered":"https:\/\/nfc-readers.com\/?post_type=product&#038;p=2740"},"modified":"2024-09-24T02:48:08","modified_gmt":"2024-09-24T02:48:08","slug":"acr123u-nfc-lcd-contactless-reader-writer","status":"publish","type":"product","link":"https:\/\/nfc-readers.com\/fr\/ic-reader\/acr123u-nfc-lcd-contactless-reader-writer\/","title":{"rendered":"Lecteur-graveur sans contact LCD NFC ACR123U"},"content":{"rendered":"<h1>Lecteur-graveur sans contact LCD NFC ACR123U<\/h1>\n<p>L&#039;ACR123U, une variante USB de l&#039;ACR123S, sert de lecteur sans contact abordable, flexible et intelligent. Il peut \u00eatre int\u00e9gr\u00e9 de mani\u00e8re transparente aux syst\u00e8mes de point de vente (POS) ou aux caisses enregistreuses existants, les transformant en terminaux de paiement sans num\u00e9raire. L&#039;introduction de l&#039;ACR123U acc\u00e9l\u00e8re le processus de paiement car il permet aux clients de finaliser leurs paiements d&#039;un simple toucher de leur carte. Ce lecteur sans contact pr\u00e9sente une solution efficace pour am\u00e9liorer l&#039;efficacit\u00e9 des syst\u00e8mes de paiement.<\/p>\n<ul>\n<li>\n<h2>Interface USB pour la communication des donn\u00e9es et l&#039;alimentation \u00e9lectrique<\/h2>\n<\/li>\n<li>\n<h2>Processeur ARM CortexTM-M3 32 bits<\/h2>\n<\/li>\n<li>\n<h2>Lecteur de carte \u00e0 puce\u00a0:<\/h2>\n<ul>\n<li>\n<h3>Vitesse de lecture\/\u00e9criture allant jusqu&#039;\u00e0 848 kbps<\/h3>\n<\/li>\n<li>\n<h3>Antenne int\u00e9gr\u00e9e pour acc\u00e8s aux cartes sans contact, avec une distance de lecture des cartes jusqu&#039;\u00e0 50 mm (selon le type d&#039;\u00e9tiquette)<\/h3>\n<\/li>\n<li>\n<h3>Prise en charge des cartes ISO 14443 partie 4 de type A et B et de la s\u00e9rie MIFARE<\/h3>\n<\/li>\n<li>\n<h3>Fonction anti-collision int\u00e9gr\u00e9e<\/h3>\n<\/li>\n<li>\n<h3>Trois emplacements SAM conformes \u00e0 la norme ISO 7816<\/h3>\n<\/li>\n<\/ul>\n<\/li>\n<li>\n<h2>P\u00e9riph\u00e9riques int\u00e9gr\u00e9s\u00a0:<\/h2>\n<ul>\n<li>\n<h3>16 caract\u00e8res alphanum\u00e9riques x 8 lignes LCD graphique (128 x 64 pixels)<\/h3>\n<\/li>\n<li>\n<h3>Quatre LED contr\u00f4lables par l&#039;utilisateur (bleu, jaune, vert et rouge)<\/h3>\n<\/li>\n<li>\n<h3>R\u00e9tro\u00e9clairage de la r\u00e9gion de frappe contr\u00f4lable par l&#039;utilisateur (rouge, vert et bleu)<\/h3>\n<\/li>\n<li>\n<h3>Haut-parleur contr\u00f4lable par l&#039;utilisateur (indication de tonalit\u00e9 audio)<\/h3>\n<\/li>\n<\/ul>\n<\/li>\n<\/ul>\n<table style=\"height: 1395px;\" width=\"611\">\n<tbody>\n<tr>\n<td colspan=\"2\" width=\"511\">Caract\u00e9ristiques physiques<\/td>\n<\/tr>\n<tr>\n<td rowspan=\"2\" width=\"215\">Dimensions (mm)<\/td>\n<td width=\"296\">Corps principal\u00a0: 159,0\u00a0mm (L) x 100,0\u00a0mm (L) x 21,0\u00a0mm (H)<\/td>\n<\/tr>\n<tr>\n<td width=\"296\">Avec support\u00a0: 177,4 mm (L) x 100,0 mm (L) x 94,5 mm (H)<\/td>\n<\/tr>\n<tr>\n<td rowspan=\"2\" width=\"215\">Poids (g)<\/td>\n<td width=\"296\">Corps principal\u00a0: 281\u00a0g<\/td>\n<\/tr>\n<tr>\n<td width=\"296\">Avec support : 506 g<\/td>\n<\/tr>\n<tr>\n<td colspan=\"2\" width=\"511\">Interface USB<\/td>\n<\/tr>\n<tr>\n<td width=\"215\">Protocole<\/td>\n<td width=\"296\">CCID USB<\/td>\n<\/tr>\n<tr>\n<td width=\"215\">Type de connecteur<\/td>\n<td width=\"296\">Type standard A<\/td>\n<\/tr>\n<tr>\n<td width=\"215\">Source d&#039;\u00e9nergie<\/td>\n<td width=\"296\">Depuis le port USB<\/td>\n<\/tr>\n<tr>\n<td width=\"215\">Vitesse<\/td>\n<td width=\"296\">USB pleine vitesse (12 Mbit\/s)<\/td>\n<\/tr>\n<tr>\n<td width=\"215\">Longueur de c\u00e2ble<\/td>\n<td width=\"296\">1,5 m, fixe<\/td>\n<\/tr>\n<tr>\n<td colspan=\"2\" width=\"511\">Interface de carte \u00e0 puce sans contact<\/td>\n<\/tr>\n<tr>\n<td width=\"215\">Standard<\/td>\n<td width=\"296\">ISO 14443 A et B parties 1 \u00e0 4<\/td>\n<\/tr>\n<tr>\n<td rowspan=\"2\" width=\"215\">Protocole<\/td>\n<td width=\"296\">Carte conforme ISO 14443-4, T=CL<\/td>\n<\/tr>\n<tr>\n<td width=\"296\">Carte MIFARE\u00ae Classique, T=CL<\/td>\n<\/tr>\n<tr>\n<td colspan=\"2\" width=\"511\">Interface de la carte SAM<\/td>\n<\/tr>\n<tr>\n<td width=\"215\">Nombre d&#039;emplacements<\/td>\n<td width=\"296\">3 emplacements pour cartes SIM standard<\/td>\n<\/tr>\n<tr>\n<td width=\"215\">Standard<\/td>\n<td width=\"296\">ISO 7816 Classe A, B, C (5 V, 3 V, 1,8 V)<\/td>\n<\/tr>\n<tr>\n<td width=\"215\">Protocole<\/td>\n<td width=\"296\">T=0\u00a0; T=1<\/td>\n<\/tr>\n<tr>\n<td colspan=\"2\" width=\"511\">P\u00e9riph\u00e9riques int\u00e9gr\u00e9s<\/td>\n<\/tr>\n<tr>\n<td rowspan=\"3\" width=\"215\">\u00c9cran LCD<\/td>\n<td width=\"296\">LCD graphique avec r\u00e9tro\u00e9clairage blanc<\/td>\n<\/tr>\n<tr>\n<td width=\"296\">R\u00e9solution : 128 x 64 pixels<\/td>\n<\/tr>\n<tr>\n<td width=\"296\">Nombre de caract\u00e8res\u00a0: 16 caract\u00e8res x 8 lignes<\/td>\n<\/tr>\n<tr>\n<td width=\"215\">DIRIG\u00c9<\/td>\n<td width=\"296\">4 couleurs uniques\u00a0: bleu, jaune, vert et rouge<\/td>\n<\/tr>\n<tr>\n<td width=\"215\">R\u00e9gion de tapotement<\/td>\n<td width=\"296\">R\u00e9tro\u00e9clairage tricolore\u00a0: rouge, vert et bleu<\/td>\n<\/tr>\n<tr>\n<td width=\"215\">Conf\u00e9rencier<\/td>\n<td width=\"296\">Indication de tonalit\u00e9 audio<\/td>\n<\/tr>\n<tr>\n<td colspan=\"2\" width=\"511\">Autres caract\u00e9ristiques<\/td>\n<\/tr>\n<tr>\n<td width=\"215\">S\u00e9curit\u00e9<\/td>\n<td width=\"296\">Tamper Switch (D\u00e9tections et protection anti-intrusion internes)<\/td>\n<\/tr>\n<tr>\n<td width=\"215\">Mise \u00e0 jour du firmware<\/td>\n<td width=\"296\">Prise en charge<\/td>\n<\/tr>\n<tr>\n<td width=\"215\">Horloge en temps r\u00e9el<\/td>\n<td width=\"296\">Prise en charge<\/td>\n<\/tr>\n<tr>\n<td colspan=\"2\" width=\"511\">Certifications\/Conformit\u00e9<\/td>\n<\/tr>\n<tr>\n<td rowspan=\"12\" width=\"215\">Certifications\/Conformit\u00e9<\/td>\n<td width=\"296\">OIN 14443<\/td>\n<\/tr>\n<tr>\n<td width=\"296\">ISO 7816 (emplacement SAM)<\/td>\n<\/tr>\n<tr>\n<td width=\"296\">USB pleine vitesse<\/td>\n<\/tr>\n<tr>\n<td width=\"296\">PC\/SC<\/td>\n<\/tr>\n<tr>\n<td width=\"296\">CCID<\/td>\n<\/tr>\n<tr>\n<td width=\"296\">VCCI (Japon)<\/td>\n<\/tr>\n<tr>\n<td width=\"296\">KC (Cor\u00e9e)<\/td>\n<\/tr>\n<tr>\n<td width=\"296\">Microsoft\u00ae WHQL<\/td>\n<\/tr>\n<tr>\n<td width=\"296\">CE<\/td>\n<\/tr>\n<tr>\n<td width=\"296\">FCC<\/td>\n<\/tr>\n<tr>\n<td width=\"296\">RoHS2<\/td>\n<\/tr>\n<tr>\n<td width=\"296\">ATTEINDRE<\/td>\n<\/tr>\n<tr>\n<td colspan=\"2\" width=\"511\">Prise en charge du syst\u00e8me d&#039;exploitation du pilote de p\u00e9riph\u00e9rique<\/td>\n<\/tr>\n<tr>\n<td rowspan=\"4\" width=\"215\">Prise en charge du syst\u00e8me d&#039;exploitation du pilote de p\u00e9riph\u00e9rique<\/td>\n<td width=\"296\">Windows\u00aeCE<\/td>\n<\/tr>\n<tr>\n<td width=\"296\">Windows\u00ae<\/td>\n<\/tr>\n<tr>\n<td width=\"296\">Linux\u00ae<\/td>\n<\/tr>\n<tr>\n<td width=\"296\">Solaris<\/td>\n<\/tr>\n<\/tbody>\n<\/table>","protected":false},"excerpt":{"rendered":"<div class=\"auto-hide-last-sibling-br paragraph_1252f paragraph-element\">\n<div class=\"auto-hide-last-sibling-br paragraph_1252f paragraph-element\">ACR123U, lecteur USB LCD abordable pour les paiements sans esp\u00e8ces, am\u00e9liorant l&#039;efficacit\u00e9 du paiement avec une conception intuitive et une compatibilit\u00e9 avec les cartes ISO 14443-4.<\/div>\n<\/div>","protected":false},"featured_media":2741,"template":"","meta":[],"product_brand":[],"product_cat":[45],"product_tag":[],"class_list":{"0":"post-2740","1":"product","2":"type-product","3":"status-publish","4":"has-post-thumbnail","6":"product_cat-contactless-nfc-reader","8":"first","9":"instock","10":"shipping-taxable","11":"product-type-simple"},"_links":{"self":[{"href":"https:\/\/nfc-readers.com\/fr\/wp-json\/wp\/v2\/product\/2740","targetHints":{"allow":["GET"]}}],"collection":[{"href":"https:\/\/nfc-readers.com\/fr\/wp-json\/wp\/v2\/product"}],"about":[{"href":"https:\/\/nfc-readers.com\/fr\/wp-json\/wp\/v2\/types\/product"}],"wp:featuredmedia":[{"embeddable":true,"href":"https:\/\/nfc-readers.com\/fr\/wp-json\/wp\/v2\/media\/2741"}],"wp:attachment":[{"href":"https:\/\/nfc-readers.com\/fr\/wp-json\/wp\/v2\/media?parent=2740"}],"wp:term":[{"taxonomy":"product_brand","embeddable":true,"href":"https:\/\/nfc-readers.com\/fr\/wp-json\/wp\/v2\/product_brand?post=2740"},{"taxonomy":"product_cat","embeddable":true,"href":"https:\/\/nfc-readers.com\/fr\/wp-json\/wp\/v2\/product_cat?post=2740"},{"taxonomy":"product_tag","embeddable":true,"href":"https:\/\/nfc-readers.com\/fr\/wp-json\/wp\/v2\/product_tag?post=2740"}],"curies":[{"name":"wp","href":"https:\/\/api.w.org\/{rel}","templated":true}]}}