{"id":2744,"date":"2024-06-11T02:10:05","date_gmt":"2024-06-11T02:10:05","guid":{"rendered":"https:\/\/nfc-readers.com\/?post_type=product&#038;p=2744"},"modified":"2024-09-23T08:58:36","modified_gmt":"2024-09-23T08:58:36","slug":"acr123s-rs232-nfc-lcd-contactless-reader-writer","status":"publish","type":"product","link":"https:\/\/nfc-readers.com\/fr\/ic-reader\/acr123s-rs232-nfc-lcd-contactless-reader-writer\/","title":{"rendered":"ACR123S RS232 NFC LCD lecteur sans contact"},"content":{"rendered":"<h1>ACR123S RS232 NFC LCD lecteur sans contact<\/h1>\n<div><\/div>\n<div class=\"auto-hide-last-sibling-br paragraph_1252f paragraph-element\">L\u2019essor de la technologie sans contact remod\u00e8le le comportement d\u2019achat des consommateurs du monde entier, augmentant ainsi le besoin d\u2019une solution robuste capable de prendre en charge les applications de paiement sans contact. L&#039;ACR123S a \u00e9t\u00e9 sp\u00e9cialement d\u00e9velopp\u00e9 pour r\u00e9pondre \u00e0 cette demande croissante.<\/div>\n<div class=\"auto-hide-last-sibling-br paragraph_1252f paragraph-element\">Le lecteur sans contact intelligent ACR123S est un lecteur sans contact \u00e9conomique, polyvalent et intelligent qui peut \u00eatre int\u00e9gr\u00e9 sans effort dans les syst\u00e8mes de point de vente (point de vente) ou les caisses enregistreuses pr\u00e9existants, offrant ainsi les avantages d&#039;un syst\u00e8me de paiement sans num\u00e9raire. Construit sur la technologie sans contact (RFID) 13,56 MHz, il est compatible avec toute carte sans contact conforme \u00e0 la norme ISO 14443-4.<\/div>\n<div>\n<ul>\n<li>\n<h2>Interface s\u00e9rie RS232 avec connecteur RJ45<\/h2>\n<\/li>\n<li>\n<h2>Interface USB pour l&#039;alimentation<\/h2>\n<\/li>\n<li>\n<h2>Processeur ARM CortexTM-M3 32 bits<\/h2>\n<\/li>\n<li>\n<h2>Lecteur de carte \u00e0 puce\u00a0:<\/h2>\n<ul>\n<li>\n<h3>Vitesse de lecture\/\u00e9criture allant jusqu&#039;\u00e0 848 kbps<\/h3>\n<\/li>\n<li>\n<h3>Antenne int\u00e9gr\u00e9e pour acc\u00e8s aux cartes sans contact, avec une distance de lecture des cartes jusqu&#039;\u00e0 50 mm (selon le type d&#039;\u00e9tiquette)<\/h3>\n<\/li>\n<li>\n<h3>Prise en charge des cartes ISO 14443 partie 4 de type A et B et de la s\u00e9rie MIFARE<\/h3>\n<\/li>\n<li>\n<h3>Fonction anti-collision int\u00e9gr\u00e9e<\/h3>\n<\/li>\n<li>\n<h3>Trois emplacements SAM conformes \u00e0 la norme ISO 7816<\/h3>\n<\/li>\n<\/ul>\n<\/li>\n<li>\n<h2>P\u00e9riph\u00e9riques int\u00e9gr\u00e9s\u00a0:<\/h2>\n<ul>\n<li>\n<h3>16 caract\u00e8res alphanum\u00e9riques x 8 lignes LCD graphique (128 x 64 pixels)<\/h3>\n<\/li>\n<li>\n<h3>Quatre LED contr\u00f4lables par l&#039;utilisateur (bleu, jaune, vert et rouge)<\/h3>\n<\/li>\n<li>\n<h3>R\u00e9tro\u00e9clairage de la r\u00e9gion de frappe contr\u00f4lable par l&#039;utilisateur (rouge, vert et bleu)<\/h3>\n<\/li>\n<li>\n<h3>Haut-parleur contr\u00f4lable par l&#039;utilisateur (indication de tonalit\u00e9 audio)<\/h3>\n<\/li>\n<\/ul>\n<\/li>\n<\/ul>\n<table width=\"514\">\n<tbody>\n<tr>\n<td colspan=\"2\" width=\"514\">Caract\u00e9ristiques physiques<\/td>\n<\/tr>\n<tr>\n<td rowspan=\"2\" width=\"233\">Dimensions (mm)<\/td>\n<td width=\"281\">Corps principal\u00a0: 159,0\u00a0mm (L) x 100,0\u00a0mm (L) x 21,0\u00a0mm (H)<\/td>\n<\/tr>\n<tr>\n<td width=\"281\">Avec support\u00a0: 177,4 mm (L) x 100,0 mm (L) x 94,5 mm (H)<\/td>\n<\/tr>\n<tr>\n<td rowspan=\"2\" width=\"233\">Poids (g)<\/td>\n<td width=\"281\">Corps principal\u00a0: 281\u00a0g<\/td>\n<\/tr>\n<tr>\n<td width=\"281\">Avec support : 506 g<\/td>\n<\/tr>\n<tr>\n<td colspan=\"2\" width=\"514\">Interface s\u00e9rie<\/td>\n<\/tr>\n<tr>\n<td width=\"233\">Protocole<\/td>\n<td width=\"281\">RS-232<\/td>\n<\/tr>\n<tr>\n<td width=\"233\">Type de connecteur<\/td>\n<td width=\"281\">Connecteur RJ45<\/td>\n<\/tr>\n<tr>\n<td width=\"233\">Source d&#039;\u00e9nergie<\/td>\n<td width=\"281\">Depuis le port USB<\/td>\n<\/tr>\n<tr>\n<td width=\"233\">Longueur de c\u00e2ble<\/td>\n<td width=\"281\">1,5 m, fixe (RJ45 + USB)<\/td>\n<\/tr>\n<tr>\n<td colspan=\"2\" width=\"514\">Interface de carte \u00e0 puce sans contact<\/td>\n<\/tr>\n<tr>\n<td width=\"233\">Standard<\/td>\n<td width=\"281\">ISO 14443 A et B parties 1 \u00e0 4<\/td>\n<\/tr>\n<tr>\n<td rowspan=\"2\" width=\"233\">Protocole<\/td>\n<td width=\"281\">Carte conforme ISO 14443-4, T=CL<\/td>\n<\/tr>\n<tr>\n<td width=\"281\">Carte MIFARE\u00ae Classique, T=CL<\/td>\n<\/tr>\n<tr>\n<td colspan=\"2\" width=\"514\">Interface de la carte SAM<\/td>\n<\/tr>\n<tr>\n<td width=\"233\">Nombre d&#039;emplacements<\/td>\n<td width=\"281\">3 emplacements pour cartes SIM standard<\/td>\n<\/tr>\n<tr>\n<td width=\"233\">Standard<\/td>\n<td width=\"281\">ISO 7816 Classe A, B, C (5 V, 3 V, 1,8 V)<\/td>\n<\/tr>\n<tr>\n<td width=\"233\">Protocole<\/td>\n<td width=\"281\">T=0\u00a0; T=1<\/td>\n<\/tr>\n<tr>\n<td colspan=\"2\" width=\"514\">P\u00e9riph\u00e9riques int\u00e9gr\u00e9s<\/td>\n<\/tr>\n<tr>\n<td rowspan=\"3\" width=\"233\">\u00c9cran LCD<\/td>\n<td width=\"281\">LCD graphique avec r\u00e9tro\u00e9clairage blanc<\/td>\n<\/tr>\n<tr>\n<td width=\"281\">R\u00e9solution : 128 x 64 pixels<\/td>\n<\/tr>\n<tr>\n<td width=\"281\">Nombre de caract\u00e8res\u00a0: 16 caract\u00e8res x 8 lignes<\/td>\n<\/tr>\n<tr>\n<td width=\"233\">DIRIG\u00c9<\/td>\n<td width=\"281\">4 couleurs uniques\u00a0: bleu, jaune, vert et rouge<\/td>\n<\/tr>\n<tr>\n<td width=\"233\">R\u00e9gion de tapotement<\/td>\n<td width=\"281\">R\u00e9tro\u00e9clairage tricolore\u00a0: rouge, vert et bleu<\/td>\n<\/tr>\n<tr>\n<td width=\"233\">Conf\u00e9rencier<\/td>\n<td width=\"281\">Indication de tonalit\u00e9 audio<\/td>\n<\/tr>\n<tr>\n<td colspan=\"2\" width=\"514\">Autres caract\u00e9ristiques<\/td>\n<\/tr>\n<tr>\n<td width=\"233\">S\u00e9curit\u00e9<\/td>\n<td width=\"281\">Tamper Switch (D\u00e9tections et protection anti-intrusion internes)<\/td>\n<\/tr>\n<tr>\n<td width=\"233\">Mise \u00e0 jour du firmware<\/td>\n<td width=\"281\">Prise en charge<\/td>\n<\/tr>\n<tr>\n<td width=\"233\">Horloge en temps r\u00e9el<\/td>\n<td width=\"281\">Prise en charge<\/td>\n<\/tr>\n<tr>\n<td colspan=\"2\" width=\"514\">Certifications\/Conformit\u00e9<\/td>\n<\/tr>\n<tr>\n<td rowspan=\"8\" width=\"233\">Certifications\/Conformit\u00e9<\/td>\n<td width=\"281\">OIN 14443<\/td>\n<\/tr>\n<tr>\n<td width=\"281\">ISO 7816 (emplacement SAM)<\/td>\n<\/tr>\n<tr>\n<td width=\"281\">VCCI (Japon)<\/td>\n<\/tr>\n<tr>\n<td width=\"281\">KC (Cor\u00e9e)<\/td>\n<\/tr>\n<tr>\n<td width=\"281\">CE<\/td>\n<\/tr>\n<tr>\n<td width=\"281\">FCC<\/td>\n<\/tr>\n<tr>\n<td width=\"281\">RoHS2<\/td>\n<\/tr>\n<tr>\n<td width=\"281\">ATTEINDRE<\/td>\n<\/tr>\n<tr>\n<td colspan=\"2\" width=\"514\">Prise en charge du syst\u00e8me d&#039;exploitation du pilote de p\u00e9riph\u00e9rique<\/td>\n<\/tr>\n<tr>\n<td rowspan=\"3\" width=\"233\">Prise en charge du syst\u00e8me d&#039;exploitation du pilote de p\u00e9riph\u00e9rique<\/td>\n<td width=\"281\">Windows\u00aeCE<\/td>\n<\/tr>\n<tr>\n<td width=\"281\">Windows\u00ae<\/td>\n<\/tr>\n<tr>\n<td width=\"281\">Linux\u00ae<\/td>\n<\/tr>\n<\/tbody>\n<\/table>\n<\/div>","protected":false},"excerpt":{"rendered":"<div class=\"auto-hide-last-sibling-br paragraph_1252f paragraph-element\">L&#039;ACR123S est un lecteur RFID LCD USB 13,56 MHz innovant qui am\u00e9liore les syst\u00e8mes de point de vente avec des capacit\u00e9s de paiement sans contact transparentes pour une exp\u00e9rience de paiement plus fluide.<\/div>","protected":false},"featured_media":2745,"template":"","meta":[],"product_brand":[],"product_cat":[45],"product_tag":[],"class_list":{"0":"post-2744","1":"product","2":"type-product","3":"status-publish","4":"has-post-thumbnail","6":"product_cat-contactless-nfc-reader","8":"first","9":"instock","10":"shipping-taxable","11":"product-type-simple"},"_links":{"self":[{"href":"https:\/\/nfc-readers.com\/fr\/wp-json\/wp\/v2\/product\/2744","targetHints":{"allow":["GET"]}}],"collection":[{"href":"https:\/\/nfc-readers.com\/fr\/wp-json\/wp\/v2\/product"}],"about":[{"href":"https:\/\/nfc-readers.com\/fr\/wp-json\/wp\/v2\/types\/product"}],"wp:featuredmedia":[{"embeddable":true,"href":"https:\/\/nfc-readers.com\/fr\/wp-json\/wp\/v2\/media\/2745"}],"wp:attachment":[{"href":"https:\/\/nfc-readers.com\/fr\/wp-json\/wp\/v2\/media?parent=2744"}],"wp:term":[{"taxonomy":"product_brand","embeddable":true,"href":"https:\/\/nfc-readers.com\/fr\/wp-json\/wp\/v2\/product_brand?post=2744"},{"taxonomy":"product_cat","embeddable":true,"href":"https:\/\/nfc-readers.com\/fr\/wp-json\/wp\/v2\/product_cat?post=2744"},{"taxonomy":"product_tag","embeddable":true,"href":"https:\/\/nfc-readers.com\/fr\/wp-json\/wp\/v2\/product_tag?post=2744"}],"curies":[{"name":"wp","href":"https:\/\/api.w.org\/{rel}","templated":true}]}}