{"id":2752,"date":"2024-06-11T12:30:21","date_gmt":"2024-06-11T12:30:21","guid":{"rendered":"https:\/\/nfc-readers.com\/?post_type=product&#038;p=2752"},"modified":"2024-09-23T06:29:25","modified_gmt":"2024-09-23T06:29:25","slug":"acm1323u-hid-contactless-reader-writer","status":"publish","type":"product","link":"https:\/\/nfc-readers.com\/fr\/ic-reader\/acm1323u-hid-contactless-reader-writer\/","title":{"rendered":"Lecteur-graveur sans contact HID ACM1323U"},"content":{"rendered":"<h1>Lecteur-graveur sans contact HID ACM1323U<\/h1>\n<p>ACM1323 est un module lecteur de carte \u00e0 puce bas\u00e9 sur la technologie sans contact 13,56 MHz. Il adopte le protocole HID et aucun pilote n&#039;est install\u00e9 dans l&#039;interface USB. Il prend en charge la lecture et l&#039;\u00e9criture de cartes \u00e0 puce de classe A conformes \u00e0 la norme ISO144431 jusqu&#039;\u00e0 la partie 4, notamment les cartes CPU, MIFARE Classic, Mifare 1K\/4K, Mifare Plus et DESFire. L&#039;ACM1323 est un v\u00e9ritable dispositif plug and play qui peut \u00eatre utilis\u00e9 sans aucun pilote et est con\u00e7u pour une int\u00e9gration rapide dans les syst\u00e8mes embarqu\u00e9s, adapt\u00e9 \u00e0 une vari\u00e9t\u00e9 de sc\u00e9narios d&#039;application tels que les points de recharge, les tablettes, les distributeurs automatiques, les transports publics, le contr\u00f4le d&#039;acc\u00e8s au r\u00e9seau, pr\u00e9sence et autres syst\u00e8mes int\u00e9gr\u00e9s. Il prend \u00e9galement en charge les mises \u00e0 niveau du micrologiciel sans n\u00e9cessiter de modifications mat\u00e9rielles suppl\u00e9mentaires.<\/p>\n<table width=\"628\">\n<tbody>\n<tr>\n<td colspan=\"2\" width=\"628\">Caract\u00e9ristiques physiques<\/td>\n<\/tr>\n<tr>\n<td width=\"335\">Dimensions (mm)<\/td>\n<td width=\"293\">73,5x40,0x5,0<\/td>\n<\/tr>\n<tr>\n<td width=\"335\">Poids (g)<\/td>\n<td width=\"293\">7.2<\/td>\n<\/tr>\n<tr>\n<td colspan=\"2\" width=\"628\">Interface USB<\/td>\n<\/tr>\n<tr>\n<td width=\"335\">Protocole<\/td>\n<td width=\"293\">CACH\u00c9<\/td>\n<\/tr>\n<tr>\n<td width=\"335\">Type de connecteur<\/td>\n<td width=\"293\">USB<\/td>\n<\/tr>\n<tr>\n<td width=\"335\">Source d&#039;\u00e9nergie<\/td>\n<td width=\"293\">Depuis le port USB<\/td>\n<\/tr>\n<tr>\n<td width=\"335\">Vitesse<\/td>\n<td width=\"293\">USB 2.0 pleine vitesse (12 Mbps) compatible avec USB 3.0<\/td>\n<\/tr>\n<tr>\n<td width=\"335\">Longueur de c\u00e2ble<\/td>\n<td width=\"293\">1 m, d\u00e9tachable (sur demande)<\/td>\n<\/tr>\n<tr>\n<td colspan=\"2\" width=\"628\">Interface de carte \u00e0 puce sans contact<\/td>\n<\/tr>\n<tr>\n<td width=\"335\">Standard<\/td>\n<td width=\"293\">Carte CPU ISO 14443 Type A MIFARE Classic, Mifare 1K\/4K, Mifare Plus et DESFire<\/td>\n<\/tr>\n<tr>\n<td rowspan=\"2\" width=\"335\">Protocole<\/td>\n<td width=\"293\">Carte conforme ISO 14443-4, T=CL<\/td>\n<\/tr>\n<tr>\n<td width=\"293\">Carte MIFARE\u00ae Classique, T=CL<\/td>\n<\/tr>\n<tr>\n<td colspan=\"2\" width=\"628\">P\u00e9riph\u00e9riques int\u00e9gr\u00e9s<\/td>\n<\/tr>\n<tr>\n<td width=\"335\">DIRIG\u00c9<\/td>\n<td width=\"293\">1 bicolore : Bleu et Vert<\/td>\n<\/tr>\n<tr>\n<td colspan=\"2\" width=\"628\">Autres caract\u00e9ristiques<\/td>\n<\/tr>\n<tr>\n<td rowspan=\"3\" width=\"335\">Autres caract\u00e9ristiques<\/td>\n<td width=\"293\">Types de cartes pris en charge\u00a0:<\/td>\n<\/tr>\n<tr>\n<td width=\"293\">ISO 14443 types A et B parties 1-4,<\/td>\n<\/tr>\n<tr>\n<td width=\"293\">MIFARE Classic\u00ae, MIFARE DESFire\u00ae, MIFARE Ultralight\u00ae, MIFARE Plus\u00ae<\/td>\n<\/tr>\n<tr>\n<td width=\"335\">Mise \u00e0 jour du firmware<\/td>\n<td width=\"293\">Prise en charge<\/td>\n<\/tr>\n<tr>\n<td colspan=\"2\" width=\"628\">Certifications\/Conformit\u00e9<\/td>\n<\/tr>\n<tr>\n<td rowspan=\"4\" width=\"335\">Certifications\/Conformit\u00e9<\/td>\n<td width=\"293\">Certifications\u00a0:<\/td>\n<\/tr>\n<tr>\n<td width=\"293\">CEI\/EN 62368, CE, UKCA, FCC, VCCI, RoHS, REACH, DEEE, Microsoft\u00ae WHQL<\/td>\n<\/tr>\n<tr>\n<td width=\"293\">\u00a0 Conformit\u00e9:<\/td>\n<\/tr>\n<tr>\n<td width=\"293\">cach\u00e9<\/td>\n<\/tr>\n<tr>\n<td colspan=\"2\" width=\"628\">Prise en charge du syst\u00e8me d&#039;exploitation du pilote de p\u00e9riph\u00e9rique<\/td>\n<\/tr>\n<tr>\n<td width=\"335\">Prise en charge du syst\u00e8me d&#039;exploitation du pilote de p\u00e9riph\u00e9rique<\/td>\n<td width=\"293\">Windows\u00ae, Linux\u00ae, macOS, Android\u2122<\/td>\n<\/tr>\n<\/tbody>\n<\/table>","protected":false},"excerpt":{"rendered":"<p>L&#039;ACM1323U est un lecteur de carte USB HID polyvalent qui prend en charge diverses cartes de classe A et s&#039;int\u00e8gre parfaitement dans les syst\u00e8mes embarqu\u00e9s.<\/p>","protected":false},"featured_media":2753,"template":"","meta":[],"product_brand":[],"product_cat":[41],"product_tag":[],"class_list":{"0":"post-2752","1":"product","2":"type-product","3":"status-publish","4":"has-post-thumbnail","6":"product_cat-module-ic-reader","8":"first","9":"instock","10":"shipping-taxable","11":"product-type-simple"},"_links":{"self":[{"href":"https:\/\/nfc-readers.com\/fr\/wp-json\/wp\/v2\/product\/2752","targetHints":{"allow":["GET"]}}],"collection":[{"href":"https:\/\/nfc-readers.com\/fr\/wp-json\/wp\/v2\/product"}],"about":[{"href":"https:\/\/nfc-readers.com\/fr\/wp-json\/wp\/v2\/types\/product"}],"wp:featuredmedia":[{"embeddable":true,"href":"https:\/\/nfc-readers.com\/fr\/wp-json\/wp\/v2\/media\/2753"}],"wp:attachment":[{"href":"https:\/\/nfc-readers.com\/fr\/wp-json\/wp\/v2\/media?parent=2752"}],"wp:term":[{"taxonomy":"product_brand","embeddable":true,"href":"https:\/\/nfc-readers.com\/fr\/wp-json\/wp\/v2\/product_brand?post=2752"},{"taxonomy":"product_cat","embeddable":true,"href":"https:\/\/nfc-readers.com\/fr\/wp-json\/wp\/v2\/product_cat?post=2752"},{"taxonomy":"product_tag","embeddable":true,"href":"https:\/\/nfc-readers.com\/fr\/wp-json\/wp\/v2\/product_tag?post=2752"}],"curies":[{"name":"wp","href":"https:\/\/api.w.org\/{rel}","templated":true}]}}