{"id":2765,"date":"2024-06-11T13:24:05","date_gmt":"2024-06-11T13:24:05","guid":{"rendered":"https:\/\/nfc-readers.com\/?post_type=product&#038;p=2765"},"modified":"2024-09-23T06:21:32","modified_gmt":"2024-09-23T06:21:32","slug":"acr1552u-a2-aquaguard-nfc-usb-contactless-reader-writer","status":"publish","type":"product","link":"https:\/\/nfc-readers.com\/fr\/ic-reader\/acr1552u-a2-aquaguard-nfc-usb-contactless-reader-writer\/","title":{"rendered":"ACR1552U-A2 AquaGuard NFC USB Lecteur sans contact"},"content":{"rendered":"<h1>ACR1552U-A2 AquaGuard NFC USB Lecteur sans contact<\/h1>\n<p>Le lecteur USB NFC AquaGuard ACR1552U-A2 est un appareil robuste de quatri\u00e8me g\u00e9n\u00e9ration construit sur la technologie sans contact 13,56 MHz. Il fonctionne avec des cartes et des appareils sans contact conformes aux normes ISO 14443 Type A et B, ISO 15693 et ISO 18092. L&#039;indice IP67 signifie sa r\u00e9sistance exceptionnelle \u00e0 la poussi\u00e8re et \u00e0 l&#039;eau, garantissant un fonctionnement ininterrompu m\u00eame dans des conditions difficiles. Conforme aux normes CCID et PC\/SC, le lecteur USB NFC AquaGuard ACR1552U-A2 offre une communication haut d\u00e9bit allant jusqu&#039;\u00e0 848 kbps. La coque certifi\u00e9e IP67 du lecteur abrite des fonctionnalit\u00e9s \u00e9volutives du micrologiciel USB, \u00e9tendant sa polyvalence et sa rentabilit\u00e9 \u00e0 de nombreux secteurs, notamment la finance, la sant\u00e9 et le gouvernement. Ce lecteur NFC class\u00e9 IP67 prend intelligemment en charge trois modes NFC\u00a0: lecteur\/enregistreur, \u00e9mulation de carte et \u00e9mulation de clavier. Sa robustesse et sa polyvalence ouvrent un large \u00e9ventail d&#039;applications potentielles telles que le paiement \u00e9lectronique, les syst\u00e8mes de contr\u00f4le d&#039;acc\u00e8s et la billetterie des transports. Le lecteur USB NFC ACR1552U-A2AquaGuard, avec sa prise en charge IP67, constitue un choix r\u00e9silient et fiable en mati\u00e8re de technologie NFC.<\/p>\n<ul>\n<li>\n<h2>Interface USB 2.0 pleine vitesse<\/h2>\n<\/li>\n<li>\n<h2>Conformit\u00e9 CCID<\/h2>\n<\/li>\n<li>\n<h2>Lecteur de carte \u00e0 puce sans contact\u00a0:<\/h2>\n<ul>\n<li>\n<h3>Vitesse de lecture\/\u00e9criture jusqu&#039;\u00e0 848 kbps<\/h3>\n<\/li>\n<li>\n<h3>Antenne int\u00e9gr\u00e9e pour un acc\u00e8s au tag sans contact, avec une distance de lecture de la carte jusqu&#039;\u00e0 70 mm (selon le type de tag)<\/h3>\n<\/li>\n<li>\n<h3>Prend en charge les cartes ISO 14443 de type A et B, les cartes ISO 15693 et ISO18092 NFC<\/h3>\n<\/li>\n<li>\n<h3>Prend en charge MIFARE\u00ae (T=CL), FeliCa, les balises NFC, SRI\/SRIX, CTS, Innovatron, Picopass, Topaz Card<\/h3>\n<\/li>\n<li>\n<h3>Fonction anti-collision int\u00e9gr\u00e9e<\/h3>\n<\/li>\n<li>\n<h3>Prend en charge l&#039;APDU \u00e9tendu (max. 64 Ko)<\/h3>\n<\/li>\n<li>\n<h3>Un emplacement SAM conforme \u00e0 la norme ISO7816 (classe A)<\/h3>\n<\/li>\n<li>\n<h3>Prise en charge NFC<\/h3>\n<ul>\n<li>\u00a0 \u00a0Mode lecteur\/graveur de carte \u00e0 puce<\/li>\n<li>\u00a0 \u00a0Mode d&#039;\u00e9mulation de carte<\/li>\n<li>\u00a0 \u00a0Mode d&#039;\u00e9mulation du clavier<\/li>\n<\/ul>\n<\/li>\n<\/ul>\n<\/li>\n<li>\n<h2>Interface de programmation d&#039;applications:<\/h2>\n<ul>\n<li>\n<h3>Prend en charge PC\/SC<\/h3>\n<\/li>\n<li>\n<h3>Prend en charge CT-API (via le wrapper au-dessus du PC\/SC)<\/h3>\n<\/li>\n<\/ul>\n<\/li>\n<li>\n<h2>P\u00e9riph\u00e9riques\u00a0:<\/h2>\n<ul>\n<li>\n<h3>LED bicolore contr\u00f4lable par l&#039;utilisateur (bleu et vert)<\/h3>\n<\/li>\n<li>\n<h3>Buzzer contr\u00f4lable par l&#039;utilisateur (Monotone)<\/h3>\n<\/li>\n<li>\n<h3>Un emplacement SAM<\/h3>\n<\/li>\n<\/ul>\n<\/li>\n<li>\n<h2>Mise \u00e0 niveau du micrologiciel USB<\/h2>\n<\/li>\n<\/ul>\n<table width=\"598\">\n<tbody>\n<tr>\n<td colspan=\"2\" width=\"598\">Caract\u00e9ristiques physiques<\/td>\n<\/tr>\n<tr>\n<td width=\"225\">Dimensions (mm)<\/td>\n<td width=\"373\">Corps principal : 98 x 65 x 12,8 mm<\/td>\n<\/tr>\n<tr>\n<td width=\"225\">Poids (g)<\/td>\n<td width=\"373\">89g<\/td>\n<\/tr>\n<tr>\n<td colspan=\"2\" width=\"598\">Interface USB<\/td>\n<\/tr>\n<tr>\n<td width=\"225\">Protocole<\/td>\n<td width=\"373\">CCID USB<\/td>\n<\/tr>\n<tr>\n<td width=\"225\">Type de connecteur<\/td>\n<td width=\"373\">USB Type-A (ACR1552U-A2), USB Type-C (ACR1552U-MF)<\/td>\n<\/tr>\n<tr>\n<td width=\"225\">Source d&#039;\u00e9nergie<\/td>\n<td width=\"373\">Depuis le port USB<\/td>\n<\/tr>\n<tr>\n<td width=\"225\">Vitesse<\/td>\n<td width=\"373\">USB pleine vitesse (12 Mbit\/s)<\/td>\n<\/tr>\n<tr>\n<td width=\"225\">Longueur de c\u00e2ble<\/td>\n<td width=\"373\">1m, non d\u00e9tachable<\/td>\n<\/tr>\n<tr>\n<td colspan=\"2\" width=\"598\">Interface de carte \u00e0 puce sans contact<\/td>\n<\/tr>\n<tr>\n<td width=\"225\">Standard<\/td>\n<td width=\"373\">ISO\/IEC 18092 NFC, ISO 14443 types A et B, ISO 15693, MIFARE\u00ae, FeliCa<\/td>\n<\/tr>\n<tr>\n<td rowspan=\"5\" width=\"225\">Protocole<\/td>\n<td width=\"373\">Carte conforme ISO 14443-4, T=CL<\/td>\n<\/tr>\n<tr>\n<td width=\"373\">Carte MIFARE\u00ae Classique, T=CL<\/td>\n<\/tr>\n<tr>\n<td width=\"373\">OIN 15693<\/td>\n<\/tr>\n<tr>\n<td width=\"373\">Balises NFC ISO 18092<\/td>\n<\/tr>\n<tr>\n<td width=\"373\">F\u00e9lica<\/td>\n<\/tr>\n<tr>\n<td colspan=\"2\" width=\"598\">P\u00e9riph\u00e9riques int\u00e9gr\u00e9s<\/td>\n<\/tr>\n<tr>\n<td width=\"225\">DIRIG\u00c9<\/td>\n<td width=\"373\">1 bicolore : Bleu et Vert<\/td>\n<\/tr>\n<tr>\n<td width=\"225\">Avertisseur sonore<\/td>\n<td width=\"373\">Oui<\/td>\n<\/tr>\n<tr>\n<td colspan=\"2\" width=\"598\">Autres caract\u00e9ristiques<\/td>\n<\/tr>\n<tr>\n<td rowspan=\"4\" width=\"225\">Autres caract\u00e9ristiques<\/td>\n<td width=\"373\">Types de cartes pris en charge\u00a0:<\/td>\n<\/tr>\n<tr>\n<td width=\"373\">ISO 14443 types A et B parties 1 \u00e0 4, ISO 15693, ISO 18092 NFC, MIFARE\u00ae, FeliCa, SRI\/SRIX, CTS, Innovatron, Picopass, Topaz Card<\/td>\n<\/tr>\n<tr>\n<td width=\"373\">\u00a0 Fonctionnalit\u00e9s NFC\u00a0:<\/td>\n<\/tr>\n<tr>\n<td width=\"373\">Lecteur\/graveur de cartes \u00e0 puce, \u00e9mulation de clavier, \u00e9mulation de cartes<\/td>\n<\/tr>\n<tr>\n<td width=\"225\">Mise \u00e0 jour du firmware<\/td>\n<td width=\"373\">Prise en charge<\/td>\n<\/tr>\n<tr>\n<td colspan=\"2\" width=\"598\">Certifications\/Conformit\u00e9<\/td>\n<\/tr>\n<tr>\n<td rowspan=\"4\" width=\"225\">Certifications\/Conformit\u00e9<\/td>\n<td width=\"373\">Certifications\u00a0:<\/td>\n<\/tr>\n<tr>\n<td width=\"373\">CEI\/EN 62368, CE, UKCA, FCC, VCCI, KC, J-LIS, RoHS, REACH, DEEE, Microsoft\u00ae WHQL, IP67<\/td>\n<\/tr>\n<tr>\n<td width=\"373\">Conformit\u00e9:<\/td>\n<\/tr>\n<tr>\n<td width=\"373\">CCID USB, PC\/SC<\/td>\n<\/tr>\n<tr>\n<td colspan=\"2\" width=\"598\">Prise en charge du syst\u00e8me d&#039;exploitation du pilote de p\u00e9riph\u00e9rique<\/td>\n<\/tr>\n<tr>\n<td width=\"225\">Prise en charge du syst\u00e8me d&#039;exploitation du pilote de p\u00e9riph\u00e9rique<\/td>\n<td width=\"373\">Windows\u00ae, Linux\u00ae, macOS, Android\u2122, iOS\/iPadOS (16 ou sup\u00e9rieur)<\/td>\n<\/tr>\n<tr>\n<td><\/td>\n<td><\/td>\n<\/tr>\n<\/tbody>\n<\/table>","protected":false},"excerpt":{"rendered":"<p>Le lecteur de cartes USB UID NFC AquaGuard ACR1552U-A2 est un appareil robuste con\u00e7u pour des performances fiables dans des environnements difficiles.<\/p>","protected":false},"featured_media":2770,"template":"","meta":[],"product_brand":[],"product_cat":[45,40],"product_tag":[],"class_list":{"0":"post-2765","1":"product","2":"type-product","3":"status-publish","4":"has-post-thumbnail","6":"product_cat-contactless-nfc-reader","7":"product_cat-rfid-nfc-reader","9":"first","10":"instock","11":"shipping-taxable","12":"product-type-simple"},"_links":{"self":[{"href":"https:\/\/nfc-readers.com\/fr\/wp-json\/wp\/v2\/product\/2765","targetHints":{"allow":["GET"]}}],"collection":[{"href":"https:\/\/nfc-readers.com\/fr\/wp-json\/wp\/v2\/product"}],"about":[{"href":"https:\/\/nfc-readers.com\/fr\/wp-json\/wp\/v2\/types\/product"}],"wp:featuredmedia":[{"embeddable":true,"href":"https:\/\/nfc-readers.com\/fr\/wp-json\/wp\/v2\/media\/2770"}],"wp:attachment":[{"href":"https:\/\/nfc-readers.com\/fr\/wp-json\/wp\/v2\/media?parent=2765"}],"wp:term":[{"taxonomy":"product_brand","embeddable":true,"href":"https:\/\/nfc-readers.com\/fr\/wp-json\/wp\/v2\/product_brand?post=2765"},{"taxonomy":"product_cat","embeddable":true,"href":"https:\/\/nfc-readers.com\/fr\/wp-json\/wp\/v2\/product_cat?post=2765"},{"taxonomy":"product_tag","embeddable":true,"href":"https:\/\/nfc-readers.com\/fr\/wp-json\/wp\/v2\/product_tag?post=2765"}],"curies":[{"name":"wp","href":"https:\/\/api.w.org\/{rel}","templated":true}]}}