{"id":2780,"date":"2024-06-12T02:05:36","date_gmt":"2024-06-12T02:05:36","guid":{"rendered":"https:\/\/nfc-readers.com\/?post_type=product&#038;p=2780"},"modified":"2024-09-23T06:11:23","modified_gmt":"2024-09-23T06:11:23","slug":"acr40u-premium-high-speed-usb-contact-smartcard-reader-writer","status":"publish","type":"product","link":"https:\/\/nfc-readers.com\/fr\/ic-reader\/acr40u-premium-high-speed-usb-contact-smartcard-reader-writer\/","title":{"rendered":"ACR40U Lecteur de carte \u00e0 puce \u00e0 contact USB haute vitesse Premium"},"content":{"rendered":"<h1>ACR40U Lecteur de carte \u00e0 puce \u00e0 contact USB haute vitesse Premium<\/h1>\n<div class=\"auto-hide-last-sibling-br paragraph_1252f paragraph-element\">Pr\u00e9sentation de l&#039;ACR40U, lecteur de carte \u00e0 puce \u00e0 contact USB haute vitesse. Il fournit une prise en charge continue des cartes \u00e0 puce ISO 7816 de classe A, B et C, des cartes \u00e0 microprocesseur utilisant les protocoles T=0 et T=1, ainsi qu&#039;une vaste gamme de cartes m\u00e9moire disponibles sur le march\u00e9. L&#039;ACR40U est dot\u00e9 de deux voyants LED qui indiquent le \u00e9tat de la carte et du lecteur. Les principales am\u00e9liorations incluent la possibilit\u00e9 de mettre \u00e0 niveau le micrologiciel et d&#039;enregistrer les donn\u00e9es utilisateur sur l&#039;appareil, r\u00e9pondant ainsi \u00e0 un large \u00e9ventail de sc\u00e9narios d&#039;application. Il comprend \u00e9galement un accessoire de support qui permet diff\u00e9rentes configurations, y compris les orientations verticales et horizontales. Adh\u00e9rant aux normes CCID, PC\/SC et Microsoft\u00ae WHQL, l&#039;ACR40U garantit une int\u00e9gration sans effort avec de nombreux syst\u00e8mes d&#039;exploitation tels que Windows\u00ae, Linux\u00ae, macOS. , iOS, iPadOS et Android\u2122. Il prend en charge les interfaces USB Type-A et Type-C, offrant des options de connectivit\u00e9 flexibles.<\/div>\n<div>\n<ul>\n<li>\n<h2>Interface USB 2.0 pleine vitesse<\/h2>\n<\/li>\n<li>\n<h2>USB de type A<\/h2>\n<\/li>\n<li>\n<h2>Plug and Play \u2013 La prise en charge CCID apporte une mobilit\u00e9 maximale<\/h2>\n<\/li>\n<li>\n<h2>Lecteur de carte \u00e0 puce\u00a0:<\/h2>\n<ul>\n<li>\n<h3>Prend en charge les cartes ISO 7816 Classe A, B et C (5 V, 3 V, 1,8 V)<\/h3>\n<\/li>\n<li>\n<h3>Prend en charge le CAC<\/h3>\n<\/li>\n<li>\n<h3>Prend en charge la carte SIPRNET<\/h3>\n<\/li>\n<li>\n<h3>Prend en charge MyKad<\/h3>\n<\/li>\n<li>\n<h3>Prend en charge la carte J-LIS<\/h3>\n<\/li>\n<li>\n<h3>Prend en charge les cartes \u00e0 microprocesseur avec protocole T=0 ou T=1<\/h3>\n<\/li>\n<li>\n<h3>Prend en charge les cartes m\u00e9moire<\/h3>\n<\/li>\n<li>\n<h3>Prend en charge PPS (s\u00e9lection de protocole et de param\u00e8tres)<\/h3>\n<\/li>\n<li>\n<h3>Caract\u00e9ristiques Protection contre les courts-circuits<\/h3>\n<\/li>\n<\/ul>\n<\/li>\n<li>\n<h2>Interface de programmation d&#039;applications:<\/h2>\n<ul>\n<li>\n<h3>Prend en charge PC\/SC<\/h3>\n<\/li>\n<li>\n<h3>Prise en charge de l&#039;API CT<\/h3>\n<\/li>\n<\/ul>\n<\/li>\n<li>\n<h2>Prend en charge tous les principaux syst\u00e8mes d&#039;exploitation<\/h2>\n<ul>\n<li>\n<h3>Windows\u00ae, Linux\u00ae, macOS, iOS, iPadOS, Android\u2122, Solaris\u2122<\/h3>\n<\/li>\n<\/ul>\n<\/li>\n<\/ul>\n<table width=\"606\">\n<tbody>\n<tr>\n<td colspan=\"2\" width=\"606\">Caract\u00e9ristiques physiques<\/td>\n<\/tr>\n<tr>\n<td width=\"211\">Dimensions (mm)<\/td>\n<td width=\"395\">62,5 mm (L) \u00d7 67,6 mm (L) \u00d7 58,5 mm (H)<\/td>\n<\/tr>\n<tr>\n<td width=\"211\">Poids (g)<\/td>\n<td width=\"395\">40,0 g \u00b1 5,0 g<\/td>\n<\/tr>\n<tr>\n<td colspan=\"2\" width=\"606\">Interface USB<\/td>\n<\/tr>\n<tr>\n<td width=\"211\">Protocole<\/td>\n<td width=\"395\">CCID USB<\/td>\n<\/tr>\n<tr>\n<td width=\"211\">Type de connecteur<\/td>\n<td width=\"395\">Type standard A, type C<\/td>\n<\/tr>\n<tr>\n<td width=\"211\">Source d&#039;\u00e9nergie<\/td>\n<td width=\"395\">Depuis le port USB<\/td>\n<\/tr>\n<tr>\n<td width=\"211\">Vitesse<\/td>\n<td width=\"395\">USB 2.0 pleine vitesse (12 Mbit\/s)<\/td>\n<\/tr>\n<tr>\n<td width=\"211\">Longueur de c\u00e2ble<\/td>\n<td width=\"395\">1 m, fixe<\/td>\n<\/tr>\n<tr>\n<td colspan=\"2\" width=\"606\">Contacter l&#039;interface de carte \u00e0 puce<\/td>\n<\/tr>\n<tr>\n<td width=\"211\">Nombre d&#039;emplacements<\/td>\n<td width=\"395\">1 emplacement pour carte pleine taille<\/td>\n<\/tr>\n<tr>\n<td width=\"211\">Standard<\/td>\n<td width=\"395\">ISO 7816 parties 1-4, classes A, B, C (5 V, 3 V, 1,8 V)<\/td>\n<\/tr>\n<tr>\n<td width=\"211\">Protocole<\/td>\n<td width=\"395\">T=0\u00a0; T=1\u00a0; Prise en charge des cartes m\u00e9moire<\/td>\n<\/tr>\n<tr>\n<td width=\"211\">Autres<\/td>\n<td width=\"395\">Carte Mykad, CAC, J-LIS, SIPRNET<\/td>\n<\/tr>\n<tr>\n<td colspan=\"2\" width=\"606\">Certifications\/Conformit\u00e9<\/td>\n<\/tr>\n<tr>\n<td width=\"211\">Certifications\/Conformit\u00e9<\/td>\n<td width=\"395\">EN62368\/IEC 62368 CE FCC RoHS REACH EMV\u2122 Niveau 1 (Contact) UL 62368 J-LIS KC PBOC Niveau 1 (Contact) TAA UKCA UL VCCI DEEE USB 2.0 Full Speed Microsoft\u00ae WHQL<\/td>\n<\/tr>\n<tr>\n<td colspan=\"2\" width=\"606\">Prise en charge du syst\u00e8me d&#039;exploitation du pilote de p\u00e9riph\u00e9rique<\/td>\n<\/tr>\n<tr>\n<td width=\"211\">Prise en charge du syst\u00e8me d&#039;exploitation du pilote de p\u00e9riph\u00e9rique<\/td>\n<td width=\"395\">Windows\u00ae Linux\u00ae macOS IOS iPadOS Android\u2122 Solaris\u2122<\/td>\n<\/tr>\n<tr>\n<td><\/td>\n<td><\/td>\n<\/tr>\n<\/tbody>\n<\/table>\n<\/div>","protected":false},"excerpt":{"rendered":"<div class=\"auto-hide-last-sibling-br paragraph_1252f paragraph-element\">L&#039;ACR40U est un lecteur de cartes EMV PBOC compact qui prend en charge diverses cartes \u00e0 puce et offre des options de connectivit\u00e9 flexibles.<\/div>","protected":false},"featured_media":2783,"template":"","meta":[],"product_brand":[],"product_cat":[39],"product_tag":[],"class_list":{"0":"post-2780","1":"product","2":"type-product","3":"status-publish","4":"has-post-thumbnail","6":"product_cat-usb-ic-smartcard-reader","8":"first","9":"instock","10":"shipping-taxable","11":"product-type-simple"},"_links":{"self":[{"href":"https:\/\/nfc-readers.com\/fr\/wp-json\/wp\/v2\/product\/2780","targetHints":{"allow":["GET"]}}],"collection":[{"href":"https:\/\/nfc-readers.com\/fr\/wp-json\/wp\/v2\/product"}],"about":[{"href":"https:\/\/nfc-readers.com\/fr\/wp-json\/wp\/v2\/types\/product"}],"wp:featuredmedia":[{"embeddable":true,"href":"https:\/\/nfc-readers.com\/fr\/wp-json\/wp\/v2\/media\/2783"}],"wp:attachment":[{"href":"https:\/\/nfc-readers.com\/fr\/wp-json\/wp\/v2\/media?parent=2780"}],"wp:term":[{"taxonomy":"product_brand","embeddable":true,"href":"https:\/\/nfc-readers.com\/fr\/wp-json\/wp\/v2\/product_brand?post=2780"},{"taxonomy":"product_cat","embeddable":true,"href":"https:\/\/nfc-readers.com\/fr\/wp-json\/wp\/v2\/product_cat?post=2780"},{"taxonomy":"product_tag","embeddable":true,"href":"https:\/\/nfc-readers.com\/fr\/wp-json\/wp\/v2\/product_tag?post=2780"}],"curies":[{"name":"wp","href":"https:\/\/api.w.org\/{rel}","templated":true}]}}