{"id":2784,"date":"2024-06-12T02:17:57","date_gmt":"2024-06-12T02:17:57","guid":{"rendered":"https:\/\/nfc-readers.com\/?post_type=product&#038;p=2784"},"modified":"2024-09-23T06:09:10","modified_gmt":"2024-09-23T06:09:10","slug":"acr40t-premium-high-speed-usb-contact-sim-sized-smartcard-reader-writer","status":"publish","type":"product","link":"https:\/\/nfc-readers.com\/fr\/ic-reader\/acr40t-premium-high-speed-usb-contact-sim-sized-smartcard-reader-writer\/","title":{"rendered":"ACR40T Lecteur de carte \u00e0 puce \u00e0 contact USB haut d\u00e9bit haut de gamme de taille SIM"},"content":{"rendered":"<h1>ACR40T Lecteur de carte \u00e0 puce \u00e0 contact USB haut d\u00e9bit haut de gamme de taille SIM<\/h1>\n<div class=\"auto-hide-last-sibling-br paragraph_1252f paragraph-element\">D\u00e9voilement de l&#039;ACR40T, le dernier lecteur de carte \u00e0 puce compact \u00e0 contact USB haut d\u00e9bit de taille SIM. Il prend en charge les mises \u00e0 niveau du micrologiciel et est compatible avec les cartes \u00e0 puce ISO 7816 de classe A, B et C (5 V, 3 V, 1,8 V), les cartes \u00e0 microprocesseur avec les protocoles T=0 et T=1, ainsi qu&#039;une large gamme de cartes m\u00e9moire disponibles. sur le march\u00e9.<\/div>\n<div class=\"auto-hide-last-sibling-br paragraph_1252f paragraph-element\">M\u00e9langeant une technologie avanc\u00e9e et innovante, l&#039;avantage distinctif de l&#039;ACR40T est sa conception compacte et son emplacement d&#039;entr\u00e9e de carte \u00e0 puce coulissant pour une exp\u00e9rience fluide et sans tracas. La conception haut de gamme de l&#039;ACR40T-A6\/A7 comprend un bouton int\u00e9gr\u00e9 pour des applications sp\u00e9cifiques, un fonctionnalit\u00e9 cruciale pour valider la pr\u00e9sence de l&#039;utilisateur, garantissant que l&#039;utilisateur est physiquement l\u00e0 pour interagir avec l&#039;application. Adh\u00e9rant aux normes CCID et PC\/SC ainsi qu&#039;aux normes Microsoft\u00ae WHQL, ACR40T est compatible avec plusieurs syst\u00e8mes d&#039;exploitation tels que Windows\u00ae, Linux\u00ae, macOS, Android\u2122. Il prend en charge les connexions USB Type-A et USB Type-C.<\/div>\n<div>\n<ul>\n<li>\n<h2><strong>Prend en charge diff\u00e9rents types de cartes de contact<\/strong><\/h2>\n<ul>\n<li>\n<h3>ISO 7816 Classes A, B et C (5 V, 3 V et 1,8 V)<\/h3>\n<\/li>\n<li>\n<h3>Carte \u00e0 microprocesseur (T=0, T=1)<\/h3>\n<\/li>\n<li>\n<h3>Carte m\u00e9moire<\/h3>\n<\/li>\n<li>\n<h3>Caract\u00e9ristiques Protection contre les courts-circuits<\/h3>\n<\/li>\n<\/ul>\n<\/li>\n<li>\n<h2><strong>Interface de programmation d&#039;applications:<\/strong><\/h2>\n<ul>\n<li>\n<h3>Prend en charge PC\/SC<\/h3>\n<\/li>\n<\/ul>\n<\/li>\n<li>\n<h2><strong>P\u00e9riph\u00e9riques int\u00e9gr\u00e9s<\/strong><\/h2>\n<ul>\n<li>\n<h3>1 x LED programmable (verte)<\/h3>\n<\/li>\n<li>\n<h3>1 x bouton int\u00e9gr\u00e9<\/h3>\n<\/li>\n<\/ul>\n<\/li>\n<\/ul>\n<table width=\"560\">\n<tbody>\n<tr>\n<td colspan=\"2\" width=\"560\">Caract\u00e9ristiques physiques<\/td>\n<\/tr>\n<tr>\n<td rowspan=\"2\" width=\"197\">Dimensions (mm)<\/td>\n<td width=\"363\">ACR40T-A6\u00a0: 49,5\u00a0mm (L) \u00d7 17,7\u00a0mm (L) \u00d7 8,0\u00a0mm (H)<\/td>\n<\/tr>\n<tr>\n<td width=\"363\">ACR40T-A7\u00a0: 45,9\u00a0mm (L) \u00d7 17,7\u00a0mm (L) \u00d7 8,0\u00a0mm (H)<\/td>\n<\/tr>\n<tr>\n<td rowspan=\"2\" width=\"197\">Poids (g)<\/td>\n<td width=\"363\">ACR40T-A6\u00a0: 8,1 g \u00b1 1,0 g<\/td>\n<\/tr>\n<tr>\n<td width=\"363\">ACR40T-A7\u00a0: 6,2 g \u00b1 1,0 g<\/td>\n<\/tr>\n<tr>\n<td colspan=\"2\" width=\"560\">Interface USB<\/td>\n<\/tr>\n<tr>\n<td width=\"197\">Protocole<\/td>\n<td width=\"363\">CCID USB<\/td>\n<\/tr>\n<tr>\n<td rowspan=\"2\" width=\"197\">Type de connecteur<\/td>\n<td width=\"363\">USB Type-A<\/td>\n<\/tr>\n<tr>\n<td width=\"363\">USB Type-C<\/td>\n<\/tr>\n<tr>\n<td width=\"197\">Source d&#039;\u00e9nergie<\/td>\n<td width=\"363\">Depuis le port USB<\/td>\n<\/tr>\n<tr>\n<td width=\"197\">Vitesse<\/td>\n<td width=\"363\">USB pleine vitesse (12 Mbps)<\/td>\n<\/tr>\n<tr>\n<td colspan=\"2\" width=\"560\">Contacter l&#039;interface de carte \u00e0 puce<\/td>\n<\/tr>\n<tr>\n<td width=\"197\">Nombre d&#039;emplacements<\/td>\n<td width=\"363\">1 emplacement pour carte SIM (2FF)<\/td>\n<\/tr>\n<tr>\n<td width=\"197\">Protocole<\/td>\n<td width=\"363\">T=0\u00a0; T=1<\/td>\n<\/tr>\n<tr>\n<td colspan=\"2\" width=\"560\">P\u00e9riph\u00e9riques int\u00e9gr\u00e9s<\/td>\n<\/tr>\n<tr>\n<td width=\"197\">Boutons<\/td>\n<td width=\"363\">1<\/td>\n<\/tr>\n<tr>\n<td width=\"197\">DIRIG\u00c9<\/td>\n<td width=\"363\">Vert<\/td>\n<\/tr>\n<tr>\n<td colspan=\"2\" width=\"560\">Autres caract\u00e9ristiques<\/td>\n<\/tr>\n<tr>\n<td width=\"197\">Autres caract\u00e9ristiques<\/td>\n<td width=\"363\">Prend en charge la mise \u00e0 niveau du micrologiciel<\/td>\n<\/tr>\n<tr>\n<td colspan=\"2\" width=\"560\">Certifications\/Conformit\u00e9<\/td>\n<\/tr>\n<tr>\n<td rowspan=\"12\" width=\"197\">Certifications\/Conformit\u00e9<\/td>\n<td width=\"363\">Certifications\u00a0:<\/td>\n<\/tr>\n<tr>\n<td width=\"363\">UL62368<\/td>\n<\/tr>\n<tr>\n<td width=\"363\">CE<\/td>\n<\/tr>\n<tr>\n<td width=\"363\">UKCA<\/td>\n<\/tr>\n<tr>\n<td width=\"363\">FCC<\/td>\n<\/tr>\n<tr>\n<td width=\"363\">RoHS<\/td>\n<\/tr>\n<tr>\n<td width=\"363\">ATTEINDRE<\/td>\n<\/tr>\n<tr>\n<td width=\"363\">VCCI<\/td>\n<\/tr>\n<tr>\n<td width=\"363\">Microsoft\u00ae WHQL<\/td>\n<\/tr>\n<tr>\n<td width=\"363\">Conformit\u00e9s\u00a0:<\/td>\n<\/tr>\n<tr>\n<td width=\"363\">CCID USB<\/td>\n<\/tr>\n<tr>\n<td width=\"363\">PC\/SC<\/td>\n<\/tr>\n<tr>\n<td colspan=\"2\" width=\"560\">Prise en charge du syst\u00e8me d&#039;exploitation du pilote de p\u00e9riph\u00e9rique<\/td>\n<\/tr>\n<tr>\n<td rowspan=\"4\" width=\"197\">Prise en charge du syst\u00e8me d&#039;exploitation du pilote de p\u00e9riph\u00e9rique<\/td>\n<td width=\"363\">Windows\u00ae<\/td>\n<\/tr>\n<tr>\n<td width=\"363\">Linux\u00ae<\/td>\n<\/tr>\n<tr>\n<td width=\"363\">macOS<\/td>\n<\/tr>\n<tr>\n<td width=\"363\">Android\u2122<\/td>\n<\/tr>\n<\/tbody>\n<\/table>\n<\/div>","protected":false},"excerpt":{"rendered":"<div class=\"auto-hide-last-sibling-br paragraph_1252f paragraph-element\">L&#039;ACR40T est un lecteur de cartes \u00e0 puce CCID compact qui prend en charge diverses cartes \u00e0 puce et est compatible avec plusieurs syst\u00e8mes d&#039;exploitation.<\/div>","protected":false},"featured_media":2785,"template":"","meta":[],"product_brand":[],"product_cat":[39],"product_tag":[],"class_list":{"0":"post-2784","1":"product","2":"type-product","3":"status-publish","4":"has-post-thumbnail","6":"product_cat-usb-ic-smartcard-reader","8":"first","9":"instock","10":"shipping-taxable","11":"product-type-simple"},"_links":{"self":[{"href":"https:\/\/nfc-readers.com\/fr\/wp-json\/wp\/v2\/product\/2784","targetHints":{"allow":["GET"]}}],"collection":[{"href":"https:\/\/nfc-readers.com\/fr\/wp-json\/wp\/v2\/product"}],"about":[{"href":"https:\/\/nfc-readers.com\/fr\/wp-json\/wp\/v2\/types\/product"}],"wp:featuredmedia":[{"embeddable":true,"href":"https:\/\/nfc-readers.com\/fr\/wp-json\/wp\/v2\/media\/2785"}],"wp:attachment":[{"href":"https:\/\/nfc-readers.com\/fr\/wp-json\/wp\/v2\/media?parent=2784"}],"wp:term":[{"taxonomy":"product_brand","embeddable":true,"href":"https:\/\/nfc-readers.com\/fr\/wp-json\/wp\/v2\/product_brand?post=2784"},{"taxonomy":"product_cat","embeddable":true,"href":"https:\/\/nfc-readers.com\/fr\/wp-json\/wp\/v2\/product_cat?post=2784"},{"taxonomy":"product_tag","embeddable":true,"href":"https:\/\/nfc-readers.com\/fr\/wp-json\/wp\/v2\/product_tag?post=2784"}],"curies":[{"name":"wp","href":"https:\/\/api.w.org\/{rel}","templated":true}]}}