{"id":2815,"date":"2024-06-19T06:35:44","date_gmt":"2024-06-19T06:35:44","guid":{"rendered":"https:\/\/nfc-readers.com\/?post_type=product&#038;p=2815"},"modified":"2024-09-23T05:48:48","modified_gmt":"2024-09-23T05:48:48","slug":"acr39u-h1-high-speed-usb-contact-smartcard-reader-writer","status":"publish","type":"product","link":"https:\/\/nfc-readers.com\/fr\/ic-reader\/acr39u-h1-high-speed-usb-contact-smartcard-reader-writer\/","title":{"rendered":"Lecteur et graveur de cartes \u00e0 puce \u00e0 contact USB haute vitesse ACR39U-H1"},"content":{"rendered":"<h1>Lecteur et graveur de cartes \u00e0 puce \u00e0 contact USB haute vitesse ACR39U-H1<\/h1>\n<p>Le lecteur de cartes \u00e0 puce ACR39U-H1 est polyvalent et prend en charge les cartes \u00e0 puce ISO 7816 Classe A, B et C (5 V, 3 V et 1,8 V), les cartes \u00e0 microprocesseur avec protocole T=0 ou T=1 et les cartes m\u00e9moire. Il est \u00e9galement compatible avec la carte d&#039;identit\u00e9 malaisienne (Mykad). Il est dot\u00e9 d&#039;une interface USB \u00e0 pleine vitesse et offre une vitesse de lecture\/\u00e9criture de carte \u00e0 puce allant jusqu&#039;\u00e0 600 Kbps. Le lecteur ACR39U-H1 est incroyablement durable, avec une dur\u00e9e de vie de 200 000 cycles d&#039;insertion de carte. Il d\u00e9tient diverses certifications, notamment EMV\u2122 Niveau 1 (Contact) et PBOC (People&#039;s Bank of China), ce qui en fait le lecteur de cartes \u00e0 puce id\u00e9al pour vos applications de banque en ligne et de paiement en ligne.<\/p>\n<ul>\n<li>\n<h2>Interface USB pleine vitesse<\/h2>\n<\/li>\n<li>\n<h2>Compatible avec USB 3.0<\/h2>\n<\/li>\n<li>\n<h2>Connecteur USB Type-A<\/h2>\n<\/li>\n<li>\n<h2>Plug and Play \u2013 La prise en charge CCID apporte une mobilit\u00e9 maximale<\/h2>\n<\/li>\n<li>\n<h2>Lecteur de carte \u00e0 puce\u00a0:<\/h2>\n<ul>\n<li>\n<h3>Interface de contact\u00a0:<\/h3>\n<ul>\n<li>Prend en charge les cartes ISO 7816 Classe A, B et C (5 V, 3 V, 1,8 V)<\/li>\n<li>Prend en charge CAC (carte d&#039;acc\u00e8s commune)<\/li>\n<li>Prend en charge la carte SIPRNET<\/li>\n<li>Prend en charge les cartes \u00e0 microprocesseur avec protocole T=0 ou T=1<\/li>\n<li>Prend en charge les cartes m\u00e9moire<\/li>\n<li>Prend en charge la carte Mykad<\/li>\n<li>Prend en charge PPS (s\u00e9lection de protocole et de param\u00e8tres)<\/li>\n<li>Caract\u00e9ristiques Protection contre les courts-circuits<\/li>\n<\/ul>\n<\/li>\n<\/ul>\n<\/li>\n<li>\n<h2>Interface de programmation d&#039;applications:<\/h2>\n<ul>\n<li>\n<h3>Prend en charge PC\/SC<\/h3>\n<\/li>\n<li>\n<h3>Prend en charge CT-API (via le wrapper au-dessus du PC\/SC)<\/h3>\n<\/li>\n<\/ul>\n<\/li>\n<li>\n<h2>Prend en charge Android\u2122 3.1 et versions ult\u00e9rieures<\/h2>\n<\/li>\n<\/ul>\n<table width=\"478\">\n<tbody>\n<tr>\n<td colspan=\"2\" width=\"478\">Caract\u00e9ristiques physiques<\/td>\n<\/tr>\n<tr>\n<td width=\"237\">Dimensions (mm)<\/td>\n<td width=\"241\">71,5 mm (L) x 80,0 mm (l) x 80,0 mm (H)<\/td>\n<\/tr>\n<tr>\n<td width=\"237\">Poids (g)<\/td>\n<td width=\"241\">174 g<\/td>\n<\/tr>\n<tr>\n<td colspan=\"2\" width=\"478\">Mode autonome<\/td>\n<\/tr>\n<tr>\n<td width=\"237\">Syst\u00e8me op\u00e9rateur<\/td>\n<td width=\"241\">1 emplacement pour carte pleine taille<\/td>\n<\/tr>\n<tr>\n<td colspan=\"2\" width=\"478\">Interface USB<\/td>\n<\/tr>\n<tr>\n<td width=\"237\">Protocole<\/td>\n<td width=\"241\">CCID USB<\/td>\n<\/tr>\n<tr>\n<td width=\"237\">Type de connecteur<\/td>\n<td width=\"241\">Norme de type A<\/td>\n<\/tr>\n<tr>\n<td width=\"237\">Source d&#039;\u00e9nergie<\/td>\n<td width=\"241\">Depuis le port USB<\/td>\n<\/tr>\n<tr>\n<td width=\"237\">Vitesse<\/td>\n<td width=\"241\">USB 2.0 pleine vitesse (12 Mbit\/s)<\/td>\n<\/tr>\n<tr>\n<td width=\"237\">Longueur de c\u00e2ble<\/td>\n<td width=\"241\">1,5 m, fixe<\/td>\n<\/tr>\n<tr>\n<td colspan=\"2\" width=\"478\">Contacter l&#039;interface de carte \u00e0 puce<\/td>\n<\/tr>\n<tr>\n<td width=\"237\">Nombre d&#039;emplacements<\/td>\n<td width=\"241\">1 emplacement pour carte pleine taille<\/td>\n<\/tr>\n<tr>\n<td width=\"237\">Standard<\/td>\n<td width=\"241\">ISO 7816 parties 1-4, classes A, B, C (5 V, 3 V, 1,8 V)<\/td>\n<\/tr>\n<tr>\n<td width=\"237\">Protocole<\/td>\n<td width=\"241\">T=0\u00a0; T=1\u00a0; Prise en charge des cartes m\u00e9moire<\/td>\n<\/tr>\n<tr>\n<td width=\"237\">Autres<\/td>\n<td width=\"241\">Carte Mykad, CAC, PIV, cartes \u00e0 puce SIPRNET<\/td>\n<\/tr>\n<tr>\n<td colspan=\"2\" width=\"478\">Certifications\/Conformit\u00e9<\/td>\n<\/tr>\n<tr>\n<td rowspan=\"17\" width=\"237\">Certifications\/Conformit\u00e9<\/td>\n<td width=\"241\">EN62368\/CEI 62368<\/td>\n<\/tr>\n<tr>\n<td width=\"241\">CE<\/td>\n<\/tr>\n<tr>\n<td width=\"241\">FCC<\/td>\n<\/tr>\n<tr>\n<td width=\"241\">RoHS<\/td>\n<\/tr>\n<tr>\n<td width=\"241\">ATTEINDRE<\/td>\n<\/tr>\n<tr>\n<td width=\"241\">EMV\u2122 Niveau 1 (Contact)<\/td>\n<\/tr>\n<tr>\n<td width=\"241\">KCC<\/td>\n<\/tr>\n<tr>\n<td width=\"241\">Banque populaire de Chine<\/td>\n<\/tr>\n<tr>\n<td width=\"241\">TAA (\u00c9tats-Unis)<\/td>\n<\/tr>\n<tr>\n<td width=\"241\">UKCA<\/td>\n<\/tr>\n<tr>\n<td width=\"241\">VCCI<\/td>\n<\/tr>\n<tr>\n<td width=\"241\">DEEE<\/td>\n<\/tr>\n<tr>\n<td width=\"241\">OIN 7816<\/td>\n<\/tr>\n<tr>\n<td width=\"241\">USB 2.0 pleine vitesse<\/td>\n<\/tr>\n<tr>\n<td width=\"241\">PC\/SC<\/td>\n<\/tr>\n<tr>\n<td width=\"241\">CCID<\/td>\n<\/tr>\n<tr>\n<td width=\"241\">Microsoft\u00ae WHQL<\/td>\n<\/tr>\n<tr>\n<td colspan=\"2\" width=\"478\">Prise en charge du syst\u00e8me d&#039;exploitation du pilote de p\u00e9riph\u00e9rique<\/td>\n<\/tr>\n<tr>\n<td rowspan=\"5\" width=\"237\">Prise en charge du syst\u00e8me d&#039;exploitation du pilote de p\u00e9riph\u00e9rique<\/td>\n<td width=\"241\">Windows\u00ae<\/td>\n<\/tr>\n<tr>\n<td width=\"241\">Linux\u00ae<\/td>\n<\/tr>\n<tr>\n<td width=\"241\">macOS\u00ae<\/td>\n<\/tr>\n<tr>\n<td width=\"241\">Solaris\u2122<\/td>\n<\/tr>\n<tr>\n<td width=\"241\">Android\u2122<\/td>\n<\/tr>\n<tr>\n<td><\/td>\n<td><\/td>\n<\/tr>\n<\/tbody>\n<\/table>","protected":false},"excerpt":{"rendered":"<p>L&#039;ACR39U-H1 est un lecteur de carte EMV PBOC convivial con\u00e7u pour diverses applications, notamment l&#039;e-gouvernement et le contr\u00f4le d&#039;acc\u00e8s.<\/p>","protected":false},"featured_media":2816,"template":"","meta":[],"product_brand":[],"product_cat":[39],"product_tag":[],"class_list":{"0":"post-2815","1":"product","2":"type-product","3":"status-publish","4":"has-post-thumbnail","6":"product_cat-usb-ic-smartcard-reader","8":"first","9":"instock","10":"shipping-taxable","11":"product-type-simple"},"_links":{"self":[{"href":"https:\/\/nfc-readers.com\/fr\/wp-json\/wp\/v2\/product\/2815","targetHints":{"allow":["GET"]}}],"collection":[{"href":"https:\/\/nfc-readers.com\/fr\/wp-json\/wp\/v2\/product"}],"about":[{"href":"https:\/\/nfc-readers.com\/fr\/wp-json\/wp\/v2\/types\/product"}],"wp:featuredmedia":[{"embeddable":true,"href":"https:\/\/nfc-readers.com\/fr\/wp-json\/wp\/v2\/media\/2816"}],"wp:attachment":[{"href":"https:\/\/nfc-readers.com\/fr\/wp-json\/wp\/v2\/media?parent=2815"}],"wp:term":[{"taxonomy":"product_brand","embeddable":true,"href":"https:\/\/nfc-readers.com\/fr\/wp-json\/wp\/v2\/product_brand?post=2815"},{"taxonomy":"product_cat","embeddable":true,"href":"https:\/\/nfc-readers.com\/fr\/wp-json\/wp\/v2\/product_cat?post=2815"},{"taxonomy":"product_tag","embeddable":true,"href":"https:\/\/nfc-readers.com\/fr\/wp-json\/wp\/v2\/product_tag?post=2815"}],"curies":[{"name":"wp","href":"https:\/\/api.w.org\/{rel}","templated":true}]}}