{"id":2875,"date":"2024-07-02T01:48:57","date_gmt":"2024-07-02T01:48:57","guid":{"rendered":"https:\/\/nfc-readers.com\/?post_type=product&#038;p=2875"},"modified":"2024-09-23T05:44:47","modified_gmt":"2024-09-23T05:44:47","slug":"acr39t-a5-usb-type-c-contact-sim-sized-smartcard-reader-writer","status":"publish","type":"product","link":"https:\/\/nfc-readers.com\/fr\/ic-reader\/acr39t-a5-usb-type-c-contact-sim-sized-smartcard-reader-writer\/","title":{"rendered":"Lecteur et graveur de cartes \u00e0 puce de taille SIM avec contact USB Type C ACR39T-A5"},"content":{"rendered":"<h1>Lecteur et graveur de cartes \u00e0 puce de taille SIM avec contact USB Type C ACR39T-A5<\/h1>\n<div class=\"auto-hide-last-sibling-br paragraph_9dc5f paragraph-element\">Le lecteur de cartes \u00e0 puce ACR39T-A5 repr\u00e9sente une avanc\u00e9e majeure dans le domaine des lecteurs de cartes \u00e0 puce, alliant technologie de pointe et design contemporain. Ce lecteur de cartes \u00e0 puce de la taille d&#039;une carte SIM est certes compact, mais il regorge de nombreuses fonctionnalit\u00e9s. Combinant une technologie de pointe \u00e0 un design \u00e9l\u00e9gant, le lecteur ACR39T-A5 est con\u00e7u pour r\u00e9pondre aux exigences strictes de diverses applications de cartes \u00e0 puce. Le lecteur ACR39T-A5 est compatible avec les cartes \u00e0 puce ISO 7816 de classe A, B et C (fonctionnant \u00e0 5 V, 3 V et 1,8 V) et g\u00e8re efficacement une large gamme de cartes m\u00e9moire et de cartes \u00e0 microprocesseur qui utilisent les protocoles T=0 et T=1. Dot\u00e9 d&#039;une interface USB Full Speed avec un connecteur USB Type C, l&#039;appareil prend en charge des vitesses de lecture\/\u00e9criture de cartes \u00e0 puce allant jusqu&#039;\u00e0 600 Kbps. Cela en fait un excellent choix pour une vari\u00e9t\u00e9 de solutions, notamment le contr\u00f4le d&#039;acc\u00e8s physique et logique, les signatures num\u00e9riques et les services bancaires en ligne.<\/div>\n<div>\n<ul>\n<li>\n<h2>Interface USB 2.0 pleine vitesse<\/h2>\n<\/li>\n<li>\n<h2>Connecteur USB Type C<\/h2>\n<\/li>\n<li>\n<h2>Plug and Play \u2013 La prise en charge CCID apporte une mobilit\u00e9 maximale<\/h2>\n<\/li>\n<li>\n<h2>Lecteur de carte \u00e0 puce\u00a0:<\/h2>\n<ul>\n<li>\n<h3>Prend en charge les cartes ISO 7816 Classe A, B et C (5 V, 3 V, 1,8 V)<\/h3>\n<\/li>\n<li>\n<h3>Prend en charge les cartes \u00e0 microprocesseur avec protocole T=0 ou T=1<\/h3>\n<\/li>\n<li>\n<h3>Prend en charge les cartes m\u00e9moire<\/h3>\n<\/li>\n<li>\n<h3>Prend en charge PPS (s\u00e9lection de protocole et de param\u00e8tres)<\/h3>\n<\/li>\n<li>\n<h3>Caract\u00e9ristiques Protection contre les courts-circuits<\/h3>\n<\/li>\n<\/ul>\n<\/li>\n<li>\n<h2>Interface de programmation d&#039;applications:<\/h2>\n<ul>\n<li>\n<h3>Prend en charge PC\/SC<\/h3>\n<\/li>\n<li>\n<h3>Prend en charge CT-API (via le wrapper au-dessus du PC\/SC)<\/h3>\n<\/li>\n<\/ul>\n<\/li>\n<li>\n<h2>Prend en charge Android\u2122 3.1 et versions ult\u00e9rieures<\/h2>\n<\/li>\n<\/ul>\n<table width=\"636\">\n<tbody>\n<tr>\n<td colspan=\"2\" width=\"636\">\n<h2>Caract\u00e9ristiques physiques<\/h2>\n<\/td>\n<\/tr>\n<tr>\n<td width=\"223\">Dimensions (mm)<\/td>\n<td width=\"413\">49,5 mm (L) \u00d7 21,5 mm (l) \u00d7 9,0 mm (H)<\/td>\n<\/tr>\n<tr>\n<td width=\"223\">Poids (g)<\/td>\n<td width=\"413\">7 g<\/td>\n<\/tr>\n<tr>\n<td colspan=\"2\" width=\"636\">Interface USB<\/td>\n<\/tr>\n<tr>\n<td width=\"223\">Protocole<\/td>\n<td width=\"413\">CCID USB<\/td>\n<\/tr>\n<tr>\n<td width=\"223\">Type de connecteur<\/td>\n<td width=\"413\">Type standard C<\/td>\n<\/tr>\n<tr>\n<td width=\"223\">Source d&#039;\u00e9nergie<\/td>\n<td width=\"413\">Depuis le port USB<\/td>\n<\/tr>\n<tr>\n<td width=\"223\">Vitesse<\/td>\n<td width=\"413\">USB pleine vitesse (12 Mbit\/s)<\/td>\n<\/tr>\n<tr>\n<td colspan=\"2\" width=\"636\">Contacter l&#039;interface de carte \u00e0 puce<\/td>\n<\/tr>\n<tr>\n<td width=\"223\">Nombre d&#039;emplacements<\/td>\n<td width=\"413\">1 emplacement pour carte SIM<\/td>\n<\/tr>\n<tr>\n<td width=\"223\">Standard<\/td>\n<td width=\"413\">ISO 7816 parties 1-4, classes A, B, C (5 V, 3 V, 1,8 V)<\/td>\n<\/tr>\n<tr>\n<td width=\"223\">Protocole<\/td>\n<td width=\"413\">T=0\u00a0; T=1\u00a0; Prise en charge des cartes m\u00e9moire<\/td>\n<\/tr>\n<tr>\n<td colspan=\"2\" width=\"636\">P\u00e9riph\u00e9riques int\u00e9gr\u00e9s<\/td>\n<\/tr>\n<tr>\n<td width=\"223\">DIRIG\u00c9<\/td>\n<td width=\"413\">1 unicolore : Vert<\/td>\n<\/tr>\n<tr>\n<td colspan=\"2\" width=\"636\">Certifications\/Conformit\u00e9<\/td>\n<\/tr>\n<tr>\n<td rowspan=\"13\" width=\"223\">Certifications\/Conformit\u00e9<\/td>\n<td width=\"413\">EN62368\/CEI 62368<\/td>\n<\/tr>\n<tr>\n<td width=\"413\">CE<\/td>\n<\/tr>\n<tr>\n<td width=\"413\">FCC<\/td>\n<\/tr>\n<tr>\n<td width=\"413\">RoHS<\/td>\n<\/tr>\n<tr>\n<td width=\"413\">ATTEINDRE<\/td>\n<\/tr>\n<tr>\n<td width=\"413\">UKCA<\/td>\n<\/tr>\n<tr>\n<td width=\"413\">VCCI<\/td>\n<\/tr>\n<tr>\n<td width=\"413\">DEEE<\/td>\n<\/tr>\n<tr>\n<td width=\"413\">OIN 7816<\/td>\n<\/tr>\n<tr>\n<td width=\"413\">USB 2.0 pleine vitesse<\/td>\n<\/tr>\n<tr>\n<td width=\"413\">PC\/SC<\/td>\n<\/tr>\n<tr>\n<td width=\"413\">CCID<\/td>\n<\/tr>\n<tr>\n<td width=\"413\">Microsoft\u00ae WHQL<\/td>\n<\/tr>\n<tr>\n<td colspan=\"2\" width=\"636\">Prise en charge du syst\u00e8me d&#039;exploitation du pilote de p\u00e9riph\u00e9rique<\/td>\n<\/tr>\n<tr>\n<td rowspan=\"4\" width=\"223\">Prise en charge du syst\u00e8me d&#039;exploitation du pilote de p\u00e9riph\u00e9rique<\/td>\n<td width=\"413\">Windows\u00ae<\/td>\n<\/tr>\n<tr>\n<td width=\"413\">Linux\u00ae<\/td>\n<\/tr>\n<tr>\n<td width=\"413\">macOS\u00ae 10.7 et versions ult\u00e9rieures<\/td>\n<\/tr>\n<tr>\n<td width=\"413\">Android\u2122 3.1 et versions ult\u00e9rieures Solaris\u2122<\/td>\n<\/tr>\n<\/tbody>\n<\/table>\n<\/div>\n<div><\/div>","protected":false},"excerpt":{"rendered":"<div class=\"auto-hide-last-sibling-br paragraph_9dc5f paragraph-element\">L&#039;ACR39T-A5 est un lecteur de carte SIM compact qui utilise une technologie avanc\u00e9e pour des op\u00e9rations de carte \u00e0 puce efficaces.<\/div>","protected":false},"featured_media":2876,"template":"","meta":[],"product_brand":[],"product_cat":[39],"product_tag":[],"class_list":{"0":"post-2875","1":"product","2":"type-product","3":"status-publish","4":"has-post-thumbnail","6":"product_cat-usb-ic-smartcard-reader","8":"first","9":"instock","10":"shipping-taxable","11":"product-type-simple"},"_links":{"self":[{"href":"https:\/\/nfc-readers.com\/fr\/wp-json\/wp\/v2\/product\/2875","targetHints":{"allow":["GET"]}}],"collection":[{"href":"https:\/\/nfc-readers.com\/fr\/wp-json\/wp\/v2\/product"}],"about":[{"href":"https:\/\/nfc-readers.com\/fr\/wp-json\/wp\/v2\/types\/product"}],"wp:featuredmedia":[{"embeddable":true,"href":"https:\/\/nfc-readers.com\/fr\/wp-json\/wp\/v2\/media\/2876"}],"wp:attachment":[{"href":"https:\/\/nfc-readers.com\/fr\/wp-json\/wp\/v2\/media?parent=2875"}],"wp:term":[{"taxonomy":"product_brand","embeddable":true,"href":"https:\/\/nfc-readers.com\/fr\/wp-json\/wp\/v2\/product_brand?post=2875"},{"taxonomy":"product_cat","embeddable":true,"href":"https:\/\/nfc-readers.com\/fr\/wp-json\/wp\/v2\/product_cat?post=2875"},{"taxonomy":"product_tag","embeddable":true,"href":"https:\/\/nfc-readers.com\/fr\/wp-json\/wp\/v2\/product_tag?post=2875"}],"curies":[{"name":"wp","href":"https:\/\/api.w.org\/{rel}","templated":true}]}}