{"id":2877,"date":"2024-07-02T01:58:12","date_gmt":"2024-07-02T01:58:12","guid":{"rendered":"https:\/\/nfc-readers.com\/?post_type=product&#038;p=2877"},"modified":"2024-09-23T05:42:11","modified_gmt":"2024-09-23T05:42:11","slug":"acr39f-a2-usb-contact-smartcard-reader-writer","status":"publish","type":"product","link":"https:\/\/nfc-readers.com\/fr\/ic-reader\/acr39f-a2-usb-contact-smartcard-reader-writer\/","title":{"rendered":"Lecteur et graveur de cartes \u00e0 puce avec contact USB ACR39F A2"},"content":{"rendered":"<h1>Lecteur et graveur de cartes \u00e0 puce avec contact USB ACR39F A2<\/h1>\n<div class=\"auto-hide-last-sibling-br paragraph_9dc5f paragraph-element\">Le lecteur de disquette intelligent ACR39F offre une solution optimale pour int\u00e9grer sans effort des lecteurs de cartes \u00e0 puce dans des configurations de bureau. Il se connecte via une interface USB et est aliment\u00e9 par l&#039;alimentation interne de l&#039;ordinateur, ce qui permet une personnalisation en fonction des pr\u00e9f\u00e9rences de l&#039;utilisateur. Prenant en charge les cartes \u00e0 puce ISO 7816 Classe A, B et C, le lecteur de disquette intelligent ACR39F est \u00e9galement compatible avec diverses cartes m\u00e9moire et cartes \u00e0 microprocesseur qui utilisent les protocoles T=0 et T=1. Il dispose d&#039;une interface USB Full Speed et offre une vitesse de lecture\/\u00e9criture de 600 Kbps pour les cartes \u00e0 puce. Ce dispositif robuste est con\u00e7u pour supporter au moins 100 000 cycles d&#039;insertion de cartes, garantissant des performances durables.<\/div>\n<div>\n<ul>\n<li>\n<h2>Interface USB 2.0 Full Speed (via un c\u00e2ble d\u00e9tachable)<\/h2>\n<\/li>\n<li>\n<h2>Compatible avec USB 3.0<\/h2>\n<\/li>\n<li>\n<h2>Plug and Play \u2013 La prise en charge CCID apporte une mobilit\u00e9 maximale<\/h2>\n<\/li>\n<li>\n<h2>Lecteur de carte \u00e0 puce\u00a0:<\/h2>\n<ul>\n<li>\n<h3>Prend en charge les cartes ISO 7816 Classe A, B et C (5 V, 3 V, 1,8 V)<\/h3>\n<\/li>\n<li>\n<h3>Prend en charge le CAC<\/h3>\n<\/li>\n<li>\n<h3>Prend en charge la carte SIPRNET<\/h3>\n<\/li>\n<li>\n<h3>Prend en charge la carte J-LIS<\/h3>\n<\/li>\n<li>\n<h3>Prend en charge les cartes \u00e0 microprocesseur avec protocole T=0 ou T=1<\/h3>\n<\/li>\n<li>\n<h3>Prend en charge les cartes m\u00e9moire<\/h3>\n<\/li>\n<li>\n<h3>Prend en charge PPS (s\u00e9lection de protocole et de param\u00e8tres)<\/h3>\n<\/li>\n<li>\n<h3>Caract\u00e9ristiques Protection contre les courts-circuits<\/h3>\n<\/li>\n<\/ul>\n<\/li>\n<li>\n<h2>Interface de programmation d&#039;applications:<\/h2>\n<ul>\n<li>\n<h3>Prend en charge PC\/SC<\/h3>\n<\/li>\n<li>\n<h3>Prend en charge CT-API (via le wrapper au-dessus du PC\/SC)<\/h3>\n<\/li>\n<\/ul>\n<\/li>\n<li>\n<h2>Prend en charge les versions Android\u2122 3.1 et ult\u00e9rieures<\/h2>\n<\/li>\n<\/ul>\n<table style=\"height: 695px;\" width=\"639\">\n<tbody>\n<tr>\n<td colspan=\"2\" width=\"473\">\n<h2>Caract\u00e9ristiques physiques<\/h2>\n<\/td>\n<\/tr>\n<tr>\n<td width=\"179\">Dimensions (mm)<\/td>\n<td width=\"294\">125,0 mm (L) \u00d7 101,0 mm (l) \u00d7 25,5 mm (H)<\/td>\n<\/tr>\n<tr>\n<td width=\"179\">Poids (g)<\/td>\n<td width=\"294\">82,5 g<\/td>\n<\/tr>\n<tr>\n<td colspan=\"2\" width=\"473\">Interface USB<\/td>\n<\/tr>\n<tr>\n<td width=\"179\">Protocole<\/td>\n<td width=\"294\">CCID USB<\/td>\n<\/tr>\n<tr>\n<td width=\"179\">Type de connecteur<\/td>\n<td width=\"294\">1 x connecteur d&#039;en-t\u00eate \u00e0 5 broches<\/td>\n<\/tr>\n<tr>\n<td width=\"179\">Source d&#039;\u00e9nergie<\/td>\n<td width=\"294\">Depuis le port USB<\/td>\n<\/tr>\n<tr>\n<td width=\"179\">Vitesse<\/td>\n<td width=\"294\">USB pleine vitesse (12 Mbit\/s)<\/td>\n<\/tr>\n<tr>\n<td width=\"179\">Longueur de c\u00e2ble<\/td>\n<td width=\"294\">1,0 m, d\u00e9tachable<\/td>\n<\/tr>\n<tr>\n<td colspan=\"2\" width=\"473\">Contacter l&#039;interface de carte \u00e0 puce<\/td>\n<\/tr>\n<tr>\n<td width=\"179\">Nombre d&#039;emplacements<\/td>\n<td width=\"294\">1 emplacement pour carte pleine taille<\/td>\n<\/tr>\n<tr>\n<td width=\"179\">Standard<\/td>\n<td width=\"294\">ISO 7816 parties 1-4, classes A, B, C (5 V, 3 V, 1,8 V)<\/td>\n<\/tr>\n<tr>\n<td width=\"179\">Protocole<\/td>\n<td width=\"294\">T=0\u00a0; T=1\u00a0; Prise en charge des cartes m\u00e9moire<\/td>\n<\/tr>\n<tr>\n<td width=\"179\">Autres<\/td>\n<td width=\"294\">Cartes \u00e0 puce CAC, PIV, SIPRNET, J-LIS<\/td>\n<\/tr>\n<tr>\n<td colspan=\"2\" width=\"473\">Certifications\/Conformit\u00e9<\/td>\n<\/tr>\n<tr>\n<td rowspan=\"9\" width=\"179\">Certifications\/Conformit\u00e9<\/td>\n<td width=\"294\">EN60950\/CEI 60950<\/td>\n<\/tr>\n<tr>\n<td width=\"294\">OIN 7816<\/td>\n<\/tr>\n<tr>\n<td width=\"294\">USB pleine vitesse<\/td>\n<\/tr>\n<tr>\n<td width=\"294\">EMV\u2122 Niveau 1 (Contact)<\/td>\n<\/tr>\n<tr>\n<td width=\"294\">PC\/SC<\/td>\n<\/tr>\n<tr>\n<td width=\"294\">CCID<\/td>\n<\/tr>\n<tr>\n<td width=\"294\">CE<\/td>\n<\/tr>\n<tr>\n<td width=\"294\">FCC<\/td>\n<\/tr>\n<tr>\n<td width=\"294\">DEEE<\/td>\n<\/tr>\n<\/tbody>\n<\/table>\n<\/div>","protected":false},"excerpt":{"rendered":"<div class=\"auto-hide-last-sibling-br paragraph_9dc5f paragraph-element\">Le Smart Floppy ACR39F est un lecteur de carte USB EMV polyvalent qui int\u00e8gre facilement les lecteurs de cartes \u00e0 puce dans les configurations de bureau.<\/div>","protected":false},"featured_media":2881,"template":"","meta":[],"product_brand":[],"product_cat":[39],"product_tag":[],"class_list":{"0":"post-2877","1":"product","2":"type-product","3":"status-publish","4":"has-post-thumbnail","6":"product_cat-usb-ic-smartcard-reader","8":"first","9":"instock","10":"shipping-taxable","11":"product-type-simple"},"_links":{"self":[{"href":"https:\/\/nfc-readers.com\/fr\/wp-json\/wp\/v2\/product\/2877","targetHints":{"allow":["GET"]}}],"collection":[{"href":"https:\/\/nfc-readers.com\/fr\/wp-json\/wp\/v2\/product"}],"about":[{"href":"https:\/\/nfc-readers.com\/fr\/wp-json\/wp\/v2\/types\/product"}],"wp:featuredmedia":[{"embeddable":true,"href":"https:\/\/nfc-readers.com\/fr\/wp-json\/wp\/v2\/media\/2881"}],"wp:attachment":[{"href":"https:\/\/nfc-readers.com\/fr\/wp-json\/wp\/v2\/media?parent=2877"}],"wp:term":[{"taxonomy":"product_brand","embeddable":true,"href":"https:\/\/nfc-readers.com\/fr\/wp-json\/wp\/v2\/product_brand?post=2877"},{"taxonomy":"product_cat","embeddable":true,"href":"https:\/\/nfc-readers.com\/fr\/wp-json\/wp\/v2\/product_cat?post=2877"},{"taxonomy":"product_tag","embeddable":true,"href":"https:\/\/nfc-readers.com\/fr\/wp-json\/wp\/v2\/product_tag?post=2877"}],"curies":[{"name":"wp","href":"https:\/\/api.w.org\/{rel}","templated":true}]}}