{"id":3178,"date":"2024-10-29T13:08:37","date_gmt":"2024-10-29T13:08:37","guid":{"rendered":"https:\/\/nfc-readers.com\/?post_type=product&#038;p=3178"},"modified":"2024-10-29T14:04:44","modified_gmt":"2024-10-29T14:04:44","slug":"optional-random-id-mifare-ultralight-aes-sticker-iso1443a","status":"publish","type":"product","link":"https:\/\/nfc-readers.com\/fr\/ic-reader\/optional-random-id-mifare-ultralight-aes-sticker-iso1443a\/","title":{"rendered":"ID al\u00e9atoire en option autocollant Mifare Ultralight AES ISO1443A"},"content":{"rendered":"<h1><strong>ID al\u00e9atoire en option autocollant Mifare Ultralight AES ISO1443A<\/strong><\/h1>\n<p>Le\u00a0<strong>Autocollant Mifare Ultralight AES ISO14443A avec identification al\u00e9atoire en option<\/strong>\u00a0repr\u00e9sente la pointe de la technologie moderne de billetterie et de contr\u00f4le d&#039;acc\u00e8s. Combinant les avantages de la communication RFID et NFC, cette carte \u00e0 puce polyvalente garantit une s\u00e9curit\u00e9 et une commodit\u00e9 \u00e9lev\u00e9es, ce qui la rend id\u00e9ale pour diverses applications telles que la billetterie d&#039;\u00e9v\u00e9nements et les cartes de fid\u00e9lit\u00e9. Si vous recherchez une solution fiable qui excelle en termes de performances tout en offrant une exp\u00e9rience utilisateur fluide, ne cherchez pas plus loin que ce produit innovant.<\/p>\n<h2>Pourquoi choisir l&#039;autocollant Mifare Ultralight AES ?<\/h2>\n<p>L&#039;autocollant Mifare Ultralight AES est con\u00e7u pour am\u00e9liorer la s\u00e9curit\u00e9 et la facilit\u00e9 d&#039;utilisation dans de nombreux cas d&#039;utilisation. Gr\u00e2ce \u00e0 son cryptage AES, vos donn\u00e9es sont prot\u00e9g\u00e9es contre tout acc\u00e8s non autoris\u00e9, ce qui garantit votre tranquillit\u00e9 d&#039;esprit. La conception compacte permet une int\u00e9gration facile dans les syst\u00e8mes existants, tandis que la port\u00e9e de lecture \u00e9tendue (jusqu&#039;\u00e0 100 cm) offre une commodit\u00e9 in\u00e9gal\u00e9e. Investir dans ce produit, c&#039;est investir dans une technologie de pointe qui r\u00e9pond \u00e0 une vari\u00e9t\u00e9 de besoins.<\/p>\n<h3><strong>Haute s\u00e9curit\u00e9 avec cryptage AES<\/strong><\/h3>\n<p>Au c\u0153ur de l&#039;autocollant Mifare Ultralight AES se trouve la s\u00e9curit\u00e9 de haut niveau qu&#039;il offre gr\u00e2ce \u00e0\u00a0<strong>AES (norme de chiffrement avanc\u00e9e)<\/strong>. Cette technologie de cryptage de pointe prot\u00e8ge les donn\u00e9es des utilisateurs et garantit une communication s\u00e9curis\u00e9e entre l&#039;autocollant et les lecteurs de cartes. Alors que les probl\u00e8mes de s\u00e9curit\u00e9 continuent de cro\u00eetre dans le paysage num\u00e9rique actuel, disposer d&#039;une solution de carte \u00e0 puce fiable est essentiel pour les entreprises qui souhaitent prot\u00e9ger les informations sensibles.<\/p>\n<h3><strong>Domaines d&#039;application polyvalents<\/strong><\/h3>\n<p>L&#039;autocollant Mifare Ultralight AES n&#039;est pas seulement une carte \u00e0 puce ; c&#039;est une solution polyvalente qui peut \u00eatre utilis\u00e9e dans diverses applications. Celles-ci incluent la billetterie d&#039;\u00e9v\u00e9nements, les programmes de fid\u00e9lit\u00e9, les cartes de transport et les syst\u00e8mes de contr\u00f4le d&#039;acc\u00e8s.\u00a0<strong>OIN 14443A<\/strong>\u00a0la conformit\u00e9 garantit une compatibilit\u00e9 mondiale, ce qui la rend hautement adaptable pour les entreprises cherchant \u00e0 rationaliser leurs op\u00e9rations et \u00e0 am\u00e9liorer l&#039;exp\u00e9rience utilisateur.<\/p>\n<h3><strong>Conception compacte et personnalisable<\/strong><\/h3>\n<p>Le\u00a0<strong>Taille 30 mm<\/strong>\u00a0L&#039;autocollant Mifare Ultralight AES se pr\u00eate facilement \u00e0 une fixation sur divers objets, des badges aux porte-cl\u00e9s. Ses options personnalisables offrent aux entreprises la possibilit\u00e9 d&#039;int\u00e9grer la marque de mani\u00e8re transparente, garantissant que chaque autocollant fonctionne non seulement efficacement, mais repr\u00e9sente \u00e9galement votre marque de mani\u00e8re efficace.<\/p>\n<table class=\"preview\" style=\"height: 270px;\" width=\"553\">\n<thead>\n<tr>\n<th>Fonctionnalit\u00e9<\/th>\n<th>Sp\u00e9cification<\/th>\n<\/tr>\n<\/thead>\n<tbody>\n<tr>\n<td>Mat\u00e9riel<\/td>\n<td>PET\/Papier couch\u00e9<\/td>\n<\/tr>\n<tr>\n<td>\u00c9br\u00e9cher<\/td>\n<td>AES ultral\u00e9ger<\/td>\n<\/tr>\n<tr>\n<td>Fr\u00e9quence<\/td>\n<td>13,56 MHz<\/td>\n<\/tr>\n<tr>\n<td>Plage de lecture<\/td>\n<td>0-100 cm<\/td>\n<\/tr>\n<tr>\n<td>M\u00e9moire<\/td>\n<td>144 octets<\/td>\n<\/tr>\n<tr>\n<td>Protocole<\/td>\n<td>OIN 14443A<\/td>\n<\/tr>\n<tr>\n<td>Unit\u00e9s de vente<\/td>\n<td>Article unique<\/td>\n<\/tr>\n<tr>\n<td>Taille de l&#039;emballage<\/td>\n<td>0,1 x 0,1 x 0,02 cm<\/td>\n<\/tr>\n<tr>\n<td>Poids brut<\/td>\n<td>0,010 kg<\/td>\n<\/tr>\n<\/tbody>\n<\/table>\n<p>&nbsp;<\/p>","protected":false},"excerpt":{"rendered":"<p>L&#039;autocollant MIFARE Ultralight AES Random ID en option, conforme \u00e0 la norme ISO 14443A, offre des fonctionnalit\u00e9s de s\u00e9curit\u00e9 am\u00e9lior\u00e9es et une gestion flexible des donn\u00e9es pour des solutions efficaces de contr\u00f4le d&#039;acc\u00e8s et d&#039;identification. Sa conception compacte permet une int\u00e9gration facile dans diverses applications tout en garantissant des performances fiables.<\/p>","protected":false},"featured_media":3179,"template":"","meta":[],"product_brand":[],"product_cat":[48],"product_tag":[],"class_list":{"0":"post-3178","1":"product","2":"type-product","3":"status-publish","4":"has-post-thumbnail","6":"product_cat-nfc-stickers","8":"first","9":"instock","10":"shipping-taxable","11":"product-type-simple"},"_links":{"self":[{"href":"https:\/\/nfc-readers.com\/fr\/wp-json\/wp\/v2\/product\/3178","targetHints":{"allow":["GET"]}}],"collection":[{"href":"https:\/\/nfc-readers.com\/fr\/wp-json\/wp\/v2\/product"}],"about":[{"href":"https:\/\/nfc-readers.com\/fr\/wp-json\/wp\/v2\/types\/product"}],"wp:featuredmedia":[{"embeddable":true,"href":"https:\/\/nfc-readers.com\/fr\/wp-json\/wp\/v2\/media\/3179"}],"wp:attachment":[{"href":"https:\/\/nfc-readers.com\/fr\/wp-json\/wp\/v2\/media?parent=3178"}],"wp:term":[{"taxonomy":"product_brand","embeddable":true,"href":"https:\/\/nfc-readers.com\/fr\/wp-json\/wp\/v2\/product_brand?post=3178"},{"taxonomy":"product_cat","embeddable":true,"href":"https:\/\/nfc-readers.com\/fr\/wp-json\/wp\/v2\/product_cat?post=3178"},{"taxonomy":"product_tag","embeddable":true,"href":"https:\/\/nfc-readers.com\/fr\/wp-json\/wp\/v2\/product_tag?post=3178"}],"curies":[{"name":"wp","href":"https:\/\/api.w.org\/{rel}","templated":true}]}}