{"id":3186,"date":"2024-10-29T13:27:39","date_gmt":"2024-10-29T13:27:39","guid":{"rendered":"https:\/\/nfc-readers.com\/?post_type=product&#038;p=3186"},"modified":"2024-10-29T13:59:52","modified_gmt":"2024-10-29T13:59:52","slug":"dia-30mm-ntag-424-dna-nfc-sticker-tamper-proof-high-security","status":"publish","type":"product","link":"https:\/\/nfc-readers.com\/fr\/ic-reader\/dia-30mm-ntag-424-dna-nfc-sticker-tamper-proof-high-security\/","title":{"rendered":"Autocollant NFC ADN NTAG 424 de diam\u00e8tre 30 mm, inviolable, haute s\u00e9curit\u00e9"},"content":{"rendered":"<h2><strong>Autocollant NFC ADN NTAG 424 de diam\u00e8tre 30 mm, inviolable, haute s\u00e9curit\u00e9<\/strong><\/h2>\n<p>D\u00e9couvrez le prochain niveau de communication s\u00e9curis\u00e9e avec le <strong>Autocollant NFC NTAG 424 ADN diam\u00e8tre 30 mm<\/strong>Con\u00e7u pour les entreprises cherchant \u00e0 am\u00e9liorer leurs mesures de s\u00e9curit\u00e9, ce\u00a0<strong>Carte NFC<\/strong>\u00a0utilise une technologie de pointe qui non seulement emp\u00eache toute falsification, mais garantit \u00e9galement une tra\u00e7abilit\u00e9 transparente. Que vous travailliez dans l&#039;industrie du vin mettant l&#039;accent sur les mesures anti-contrefa\u00e7on ou dans tout autre secteur n\u00e9cessitant une protection avanc\u00e9e, cet autocollant NFC polyvalent est un atout inestimable.<\/p>\n<p>&nbsp;<\/p>\n<h2><strong>Principaux avantages de l&#039;autocollant NFC DNA NTAG 424 de 30 mm de diam\u00e8tre<\/strong><\/h2>\n<p>Le\u00a0<strong>Autocollant NFC ADN NTAG 424<\/strong>\u00a0int\u00e8gre des fonctionnalit\u00e9s exceptionnelles pour offrir une s\u00e9curit\u00e9 et une commodit\u00e9 de premier ordre. Sa flexibilit\u00e9 et sa facilit\u00e9 d&#039;utilisation en font une solution exceptionnelle pour les entreprises qui s&#039;efforcent d&#039;am\u00e9liorer la communication et la tra\u00e7abilit\u00e9. Avec la capacit\u00e9 de transporter des informations vitales en toute s\u00e9curit\u00e9, ces\u00a0<strong>Produits NFC<\/strong>\u00a0Les cartes-cadeaux sont \u00e9quip\u00e9es d&#039;une s\u00e9curit\u00e9 AES 128 bits, ce qui les rend r\u00e9sistantes \u00e0 la contrefa\u00e7on. En investissant dans ce produit innovant, vous pr\u00e9servez non seulement l&#039;int\u00e9grit\u00e9 de votre marque, mais vous am\u00e9liorez \u00e9galement la confiance des clients.<\/p>\n<p>&nbsp;<\/p>\n<h3><strong>Solution innovante de carte de visite NFC<\/strong><\/h3>\n<p>Le\u00a0<strong>Autocollant NFC NTAG 424 ADN diam\u00e8tre 30 mm<\/strong>\u00a0red\u00e9finit la fa\u00e7on dont nous percevons les cartes de visite traditionnelles.\u00a0<strong>carte de visite num\u00e9rique<\/strong>, il permet aux utilisateurs de \u00ab toucher \u00bb leurs smartphones pour recueillir des informations de contact sans effort. Oubliez les tracas li\u00e9s au transport de plusieurs cartes papier\u00a0; d&#039;un simple toucher, les clients peuvent acc\u00e9der \u00e0 vos profils de r\u00e9seaux sociaux et \u00e0 vos coordonn\u00e9es en un instant.\u00a0<strong>Carte de visite NFC<\/strong>\u00a0non seulement am\u00e9liore l\u2019image professionnelle de votre marque, mais montre \u00e9galement votre engagement \u00e0 adopter la technologie moderne.<\/p>\n<p>De plus, ces\u00a0<strong>Cartes NFC<\/strong>\u00a0sont parfaits pour les \u00e9v\u00e9nements de r\u00e9seautage o\u00f9 la premi\u00e8re impression compte. Ils vous permettent de vous d\u00e9marquer dans un environnement comp\u00e9titif en rendant le partage d&#039;informations interactif et m\u00e9morable.<\/p>\n<p>&nbsp;<\/p>\n<h3><strong>Questions fr\u00e9quemment pos\u00e9es (FAQ)<\/strong><\/h3>\n<p><strong>Q\u00a0: Comment utiliser l\u2019autocollant NFC\u00a0?<\/strong><br \/>\nR : Appuyez simplement votre smartphone contre l\u2019autocollant et les informations int\u00e9gr\u00e9es appara\u00eetront sur l\u2019\u00e9cran.<\/p>\n<p><strong>Q : Les autocollants NFC sont-ils personnalisables ?<\/strong><br \/>\nR : Oui, nous proposons des conceptions personnalisables, y compris des logos et des options de texte, vous permettant de cr\u00e9er une exp\u00e9rience NFC unique.<\/p>\n<p><strong>Q\u00a0: Quelle est la dur\u00e9e de vie de l&#039;autocollant NFC NTAG 424 DNA de 30\u00a0mm de diam\u00e8tre\u00a0?<\/strong><br \/>\nR : Avec une endurance d&#039;\u00e9criture de 200 000 cycles, ces autocollants sont con\u00e7us pour une utilisation \u00e0 long terme et une fiabilit\u00e9.<\/p>\n<p><strong>Q\u00a0:\u00a0Puis-je utiliser ces autocollants pour des promotions\u00a0?<\/strong><br \/>\nR : Absolument ! Ils sont parfaits pour les campagnes promotionnelles interactives et peuvent \u00eatre utilis\u00e9s pour partager des offres, des remises ou des informations sur les produits.<\/p>\n<p>&nbsp;<\/p>\n<p>&nbsp;<\/p>\n<h3><strong>Sp\u00e9cifications techniques de la carte NFC<\/strong><\/h3>\n<table class=\"preview\" style=\"height: 299px;\" width=\"532\">\n<thead>\n<tr>\n<th><strong>Fonctionnalit\u00e9<\/strong><\/th>\n<th><strong>D\u00e9tails<\/strong><\/th>\n<\/tr>\n<\/thead>\n<tbody>\n<tr>\n<td><strong>Type de puce<\/strong><\/td>\n<td>ADN NTAG424<\/td>\n<\/tr>\n<tr>\n<td><strong>M\u00e9moire<\/strong><\/td>\n<td>416 octets<\/td>\n<\/tr>\n<tr>\n<td><strong>S\u00e9curit\u00e9<\/strong><\/td>\n<td>AES 128 bits, LRP<\/td>\n<\/tr>\n<tr>\n<td><strong>Touches d&#039;acc\u00e8s<\/strong><\/td>\n<td>5 x 128 bits<\/td>\n<\/tr>\n<tr>\n<td><strong>\u00c9crire Endurance<\/strong><\/td>\n<td>200 000 cycles<\/td>\n<\/tr>\n<tr>\n<td><strong>Interface de Communication<\/strong><\/td>\n<td>Forum NFC Type 4<\/td>\n<\/tr>\n<tr>\n<td><strong>Mat\u00e9riel<\/strong><\/td>\n<td>ANIMAL DE COMPAGNIE<\/td>\n<\/tr>\n<tr>\n<td><strong>Taille de l&#039;antenne<\/strong><\/td>\n<td>Diam\u00e8tre 30 mm<\/td>\n<\/tr>\n<tr>\n<td><strong>Conditionnement<\/strong><\/td>\n<td>1000-5000 PCS\/Rouleau<\/td>\n<\/tr>\n<tr>\n<td><strong>Attestation<\/strong><\/td>\n<td>ISO14443A, ISO15693<\/td>\n<\/tr>\n<\/tbody>\n<\/table>\n<p>&nbsp;<\/p>","protected":false},"excerpt":{"rendered":"<p>L&#039;autocollant NFC NTAG 424 DNA de 30 mm de diam\u00e8tre offre une s\u00e9curit\u00e9 \u00e9lev\u00e9e avec une technologie inviolable, garantissant une protection fiable des donn\u00e9es et une exp\u00e9rience utilisateur transparente. Parfait pour les entreprises ayant besoin de solutions s\u00e9curis\u00e9es !<\/p>","protected":false},"featured_media":3188,"template":"","meta":[],"product_brand":[],"product_cat":[48],"product_tag":[],"class_list":{"0":"post-3186","1":"product","2":"type-product","3":"status-publish","4":"has-post-thumbnail","6":"product_cat-nfc-stickers","8":"first","9":"instock","10":"shipping-taxable","11":"product-type-simple"},"_links":{"self":[{"href":"https:\/\/nfc-readers.com\/fr\/wp-json\/wp\/v2\/product\/3186","targetHints":{"allow":["GET"]}}],"collection":[{"href":"https:\/\/nfc-readers.com\/fr\/wp-json\/wp\/v2\/product"}],"about":[{"href":"https:\/\/nfc-readers.com\/fr\/wp-json\/wp\/v2\/types\/product"}],"wp:featuredmedia":[{"embeddable":true,"href":"https:\/\/nfc-readers.com\/fr\/wp-json\/wp\/v2\/media\/3188"}],"wp:attachment":[{"href":"https:\/\/nfc-readers.com\/fr\/wp-json\/wp\/v2\/media?parent=3186"}],"wp:term":[{"taxonomy":"product_brand","embeddable":true,"href":"https:\/\/nfc-readers.com\/fr\/wp-json\/wp\/v2\/product_brand?post=3186"},{"taxonomy":"product_cat","embeddable":true,"href":"https:\/\/nfc-readers.com\/fr\/wp-json\/wp\/v2\/product_cat?post=3186"},{"taxonomy":"product_tag","embeddable":true,"href":"https:\/\/nfc-readers.com\/fr\/wp-json\/wp\/v2\/product_tag?post=3186"}],"curies":[{"name":"wp","href":"https:\/\/api.w.org\/{rel}","templated":true}]}}