{"id":3195,"date":"2024-10-29T13:40:47","date_gmt":"2024-10-29T13:40:47","guid":{"rendered":"https:\/\/nfc-readers.com\/?post_type=product&#038;p=3195"},"modified":"2024-10-29T14:03:42","modified_gmt":"2024-10-29T14:03:42","slug":"iso14443a-pet-wet-inlay-nfc-sticker-dia30mm-for-smart-phone","status":"publish","type":"product","link":"https:\/\/nfc-readers.com\/fr\/ic-reader\/iso14443a-pet-wet-inlay-nfc-sticker-dia30mm-for-smart-phone\/","title":{"rendered":"Autocollant NFC en PET ISO14443A avec incrustation humide de 30 mm de diam\u00e8tre pour smartphone"},"content":{"rendered":"<h2 style=\"text-align: center;\"><strong>Autocollant NFC en PET ISO14443A avec incrustation humide de 30 mm de diam\u00e8tre pour smartphone<\/strong><\/h2>\n<p>&nbsp;<\/p>\n<p>Dans le monde num\u00e9rique d&#039;aujourd&#039;hui, qui \u00e9volue \u00e0 un rythme effr\u00e9n\u00e9, la communication doit \u00eatre fluide et efficace.\u00a0<strong>Autocollant NFC en PET ISO14443A avec incrustation humide de 30 mm de diam\u00e8tre pour smartphone<\/strong>\u00a0est con\u00e7ue pour r\u00e9volutionner la fa\u00e7on dont vous partagez vos informations. Que vous soyez propri\u00e9taire d&#039;entreprise, professionnel de la cr\u00e9ation ou quelqu&#039;un cherchant \u00e0 simplifier le partage de contacts, cette carte NFC offre une myriade d&#039;avantages qui en font un outil indispensable. Avec sa construction \u00e9tanche, ses fonctionnalit\u00e9s personnalisables et sa compatibilit\u00e9 avec tous les smartphones, elle constitue non seulement une solution pratique, mais \u00e9galement un ajout \u00e9l\u00e9gant \u00e0 votre bo\u00eete \u00e0 outils r\u00e9seau.<\/p>\n<p>Imaginez partager vos coordonn\u00e9es, vos profils sur les r\u00e9seaux sociaux ou vos liens personnalis\u00e9s simplement en pla\u00e7ant votre smartphone contre cet autocollant NFC ! Examinons de plus pr\u00e8s ce qui distingue ce produit NFC et pourquoi vous devriez envisager de l&#039;int\u00e9grer \u00e0 votre arsenal num\u00e9rique.<\/p>\n<p>&nbsp;<\/p>\n<h3><strong>Principales caract\u00e9ristiques de la carte de visite NFC<\/strong><\/h3>\n<p>Le\u00a0<strong>Carte de visite NFC<\/strong>\u00a0transcende les cartes traditionnelles gr\u00e2ce \u00e0 ses fonctionnalit\u00e9s impressionnantes qui ajoutent de la valeur \u00e0 vos interactions professionnelles. Equip\u00e9 de\u00a0<strong>Puces NTAG<\/strong>\u00a0(213, 215, 216), ce produit NFC permet un transfert de donn\u00e9es fluide, vous permettant de partager des informations essentielles sans les tracas des cartes papier. Sa durabilit\u00e9 lui permet \u00e9galement de r\u00e9sister \u00e0 diverses conditions environnementales, ce qui le rend fiable pour une utilisation en ext\u00e9rieur.<\/p>\n<p>&nbsp;<\/p>\n<h3><strong>Sp\u00e9cifications techniques des autocollants NFC<\/strong><\/h3>\n<table class=\"preview\" style=\"height: 234px;\" width=\"525\">\n<thead>\n<tr>\n<th>Sp\u00e9cification<\/th>\n<th>D\u00e9tail<\/th>\n<\/tr>\n<\/thead>\n<tbody>\n<tr>\n<td><strong>Protocole<\/strong><\/td>\n<td>ISO14443A<\/td>\n<\/tr>\n<tr>\n<td><strong>Mat\u00e9riel<\/strong><\/td>\n<td>Le PET r\u00e9siste \u00e0 l&#039;humidit\u00e9<\/td>\n<\/tr>\n<tr>\n<td><strong>Options de puces<\/strong><\/td>\n<td>NTAG 213, NTAG 215, NTAG 216<\/td>\n<\/tr>\n<tr>\n<td><strong>Taille<\/strong><\/td>\n<td>Diam\u00e8tre 30 mm\/personnalis\u00e9<\/td>\n<\/tr>\n<tr>\n<td><strong>Capacit\u00e9 de m\u00e9moire<\/strong><\/td>\n<td>144 \/ 504 \/ 888 octets<\/td>\n<\/tr>\n<tr>\n<td><strong>Appareils compatibles<\/strong><\/td>\n<td>T\u00e9l\u00e9phones avec technologie NFC<\/td>\n<\/tr>\n<tr>\n<td><strong>D\u00e9tails de l&#039;emballage<\/strong><\/td>\n<td>100 pi\u00e8ces\/sac, 5000 pi\u00e8ces\/bo\u00eete<\/td>\n<\/tr>\n<tr>\n<td><strong>Port<\/strong><\/td>\n<td>Shenzhen<\/td>\n<\/tr>\n<\/tbody>\n<\/table>\n<p>&nbsp;<\/p>\n<h3><strong>Questions fr\u00e9quemment pos\u00e9es sur les cartes NFC<\/strong><\/h3>\n<p>&nbsp;<\/p>\n<h3>Qu&#039;est-ce qu&#039;un\u00a0<strong>Carte NFC<\/strong>?<\/h3>\n<p>Une carte NFC est une carte \u00e0 puce sans contact qui utilise la technologie de communication en champ proche pour faciliter le transfert de donn\u00e9es en la touchant simplement contre un appareil compatible NFC.<\/p>\n<h3>Comment programmer mon\u00a0<strong>Puce NFC<\/strong>?<\/h3>\n<p>Vous pouvez utiliser diff\u00e9rentes applications NFC disponibles sur les smartphones pour programmer vos stickers NFC. Ces applications vous permettent de saisir les donn\u00e9es que vous souhaitez partager, telles que des coordonn\u00e9es ou des liens sp\u00e9cifiques.<\/p>\n<h3>Sont\u00a0<strong>Cartes de visite num\u00e9riques NFC<\/strong>\u00a0compatible avec tous les appareils ?<\/h3>\n<p>Oui, nos autocollants NFC sont compatibles avec tous les smartphones \u00e9quip\u00e9s de fonctionnalit\u00e9s NFC. Cela garantit une large port\u00e9e et une grande accessibilit\u00e9, vous permettant de vous connecter avec plus de personnes.<\/p>\n<h3>Existe-t-il un moyen de suivre les interactions avec mes produits NFC ?<\/h3>\n<p>Bien que les autocollants NFC autonomes ne disposent pas de fonctionnalit\u00e9s de suivi, lorsqu&#039;ils sont li\u00e9s \u00e0 des URL sp\u00e9cifiques, vous pouvez utiliser des outils d&#039;analyse pour surveiller les clics et les interactions.<\/p>\n<h3>Puis-je b\u00e9n\u00e9ficier de la livraison gratuite sur ma commande ?<\/h3>\n<p>Oui ! Nous offrons souvent la livraison gratuite, notamment pour les commandes en gros. Consultez nos derni\u00e8res promotions pour plus de d\u00e9tails.<\/p>\n<p>&nbsp;<\/p>\n<p>&nbsp;<\/p>","protected":false},"excerpt":{"rendered":"<p>Le\u00a0<strong>Autocollant NFC en PET avec incrustation humide ISO14443A de diam\u00e8tre 30 mm<\/strong>\u00a0est une solution NFC polyvalente et \u00e9tanche con\u00e7ue pour un partage de donn\u00e9es fluide avec les smartphones. Cet autocollant compact permet un acc\u00e8s rapide \u00e0 vos coordonn\u00e9es et \u00e0 vos profils num\u00e9riques d&#039;un simple toucher, r\u00e9volutionnant ainsi la mise en r\u00e9seau et la communication.<\/p>","protected":false},"featured_media":3196,"template":"","meta":[],"product_brand":[],"product_cat":[48],"product_tag":[],"class_list":{"0":"post-3195","1":"product","2":"type-product","3":"status-publish","4":"has-post-thumbnail","6":"product_cat-nfc-stickers","8":"first","9":"instock","10":"shipping-taxable","11":"product-type-simple"},"_links":{"self":[{"href":"https:\/\/nfc-readers.com\/fr\/wp-json\/wp\/v2\/product\/3195","targetHints":{"allow":["GET"]}}],"collection":[{"href":"https:\/\/nfc-readers.com\/fr\/wp-json\/wp\/v2\/product"}],"about":[{"href":"https:\/\/nfc-readers.com\/fr\/wp-json\/wp\/v2\/types\/product"}],"wp:featuredmedia":[{"embeddable":true,"href":"https:\/\/nfc-readers.com\/fr\/wp-json\/wp\/v2\/media\/3196"}],"wp:attachment":[{"href":"https:\/\/nfc-readers.com\/fr\/wp-json\/wp\/v2\/media?parent=3195"}],"wp:term":[{"taxonomy":"product_brand","embeddable":true,"href":"https:\/\/nfc-readers.com\/fr\/wp-json\/wp\/v2\/product_brand?post=3195"},{"taxonomy":"product_cat","embeddable":true,"href":"https:\/\/nfc-readers.com\/fr\/wp-json\/wp\/v2\/product_cat?post=3195"},{"taxonomy":"product_tag","embeddable":true,"href":"https:\/\/nfc-readers.com\/fr\/wp-json\/wp\/v2\/product_tag?post=3195"}],"curies":[{"name":"wp","href":"https:\/\/api.w.org\/{rel}","templated":true}]}}