{"id":3204,"date":"2024-10-30T02:21:36","date_gmt":"2024-10-30T02:21:36","guid":{"rendered":"https:\/\/nfc-readers.com\/?post_type=product&#038;p=3204"},"modified":"2024-10-30T02:21:37","modified_gmt":"2024-10-30T02:21:37","slug":"acr122u-nfc-smart-card-skimmer","status":"publish","type":"product","link":"https:\/\/nfc-readers.com\/fr\/ic-reader\/acr122u-nfc-smart-card-skimmer\/","title":{"rendered":"\u00c9cr\u00e9meur de cartes \u00e0 puce NFC ACR122U"},"content":{"rendered":"<h1 class=\"AnswerParser_AnswerParserH1__6UNv6\">Am\u00e9liorez votre activit\u00e9 avec le lecteur NFC ACR122U<\/h1>\n<p><span class=\"AnswerParser_TextContainer__z_Iiv\" data-testid=\"youchat-text\">Dans le monde de la technologie en \u00e9volution rapide,\u00a0<strong>NFC (communication en champ proche)<\/strong>\u00a0est devenu un \u00e9l\u00e9ment d\u00e9terminant dans la fa\u00e7on dont nous interagissons avec les appareils et effectuons des transactions.\u00a0<strong>Lecteur NFC ACR122U<\/strong>\u00a0est un outil puissant con\u00e7u pour faciliter une communication transparente avec divers\u00a0<strong>Balises NFC<\/strong>\u00a0et\u00a0<strong>cartes \u00e0 puce<\/strong>. Ce\u00a0<strong>Lecteur NFC<\/strong>\u00a0Non seulement il am\u00e9liore la s\u00e9curit\u00e9 et l&#039;efficacit\u00e9, mais il ouvre \u00e9galement de nouvelles possibilit\u00e9s pour les entreprises et les particuliers. Avec ses fonctionnalit\u00e9s avanc\u00e9es et sa conception conviviale, l&#039;ACR122U est un ajout essentiel \u00e0 tout environnement technophile.<\/span><\/p>\n<h2 class=\"AnswerParser_AnswerParserH2__SIHnF\">Pourquoi choisir le lecteur NFC ACR122U ?<\/h2>\n<p><span class=\"AnswerParser_TextContainer__z_Iiv\" data-testid=\"youchat-text\">Le lecteur NFC ACR122U se distingue sur le march\u00e9 gr\u00e2ce \u00e0 ses sp\u00e9cifications impressionnantes et \u00e0 sa polyvalence. Avec un\u00a0<strong>Interface USB 2.0 pleine vitesse<\/strong>\u00a0qui est conforme \u00e0 la\u00a0<strong>Norme CCID<\/strong>, ce lecteur assure des connexions rapides et fiables. Son\u00a0<strong>vitesse de lecture\/\u00e9criture<\/strong>\u00a0jusqu&#039;\u00e0\u00a0<strong>424 kbps<\/strong>\u00a0permet un transfert de donn\u00e9es efficace, tandis que l&#039;antenne int\u00e9gr\u00e9e offre une distance de lecture allant jusqu&#039;\u00e0\u00a0<strong>50 mm<\/strong>, selon le type d&#039;\u00e9tiquette utilis\u00e9. Cette combinaison de vitesse et de polyvalence fait de l&#039;ACR122U un choix id\u00e9al pour diverses applications, des transactions s\u00e9curis\u00e9es au contr\u00f4le d&#039;acc\u00e8s efficace.<\/span><\/p>\n<h2 class=\"AnswerParser_AnswerParserH2__SIHnF\">Aper\u00e7u du produit<\/h2>\n<h3 class=\"AnswerParser_AnswerParserH3__Mpe4s\">1. Lecteur NFC : performances \u00e0 grande vitesse<\/h3>\n<p><span class=\"AnswerParser_TextContainer__z_Iiv\" data-testid=\"youchat-text\">Le lecteur NFC ACR122U est \u00e9quip\u00e9 d&#039;un\u00a0<strong>Interface USB 2.0 pleine vitesse<\/strong>, garantissant des taux de transfert de donn\u00e9es rapides. Avec un\u00a0<strong>vitesse de lecture\/\u00e9criture<\/strong>\u00a0jusqu&#039;\u00e0\u00a0<strong>424 kbps<\/strong>, il permet aux utilisateurs d&#039;acc\u00e9der et de g\u00e9rer rapidement les donn\u00e9es sur\u00a0<strong>Balises NFC<\/strong>\u00a0et\u00a0<strong>Cartes RFID<\/strong>Ces performances \u00e0 haut d\u00e9bit sont cruciales pour les applications qui n\u00e9cessitent des transactions rapides, telles que les syst\u00e8mes de point de vente et le contr\u00f4le d&#039;acc\u00e8s.<\/span><\/p>\n<h3 class=\"AnswerParser_AnswerParserH3__Mpe4s\">2. Compatibilit\u00e9 polyvalente<\/h3>\n<p><span class=\"AnswerParser_TextContainer__z_Iiv\" data-testid=\"youchat-text\">Ce\u00a0<strong>lecteur de carte \u00e0 puce<\/strong>\u00a0prend en charge une large gamme de types de cartes, y compris\u00a0<strong>Cartes de classe A et de classe B<\/strong>\u00a0tel que d\u00e9fini dans\u00a0<strong>OIN 14443<\/strong>,\u00a0<strong>Cartes Mifare<\/strong>, et\u00a0<strong>Cartes FeliCa<\/strong>. De plus, il est compatible avec les quatre types de\u00a0<strong>Balises NFC<\/strong>\u00a0selon le\u00a0<strong>ISO\/CEI 18092<\/strong>\u00a0standard. Cette polyvalence rend l&#039;ACR122U adapt\u00e9 \u00e0 divers secteurs, du commerce de d\u00e9tail au transport.<\/span><\/p>\n<h3 class=\"AnswerParser_AnswerParserH3__Mpe4s\">3. Antenne int\u00e9gr\u00e9e pour un acc\u00e8s sans contact<\/h3>\n<p><span class=\"AnswerParser_TextContainer__z_Iiv\" data-testid=\"youchat-text\">L&#039;ACR122U est dot\u00e9 d&#039;une antenne int\u00e9gr\u00e9e qui permet l&#039;acc\u00e8s aux \u00e9tiquettes sans contact. Avec une distance de lecture allant jusqu&#039;\u00e0\u00a0<strong>50 mm<\/strong>, les utilisateurs peuvent interagir avec leurs cartes sans avoir besoin de contact physique. Cette fonctionnalit\u00e9 am\u00e9liore la commodit\u00e9 et l&#039;hygi\u00e8ne, ce qui la rend id\u00e9ale pour les environnements o\u00f9 un acc\u00e8s rapide est essentiel.<\/span><\/p>\n<h3 class=\"AnswerParser_AnswerParserH3__Mpe4s\">4. Fonction anti-collision<\/h3>\n<p><span class=\"AnswerParser_TextContainer__z_Iiv\" data-testid=\"youchat-text\">L&#039;une des caract\u00e9ristiques les plus remarquables de l&#039;ACR122U est sa fonction anti-collision int\u00e9gr\u00e9e. Elle garantit qu&#039;une seule \u00e9tiquette est accessible \u00e0 un moment donn\u00e9, ce qui \u00e9vite les interf\u00e9rences de donn\u00e9es et renforce la s\u00e9curit\u00e9. Cette fonction est particuli\u00e8rement importante dans les environnements o\u00f9 plusieurs cartes peuvent \u00eatre pr\u00e9sentes, comme dans les syst\u00e8mes de contr\u00f4le d&#039;acc\u00e8s.<\/span><\/p>\n<h3 class=\"AnswerParser_AnswerParserH3__Mpe4s\">5. Prise en charge de l&#039;interface de programmation d&#039;application (API)<\/h3>\n<p><span class=\"AnswerParser_TextContainer__z_Iiv\" data-testid=\"youchat-text\">L&#039;ACR122U prend en charge les deux\u00a0<strong>PC\/SC<\/strong>\u00a0et\u00a0<strong>CT-API<\/strong>, permettant une int\u00e9gration facile avec diverses applications logicielles. Cette flexibilit\u00e9 permet aux d\u00e9veloppeurs de cr\u00e9er des solutions personnalis\u00e9es qui exploitent les capacit\u00e9s de l&#039;ACR122U, ce qui en fait un outil pr\u00e9cieux pour les entreprises souhaitant mettre en \u0153uvre la technologie NFC.<\/span><\/p>\n<h3 class=\"AnswerParser_AnswerParserH3__Mpe4s\">6. Conception conviviale<\/h3>\n<p><span class=\"AnswerParser_TextContainer__z_Iiv\" data-testid=\"youchat-text\">L&#039;ACR122U est con\u00e7u pour l&#039;exp\u00e9rience utilisateur. Il dispose d&#039;un\u00a0<strong>indicateur LED bicolore<\/strong>\u00a0qui fournit un retour visuel pendant le fonctionnement, ainsi qu&#039;un\u00a0<strong>buzzer monotone<\/strong>\u00a0pour des notifications sonores. Ces fonctionnalit\u00e9s am\u00e9liorent la convivialit\u00e9 et garantissent que les utilisateurs sont inform\u00e9s \u00e0 tout moment de l&#039;\u00e9tat du lecteur.<\/span><\/p>\n<h3 class=\"AnswerParser_AnswerParserH3__Mpe4s\">7. Compatibilit\u00e9 avec Android et iOS<\/h3>\n<p><span class=\"AnswerParser_TextContainer__z_Iiv\" data-testid=\"youchat-text\">L&#039;ACR122U prend en charge\u00a0<strong>Android MOS 3.1 et sup\u00e9rieur<\/strong>, ce qui en fait un choix polyvalent pour les applications mobiles. Cette compatibilit\u00e9 permet aux utilisateurs de tirer parti de la puissance de la technologie NFC sur leurs smartphones et tablettes, offrant ainsi une large gamme de fonctionnalit\u00e9s allant des paiements mobiles au partage de donn\u00e9es.<\/span><\/p>\n<h3 class=\"AnswerParser_AnswerParserH3__Mpe4s\">8. Sp\u00e9cifications techniques<\/h3>\n<p><span class=\"AnswerParser_TextContainer__z_Iiv\" data-testid=\"youchat-text\">L&#039;ACR122U b\u00e9n\u00e9ficie de sp\u00e9cifications techniques impressionnantes, notamment\u00a0:<\/span><\/p>\n<div class=\"AnswerParser_TableContainer__Erb6v\" data-testid=\"table-container\">\n<table>\n<thead>\n<tr>\n<th>Fonctionnalit\u00e9<\/th>\n<th>Sp\u00e9cification<\/th>\n<\/tr>\n<\/thead>\n<tbody>\n<tr>\n<td>Dimensions<\/td>\n<td>98,0 mm (L) x 65,0 mm (L) x 12,8 mm (H)<\/td>\n<\/tr>\n<tr>\n<td>Poids<\/td>\n<td>70g<\/td>\n<\/tr>\n<tr>\n<td>Interface USB<\/td>\n<td>CCID USB<\/td>\n<\/tr>\n<tr>\n<td>Source d&#039;\u00e9nergie<\/td>\n<td>Depuis le port USB<\/td>\n<\/tr>\n<tr>\n<td>Vitesse<\/td>\n<td>USB pleine vitesse (12 Mbit\/s)<\/td>\n<\/tr>\n<tr>\n<td>Longueur de c\u00e2ble<\/td>\n<td>1,0 m, fixe<\/td>\n<\/tr>\n<tr>\n<td>Interface de carte \u00e0 puce sans contact<\/td>\n<td>ISO\/IEC 18092 NFC, ISO 14443 types A et B, MIFARE\u00ae, FeliCa<\/td>\n<\/tr>\n<tr>\n<td>Protocole<\/td>\n<td>Carte conforme \u00e0 la norme ISO 14443-4, T=CL, carte MIFARE\u00ae Classic, T=CL, ISO18092, \u00e9tiquettes NFC, FeliCa<\/td>\n<\/tr>\n<tr>\n<td>P\u00e9riph\u00e9riques int\u00e9gr\u00e9s<\/td>\n<td>1 LED bicolore, Buzzer monotone<\/td>\n<\/tr>\n<tr>\n<td>Certifications\/Conformit\u00e9<\/td>\n<td>EN 60950\/IEC 60950, ISO 18092, ISO 14443, USB Full Speed, PC\/SC, CCID, VCCI (Japon), KC (Cor\u00e9e), Microsoft\u00ae WHQL, CE, FCC, RoHS 2, REACH<\/td>\n<\/tr>\n<tr>\n<td>Prise en charge du syst\u00e8me d&#039;exploitation du pilote de p\u00e9riph\u00e9rique<\/td>\n<td>Windows\u00ae CE, Windows\u00ae, Linux\u00ae, MAC OS\u00ae, Solaris, Android\u2122<\/td>\n<\/tr>\n<\/tbody>\n<\/table>\n<\/div>\n<h3 class=\"AnswerParser_AnswerParserH3__Mpe4s\">9. Impact environnemental<\/h3>\n<p><span class=\"AnswerParser_TextContainer__z_Iiv\" data-testid=\"youchat-text\">\u00c0 une \u00e9poque o\u00f9 la durabilit\u00e9 est primordiale, l&#039;ACR122U a \u00e9t\u00e9 con\u00e7u dans un souci de respect de l&#039;environnement. Son fonctionnement \u00e9conome en \u00e9nergie et sa longue dur\u00e9e de vie contribuent \u00e0 r\u00e9duire les d\u00e9chets \u00e9lectroniques, ce qui en fait un choix responsable pour les consommateurs soucieux de l&#039;environnement.<\/span><\/p>\n<h3 class=\"AnswerParser_AnswerParserH3__Mpe4s\">10. Avis des clients<\/h3>\n<p><span class=\"AnswerParser_TextContainer__z_Iiv\" data-testid=\"youchat-text\">Les utilisateurs ont lou\u00e9 l&#039;ACR122U pour sa fiabilit\u00e9 et sa facilit\u00e9 d&#039;utilisation. Beaucoup appr\u00e9cient ses capacit\u00e9s de lecture rapide et sa compatibilit\u00e9 avec diff\u00e9rents types de cartes. Voici quelques points saillants des commentaires des clients :<\/span><\/p>\n<ul class=\"AnswerParser_AnswerParserUnorderedList__P_1FW\">\n<li class=\"AnswerParser_ListItem__XqLOV\" translate=\"yes\">\u00ab L&#039;ACR122U a rendu notre syst\u00e8me de contr\u00f4le d&#039;acc\u00e8s beaucoup plus efficace. La vitesse de lecture est impressionnante ! \u00bb<\/li>\n<li class=\"AnswerParser_ListItem__XqLOV\" translate=\"yes\">\u00ab J&#039;appr\u00e9cie la simplicit\u00e9 d&#039;int\u00e9gration avec nos logiciels existants. La prise en charge des API change la donne. \u00bb<\/li>\n<li class=\"AnswerParser_ListItem__XqLOV\" translate=\"yes\">\u00ab L\u2019antenne int\u00e9gr\u00e9e r\u00e9pond parfaitement \u00e0 nos besoins. Nous pouvons lire les cartes sans aucun probl\u00e8me. \u00bb<\/li>\n<\/ul>\n<h3 class=\"AnswerParser_AnswerParserH3__Mpe4s\">11. FAQ<\/h3>\n<ul class=\"AnswerParser_AnswerParserUnorderedList__P_1FW\">\n<li class=\"AnswerParser_ListItem__XqLOV\" translate=\"yes\"><span class=\"AnswerParser_TextContainer__z_Iiv\" data-testid=\"youchat-text\"><strong>Q\u00a0: L&#039;ACR122U peut-il lire les tags NFC des smartphones\u00a0?<\/strong><\/span>\n<ul class=\"AnswerParser_AnswerParserUnorderedList__P_1FW\">\n<li class=\"AnswerParser_ListItem__XqLOV\" translate=\"yes\">R : Oui, l&#039;ACR122U peut interagir avec les smartphones et tablettes compatibles NFC, permettant un \u00e9change de donn\u00e9es transparent.<\/li>\n<\/ul>\n<\/li>\n<li class=\"AnswerParser_ListItem__XqLOV\" translate=\"yes\"><span class=\"AnswerParser_TextContainer__z_Iiv\" data-testid=\"youchat-text\"><strong>Q\u00a0: L&#039;ACR122U est-il compatible avec les appareils Android et iOS\u00a0?<\/strong><\/span>\n<ul class=\"AnswerParser_AnswerParserUnorderedList__P_1FW\">\n<li class=\"AnswerParser_ListItem__XqLOV\" translate=\"yes\">R : Absolument ! L&#039;ACR122U fonctionne avec les appareils Android et iOS, ce qui en fait une option polyvalente pour diff\u00e9rents utilisateurs.<\/li>\n<\/ul>\n<\/li>\n<li class=\"AnswerParser_ListItem__XqLOV\" translate=\"yes\"><span class=\"AnswerParser_TextContainer__z_Iiv\" data-testid=\"youchat-text\"><strong>Q\u00a0: Comment configurer l&#039;ACR122U\u00a0?<\/strong><\/span>\n<ul class=\"AnswerParser_AnswerParserUnorderedList__P_1FW\">\n<li class=\"AnswerParser_ListItem__XqLOV\" translate=\"yes\">R : La configuration de l&#039;ACR122U est simple. Il suffit de le connecter via USB, d&#039;installer les pilotes n\u00e9cessaires et vous \u00eates pr\u00eat \u00e0 commencer \u00e0 lire et \u00e0 \u00e9crire des tags NFC.<\/li>\n<\/ul>\n<\/li>\n<\/ul>\n<h2 class=\"AnswerParser_AnswerParserH2__SIHnF\">Conclusion<\/h2>\n<p><span class=\"AnswerParser_TextContainer__z_Iiv\" data-testid=\"youchat-text\">Le\u00a0<strong>Lecteur NFC ACR122U<\/strong>\u00a0est un outil puissant et polyvalent qui lib\u00e8re le potentiel de la communication sans contact. Avec ses fonctionnalit\u00e9s robustes, sa compatibilit\u00e9 avec diverses \u00e9tiquettes NFC et cartes \u00e0 puce et sa conception conviviale, il constitue un excellent investissement pour quiconque cherche \u00e0 am\u00e9liorer ses capacit\u00e9s NFC. Que ce soit pour un usage personnel ou des applications professionnelles, ce\u00a0<strong>Lecteur NFC<\/strong>\u00a0est s\u00fbr de r\u00e9pondre \u00e0 vos besoins et de d\u00e9passer vos attentes.<\/span><span class=\"AnswerParser_TextContainer__z_Iiv\" data-testid=\"youchat-text\">En choisissant l&#039;ACR122U, vous n&#039;achetez pas seulement un produit ; vous investissez dans un avenir o\u00f9 la technologie sans contact simplifie et am\u00e9liore vos interactions quotidiennes. Ne manquez pas cette opportunit\u00e9 :<strong>ajoutez-le \u00e0 votre panier<\/strong>\u00a0aujourd&#039;hui et d\u00e9couvrez la commodit\u00e9 de la technologie NFC !<\/span><\/p>\n<p>&nbsp;<\/p>","protected":false},"excerpt":{"rendered":"<p>Lib\u00e9rez la puissance de la communication sans contact avec le skimmer NFC ACR122U polyvalent et s\u00e9curis\u00e9. N&#039;attendez plus, am\u00e9liorez vos capacit\u00e9s NFC d\u00e8s aujourd&#039;hui !<\/p>","protected":false},"featured_media":3210,"template":"","meta":[],"product_brand":[],"product_cat":[45],"product_tag":[],"class_list":{"0":"post-3204","1":"product","2":"type-product","3":"status-publish","4":"has-post-thumbnail","6":"product_cat-contactless-nfc-reader","8":"first","9":"instock","10":"shipping-taxable","11":"product-type-simple"},"_links":{"self":[{"href":"https:\/\/nfc-readers.com\/fr\/wp-json\/wp\/v2\/product\/3204","targetHints":{"allow":["GET"]}}],"collection":[{"href":"https:\/\/nfc-readers.com\/fr\/wp-json\/wp\/v2\/product"}],"about":[{"href":"https:\/\/nfc-readers.com\/fr\/wp-json\/wp\/v2\/types\/product"}],"wp:featuredmedia":[{"embeddable":true,"href":"https:\/\/nfc-readers.com\/fr\/wp-json\/wp\/v2\/media\/3210"}],"wp:attachment":[{"href":"https:\/\/nfc-readers.com\/fr\/wp-json\/wp\/v2\/media?parent=3204"}],"wp:term":[{"taxonomy":"product_brand","embeddable":true,"href":"https:\/\/nfc-readers.com\/fr\/wp-json\/wp\/v2\/product_brand?post=3204"},{"taxonomy":"product_cat","embeddable":true,"href":"https:\/\/nfc-readers.com\/fr\/wp-json\/wp\/v2\/product_cat?post=3204"},{"taxonomy":"product_tag","embeddable":true,"href":"https:\/\/nfc-readers.com\/fr\/wp-json\/wp\/v2\/product_tag?post=3204"}],"curies":[{"name":"wp","href":"https:\/\/api.w.org\/{rel}","templated":true}]}}