{"id":3226,"date":"2024-10-30T09:53:08","date_gmt":"2024-10-30T09:53:08","guid":{"rendered":"https:\/\/nfc-readers.com\/?post_type=product&#038;p=3226"},"modified":"2024-10-30T10:11:20","modified_gmt":"2024-10-30T10:11:20","slug":"waterproof-rfid-nfc-keychain-13-56mhz","status":"publish","type":"product","link":"https:\/\/nfc-readers.com\/fr\/ic-reader\/waterproof-rfid-nfc-keychain-13-56mhz\/","title":{"rendered":"Porte-cl\u00e9s RFID NFC \u00e9tanche 13,56 MHz"},"content":{"rendered":"<h1 style=\"text-align: center;\"><strong>Porte-cl\u00e9s RFID NFC \u00e9tanche 13,56 MHz<\/strong><\/h1>\n<p>Dans le monde en \u00e9volution rapide des v\u00e9hicules \u00e9lectriques (VE), la commodit\u00e9, la s\u00e9curit\u00e9 et la convivialit\u00e9 sont essentielles. <strong>Porte-cl\u00e9s RFID NFC \u00e9tanche<\/strong>\u00a0\u2014 un produit r\u00e9volutionnaire qui int\u00e8gre une technologie de pointe avec une durabilit\u00e9 exceptionnelle, sp\u00e9cialement con\u00e7u pour\u00a0<strong>Bornes de recharge pour v\u00e9hicules \u00e9lectriques<\/strong>. Fonctionnant sur\u00a0<strong>13,56 MHz<\/strong>, ce porte-cl\u00e9s compact mais puissant est votre outil ultime pour un acc\u00e8s transparent et une s\u00e9curit\u00e9 renforc\u00e9e.<\/p>\n<p>Ce porte-cl\u00e9s est une v\u00e9ritable r\u00e9volution pour les propri\u00e9taires de v\u00e9hicules \u00e9lectriques, offrant non seulement un confort mais aussi une tranquillit\u00e9 d&#039;esprit. Imaginez acc\u00e9der sans effort aux bornes de recharge sans avoir \u00e0 chercher vos cl\u00e9s ou \u00e0 vous souvenir de mots de passe complexes. <strong>Porte-cl\u00e9s RFID NFC \u00e9tanche<\/strong>\u00a0offre une solution id\u00e9ale avec sa capacit\u00e9 sans contact et sa conception r\u00e9sistante aux intemp\u00e9ries, ce qui en fait un ajout pr\u00e9cieux \u00e0 vos accessoires pour v\u00e9hicules \u00e9lectriques. D\u00e9couvrez pourquoi ce porte-cl\u00e9s innovant m\u00e9rite d&#039;\u00eatre ajout\u00e9 \u00e0 votre bo\u00eete \u00e0 outils.<\/p>\n<p>&nbsp;<\/p>\n<h3><strong>Avantages du porte-cl\u00e9s RFID NFC \u00e9tanche<\/strong><\/h3>\n<ol>\n<li><strong>Durabilit\u00e9 et r\u00e9sistance aux intemp\u00e9ries<\/strong>:Construit avec des mat\u00e9riaux de premi\u00e8re qualit\u00e9, ce porte-cl\u00e9s est con\u00e7u pour r\u00e9sister aux \u00e9l\u00e9ments ext\u00e9rieurs, garantissant qu&#039;il reste fonctionnel au fil du temps, quelles que soient les conditions m\u00e9t\u00e9orologiques.<\/li>\n<li><strong>Communication sans contact<\/strong>:Utilisant \u00e0 la fois les technologies RFID et NFC, le porte-cl\u00e9s permet un acc\u00e8s rapide et s\u00e9curis\u00e9 aux bornes de recharge et autres syst\u00e8mes d&#039;entr\u00e9e sans cl\u00e9 sans contact physique.<\/li>\n<li><strong>Haute compatibilit\u00e9<\/strong>:Con\u00e7u sur des protocoles\u00a0<strong>ISO14443A et ISO15693<\/strong>, ce porte-cl\u00e9s RFID s&#039;interface de mani\u00e8re transparente avec une large gamme d&#039;appareils, ce qui le rend polyvalent pour diff\u00e9rents cas d&#039;utilisation au-del\u00e0 de la recharge de v\u00e9hicules \u00e9lectriques.<\/li>\n<li><strong>Longue distance de lecture<\/strong>:Avec une distance de lecture de\u00a0<strong>2-10 cm<\/strong>, vous pouvez acc\u00e9der facilement et rapidement \u00e0 votre borne de recharge pour v\u00e9hicule \u00e9lectrique avec un minimum d&#039;effort.<\/li>\n<li><strong>Capacit\u00e9 de r\u00e9\u00e9criture<\/strong>:La puce NTAG216 \u00e0 l&#039;int\u00e9rieur permet un cycle d&#039;\u00e9criture allant jusqu&#039;\u00e0\u00a0<strong>100 000 fois<\/strong>, ce qui rend ce porte-cl\u00e9s non seulement convivial mais \u00e9galement adaptable aux exigences changeantes.<\/li>\n<\/ol>\n<p>&nbsp;<\/p>\n<h3><strong>L&#039;importance de la RFID dans le monde d&#039;aujourd&#039;hui<\/strong><\/h3>\n<p>La technologie RFID utilise des champs \u00e9lectromagn\u00e9tiques pour identifier et suivre automatiquement les \u00e9tiquettes attach\u00e9es aux objets. Dans le cadre de vos besoins de recharge de v\u00e9hicules \u00e9lectriques, cette technologie vous permet de d\u00e9verrouiller et d&#039;autoriser l&#039;acc\u00e8s aux bornes de recharge simplement en pla\u00e7ant votre porte-cl\u00e9s \u00e0 proximit\u00e9 d&#039;un lecteur RFID. La commodit\u00e9 qu&#039;elle offre am\u00e9liore consid\u00e9rablement l&#039;exp\u00e9rience utilisateur, permettant une connexion rapide\u00a0<strong>entr\u00e9e sans cl\u00e9<\/strong>\u00a0aux bornes de recharge sans avoir besoin de contact physique.<\/p>\n<p>&nbsp;<\/p>\n<h3><strong>Sp\u00e9cifications techniques et performances<\/strong><\/h3>\n<div>Il est essentiel pour les acheteurs potentiels de comprendre les capacit\u00e9s techniques du porte-cl\u00e9s RFID NFC \u00e9tanche. Voici les sp\u00e9cifications que vous devez conna\u00eetre :<\/div>\n<div><\/div>\n<div><strong>\u00c9br\u00e9cher<\/strong>:NTAG216<\/div>\n<div><strong>Cycle d&#039;\u00e9criture :<\/strong> 100 000 fois<\/div>\n<div><strong>Distance de lecture<\/strong>: 2-10 cm<\/div>\n<div><strong>Temp\u00e9rature de fonctionnement<\/strong>: 20\u2103 \u00e0 +65\u2103<\/div>\n<div><strong>Lieu d&#039;origine<\/strong>:Guangdong, Chine<\/div>\n<div><strong>MOQ (quantit\u00e9 minimum de commande)<\/strong>: 500 pi\u00e8ces<\/div>\n<div><strong>Conditionnement<\/strong>:Forfait blanchisserie personnalisable<\/div>\n<div><strong>Capacit\u00e9 d&#039;approvisionnement<\/strong>: 20 000 000 de pi\u00e8ces par mois<\/div>\n<div><\/div>\n<div>Les mesures de performance avanc\u00e9es garantissent que ce porte-cl\u00e9s r\u00e9pond aux exigences rigoureuses d&#039;une utilisation quotidienne. Le cycle d&#039;\u00e9criture \u00e9lev\u00e9 et la tol\u00e9rance \u00e0 la temp\u00e9rature am\u00e9liorent encore son utilit\u00e9 dans divers environnements.<\/div>\n<h3><strong>Applications pour les bornes de recharge pour v\u00e9hicules \u00e9lectriques<\/strong><\/h3>\n<p>L&#039;application principale de la\u00a0<strong>Porte-cl\u00e9s RFID NFC \u00e9tanche<\/strong>\u00a0est pr\u00e9sent dans les bornes de recharge pour v\u00e9hicules \u00e9lectriques. Sa conception et sa technologie en font la solution id\u00e9ale<\/p>\n<p>&nbsp;<\/p>\n<h3><strong>FAQ sur le porte-cl\u00e9s RFID NFC \u00e9tanche<\/strong><\/h3>\n<h3>1.\u00a0<strong>Quel est le but du porte-cl\u00e9s RFID NFC \u00e9tanche ?<\/strong><\/h3>\n<p>Le porte-cl\u00e9s RFID NFC \u00e9tanche est con\u00e7u pour fournir un acc\u00e8s s\u00e9curis\u00e9 et sans contact aux bornes de recharge pour v\u00e9hicules \u00e9lectriques et autres syst\u00e8mes compatibles RFID. Il permet aux utilisateurs de d\u00e9verrouiller les bornes simplement en s&#039;approchant du lecteur, am\u00e9liorant ainsi la commodit\u00e9 et l&#039;efficacit\u00e9.<\/p>\n<h3>2.\u00a0<strong>Le porte-cl\u00e9s est-il vraiment \u00e9tanche ?<\/strong><\/h3>\n<p>Oui, le porte-cl\u00e9s est fabriqu\u00e9 \u00e0 partir de mat\u00e9riaux \u00e9poxy et PVC durables, ce qui le rend \u00e0 la fois \u00e9tanche et r\u00e9sistant aux intemp\u00e9ries. Cela garantit sa fonctionnalit\u00e9 dans diverses conditions m\u00e9t\u00e9orologiques, de la pluie \u00e0 la chaleur extr\u00eame.<\/p>\n<h3>3.\u00a0<strong>\u00c0 quelle distance le porte-cl\u00e9s peut-il fonctionner du lecteur RFID ?<\/strong><\/h3>\n<p>Le porte-cl\u00e9s a une distance de lecture de 2 \u00e0 10 cm, ce qui signifie qu&#039;il s&#039;active d\u00e8s qu&#039;il est \u00e0 proximit\u00e9 d&#039;un lecteur RFID ou d&#039;un appareil compatible NFC.<\/p>\n<h3>4.\u00a0<strong>Le porte-cl\u00e9s peut-il \u00eatre personnalis\u00e9 ?<\/strong><\/h3>\n<p>Oui, l&#039;emballage du porte-cl\u00e9s peut \u00eatre personnalis\u00e9 pour s&#039;adapter \u00e0 votre image de marque ou \u00e0 vos besoins sp\u00e9cifiques. Cela en fait une excellente option pour les entreprises qui cherchent \u00e0 personnaliser leurs solutions d&#039;acc\u00e8s.<\/p>\n<h3>5.\u00a0<strong>Combien de fois peut-on \u00e9crire sur le trousseau ?<\/strong><\/h3>\n<p>Le porte-cl\u00e9s a un cycle d&#039;\u00e9criture allant jusqu&#039;\u00e0 100 000 fois, offrant une grande facilit\u00e9 d&#039;utilisation pour diverses applications sans se soucier de la d\u00e9gradation des performances.<\/p>","protected":false},"excerpt":{"rendered":"<p>Le porte-cl\u00e9s RFID NFC \u00e9tanche (13,56 MHz) offre un acc\u00e8s s\u00e9curis\u00e9 et sans contact aux bornes de recharge pour v\u00e9hicules \u00e9lectriques. Sa conception durable garantit des performances fiables par tous les temps.<\/p>","protected":false},"featured_media":3234,"template":"","meta":[],"product_brand":[],"product_cat":[49],"product_tag":[],"class_list":{"0":"post-3226","1":"product","2":"type-product","3":"status-publish","4":"has-post-thumbnail","6":"product_cat-nfc-key-fobs","8":"first","9":"instock","10":"shipping-taxable","11":"product-type-simple"},"_links":{"self":[{"href":"https:\/\/nfc-readers.com\/fr\/wp-json\/wp\/v2\/product\/3226","targetHints":{"allow":["GET"]}}],"collection":[{"href":"https:\/\/nfc-readers.com\/fr\/wp-json\/wp\/v2\/product"}],"about":[{"href":"https:\/\/nfc-readers.com\/fr\/wp-json\/wp\/v2\/types\/product"}],"wp:featuredmedia":[{"embeddable":true,"href":"https:\/\/nfc-readers.com\/fr\/wp-json\/wp\/v2\/media\/3234"}],"wp:attachment":[{"href":"https:\/\/nfc-readers.com\/fr\/wp-json\/wp\/v2\/media?parent=3226"}],"wp:term":[{"taxonomy":"product_brand","embeddable":true,"href":"https:\/\/nfc-readers.com\/fr\/wp-json\/wp\/v2\/product_brand?post=3226"},{"taxonomy":"product_cat","embeddable":true,"href":"https:\/\/nfc-readers.com\/fr\/wp-json\/wp\/v2\/product_cat?post=3226"},{"taxonomy":"product_tag","embeddable":true,"href":"https:\/\/nfc-readers.com\/fr\/wp-json\/wp\/v2\/product_tag?post=3226"}],"curies":[{"name":"wp","href":"https:\/\/api.w.org\/{rel}","templated":true}]}}