{"id":3233,"date":"2024-10-30T12:07:01","date_gmt":"2024-10-30T12:07:01","guid":{"rendered":"https:\/\/nfc-readers.com\/?post_type=product&#038;p=3233"},"modified":"2024-11-14T14:43:00","modified_gmt":"2024-11-14T14:43:00","slug":"customized-13-56mhz-rfid-abs-nfc-keychans","status":"publish","type":"product","link":"https:\/\/nfc-readers.com\/fr\/ic-reader\/customized-13-56mhz-rfid-abs-nfc-keychans\/","title":{"rendered":"Porte-cl\u00e9s RFID ABS NFC 13,56 MHz personnalis\u00e9s"},"content":{"rendered":"<h1 style=\"text-align: center;\"><strong>Porte-cl\u00e9s RFID ABS NFC 13,56 MHz personnalis\u00e9s<\/strong><\/h1>\n<p>&nbsp;<\/p>\n<p>Dans le monde en \u00e9volution rapide d&#039;aujourd&#039;hui, le besoin de solutions d&#039;acc\u00e8s s\u00e9curis\u00e9es et pratiques est primordial. <strong>Porte-cl\u00e9s RFID ABS NFC 13,56 MHz personnalis\u00e9s<\/strong>, un m\u00e9lange parfait de technologie et de praticit\u00e9. Ces porte-cl\u00e9s avanc\u00e9s utilisent les technologies RFID (identification par radiofr\u00e9quence) et NFC (communication en champ proche), offrant un acc\u00e8s transparent et sans contact. Que ce soit pour un usage personnel ou dans le cadre d&#039;un projet plus vaste\u00a0<strong>syst\u00e8me de contr\u00f4le d&#039;acc\u00e8s<\/strong>, ces porte-cl\u00e9s offrent une solution robuste, fiable et conviviale \u00e0 vos besoins d&#039;acc\u00e8s.<\/p>\n<p>&nbsp;<\/p>\n<h3><strong>Avantages du produit et pourquoi choisir nos porte-cl\u00e9s NFC<\/strong><\/h3>\n<p>&nbsp;<\/p>\n<ol>\n<li><strong>S\u00e9curit\u00e9 renforc\u00e9e<\/strong>: Le\u00a0<strong>Porte-cl\u00e9s NFC<\/strong>\u00a0renforce la s\u00e9curit\u00e9 de vos locaux. Gr\u00e2ce \u00e0 un code d&#039;identification unique, chaque appareil garantit que seuls les utilisateurs autoris\u00e9s peuvent y acc\u00e9der.<\/li>\n<li><strong>Durabilit\u00e9 et polyvalence<\/strong>:Fabriqu\u00e9 \u00e0 partir de mat\u00e9riaux de haute qualit\u00e9\u00a0<strong>ABS<\/strong>, ces porte-cl\u00e9s sont non seulement durables mais \u00e9galement imperm\u00e9ables et r\u00e9sistants aux intemp\u00e9ries, ce qui les rend adapt\u00e9s \u00e0 divers environnements.<\/li>\n<li><strong>Attrait personnalisable et esth\u00e9tique<\/strong>:Nos porte-cl\u00e9s peuvent \u00eatre adapt\u00e9s \u00e0 vos besoins de marque gr\u00e2ce \u00e0\u00a0<strong>Impression CMJN 4C<\/strong>, codage laser et impression thermique, vous permettant d&#039;int\u00e9grer votre logo ou votre design de mani\u00e8re transparente.<\/li>\n<li><strong>Convivial<\/strong>:Con\u00e7us pour \u00eatre faciles \u00e0 utiliser, ces porte-cl\u00e9s sont sans contact ; il suffit aux utilisateurs de placer leur porte-cl\u00e9s pr\u00e8s d&#039;un lecteur pour entrer.<\/li>\n<li><strong>Solution \u00e9conomique<\/strong>:Avec une dur\u00e9e de vie de\u00a0<strong>100 000 cycles d&#039;\u00e9criture<\/strong>, notre\u00a0<strong>Porte-cl\u00e9s RFID<\/strong>\u00a0repr\u00e9sentent une option rentable pour les particuliers et les entreprises, r\u00e9duisant le besoin de remplacements fr\u00e9quents.<\/li>\n<\/ol>\n<p>Avec ces avantages, le\u00a0<strong>Porte-cl\u00e9s RFID ABS NFC 13,56 MHz personnalis\u00e9s<\/strong>\u00a0se distingue comme un composant essentiel des solutions d\u2019acc\u00e8s modernes.<\/p>\n<p>&nbsp;<\/p>\n<h3><strong>Aper\u00e7u du produit<\/strong><\/h3>\n<p>&nbsp;<\/p>\n<h3>1. Comprendre les technologies RFID et NFC<\/h3>\n<p>La RFID et la NFC sont deux technologies essentielles aux solutions modernes de contr\u00f4le d&#039;acc\u00e8s. La RFID utilise des champs \u00e9lectromagn\u00e9tiques pour identifier et suivre automatiquement les \u00e9tiquettes attach\u00e9es aux objets, tandis que la NFC est un sous-ensemble de la RFID con\u00e7u pour la communication \u00e0 courte port\u00e9e. Ces technologies constituent l&#039;\u00e9pine dorsale de nos solutions de contr\u00f4le d&#039;acc\u00e8s.\u00a0<strong>porte-cl\u00e9s<\/strong>, garantissant des transactions rapides et s\u00e9curis\u00e9es.<\/p>\n<h3>2. Caract\u00e9ristiques des porte-cl\u00e9s RFID ABS NFC personnalis\u00e9s 13,56 MHz<\/h3>\n<p>L\u2019une des caract\u00e9ristiques les plus remarquables est la\u00a0<strong>Fr\u00e9quence 13,56 MHz<\/strong>, ce qui garantit des capacit\u00e9s de lecture sup\u00e9rieures. De plus, la taille compacte du porte-cl\u00e9s am\u00e9liore la portabilit\u00e9, ce qui le rend facile \u00e0 transporter pour les utilisateurs.\u00a0<strong>imperm\u00e9able et r\u00e9sistant aux intemp\u00e9ries<\/strong>\u00a0la conception permet au porte-cl\u00e9s de fonctionner dans diverses conditions environnementales.<\/p>\n<h3>3. Application aux syst\u00e8mes de contr\u00f4le d&#039;acc\u00e8s<\/h3>\n<p>Ces porte-cl\u00e9s sont id\u00e9aux pour une int\u00e9gration dans\u00a0<strong>syst\u00e8mes de contr\u00f4le d&#039;acc\u00e8s<\/strong>Ils peuvent \u00eatre utilis\u00e9s pour les serrures de porte, les portes intelligentes et m\u00eame les chambres d&#039;h\u00f4tel, ce qui les rend polyvalents pour diverses applications. Le porte-cl\u00e9s fonctionne de mani\u00e8re transparente pour am\u00e9liorer la s\u00e9curit\u00e9 dans les environnements r\u00e9sidentiels et commerciaux.<\/p>\n<h3>4. Instructions d&#039;utilisation pratiques<\/h3>\n<p>En utilisant le\u00a0<strong>Porte-cl\u00e9s RFID<\/strong>\u00a0est intuitif ; gardez-le simplement \u00e0 l&#039;int\u00e9rieur\u00a0<strong>0-10 cm<\/strong>\u00a0du lecteur RFID jusqu&#039;\u00e0 ce que vous entendiez un bip ou que vous voyiez un voyant LED indiquant un acc\u00e8s r\u00e9ussi. Les porte-cl\u00e9s sont r\u00e9inscriptibles, ce qui signifie que vous pouvez mettre \u00e0 jour leurs informations selon vos besoins, ce qui est crucial pour les organisations qui mettent r\u00e9guli\u00e8rement \u00e0 jour l&#039;acc\u00e8s des employ\u00e9s.<\/p>\n<h3>5. Impact environnemental<\/h3>\n<p>Notre engagement en faveur du d\u00e9veloppement durable se refl\u00e8te dans les mat\u00e9riaux et les processus que nous utilisons pour fabriquer ces porte-cl\u00e9s. Fabriqu\u00e9 \u00e0 partir de\u00a0<strong>ABS<\/strong>, un mat\u00e9riau recyclable, ils repr\u00e9sentent une option \u00e9cologique pour les entreprises souhaitant r\u00e9duire leur empreinte carbone.<\/p>\n<h3>6. Avis et t\u00e9moignages des clients<\/h3>\n<p>Les clients louent notre\u00a0<strong>Porte-cl\u00e9s NFC<\/strong>\u00a0pour leur fiabilit\u00e9 et leur efficacit\u00e9. De nombreux clients ont constat\u00e9 une am\u00e9lioration de la s\u00e9curit\u00e9 dans leurs locaux, et plusieurs d\u2019entre eux ont signal\u00e9 des am\u00e9liorations significatives en termes de facilit\u00e9 d\u2019acc\u00e8s pour les employ\u00e9s et les visiteurs. \u00ab L\u2019int\u00e9gration s\u2019est faite sans probl\u00e8me et les porte-cl\u00e9s ont fonctionn\u00e9 \u00e0 merveille \u00bb, d\u00e9clare un client satisfait.<\/p>\n<p>&nbsp;<\/p>\n<h3><strong>Sp\u00e9cifications techniques<\/strong><\/h3>\n<table class=\"preview\" style=\"height: 293px;\" width=\"492\">\n<thead>\n<tr>\n<th>Attribut<\/th>\n<th>Sp\u00e9cification<\/th>\n<\/tr>\n<\/thead>\n<tbody>\n<tr>\n<td><strong>Interface de Communication<\/strong><\/td>\n<td>RFID, NFC<\/td>\n<\/tr>\n<tr>\n<td><strong>Fr\u00e9quence<\/strong><\/td>\n<td>13,56 MHz<\/td>\n<\/tr>\n<tr>\n<td><strong>Mat\u00e9riel<\/strong><\/td>\n<td>ABS<\/td>\n<\/tr>\n<tr>\n<td><strong>\u00c9br\u00e9cher<\/strong><\/td>\n<td>NTAG213\/215\/216<\/td>\n<\/tr>\n<tr>\n<td><strong>Protocole<\/strong><\/td>\n<td>ISO14443A<\/td>\n<\/tr>\n<tr>\n<td><strong>Plage de temp\u00e9rature<\/strong><\/td>\n<td>20 \u2103 ~ +85 \u2103<\/td>\n<\/tr>\n<tr>\n<td><strong>Distance de lecture<\/strong><\/td>\n<td>0-10 cm<\/td>\n<\/tr>\n<tr>\n<td><strong>Cycle d&#039;\u00e9criture<\/strong><\/td>\n<td>100 000 fois<\/td>\n<\/tr>\n<tr>\n<td><strong>Taille de l&#039;emballage<\/strong><\/td>\n<td>10x8x6 cm<\/td>\n<\/tr>\n<tr>\n<td><strong>Poids<\/strong><\/td>\n<td>0,020 kg<\/td>\n<\/tr>\n<\/tbody>\n<\/table>\n<h3><\/h3>\n<h3><strong>FAQ<\/strong><\/h3>\n<p>&nbsp;<\/p>\n<p><strong>Q\u00a0:\u00a0Puis-je personnaliser l\u2019\u00e9tiquette RFID\u00a0?<\/strong><br \/>\nA : Oui, notre\u00a0<strong>Porte-cl\u00e9s RFID<\/strong>\u00a0peut \u00eatre personnalis\u00e9 avec vos \u00e9l\u00e9ments de conception et de marque souhait\u00e9s.<\/p>\n<p><strong>Q\u00a0:\u00a0Ces porte-cl\u00e9s sont-ils compatibles avec les syst\u00e8mes existants\u00a0?<\/strong><br \/>\nR : Nos porte-cl\u00e9s sont con\u00e7us pour s&#039;int\u00e9grer \u00e0 la plupart des syst\u00e8mes RFID existants, mais nous vous recommandons de v\u00e9rifier<\/p>\n<p>&nbsp;<\/p>","protected":false},"excerpt":{"rendered":"<p>Les porte-cl\u00e9s RFID ABS NFC personnalis\u00e9s 13,56 MHz sont con\u00e7us pour un contr\u00f4le d&#039;acc\u00e8s polyvalent et s\u00e9curis\u00e9. Gr\u00e2ce \u00e0 leur mat\u00e9riau ABS durable et \u00e0 leur technologie NFC, ces porte-cl\u00e9s offrent commodit\u00e9 et fiabilit\u00e9 pour diverses applications, de la gestion d&#039;\u00e9v\u00e9nements aux syst\u00e8mes de maison intelligente.<\/p>","protected":false},"featured_media":3235,"template":"","meta":[],"product_brand":[],"product_cat":[49],"product_tag":[],"class_list":{"0":"post-3233","1":"product","2":"type-product","3":"status-publish","4":"has-post-thumbnail","6":"product_cat-nfc-key-fobs","8":"first","9":"instock","10":"shipping-taxable","11":"product-type-simple"},"_links":{"self":[{"href":"https:\/\/nfc-readers.com\/fr\/wp-json\/wp\/v2\/product\/3233","targetHints":{"allow":["GET"]}}],"collection":[{"href":"https:\/\/nfc-readers.com\/fr\/wp-json\/wp\/v2\/product"}],"about":[{"href":"https:\/\/nfc-readers.com\/fr\/wp-json\/wp\/v2\/types\/product"}],"wp:featuredmedia":[{"embeddable":true,"href":"https:\/\/nfc-readers.com\/fr\/wp-json\/wp\/v2\/media\/3235"}],"wp:attachment":[{"href":"https:\/\/nfc-readers.com\/fr\/wp-json\/wp\/v2\/media?parent=3233"}],"wp:term":[{"taxonomy":"product_brand","embeddable":true,"href":"https:\/\/nfc-readers.com\/fr\/wp-json\/wp\/v2\/product_brand?post=3233"},{"taxonomy":"product_cat","embeddable":true,"href":"https:\/\/nfc-readers.com\/fr\/wp-json\/wp\/v2\/product_cat?post=3233"},{"taxonomy":"product_tag","embeddable":true,"href":"https:\/\/nfc-readers.com\/fr\/wp-json\/wp\/v2\/product_tag?post=3233"}],"curies":[{"name":"wp","href":"https:\/\/api.w.org\/{rel}","templated":true}]}}