{"id":3241,"date":"2024-10-30T12:36:28","date_gmt":"2024-10-30T12:36:28","guid":{"rendered":"https:\/\/nfc-readers.com\/?post_type=product&#038;p=3241"},"modified":"2024-10-30T12:36:28","modified_gmt":"2024-10-30T12:36:28","slug":"iso11784-5-125khz-tk4100-waterproof-smart-rfid-key-fob","status":"publish","type":"product","link":"https:\/\/nfc-readers.com\/fr\/ic-reader\/iso11784-5-125khz-tk4100-waterproof-smart-rfid-key-fob\/","title":{"rendered":"Porte-cl\u00e9s RFID intelligent \u00e9tanche ISO11784\/5 125 kHz TK4100"},"content":{"rendered":"<h1 style=\"text-align: center;\"><strong>Porte-cl\u00e9s RFID intelligent \u00e9tanche ISO11784\/5 125 kHz TK4100<\/strong><\/h1>\n<p>Le <strong>Porte-cl\u00e9s RFID intelligent \u00e9tanche ISO11784\/5 125KHz TK4100<\/strong>\u00a0repr\u00e9sente le summum des solutions de contr\u00f4le d&#039;acc\u00e8s modernes, alliant une technologie de pointe \u00e0 une conception durable pour offrir un moyen fiable et efficace de g\u00e9rer les points d&#039;entr\u00e9e s\u00e9curis\u00e9s. Avec ses capacit\u00e9s d&#039;\u00e9tanch\u00e9it\u00e9 et sa taille compacte, ce porte-cl\u00e9s RFID est non seulement pratique mais \u00e9galement essentiel pour diverses applications. Que ce soit pour un environnement s\u00e9curis\u00e9 dans un h\u00f4tel, un immeuble de bureaux ou pour un usage personnel, ce porte-cl\u00e9s RFID offre une authentification et une identification sup\u00e9rieures avec un minimum de tracas.<\/p>\n<p>&nbsp;<\/p>\n<h3><strong>Pourquoi choisir le porte-cl\u00e9s RFID TK4100\u00a0?<\/strong><\/h3>\n<p>&nbsp;<\/p>\n<p>Investir dans le porte-cl\u00e9s RFID TK4100, c&#039;est s\u00e9curiser votre environnement avec une technologie de pointe con\u00e7ue pour r\u00e9sister aux d\u00e9fis de l&#039;utilisation quotidienne. La conception \u00e9tanche et r\u00e9sistante aux intemp\u00e9ries garantit que le porte-cl\u00e9s reste fiable dans toutes les conditions, ce qui en fait un choix id\u00e9al pour les applications int\u00e9rieures et ext\u00e9rieures. Sa construction l\u00e9g\u00e8re en ABS, personnalisable par s\u00e9rigraphie et gravure au laser, permet une personnalisation tout en conservant la fonctionnalit\u00e9. La nature passive du porte-cl\u00e9s garantit une maintenance r\u00e9duite et une longue dur\u00e9e de vie, ce qui en fait une solution \u00e9conomique pour acc\u00e9der aux zones restreintes.<\/p>\n<p>&nbsp;<\/p>\n<h3><strong>Pr\u00e9sentation du produit<\/strong><\/h3>\n<p>&nbsp;<\/p>\n<p>Le porte-cl\u00e9s RFID TK4100 fonctionne \u00e0 une fr\u00e9quence de\u00a0<strong>125 kHz<\/strong>, adh\u00e9rant \u00e0 la\u00a0<strong>ISO11784\/5<\/strong>\u00a0normes pour les syst\u00e8mes d&#039;identification, le rendant compatible avec divers lecteurs RFID et syst\u00e8mes de contr\u00f4le d&#039;acc\u00e8s. Ce porte-cl\u00e9s est con\u00e7u pour l&#039;efficacit\u00e9, avec une taille compacte de\u00a0<strong>41*32mm<\/strong>, combin\u00e9 avec une gamme d&#039;options de couleurs, notamment le jaune, le bleu, le rouge, le noir et le vert. Avec un poids de seulement\u00a0<strong>5 \u00e0 8 g<\/strong>, cette conception l\u00e9g\u00e8re assure le confort et la facilit\u00e9 d&#039;utilisation de l&#039;utilisateur lors de son utilisation quotidienne.<\/p>\n<p>&nbsp;<\/p>\n<h3><strong>Principales caract\u00e9ristiques du porte-cl\u00e9s RFID TK4100<\/strong><\/h3>\n<h3>Interface de communication RFID<\/h3>\n<p>L&#039;\u00e9tiquette TK4100 utilise\u00a0<strong>RFID<\/strong>\u00a0Technologie de communication efficace. Gr\u00e2ce \u00e0 sa conception passive, elle ne n\u00e9cessite pas de source d&#039;alimentation interne ; elle est aliment\u00e9e par le signal du lecteur RFID. Cette caract\u00e9ristique prolonge non seulement la dur\u00e9e de vie de l&#039;\u00e9tiquette, mais r\u00e9duit \u00e9galement le besoin d&#039;entretien r\u00e9gulier, ce qui en fait un choix pratique pour les entreprises et les particuliers.<\/p>\n<p><strong>Avantages<\/strong>:<\/p>\n<ul>\n<li><strong>Faible entretien<\/strong>:La technologie RFID passive signifie qu&#039;il n&#039;est pas n\u00e9cessaire de remplacer la batterie.<\/li>\n<li><strong>Conception durable<\/strong>:R\u00e9sistant aux facteurs environnementaux externes gr\u00e2ce \u00e0 ses capacit\u00e9s d&#039;\u00e9tanch\u00e9it\u00e9.<\/li>\n<\/ul>\n<h3>Imperm\u00e9able et r\u00e9sistant aux intemp\u00e9ries<\/h3>\n<p>L&#039;une des caract\u00e9ristiques les plus distinctives du porte-cl\u00e9s RFID TK4100 est sans doute son\u00a0<strong>\u00e9tanche<\/strong>\u00a0et\u00a0<strong>imperm\u00e9abiliser<\/strong>\u00a0Construction. Qu&#039;il soit utilis\u00e9 dans un environnement humide ou expos\u00e9 \u00e0 des intemp\u00e9ries, ce porte-cl\u00e9s reste fonctionnel.<\/p>\n<p><strong>Avantages<\/strong>:<\/p>\n<ul>\n<li><strong>Fiabilit\u00e9 dans toutes les conditions<\/strong>:Assurez-vous que le contr\u00f4le d\u2019acc\u00e8s reste efficace dans les environnements int\u00e9rieurs et ext\u00e9rieurs.<\/li>\n<li><strong>Dur\u00e9e de vie plus longue<\/strong>:Usure r\u00e9duite par rapport aux alternatives non r\u00e9sistantes \u00e0 l&#039;eau.<\/li>\n<\/ul>\n<h3>Conception compacte et l\u00e9g\u00e8re<\/h3>\n<p>Avec des dimensions de\u00a0<strong>41*32mm<\/strong>\u00a0et un poids de seulement\u00a0<strong>5 \u00e0 8 g<\/strong>Le porte-cl\u00e9s TK4100 est con\u00e7u pour une portabilit\u00e9 maximale. Sa taille et son poids ergonomiques permettent aux utilisateurs de le transporter facilement sans encombrement suppl\u00e9mentaire, ce qui le rend facile \u00e0 attacher aux porte-cl\u00e9s ou aux sacs.<\/p>\n<p><strong>Avantages<\/strong>:<\/p>\n<ul>\n<li><strong>Facilit\u00e9 d&#039;utilisation<\/strong>:Obstruction minimale lors du transport, adapt\u00e9 aux utilisateurs quotidiens.<\/li>\n<li><strong>Options de fixation polyvalentes<\/strong>:Compatible avec diverses solutions de transport, des porte-cl\u00e9s aux cordons.<\/li>\n<\/ul>\n<p>&nbsp;<\/p>\n<table class=\"preview\" style=\"height: 195px;\" width=\"557\">\n<thead>\n<tr>\n<th>Sp\u00e9cification<\/th>\n<th>Description<\/th>\n<\/tr>\n<\/thead>\n<tbody>\n<tr>\n<td><strong>Fr\u00e9quence<\/strong><\/td>\n<td>125 kHz<\/td>\n<\/tr>\n<tr>\n<td><strong>Mat\u00e9riel<\/strong><\/td>\n<td>ABS<\/td>\n<\/tr>\n<tr>\n<td><strong>Options de taille<\/strong><\/td>\n<td>41<em>32 mm, 25<\/em>34,5 mm, 32<em>52 mm, 31<\/em>42 mm, 30,5 x 37,5 mm<\/td>\n<\/tr>\n<tr>\n<td><strong>Poids<\/strong><\/td>\n<td>5-8 g\/pi\u00e8ce<\/td>\n<\/tr>\n<tr>\n<td><strong>Options d&#039;impression<\/strong><\/td>\n<td>S\u00e9rigraphie, logo grav\u00e9 au laser<\/td>\n<\/tr>\n<tr>\n<td><strong>Autres caract\u00e9ristiques<\/strong><\/td>\n<td>Personnalis\u00e9 avec logo, num\u00e9ro de s\u00e9rie, code HID<\/td>\n<\/tr>\n<\/tbody>\n<\/table>\n<p>&nbsp;<\/p>","protected":false},"excerpt":{"rendered":"<p>Le porte-cl\u00e9s RFID intelligent \u00e9tanche ISO11784\/5 125KHz TK4100 offre un contr\u00f4le d&#039;acc\u00e8s fiable dans divers environnements. Sa conception durable et \u00e9tanche garantit des performances durables.<\/p>","protected":false},"featured_media":3242,"template":"","meta":[],"product_brand":[],"product_cat":[49],"product_tag":[],"class_list":{"0":"post-3241","1":"product","2":"type-product","3":"status-publish","4":"has-post-thumbnail","6":"product_cat-nfc-key-fobs","8":"first","9":"instock","10":"shipping-taxable","11":"product-type-simple"},"_links":{"self":[{"href":"https:\/\/nfc-readers.com\/fr\/wp-json\/wp\/v2\/product\/3241","targetHints":{"allow":["GET"]}}],"collection":[{"href":"https:\/\/nfc-readers.com\/fr\/wp-json\/wp\/v2\/product"}],"about":[{"href":"https:\/\/nfc-readers.com\/fr\/wp-json\/wp\/v2\/types\/product"}],"wp:featuredmedia":[{"embeddable":true,"href":"https:\/\/nfc-readers.com\/fr\/wp-json\/wp\/v2\/media\/3242"}],"wp:attachment":[{"href":"https:\/\/nfc-readers.com\/fr\/wp-json\/wp\/v2\/media?parent=3241"}],"wp:term":[{"taxonomy":"product_brand","embeddable":true,"href":"https:\/\/nfc-readers.com\/fr\/wp-json\/wp\/v2\/product_brand?post=3241"},{"taxonomy":"product_cat","embeddable":true,"href":"https:\/\/nfc-readers.com\/fr\/wp-json\/wp\/v2\/product_cat?post=3241"},{"taxonomy":"product_tag","embeddable":true,"href":"https:\/\/nfc-readers.com\/fr\/wp-json\/wp\/v2\/product_tag?post=3241"}],"curies":[{"name":"wp","href":"https:\/\/api.w.org\/{rel}","templated":true}]}}