{"id":3248,"date":"2024-10-30T12:48:01","date_gmt":"2024-10-30T12:48:01","guid":{"rendered":"https:\/\/nfc-readers.com\/?post_type=product&#038;p=3248"},"modified":"2024-10-30T12:48:01","modified_gmt":"2024-10-30T12:48:01","slug":"waterproof-mifare-classic-1k-programmable-rfid-nfc-key-fob","status":"publish","type":"product","link":"https:\/\/nfc-readers.com\/fr\/ic-reader\/waterproof-mifare-classic-1k-programmable-rfid-nfc-key-fob\/","title":{"rendered":"Porte-cl\u00e9s RFID NFC programmable MIFARE Classic 1K \u00e9tanche"},"content":{"rendered":"<h1 style=\"text-align: center;\"><strong>Porte-cl\u00e9s RFID NFC programmable MIFARE Classic 1K \u00e9tanche<\/strong><\/h1>\n<p>&nbsp;<\/p>\n<p>Le monde de la s\u00e9curit\u00e9 et du contr\u00f4le d&#039;acc\u00e8s a \u00e9norm\u00e9ment \u00e9volu\u00e9, la technologie ouvrant la voie \u00e0 des solutions plus intelligentes. Parmi elles, <strong>Porte-cl\u00e9s RFID NFC programmable MIFARE Classic 1K \u00e9tanche<\/strong>\u00a0se distingue comme un choix polyvalent et fiable pour une utilisation personnelle et professionnelle. Cr\u00e9\u00e9 pour une fonctionnalit\u00e9 sup\u00e9rieure et une commodit\u00e9 d&#039;utilisation, ce porte-cl\u00e9s RFID est plus qu&#039;un simple moyen de d\u00e9verrouiller les portes : c&#039;est une solution polyvalente con\u00e7ue pour r\u00e9pondre \u00e0 divers besoins. Avec sa conception \u00e9tanche, ses fonctions programmables et sa compatibilit\u00e9 avec la technologie NFC, ce porte-cl\u00e9s est non seulement innovant, mais \u00e9galement un investissement rentable pour quiconque recherche fiabilit\u00e9 et s\u00e9curit\u00e9.<\/p>\n<p>&nbsp;<\/p>\n<p>&nbsp;<\/p>\n<h3><strong>Avantages du produit : pourquoi le porte-cl\u00e9s NFC RFID MIFARE Classic 1K \u00e9tanche vaut la peine d&#039;\u00eatre achet\u00e9<\/strong><\/h3>\n<p>Am\u00e9liorer le contr\u00f4le d&#039;acc\u00e8s n&#039;a jamais \u00e9t\u00e9 aussi simple, et ce porte-cl\u00e9s NFC est exceptionnellement facile \u00e0 int\u00e9grer aux syst\u00e8mes existants. Les avantages vont bien au-del\u00e0 de la commodit\u00e9 ; ses attributs d&#039;\u00e9tanch\u00e9it\u00e9 et de r\u00e9sistance aux intemp\u00e9ries le rendent id\u00e9al pour les applications en ext\u00e9rieur. Avec un design personnalisable disponible en diff\u00e9rentes couleurs et la possibilit\u00e9 d&#039;imprimer des identifiants uniques, ce porte-cl\u00e9s RFID peut se fondre parfaitement dans la marque personnelle ou d&#039;entreprise. Pour les utilisateurs \u00e0 la recherche d&#039;un moyen simple d&#039;automatiser l&#039;acc\u00e8s \u00e0 leurs propri\u00e9t\u00e9s, v\u00e9hicules ou appareils, le MIFARE Classic 1K \u00e9tanche est un choix exceptionnel.<\/p>\n<p>&nbsp;<\/p>\n<h3><strong>Aper\u00e7u des fonctionnalit\u00e9s et des sp\u00e9cifications<\/strong><\/h3>\n<h3><strong>1. Technologies de communication RFID et NFC<\/strong><\/h3>\n<p>La technologie RFID (identification par radiofr\u00e9quence) et NFC (communication en champ proche) sont au c\u0153ur de cette technologie de porte-cl\u00e9s avanc\u00e9e. Fonctionnant \u00e0 une fr\u00e9quence de\u00a0<strong>13,56 MHz<\/strong>, l&#039;appareil assure une communication rapide et fiable entre le porte-cl\u00e9s et les lecteurs. La fonction NFC permet des interactions intuitives, ce qui le rend id\u00e9al pour diverses applications telles que les paiements mobiles et le contr\u00f4le d&#039;acc\u00e8s.<\/p>\n<h3>2.\u00a0<strong>Conception \u00e9tanche et r\u00e9sistante aux intemp\u00e9ries<\/strong><\/h3>\n<p>Sp\u00e9cialement con\u00e7u pour la durabilit\u00e9, ce\u00a0<strong>Porte-cl\u00e9s RFID<\/strong>\u00a0est \u00e0 la fois \u00e9tanche et r\u00e9sistant aux intemp\u00e9ries. In\u00e9branlable face aux conditions environnementales d\u00e9favorables, il est parfait pour une utilisation en ext\u00e9rieur, garantissant une protection maximale des circuits internes. Cette fonctionnalit\u00e9 est essentielle pour les entreprises et les particuliers qui ont besoin de fiabilit\u00e9 quelle que soit la m\u00e9t\u00e9o.<\/p>\n<h3>3.\u00a0<strong>Fonctionnalit\u00e9s programmables pour la personnalisation<\/strong><\/h3>\n<p>L&#039;une des caract\u00e9ristiques remarquables du Waterproof MIFARE Classic 1K est sa programmabilit\u00e9. Les utilisateurs peuvent personnaliser les fonctionnalit\u00e9s du porte-cl\u00e9s pour r\u00e9pondre \u00e0 leurs besoins particuliers en mati\u00e8re de contr\u00f4le d&#039;acc\u00e8s. Que vous ayez besoin\u00a0<strong>entr\u00e9e sans cl\u00e9<\/strong>, ou besoin de stocker des autorisations d&#039;acc\u00e8s sp\u00e9cifiques, l&#039;aspect programmable de ceci\u00a0<strong>porte-cl\u00e9s<\/strong>\u00a0offre une flexibilit\u00e9 non trouv\u00e9e dans les mod\u00e8les standard.<\/p>\n<h3>4.\u00a0<strong>Plusieurs options de taille et de personnalisation<\/strong><\/h3>\n<p>Avec une vari\u00e9t\u00e9 de tailles, y compris\u00a0<strong>41<em>32 mm, 25<\/em>34,5 mm et autres<\/strong>, le porte-cl\u00e9s s&#039;adapte aux diff\u00e9rentes pr\u00e9f\u00e9rences des utilisateurs. De plus, vous pouvez personnaliser davantage le produit avec des logos et des couleurs personnalis\u00e9s, ce qui en fait un ajout unique \u00e0 votre gamme de produits RFID.<\/p>\n<h3>5.\u00a0<strong>Mat\u00e9riau durable et attrait esth\u00e9tique<\/strong><\/h3>\n<p>Fabriqu\u00e9 \u00e0 partir d&#039;un mat\u00e9riau ABS de haute qualit\u00e9, ce porte-cl\u00e9s est con\u00e7u pour r\u00e9sister \u00e0 l&#039;usure, ce qui lui conf\u00e8re une longue dur\u00e9e de vie. De plus, la possibilit\u00e9 de choisir parmi\u00a0<strong>toutes les couleurs<\/strong>\u00a0garantit qu&#039;il peut s&#039;int\u00e9grer parfaitement dans toute esth\u00e9tique personnelle ou professionnelle.<\/p>\n<h3>6.\u00a0<strong>Certifications compl\u00e8tes<\/strong><\/h3>\n<p>Pour votre tranquillit\u00e9 d&#039;esprit, le porte-cl\u00e9s RFID \u00e9tanche MIFARE Classic 1K est certifi\u00e9 ISO 9001:2008, SGS et ROHS. Cela garantit que le produit r\u00e9pond \u00e0 des normes de qualit\u00e9 et de s\u00e9curit\u00e9 strictes, assurant ainsi aux clients sa fiabilit\u00e9.<\/p>\n<h3>7.\u00a0<strong>Emballage et livraison efficaces<\/strong><\/h3>\n<p>Ce porte-cl\u00e9s RFID est emball\u00e9 efficacement, avec\u00a0<strong>2000 pi\u00e8ces\/carton<\/strong>\u00a0et\u00a0<strong>100 pi\u00e8ces\/sac en polypropyl\u00e8ne<\/strong>, con\u00e7u pour une manutention et un transport optimaux. Ce syst\u00e8me permet non seulement de pr\u00e9server l&#039;int\u00e9grit\u00e9 du produit, mais \u00e9galement d&#039;am\u00e9liorer les op\u00e9rations logistiques des utilisateurs.<\/p>\n<h3>8.\u00a0<strong>Avis et exp\u00e9riences clients<\/strong><\/h3>\n<p>Les commentaires des clients satisfaits soulignent la fiabilit\u00e9 et les performances exceptionnelles du porte-cl\u00e9s. Les utilisateurs mentionnent fr\u00e9quemment sa facilit\u00e9 de programmation et la robustesse de sa fonction d&#039;\u00e9tanch\u00e9it\u00e9, ce qui en fait un choix privil\u00e9gi\u00e9 pour ceux qui recherchent des solutions d&#039;acc\u00e8s s\u00e9curis\u00e9es.<\/p>\n<p>&nbsp;<\/p>\n<h3><strong>FAQ : R\u00e9pondre aux pr\u00e9occupations courantes<\/strong><\/h3>\n<p>Les clients potentiels peuvent avoir des pr\u00e9occupations et des questions diverses concernant le porte-cl\u00e9s RFID. Voici quelques questions fr\u00e9quemment pos\u00e9es\u00a0:<\/p>\n<ul>\n<li><strong>Q\u00a0: Ce porte-cl\u00e9s peut-il \u00eatre utilis\u00e9 dans les syst\u00e8mes de contr\u00f4le d\u2019acc\u00e8s\u00a0?<\/strong>\n<ul>\n<li><strong>UN:<\/strong>\u00a0Oui, il est sp\u00e9cifiquement con\u00e7u pour les syst\u00e8mes de contr\u00f4le d\u2019acc\u00e8s et peut faciliter l\u2019entr\u00e9e sans cl\u00e9.<\/li>\n<\/ul>\n<\/li>\n<li><strong>Q : Est-ce personnalisable ?<\/strong>\n<ul>\n<li><strong>UN:<\/strong>\u00a0Absolument ! Vous pouvez personnaliser la couleur, le logo et m\u00eame les num\u00e9ros de s\u00e9rie en fonction de vos besoins sp\u00e9cifiques.<\/li>\n<\/ul>\n<\/li>\n<li><strong>Q : Quelle est la garantie sur le produit ?<\/strong>\n<ul>\n<li><strong>UN:<\/strong> Nous offrons une garantie sur les d\u00e9fauts de fabrication. Veuillez vous r\u00e9f\u00e9rer \u00e0 la documentation du produit pour des informations d\u00e9taill\u00e9es.<\/li>\n<\/ul>\n<\/li>\n<\/ul>\n<table class=\"all magic-13\" style=\"height: 269px;\" width=\"563\">\n<tbody>\n<tr>\n<td colspan=\"1\" rowspan=\"1\">\n<div class=\"magic-17\"><span class=\"magic-9\" data-spm-anchor-id=\"a2700.details.0.i42.61ee6b21Q8d0lU\">Article<\/span><\/div>\n<\/td>\n<td colspan=\"1\" rowspan=\"1\">\n<div class=\"magic-18\">Porte-cl\u00e9s RFID<\/div>\n<\/td>\n<\/tr>\n<tr>\n<td colspan=\"1\" rowspan=\"1\">\n<div class=\"magic-17\">Mat\u00e9riel<\/div>\n<\/td>\n<td colspan=\"1\" rowspan=\"1\">\n<div class=\"magic-18\">Antenne ABS, cuivre avec circuit int\u00e9gr\u00e9<\/div>\n<\/td>\n<\/tr>\n<tr>\n<td colspan=\"1\" rowspan=\"1\">\n<div class=\"magic-17\">Couleur<\/div>\n<\/td>\n<td colspan=\"1\" rowspan=\"1\">\n<div class=\"magic-18\">bleu, noir, jaune, vert, rouge, etc.<\/div>\n<\/td>\n<\/tr>\n<tr>\n<td colspan=\"1\" rowspan=\"1\">\n<div class=\"magic-17\">\u00c9br\u00e9cher<\/div>\n<\/td>\n<td colspan=\"1\" rowspan=\"1\">\n<div class=\"magic-18\">MIFARE Classic\u00ae 1K ou autres<\/div>\n<\/td>\n<\/tr>\n<tr>\n<td colspan=\"1\" rowspan=\"1\">\n<div class=\"magic-17\">Fr\u00e9quence<\/div>\n<\/td>\n<td colspan=\"1\" rowspan=\"1\">\n<div class=\"magic-18\">13,56Mhz<\/div>\n<\/td>\n<\/tr>\n<tr>\n<td colspan=\"1\" rowspan=\"1\">\n<div class=\"magic-17\">Protocole d&#039;interface a\u00e9rienne<\/div>\n<\/td>\n<td colspan=\"1\" rowspan=\"1\">\n<div class=\"magic-18\">ISO14443A<\/div>\n<\/td>\n<\/tr>\n<tr>\n<td colspan=\"1\" rowspan=\"1\">\n<div class=\"magic-17\">Impression<\/div>\n<\/td>\n<td colspan=\"1\" rowspan=\"1\">\n<div class=\"magic-18\">Logo personnalis\u00e9, num\u00e9ro de s\u00e9rie, code QR, num\u00e9ro UID<\/div>\n<\/td>\n<\/tr>\n<tr>\n<td colspan=\"1\" rowspan=\"1\">\n<div class=\"magic-17\">Fonctionnalit\u00e9<\/div>\n<\/td>\n<td colspan=\"1\" rowspan=\"1\">\n<div class=\"magic-18\">\u00c9tanche, r\u00e9sistant aux chocs<\/div>\n<\/td>\n<\/tr>\n<tr>\n<td colspan=\"1\" rowspan=\"1\">\n<div class=\"magic-17\">Pi\u00e8ce jointe<\/div>\n<\/td>\n<td colspan=\"1\" rowspan=\"1\">\n<div class=\"magic-18\">Bague double en m\u00e9tal argent\u00e9<\/div>\n<\/td>\n<\/tr>\n<tr>\n<td colspan=\"1\" rowspan=\"1\">\n<div class=\"magic-17\">Application<\/div>\n<\/td>\n<td colspan=\"1\" rowspan=\"1\">\n<div class=\"magic-18\">Contr\u00f4le d&#039;acc\u00e8s, gestion des pr\u00e9sences, authentification des identit\u00e9s<\/div>\n<\/td>\n<\/tr>\n<\/tbody>\n<\/table>","protected":false},"excerpt":{"rendered":"<p>Le\u00a0<strong>Porte-cl\u00e9s RFID NFC programmable MIFARE Classic 1K \u00e9tanche<\/strong>\u00a0offre une solution durable et polyvalente pour un contr\u00f4le d&#039;acc\u00e8s s\u00e9curis\u00e9, combinant la technologie NFC avanc\u00e9e avec une conception r\u00e9sistante aux intemp\u00e9ries. Id\u00e9al pour diverses applications, ce porte-cl\u00e9s permet une personnalisation et une programmation faciles, am\u00e9liorant \u00e0 la fois la fonctionnalit\u00e9 et la commodit\u00e9.<\/p>","protected":false},"featured_media":3249,"template":"","meta":[],"product_brand":[],"product_cat":[49],"product_tag":[],"class_list":{"0":"post-3248","1":"product","2":"type-product","3":"status-publish","4":"has-post-thumbnail","6":"product_cat-nfc-key-fobs","8":"first","9":"instock","10":"shipping-taxable","11":"product-type-simple"},"_links":{"self":[{"href":"https:\/\/nfc-readers.com\/fr\/wp-json\/wp\/v2\/product\/3248","targetHints":{"allow":["GET"]}}],"collection":[{"href":"https:\/\/nfc-readers.com\/fr\/wp-json\/wp\/v2\/product"}],"about":[{"href":"https:\/\/nfc-readers.com\/fr\/wp-json\/wp\/v2\/types\/product"}],"wp:featuredmedia":[{"embeddable":true,"href":"https:\/\/nfc-readers.com\/fr\/wp-json\/wp\/v2\/media\/3249"}],"wp:attachment":[{"href":"https:\/\/nfc-readers.com\/fr\/wp-json\/wp\/v2\/media?parent=3248"}],"wp:term":[{"taxonomy":"product_brand","embeddable":true,"href":"https:\/\/nfc-readers.com\/fr\/wp-json\/wp\/v2\/product_brand?post=3248"},{"taxonomy":"product_cat","embeddable":true,"href":"https:\/\/nfc-readers.com\/fr\/wp-json\/wp\/v2\/product_cat?post=3248"},{"taxonomy":"product_tag","embeddable":true,"href":"https:\/\/nfc-readers.com\/fr\/wp-json\/wp\/v2\/product_tag?post=3248"}],"curies":[{"name":"wp","href":"https:\/\/api.w.org\/{rel}","templated":true}]}}