{"id":3255,"date":"2024-10-30T13:04:41","date_gmt":"2024-10-30T13:04:41","guid":{"rendered":"https:\/\/nfc-readers.com\/?post_type=product&#038;p=3255"},"modified":"2024-11-14T14:40:45","modified_gmt":"2024-11-14T14:40:45","slug":"125khz-proximity-rewritable-tk4100-t5577-rfid-keyfob","status":"publish","type":"product","link":"https:\/\/nfc-readers.com\/fr\/ic-reader\/125khz-proximity-rewritable-tk4100-t5577-rfid-keyfob\/","title":{"rendered":"Porte-cl\u00e9s RFID r\u00e9inscriptible de proximit\u00e9 TK4100 T5577 125 kHz"},"content":{"rendered":"<h1 style=\"text-align: center;\"><strong>Porte-cl\u00e9s RFID r\u00e9inscriptible de proximit\u00e9 TK4100 T5577 125 kHz<\/strong><\/h1>\n<p>Le\u00a0<strong>Porte-cl\u00e9s RFID r\u00e9inscriptible de proximit\u00e9 TK4100 T5577 125 kHz<\/strong>\u00a0est une solution innovante pour les syst\u00e8mes de contr\u00f4le d&#039;acc\u00e8s, offrant un moyen robuste et polyvalent de g\u00e9rer les entr\u00e9es s\u00e9curis\u00e9es. Ce porte-cl\u00e9s de haute qualit\u00e9 est r\u00e9inscriptible, ce qui permet aux utilisateurs de modifier les informations selon leurs besoins. Qu&#039;il soit utilis\u00e9 pour contr\u00f4ler l&#039;acc\u00e8s aux b\u00e2timents, aux h\u00f4tels ou aux cl\u00e9s de voiture, ce porte-cl\u00e9s s&#039;int\u00e8gre parfaitement \u00e0 vos protocoles de s\u00e9curit\u00e9.<\/p>\n<h2>Avantages du porte-cl\u00e9s RFID TK4100 T5577<\/h2>\n<p>Les avantages d&#039;investir dans ce porte-cl\u00e9s RFID vont au-del\u00e0 du simple contr\u00f4le d&#039;acc\u00e8s. Il est \u00e9tanche et r\u00e9sistant aux chocs, ce qui garantit sa durabilit\u00e9 m\u00eame dans des conditions environnementales difficiles. Avec des options personnalisables, notamment l&#039;impression de logo, ce porte-cl\u00e9s offre une opportunit\u00e9 de marquage tout en conservant sa fonctionnalit\u00e9. La fonction r\u00e9inscriptible am\u00e9liore son adaptabilit\u00e9 \u00e0 diverses applications, ce qui en fait un choix id\u00e9al pour les entreprises et les particuliers.<\/p>\n<h2>Principales caract\u00e9ristiques du porte-cl\u00e9s RFID TK4100 T5577<\/h2>\n<p>Le\u00a0<strong>Porte-cl\u00e9s RFID r\u00e9inscriptible de proximit\u00e9 TK4100 T5577 125 kHz<\/strong>\u00a0se distingue dans sa cat\u00e9gorie par plusieurs caract\u00e9ristiques in\u00e9gal\u00e9es. Ce porte-cl\u00e9s int\u00e8gre \u00e0 la fois les puces TK4100 et T5577, permettant une compatibilit\u00e9 vari\u00e9e avec les technologies RFID existantes.<\/p>\n<ul>\n<li><strong>Capacit\u00e9 multifr\u00e9quence<\/strong>:Ce porte-cl\u00e9s fonctionne \u00e0 la fois sur les fr\u00e9quences 125 kHz et 13,56 MHz, garantissant une large compatibilit\u00e9 entre diff\u00e9rents syst\u00e8mes de contr\u00f4le d&#039;acc\u00e8s.<\/li>\n<li><strong>Conception compacte et l\u00e9g\u00e8re<\/strong>:Avec son format mini-\u00e9tiquette, le porte-cl\u00e9s peut facilement \u00eatre attach\u00e9 \u00e0 des porte-cl\u00e9s ou \u00e0 des sacs, ce qui le rend simple \u00e0 transporter et \u00e0 utiliser.<\/li>\n<\/ul>\n<p>Le porte-cl\u00e9s agit principalement comme un\u00a0<strong>porte-cl\u00e9s RFID sans contact<\/strong>, ce qui simplifie consid\u00e9rablement le processus de saisie pour les utilisateurs. Cette fonctionnalit\u00e9 est particuli\u00e8rement avantageuse dans les environnements \u00e0 forte fr\u00e9quentation tels que les h\u00f4tels et les bureaux.<\/p>\n<h2>Durabilit\u00e9 : \u00e9tanche et r\u00e9sistant aux chocs<\/h2>\n<p>L\u2019une des caract\u00e9ristiques de la\u00a0<strong>Porte-cl\u00e9s RFID TK4100 T5577<\/strong>\u00a0est sa durabilit\u00e9 remarquable.<\/p>\n<ul>\n<li><strong>Imperm\u00e9able\/R\u00e9sistant aux intemp\u00e9ries<\/strong>: Fabriqu\u00e9 \u00e0 partir d&#039;un mat\u00e9riau ABS de haute qualit\u00e9, il peut r\u00e9sister \u00e0 l&#039;exposition \u00e0 l&#039;eau et aux \u00e9l\u00e9ments, garantissant un fonctionnement fiable dans toutes les conditions. Cette fonctionnalit\u00e9 \u00e9limine les soucis par temps pluvieux ou dans des environnements ext\u00e9rieurs, permettant des performances constantes.<\/li>\n<li><strong>Conception antichoc<\/strong>:La construction robuste garantit \u00e9galement que le porte-cl\u00e9s peut supporter les chutes et les impacts sans alt\u00e9ration, ce qui le rend id\u00e9al pour les personnes qui m\u00e8nent un style de vie actif ou travaillent dans des environnements exigeants.<\/li>\n<\/ul>\n<p>Cette durabilit\u00e9 profite non seulement \u00e0 la long\u00e9vit\u00e9 du produit, mais contribue \u00e9galement \u00e0 sa fiabilit\u00e9 en tant que dispositif d\u2019entr\u00e9e s\u00e9curis\u00e9.<\/p>\n<h2>Capacit\u00e9 de r\u00e9\u00e9criture : personnalisation et adaptabilit\u00e9<\/h2>\n<p>Une autre caract\u00e9ristique remarquable de la\u00a0<strong>Porte-cl\u00e9s RFID TK4100 T5577<\/strong>\u00a0est sa capacit\u00e9 de r\u00e9\u00e9criture.<\/p>\n<ul>\n<li><strong>Informations personnalisables<\/strong>:Les utilisateurs peuvent modifier ou mettre \u00e0 jour les donn\u00e9es RFID stock\u00e9es dans le porte-cl\u00e9s. Cette fonctionnalit\u00e9 est particuli\u00e8rement utile pour les organisations qui n\u00e9cessitent des mises \u00e0 jour fr\u00e9quentes pour acc\u00e9der aux autorisations ou pour les entreprises qui cherchent \u00e0 personnaliser la marque sur le porte-cl\u00e9s.<\/li>\n<li><strong>Duplication facile<\/strong>:La nature r\u00e9inscriptible permet une duplication facile, permettant aux entreprises de produire des porte-cl\u00e9s de secours sans effort sans avoir \u00e0 remplacer des unit\u00e9s enti\u00e8res.<\/li>\n<\/ul>\n<p>Ce niveau de personnalisation cr\u00e9e un outil hautement adaptable pour le contr\u00f4le d\u2019acc\u00e8s tout en offrant d\u2019importantes possibilit\u00e9s d\u2019\u00e9conomies de co\u00fbts.<\/p>\n<h2>Sp\u00e9cifications : Pr\u00e9sentation technique d\u00e9taill\u00e9e<\/h2>\n<p>Le\u00a0<strong>Porte-cl\u00e9s RFID TK4100 T5577<\/strong>\u00a0est con\u00e7u avec des fonctionnalit\u00e9s sp\u00e9cifiques pour faciliter un contr\u00f4le d&#039;acc\u00e8s efficace :<\/p>\n<table class=\"w-fit !mb-0 !max-w-none\" style=\"height: 187px;\" width=\"477\">\n<thead>\n<tr>\n<th><strong>Sp\u00e9cification<\/strong><\/th>\n<th><strong>D\u00e9tails<\/strong><\/th>\n<\/tr>\n<\/thead>\n<tbody>\n<tr>\n<td><strong>Gamme de fr\u00e9quences<\/strong><\/td>\n<td>125KHz et 13,56MHz<\/td>\n<\/tr>\n<tr>\n<td><strong>Interface de Communication<\/strong><\/td>\n<td>RFID<\/td>\n<\/tr>\n<tr>\n<td><strong>Mat\u00e9riel<\/strong><\/td>\n<td>ABS<\/td>\n<\/tr>\n<tr>\n<td><strong>Options de couleur<\/strong><\/td>\n<td>Noir, Marron, Bleu, Rouge, Rose<\/td>\n<\/tr>\n<tr>\n<td><strong>Disponibilit\u00e9 des \u00e9chantillons<\/strong><\/td>\n<td>\u00c9chantillons disponibles<\/td>\n<\/tr>\n<tr>\n<td><strong>Quantit\u00e9 minimale de commande (MOQ)<\/strong><\/td>\n<td>200 pi\u00e8ces<\/td>\n<\/tr>\n<\/tbody>\n<\/table>\n<p>&nbsp;<\/p>\n<p>&nbsp;<\/p>","protected":false},"excerpt":{"rendered":"<p>Le porte-cl\u00e9s RFID r\u00e9inscriptible de proximit\u00e9 125 kHz TK4100 T5577 offre un contr\u00f4le d&#039;acc\u00e8s s\u00e9curis\u00e9 et sans contact avec une conception durable et personnalisable. Id\u00e9al pour diverses applications, il assure flexibilit\u00e9 et fiabilit\u00e9 dans la gestion des entr\u00e9es.<\/p>","protected":false},"featured_media":3262,"template":"","meta":[],"product_brand":[],"product_cat":[49],"product_tag":[],"class_list":{"0":"post-3255","1":"product","2":"type-product","3":"status-publish","4":"has-post-thumbnail","6":"product_cat-nfc-key-fobs","8":"first","9":"instock","10":"shipping-taxable","11":"product-type-simple"},"_links":{"self":[{"href":"https:\/\/nfc-readers.com\/fr\/wp-json\/wp\/v2\/product\/3255","targetHints":{"allow":["GET"]}}],"collection":[{"href":"https:\/\/nfc-readers.com\/fr\/wp-json\/wp\/v2\/product"}],"about":[{"href":"https:\/\/nfc-readers.com\/fr\/wp-json\/wp\/v2\/types\/product"}],"wp:featuredmedia":[{"embeddable":true,"href":"https:\/\/nfc-readers.com\/fr\/wp-json\/wp\/v2\/media\/3262"}],"wp:attachment":[{"href":"https:\/\/nfc-readers.com\/fr\/wp-json\/wp\/v2\/media?parent=3255"}],"wp:term":[{"taxonomy":"product_brand","embeddable":true,"href":"https:\/\/nfc-readers.com\/fr\/wp-json\/wp\/v2\/product_brand?post=3255"},{"taxonomy":"product_cat","embeddable":true,"href":"https:\/\/nfc-readers.com\/fr\/wp-json\/wp\/v2\/product_cat?post=3255"},{"taxonomy":"product_tag","embeddable":true,"href":"https:\/\/nfc-readers.com\/fr\/wp-json\/wp\/v2\/product_tag?post=3255"}],"curies":[{"name":"wp","href":"https:\/\/api.w.org\/{rel}","templated":true}]}}