{"id":3288,"date":"2024-10-31T08:03:14","date_gmt":"2024-10-31T08:03:14","guid":{"rendered":"https:\/\/nfc-readers.com\/?post_type=product&#038;p=3288"},"modified":"2024-10-31T08:03:15","modified_gmt":"2024-10-31T08:03:15","slug":"acr1581u-15693-dualboost-iii-dual-interface-nfc-reader-writer","status":"publish","type":"product","link":"https:\/\/nfc-readers.com\/fr\/ic-reader\/acr1581u-15693-dualboost-iii-dual-interface-nfc-reader-writer\/","title":{"rendered":"ACR1581U 15693 Lecteur-enregistreur NFC \u00e0 double interface DualBoost III"},"content":{"rendered":"<h1 class=\"AnswerParser_AnswerParserH1__6UNv6\">Lecteur NFC ACR1581U : la solution sans contact ultime pour votre entreprise<\/h1>\n<p><span class=\"AnswerParser_TextContainer__z_Iiv\" data-testid=\"youchat-text\">Le\u00a0<strong>Lecteur NFC ACR1581U<\/strong>\u00a0est un appareil de pointe con\u00e7u pour faciliter les interactions transparentes avec les cartes \u00e0 puce avec et sans contact. Ce dispositif polyvalent\u00a0<strong>Lecteur NFC<\/strong>\u00a0prend en charge une large gamme d&#039;applications, ce qui en fait un outil essentiel pour les entreprises et les d\u00e9veloppeurs. Que vous ayez besoin de traiter des paiements, de g\u00e9rer le contr\u00f4le d&#039;acc\u00e8s ou de lire des donn\u00e9es \u00e0 partir d&#039;\u00e9tiquettes NFC, l&#039;ACR1581U offre une solution fiable et efficace. Avec ses fonctionnalit\u00e9s robustes et sa conception conviviale, ce lecteur vaut chaque centime pour quiconque cherche \u00e0 am\u00e9liorer sa bo\u00eete \u00e0 outils technologique NFC.<\/span><\/p>\n<hr \/>\n<h2 class=\"AnswerParser_AnswerParserH2__SIHnF\">Aper\u00e7u du produit<\/h2>\n<ol class=\"AnswerParser_AnswerParserOrderedList__kl_2Y\">\n<li class=\"AnswerParser_ListItem__XqLOV\" translate=\"yes\"><strong>Pr\u00e9sentation du lecteur NFC ACR1581U<\/strong><\/li>\n<li class=\"AnswerParser_ListItem__XqLOV\" translate=\"yes\"><strong>Principales caract\u00e9ristiques de l&#039;ACR1581U<\/strong><\/li>\n<li class=\"AnswerParser_ListItem__XqLOV\" translate=\"yes\"><strong>Caract\u00e9ristiques physiques<\/strong><\/li>\n<li class=\"AnswerParser_ListItem__XqLOV\" translate=\"yes\"><strong>Types de cartes pris en charge<\/strong><\/li>\n<li class=\"AnswerParser_ListItem__XqLOV\" translate=\"yes\"><strong>Sp\u00e9cifications techniques<\/strong><\/li>\n<li class=\"AnswerParser_ListItem__XqLOV\" translate=\"yes\"><strong>Instructions d&#039;utilisation<\/strong><\/li>\n<li class=\"AnswerParser_ListItem__XqLOV\" translate=\"yes\"><strong>Impact environnemental et conformit\u00e9<\/strong><\/li>\n<li class=\"AnswerParser_ListItem__XqLOV\" translate=\"yes\"><strong>\u00c9valuations et avis des clients<\/strong><\/li>\n<li class=\"AnswerParser_ListItem__XqLOV\" translate=\"yes\"><strong>Questions fr\u00e9quemment pos\u00e9es (FAQ)<\/strong><\/li>\n<li class=\"AnswerParser_ListItem__XqLOV\" translate=\"yes\"><strong>Pourquoi choisir le lecteur NFC ACR1581U ?<\/strong><\/li>\n<\/ol>\n<hr \/>\n<h2 class=\"AnswerParser_AnswerParserH2__SIHnF\">Pr\u00e9sentation du lecteur NFC ACR1581U<\/h2>\n<p><span class=\"AnswerParser_TextContainer__z_Iiv\" data-testid=\"youchat-text\">Le\u00a0<strong>Lecteur NFC ACR1581U<\/strong>\u00a0est con\u00e7u pour r\u00e9pondre aux exigences des applications modernes n\u00e9cessitant un \u00e9change de donn\u00e9es s\u00e9curis\u00e9 et efficace. Avec la prise en charge des cartes \u00e0 puce avec et sans contact, ce lecteur est id\u00e9al pour divers secteurs, notamment la finance, la sant\u00e9 et la s\u00e9curit\u00e9. Sa capacit\u00e9 \u00e0 lire et \u00e0 \u00e9crire des donn\u00e9es \u00e0 partir de plusieurs types de cartes garantit qu&#039;il peut s&#039;adapter aux besoins \u00e9volutifs des utilisateurs.<\/span><span class=\"AnswerParser_TextContainer__z_Iiv\" data-testid=\"youchat-text\">Dot\u00e9 de fonctionnalit\u00e9s avanc\u00e9es et d&#039;une interface conviviale, l&#039;ACR1581U est parfait pour les entreprises qui cherchent \u00e0 rationaliser leurs op\u00e9rations et \u00e0 am\u00e9liorer l&#039;exp\u00e9rience client. Sa capacit\u00e9 d&#039;interface double permet une flexibilit\u00e9 d&#039;utilisation, ce qui en fait un choix polyvalent pour toute application.<\/span><\/p>\n<h2 class=\"AnswerParser_AnswerParserH2__SIHnF\">Principales caract\u00e9ristiques de l&#039;ACR1581U<\/h2>\n<h3 class=\"AnswerParser_AnswerParserH3__Mpe4s\">Capacit\u00e9 d&#039;interface double<\/h3>\n<p><span class=\"AnswerParser_TextContainer__z_Iiv\" data-testid=\"youchat-text\">L&#039;ACR1581U prend en charge les deux\u00a0<strong>contact<\/strong>\u00a0et\u00a0<strong>sans contact<\/strong>\u00a0Interfaces de cartes \u00e0 puce, permettant aux utilisateurs d&#039;interagir avec une large gamme de cartes. Cette double fonctionnalit\u00e9 la rend adapt\u00e9e \u00e0 diverses applications, du traitement des paiements au contr\u00f4le d&#039;acc\u00e8s. La capacit\u00e9 de lire et d&#039;\u00e9crire des \u00e9tiquettes et des cartes NFC am\u00e9liore sa facilit\u00e9 d&#039;utilisation dans divers sc\u00e9narios.<\/span><\/p>\n<h3 class=\"AnswerParser_AnswerParserH3__Mpe4s\">Transfert de donn\u00e9es \u00e0 haut d\u00e9bit<\/h3>\n<p><span class=\"AnswerParser_TextContainer__z_Iiv\" data-testid=\"youchat-text\">Avec un\u00a0<strong>USB pleine vitesse<\/strong>\u00a0interface, l&#039;ACR1581U assure des taux de transfert de donn\u00e9es rapides allant jusqu&#039;\u00e0\u00a0<strong>12 Mbps<\/strong>. Cette vitesse est cruciale pour les applications qui n\u00e9cessitent des transactions rapides et efficaces, am\u00e9liorant ainsi l&#039;exp\u00e9rience globale de l&#039;utilisateur. Que vous traitiez des paiements ou acc\u00e9diez \u00e0 des informations s\u00e9curis\u00e9es, l&#039;ACR1581U offre des performances fiables.<\/span><\/p>\n<h3 class=\"AnswerParser_AnswerParserH3__Mpe4s\">Conception conviviale<\/h3>\n<p><span class=\"AnswerParser_TextContainer__z_Iiv\" data-testid=\"youchat-text\">L&#039;ACR1581U est dot\u00e9 de LED bicolores contr\u00f4lables par l&#039;utilisateur (bleu et vert) et d&#039;un buzzer monotone, fournissant un retour visuel et sonore pendant le fonctionnement. Cette conception am\u00e9liore la convivialit\u00e9 en permettant aux utilisateurs de surveiller facilement l&#039;\u00e9tat de l&#039;appareil. L&#039;interface intuitive garantit que m\u00eame les novices en technologie NFC peuvent utiliser le lecteur en toute simplicit\u00e9.<\/span><\/p>\n<h2 class=\"AnswerParser_AnswerParserH2__SIHnF\">Caract\u00e9ristiques physiques<\/h2>\n<ul class=\"AnswerParser_AnswerParserUnorderedList__P_1FW\">\n<li class=\"AnswerParser_ListItem__XqLOV\" translate=\"yes\"><strong>Dimensions<\/strong>: 120,5 mm (L) x 72,0 mm (l) x 20,4 mm (H)<\/li>\n<li class=\"AnswerParser_ListItem__XqLOV\" translate=\"yes\"><strong>Poids<\/strong>: 143 g<\/li>\n<li class=\"AnswerParser_ListItem__XqLOV\" translate=\"yes\"><strong>Interface USB<\/strong>:\n<ul class=\"AnswerParser_AnswerParserUnorderedList__P_1FW\">\n<li class=\"AnswerParser_ListItem__XqLOV\" translate=\"yes\">Protocole : USB CCID<\/li>\n<li class=\"AnswerParser_ListItem__XqLOV\" translate=\"yes\">Type de connecteur : USB Type-A (ACR1581U-C1), USB Type-C (ACR1581U-CF)<\/li>\n<li class=\"AnswerParser_ListItem__XqLOV\" translate=\"yes\">Longueur du c\u00e2ble : 2 m, non d\u00e9tachable<\/li>\n<\/ul>\n<\/li>\n<\/ul>\n<p><span class=\"AnswerParser_TextContainer__z_Iiv\" data-testid=\"youchat-text\">La conception compacte de l&#039;ACR1581U permet de l&#039;int\u00e9grer facilement dans divers environnements, que ce soit sur un point de vente ou dans un syst\u00e8me de contr\u00f4le d&#039;acc\u00e8s s\u00e9curis\u00e9.<\/span><\/p>\n<h2 class=\"AnswerParser_AnswerParserH2__SIHnF\">Types de cartes pris en charge<\/h2>\n<p><span class=\"AnswerParser_TextContainer__z_Iiv\" data-testid=\"youchat-text\">L&#039;ACR1581U est compatible avec une large gamme de cartes \u00e0 puce, notamment :<\/span><\/p>\n<ul class=\"AnswerParser_AnswerParserUnorderedList__P_1FW\">\n<li class=\"AnswerParser_ListItem__XqLOV\" translate=\"yes\"><strong>Contacter Cartes \u00e0 puce<\/strong>: Prend en charge les normes ISO 7816 Classe A, B et C (5 V, 3 V, 1,8 V) avec les protocoles T = 0 et T = 1.<\/li>\n<li class=\"AnswerParser_ListItem__XqLOV\" translate=\"yes\"><strong>Cartes \u00e0 puce sans contact<\/strong>: Prend en charge ISO 14443 types A et B, ISO 15693, MIFARE\u00ae et FeliCa.<\/li>\n<li class=\"AnswerParser_ListItem__XqLOV\" translate=\"yes\"><strong>Interface de la carte SAM<\/strong>:Comprend un emplacement pour carte SIM standard pour une gestion s\u00e9curis\u00e9e des acc\u00e8s.<\/li>\n<\/ul>\n<p><span class=\"AnswerParser_TextContainer__z_Iiv\" data-testid=\"youchat-text\">Cette compatibilit\u00e9 \u00e9tendue garantit que l&#039;ACR1581U peut r\u00e9pondre aux besoins de diverses industries et applications.<\/span><\/p>\n<h2 class=\"AnswerParser_AnswerParserH2__SIHnF\">Sp\u00e9cifications techniques<\/h2>\n<div class=\"AnswerParser_TableContainer__Erb6v\" data-testid=\"table-container\">\n<table>\n<thead>\n<tr>\n<th>Sp\u00e9cification<\/th>\n<th>D\u00e9tails<\/th>\n<\/tr>\n<\/thead>\n<tbody>\n<tr>\n<td><strong>Interface<\/strong><\/td>\n<td>CCID USB<\/td>\n<\/tr>\n<tr>\n<td><strong>Type de connecteur<\/strong><\/td>\n<td>USB Type-A (ACR1581U-C1), USB Type-C (ACR1581U-CF)<\/td>\n<\/tr>\n<tr>\n<td><strong>Source d&#039;\u00e9nergie<\/strong><\/td>\n<td>Depuis le port USB<\/td>\n<\/tr>\n<tr>\n<td><strong>Vitesse<\/strong><\/td>\n<td>USB pleine vitesse (12 Mbit\/s)<\/td>\n<\/tr>\n<tr>\n<td><strong>Dimensions<\/strong><\/td>\n<td>120,5 mm (L) x 72,0 mm (L) x 20,4 mm (H)<\/td>\n<\/tr>\n<tr>\n<td><strong>Poids<\/strong><\/td>\n<td>143 g<\/td>\n<\/tr>\n<tr>\n<td><strong>Contacter l&#039;interface de carte \u00e0 puce<\/strong><\/td>\n<td>ISO 7816 Classe A, B, C<\/td>\n<\/tr>\n<tr>\n<td><strong>Interface de carte \u00e0 puce sans contact<\/strong><\/td>\n<td>ISO 14443 types A et B, ISO 15693, MIFARE\u00ae, FeliCa<\/td>\n<\/tr>\n<tr>\n<td><strong>Mise \u00e0 jour du firmware<\/strong><\/td>\n<td>Prise en charge<\/td>\n<\/tr>\n<tr>\n<td><strong>Certifications<\/strong><\/td>\n<td>CEI\/EN 62368, CE, FCC, UKCA, VCCI, RoHS, REACH, DEEE<\/td>\n<\/tr>\n<\/tbody>\n<\/table>\n<\/div>\n<h2 class=\"AnswerParser_AnswerParserH2__SIHnF\">Instructions d&#039;utilisation<\/h2>\n<p><span class=\"AnswerParser_TextContainer__z_Iiv\" data-testid=\"youchat-text\">L&#039;utilisation du lecteur NFC ACR1581U est simple\u00a0:<\/span><\/p>\n<ol class=\"AnswerParser_AnswerParserOrderedList__kl_2Y\">\n<li class=\"AnswerParser_ListItem__XqLOV\" translate=\"yes\"><strong>Connecter l&#039;appareil<\/strong>:Branchez le lecteur sur votre ordinateur ou appareil compatible \u00e0 l&#039;aide de la connexion USB.<\/li>\n<li class=\"AnswerParser_ListItem__XqLOV\" translate=\"yes\"><strong>Installer les logiciels n\u00e9cessaires<\/strong>:Selon votre application, vous devrez peut-\u00eatre installer des logiciels ou des pilotes sp\u00e9cifiques. L&#039;ACR1581U est compatible avec divers syst\u00e8mes d&#039;exploitation, notamment Windows, Linux, macOS, Android\u2122 et iOS\/iPadOS (16 ou sup\u00e9rieur).<\/li>\n<li class=\"AnswerParser_ListItem__XqLOV\" translate=\"yes\"><strong>Commencez \u00e0 lire et \u00e0 \u00e9crire<\/strong>:Une fois l&#039;appareil connect\u00e9 et le logiciel install\u00e9, vous pouvez commencer \u00e0 lire et \u00e0 \u00e9crire des donn\u00e9es sur des cartes \u00e0 puce et des \u00e9tiquettes NFC. L&#039;interface conviviale et les m\u00e9canismes de r\u00e9troaction rendent ce processus rapide et efficace.<\/li>\n<\/ol>\n<h2 class=\"AnswerParser_AnswerParserH2__SIHnF\">Impact environnemental et conformit\u00e9<\/h2>\n<p><span class=\"AnswerParser_TextContainer__z_Iiv\" data-testid=\"youchat-text\">Le lecteur de cartes \u00e0 puce ACR1581U est con\u00e7u dans un souci de durabilit\u00e9. Il est conforme \u00e0 diverses normes environnementales, notamment RoHS et WEEE, ce qui garantit qu&#039;il r\u00e9pond aux objectifs mondiaux de durabilit\u00e9. En utilisant une gestion efficace de l&#039;\u00e9nergie et des mat\u00e9riaux recyclables, l&#039;ACR1581U minimise son empreinte environnementale.<\/span><\/p>\n<h2 class=\"AnswerParser_AnswerParserH2__SIHnF\">\u00c9valuations et avis des clients<\/h2>\n<p><span class=\"AnswerParser_TextContainer__z_Iiv\" data-testid=\"youchat-text\">L&#039;ACR1581U a re\u00e7u des commentaires positifs de la part d&#039;utilisateurs de divers secteurs. Les clients appr\u00e9cient sa fiabilit\u00e9, sa facilit\u00e9 d&#039;utilisation et sa polyvalence. Voici quelques points forts des \u00e9valuations et des critiques :<\/span><\/p>\n<ul class=\"AnswerParser_AnswerParserUnorderedList__P_1FW\">\n<li class=\"AnswerParser_ListItem__XqLOV\" translate=\"yes\"><strong>Convivial<\/strong>:De nombreux utilisateurs ont not\u00e9 \u00e0 quel point il est facile de configurer et de commencer \u00e0 utiliser l\u2019appareil.<\/li>\n<li class=\"AnswerParser_ListItem__XqLOV\" translate=\"yes\"><strong>Polyvalent<\/strong>:Les clients appr\u00e9cient la possibilit\u00e9 de travailler avec diff\u00e9rentes cartes \u00e0 puce et \u00e9tiquettes NFC, ce qui la rend adapt\u00e9e \u00e0 diverses applications.<\/li>\n<li class=\"AnswerParser_ListItem__XqLOV\" translate=\"yes\"><strong>Des performances fiables<\/strong>:Les utilisateurs mentionnent fr\u00e9quemment que l&#039;ACR1581U offre syst\u00e9matiquement des performances rapides et efficaces.<\/li>\n<\/ul>\n<h2 class=\"AnswerParser_AnswerParserH2__SIHnF\">Questions fr\u00e9quemment pos\u00e9es (FAQ)<\/h2>\n<p><span class=\"AnswerParser_TextContainer__z_Iiv\" data-testid=\"youchat-text\"><strong>Q1 : Quels types de cartes l&#039;ACR1581U peut-il lire ?<\/strong><br \/>\nA1\u00a0: L&#039;ACR1581U peut lire diverses cartes \u00e0 puce, notamment ISO 7816, ISO 14443 Type A &amp; B, MIFARE\u00ae et FeliCa.<\/span><\/p>\n<p><span class=\"AnswerParser_TextContainer__z_Iiv\" data-testid=\"youchat-text\"><strong>Q2 : L&#039;ACR1581U est-il compatible avec les appareils mobiles ?<\/strong><br \/>\nA2 : Oui, l&#039;ACR1581U est compatible avec les appareils Android\u2122 et iOS\/iPadOS, ce qui le rend polyvalent pour les applications mobiles.<\/span><\/p>\n<p><span class=\"AnswerParser_TextContainer__z_Iiv\" data-testid=\"youchat-text\"><strong>Q3 : Puis-je mettre \u00e0 niveau le firmware de l&#039;ACR1581U ?<\/strong><br \/>\nA3\u00a0: Oui, l&#039;ACR1581U prend en charge les mises \u00e0 niveau du micrologiciel pour garantir des performances optimales et une compatibilit\u00e9 avec les nouvelles normes.<\/span><\/p>\n<h2 class=\"AnswerParser_AnswerParserH2__SIHnF\">Pourquoi choisir le lecteur NFC ACR1581U ?<\/h2>\n<p><span class=\"AnswerParser_TextContainer__z_Iiv\" data-testid=\"youchat-text\">Le lecteur de cartes \u00e0 puce ACR1581U se distingue comme un produit exceptionnel dans le domaine de la technologie sans contact. Sa combinaison de capacit\u00e9s d&#039;interface double, de compatibilit\u00e9 \u00e9tendue avec diverses cartes \u00e0 puce et de facilit\u00e9 d&#039;utilisation en fait un atout pr\u00e9cieux pour les entreprises et les d\u00e9veloppeurs qui cherchent \u00e0 tirer parti de la technologie NFC. Que vous cherchiez \u00e0 am\u00e9liorer le traitement des paiements, \u00e0 rationaliser le contr\u00f4le d&#039;acc\u00e8s ou \u00e0 innover avec les applications NFC, l&#039;ACR1581U est le choix parfait.<\/span><span class=\"AnswerParser_TextContainer__z_Iiv\" data-testid=\"youchat-text\">Investir dans l&#039;ACR1581U, c&#039;est s&#039;\u00e9quiper d&#039;un lecteur de cartes \u00e0 puce fiable et de haute qualit\u00e9, capable de s&#039;adapter \u00e0 vos besoins. D\u00e9couvrez les possibilit\u00e9s offertes par ce lecteur de cartes \u00e0 puce avanc\u00e9\u00a0<strong>lecteur de carte \u00e0 puce<\/strong>\u00a0offres et transformez vos interactions NFC d\u00e8s aujourd&#039;hui !<\/span><\/p>\n<hr \/>\n<p><span class=\"AnswerParser_TextContainer__z_Iiv\" data-testid=\"youchat-text\">En choisissant l&#039;ACR1581U, vous am\u00e9liorez non seulement votre efficacit\u00e9 op\u00e9rationnelle, mais vous avez \u00e9galement la garantie d&#039;\u00eatre \u00e9quip\u00e9 d&#039;un appareil conforme aux derni\u00e8res normes et technologies. Ne manquez pas l&#039;occasion d&#039;am\u00e9liorer votre exp\u00e9rience NFC : envisagez l&#039;ACR1581U pour votre prochain projet !<\/span><\/p>","protected":false},"excerpt":{"rendered":"<p>ACR1581U est un lecteur de carte \u00e0 puce qui prend en charge NFC et ISO\/IEC 15693, 14443.<\/p>","protected":false},"featured_media":3289,"template":"","meta":[],"product_brand":[],"product_cat":[45,39,40],"product_tag":[],"class_list":{"0":"post-3288","1":"product","2":"type-product","3":"status-publish","4":"has-post-thumbnail","6":"product_cat-contactless-nfc-reader","7":"product_cat-usb-ic-smartcard-reader","8":"product_cat-rfid-nfc-reader","10":"first","11":"instock","12":"shipping-taxable","13":"product-type-simple"},"_links":{"self":[{"href":"https:\/\/nfc-readers.com\/fr\/wp-json\/wp\/v2\/product\/3288","targetHints":{"allow":["GET"]}}],"collection":[{"href":"https:\/\/nfc-readers.com\/fr\/wp-json\/wp\/v2\/product"}],"about":[{"href":"https:\/\/nfc-readers.com\/fr\/wp-json\/wp\/v2\/types\/product"}],"wp:featuredmedia":[{"embeddable":true,"href":"https:\/\/nfc-readers.com\/fr\/wp-json\/wp\/v2\/media\/3289"}],"wp:attachment":[{"href":"https:\/\/nfc-readers.com\/fr\/wp-json\/wp\/v2\/media?parent=3288"}],"wp:term":[{"taxonomy":"product_brand","embeddable":true,"href":"https:\/\/nfc-readers.com\/fr\/wp-json\/wp\/v2\/product_brand?post=3288"},{"taxonomy":"product_cat","embeddable":true,"href":"https:\/\/nfc-readers.com\/fr\/wp-json\/wp\/v2\/product_cat?post=3288"},{"taxonomy":"product_tag","embeddable":true,"href":"https:\/\/nfc-readers.com\/fr\/wp-json\/wp\/v2\/product_tag?post=3288"}],"curies":[{"name":"wp","href":"https:\/\/api.w.org\/{rel}","templated":true}]}}