{"id":3296,"date":"2024-11-01T05:02:29","date_gmt":"2024-11-01T05:02:29","guid":{"rendered":"https:\/\/nfc-readers.com\/?post_type=product&#038;p=3296"},"modified":"2024-11-01T05:02:30","modified_gmt":"2024-11-01T05:02:30","slug":"aes-128-encryption-algorithm-nfc-forum-4-dia-30mm-nfc-tag","status":"publish","type":"product","link":"https:\/\/nfc-readers.com\/fr\/ic-reader\/aes-128-encryption-algorithm-nfc-forum-4-dia-30mm-nfc-tag\/","title":{"rendered":"Algorithme de cryptage AES 128 NFC Forum 4 Dia 30mm NFC Tag"},"content":{"rendered":"<h1 style=\"text-align: center;\"><strong>Algorithme de cryptage AES 128 NFC Forum 4 Dia 30mm NFC Tag<\/strong><\/h1>\n<p>&nbsp;<\/p>\n<p>Le <strong>Algorithme de cryptage AES 128 NFC Forum 4 Dia 30mm NFC Tag<\/strong>\u00a0est une solution polyvalente et s\u00e9curis\u00e9e pour une vari\u00e9t\u00e9 d&#039;applications qui n\u00e9cessitent une communication de donn\u00e9es et une s\u00e9curit\u00e9 fiables. Fabriqu\u00e9e avec une technologie de pointe, cette \u00e9tiquette NFC int\u00e8gre la puce NTAG 424 DNA avanc\u00e9e, garantissant le plus haut niveau de protection des donn\u00e9es gr\u00e2ce \u00e0 l&#039;UID crypt\u00e9 AES 128, ce qui en fait un choix id\u00e9al pour les entreprises et l&#039;utilisation personnelle. Dans cette description compl\u00e8te du produit, nous allons nous pencher sur ses caract\u00e9ristiques, ses avantages et ses applications pratiques, en soulignant pourquoi il s&#039;agit d&#039;un investissement rentable pour vos besoins NFC.<\/p>\n<p>&nbsp;<\/p>\n<h3><strong>Pourquoi acheter le tag NFC avec cryptage AES 128\u00a0?<\/strong><\/h3>\n<p>Le tag NFC Forum 4 \u00e9quip\u00e9 du cryptage AES 128 offre une s\u00e9curit\u00e9 et des fonctionnalit\u00e9s in\u00e9gal\u00e9es dans un format compact. Ses caract\u00e9ristiques d&#039;\u00e9tanch\u00e9it\u00e9 et de r\u00e9sistance aux intemp\u00e9ries le rendent r\u00e9sistant \u00e0 une utilisation en ext\u00e9rieur, vous permettant de l&#039;appliquer sur diverses surfaces, y compris le m\u00e9tal. Con\u00e7u pour des utilisations innovantes, <strong>appairage wifi<\/strong>\u00a0\u00e0\u00a0<strong>Int\u00e9grations de cartes d&#039;affiches<\/strong>, cette \u00e9tiquette NFC fournit une m\u00e9thode s\u00e9curis\u00e9e pour transmettre des donn\u00e9es sans effort. De plus, sa compatibilit\u00e9 avec\u00a0<strong>Appareils mobiles compatibles NFC<\/strong>\u00a0simplifie l&#039;exp\u00e9rience utilisateur, permettant un acc\u00e8s facile aux informations d&#039;un simple toucher.<\/p>\n<p>&nbsp;<\/p>\n<h3><strong>Caract\u00e9ristiques sp\u00e9ciales de l&#039;\u00e9tiquette NFC \u00e0 cryptage AES 128<\/strong><\/h3>\n<p>&nbsp;<\/p>\n<p>Le\u00a0<strong>\u00c9tiquette NFC avec cryptage AES 128<\/strong>\u00a0est dot\u00e9 de fonctionnalit\u00e9s qui am\u00e9liorent sa fonctionnalit\u00e9 et sa fiabilit\u00e9 dans divers environnements\u00a0:<\/p>\n<ul>\n<li><strong>Imperm\u00e9able \/ R\u00e9sistant aux intemp\u00e9ries :<\/strong>\u00a0Cela garantit durabilit\u00e9 et performance dans les environnements int\u00e9rieurs et ext\u00e9rieurs, le prot\u00e9geant de l&#039;humidit\u00e9 et de la poussi\u00e8re.<\/li>\n<li><strong>Inviolable :<\/strong>\u00a0L&#039;\u00e9tiquette comprend des fonctionnalit\u00e9s qui indiquent si elle a \u00e9t\u00e9 falsifi\u00e9e, offrant ainsi une couche de s\u00e9curit\u00e9 suppl\u00e9mentaire contre les acc\u00e8s non autoris\u00e9s.<\/li>\n<\/ul>\n<p>Sa combinaison unique de fonctionnalit\u00e9s en fait un choix privil\u00e9gi\u00e9 pour les entreprises qui cherchent \u00e0 am\u00e9liorer leurs mesures de s\u00e9curit\u00e9 ou \u00e0 rationaliser leurs op\u00e9rations.<\/p>\n<p>&nbsp;<\/p>\n<table class=\"preview\" style=\"height: 271px;\" width=\"529\">\n<thead>\n<tr>\n<th>Sp\u00e9cification<\/th>\n<th>D\u00e9tails<\/th>\n<\/tr>\n<\/thead>\n<tbody>\n<tr>\n<td>Num\u00e9ro de mod\u00e8le<\/td>\n<td>SX-T424ADN<\/td>\n<\/tr>\n<tr>\n<td>\u00c9br\u00e9cher<\/td>\n<td>ADN NTAG424<\/td>\n<\/tr>\n<tr>\n<td>Taille<\/td>\n<td>Diam\u00e8tre 30 mm<\/td>\n<\/tr>\n<tr>\n<td>Capacitance<\/td>\n<td>50 PF<\/td>\n<\/tr>\n<tr>\n<td>Taux de transmission<\/td>\n<td>848 Kbits\/s<\/td>\n<\/tr>\n<tr>\n<td>Protocole<\/td>\n<td>ISO\/CEI 14443-A<\/td>\n<\/tr>\n<tr>\n<td>Type d&#039;\u00e9tiquette<\/td>\n<td>Forum NFC 4<\/td>\n<\/tr>\n<tr>\n<td>Finition de surface<\/td>\n<td>Brillant\/mat<\/td>\n<\/tr>\n<tr>\n<td>Conditionnement<\/td>\n<td>1000-5000 pi\u00e8ces\/<\/td>\n<\/tr>\n<\/tbody>\n<\/table>\n<h3><\/h3>\n<h3><strong>FAQ sur le tag NFC<\/strong><\/h3>\n<h3>1.\u00a0<strong>Qu&#039;est-ce qu&#039;un tag NFC ?<\/strong><\/h3>\n<p>Une \u00e9tiquette NFC (Near Field Communication) est une petite puce qui permet la communication sans fil entre des appareils lorsqu&#039;ils sont \u00e0 proximit\u00e9. Elle est couramment utilis\u00e9e pour l&#039;\u00e9change de donn\u00e9es, les paiements sans contact et diverses applications de marketing et de partage d&#039;informations.<\/p>\n<h3>2.\u00a0<strong>Comment le cryptage AES 128 am\u00e9liore-t-il la s\u00e9curit\u00e9 ?<\/strong><\/h3>\n<p>Le chiffrement AES 128 ajoute une couche de s\u00e9curit\u00e9 en codant les donn\u00e9es stock\u00e9es sur l&#039;\u00e9tiquette NFC. Cela signifie que m\u00eame si quelqu&#039;un parvient \u00e0 lire les donn\u00e9es, il ne pourra pas les comprendre sans la cl\u00e9 de d\u00e9chiffrement appropri\u00e9e, prot\u00e9geant ainsi les informations sensibles contre tout acc\u00e8s non autoris\u00e9.<\/p>\n<h3>3.\u00a0<strong>Cette \u00e9tiquette NFC peut-elle \u00eatre utilis\u00e9e sur des surfaces m\u00e9talliques ?<\/strong><\/h3>\n<p>Oui, l&#039;\u00e9tiquette NFC \u00e0 chiffrement AES 128 est sp\u00e9cialement con\u00e7ue pour \u00eatre polyvalente et peut \u00eatre appliqu\u00e9e sur des surfaces m\u00e9talliques ainsi que sur d&#039;autres mat\u00e9riaux. Cela la rend id\u00e9ale pour diverses applications, notamment l&#039;\u00e9tiquetage de produits et les utilisations industrielles.<\/p>\n<h3>4.\u00a0<strong>Quels appareils sont compatibles avec les tags NFC ?<\/strong><\/h3>\n<p>La plupart des smartphones et tablettes modernes prenant en charge la technologie NFC sont compatibles avec cette \u00e9tiquette. Les utilisateurs peuvent facilement lire les donn\u00e9es enregistr\u00e9es en touchant simplement leur appareil contre l&#039;\u00e9tiquette NFC.<\/p>\n<h3>5.\u00a0<strong>Cette balise peut-elle \u00eatre r\u00e9\u00e9crite ?<\/strong><\/h3>\n<p>Oui, l&#039;\u00e9tiquette NFC avec chiffrement AES 128 est r\u00e9inscriptible, ce qui vous permet de modifier les donn\u00e9es stock\u00e9es selon vos besoins. Cette fonctionnalit\u00e9 est particuli\u00e8rement utile pour les entreprises qui ont besoin de flexibilit\u00e9 dans la mise \u00e0 jour des informations.<\/p>","protected":false},"excerpt":{"rendered":"<p>Le tag NFC Forum 4 \u00e0 chiffrement AES 128, d&#039;un diam\u00e8tre de 30 mm, offre une s\u00e9curit\u00e9 robuste pour la transmission de donn\u00e9es. Id\u00e9al pour diverses applications, il garantit des interactions NFC fluides et fiables.<\/p>","protected":false},"featured_media":3297,"template":"","meta":[],"product_brand":[],"product_cat":[47],"product_tag":[],"class_list":{"0":"post-3296","1":"product","2":"type-product","3":"status-publish","4":"has-post-thumbnail","6":"product_cat-nfc-tags","8":"first","9":"instock","10":"shipping-taxable","11":"product-type-simple"},"_links":{"self":[{"href":"https:\/\/nfc-readers.com\/fr\/wp-json\/wp\/v2\/product\/3296","targetHints":{"allow":["GET"]}}],"collection":[{"href":"https:\/\/nfc-readers.com\/fr\/wp-json\/wp\/v2\/product"}],"about":[{"href":"https:\/\/nfc-readers.com\/fr\/wp-json\/wp\/v2\/types\/product"}],"wp:featuredmedia":[{"embeddable":true,"href":"https:\/\/nfc-readers.com\/fr\/wp-json\/wp\/v2\/media\/3297"}],"wp:attachment":[{"href":"https:\/\/nfc-readers.com\/fr\/wp-json\/wp\/v2\/media?parent=3296"}],"wp:term":[{"taxonomy":"product_brand","embeddable":true,"href":"https:\/\/nfc-readers.com\/fr\/wp-json\/wp\/v2\/product_brand?post=3296"},{"taxonomy":"product_cat","embeddable":true,"href":"https:\/\/nfc-readers.com\/fr\/wp-json\/wp\/v2\/product_cat?post=3296"},{"taxonomy":"product_tag","embeddable":true,"href":"https:\/\/nfc-readers.com\/fr\/wp-json\/wp\/v2\/product_tag?post=3296"}],"curies":[{"name":"wp","href":"https:\/\/api.w.org\/{rel}","templated":true}]}}