{"id":3303,"date":"2024-11-01T05:12:29","date_gmt":"2024-11-01T05:12:29","guid":{"rendered":"https:\/\/nfc-readers.com\/?post_type=product&#038;p=3303"},"modified":"2024-11-01T05:12:29","modified_gmt":"2024-11-01T05:12:29","slug":"dia-30mm-ntag-424-dna-nfc-sticker-tamper-proof-high-security-2","status":"publish","type":"product","link":"https:\/\/nfc-readers.com\/fr\/ic-reader\/dia-30mm-ntag-424-dna-nfc-sticker-tamper-proof-high-security-2\/","title":{"rendered":"Autocollant NFC ADN NTAG 424 de diam\u00e8tre 30 mm, inviolable, haute s\u00e9curit\u00e9"},"content":{"rendered":"<h1 style=\"text-align: center;\"><strong>Autocollant NFC ADN NTAG 424 de diam\u00e8tre 30 mm, inviolable, haute s\u00e9curit\u00e9<\/strong><\/h1>\n<p>&nbsp;<\/p>\n<p>Am\u00e9liorez l&#039;authenticit\u00e9 de votre produit gr\u00e2ce \u00e0 l&#039;innovation\u00a0<strong>Autocollant NFC NTAG 424 ADN diam\u00e8tre 30 mm<\/strong>. Ce produit de pointe allie haute s\u00e9curit\u00e9 et fonctionnalit\u00e9s conviviales, ce qui en fait un outil indispensable pour la tra\u00e7abilit\u00e9 anti-contrefa\u00e7on du vin rouge et au-del\u00e0. Avec ses capacit\u00e9s d&#039;inviolabilit\u00e9, sa conception \u00e9tanche et son interface de communication s\u00e9curis\u00e9e, cet autocollant NFC est essentiel pour les marques qui cherchent \u00e0 prot\u00e9ger leurs produits et \u00e0 garantir la confiance des clients.<\/p>\n<h3><\/h3>\n<p>&nbsp;<\/p>\n<p>Le besoin croissant de v\u00e9rification des produits sur le march\u00e9 actuel ne peut \u00eatre surestim\u00e9. Avec l&#039;augmentation des incidents de contrefa\u00e7on, en particulier sur des produits de valeur comme le vin rouge, il est primordial de garantir l&#039;int\u00e9grit\u00e9 de votre marque. L&#039;autocollant NFC NTAG 424 DNA offre des protections incroyables contre la falsification et l&#039;acc\u00e8s non autoris\u00e9, avec des fonctionnalit\u00e9s soutenues par des protocoles de s\u00e9curit\u00e9 de pointe. En investissant dans ces autocollants NFC, vous prot\u00e9gez votre produit, am\u00e9liorez l&#039;exp\u00e9rience client et renforcez la fid\u00e9lit\u00e9 \u00e0 la marque.<\/p>\n<p>&nbsp;<\/p>\n<h3><strong>Pr\u00e9sentation et sp\u00e9cifications du produit<\/strong><\/h3>\n<p>Le\u00a0<strong>Autocollant NFC NTAG 424 ADN diam\u00e8tre 30 mm<\/strong>\u00a0est con\u00e7u pour des performances haut de gamme, combinant une puce de haute s\u00e9curit\u00e9 avec des capacit\u00e9s multifonctionnelles. Cr\u00e9\u00e9 \u00e0 partir de mat\u00e9riaux durables\u00a0<strong>Mat\u00e9riau PET<\/strong>, cet autocollant est non seulement con\u00e7u pour durer mais \u00e9galement pour supporter diverses conditions environnementales. Vous trouverez ci-dessous les sp\u00e9cifications essentielles \u00e0 noter\u00a0:<\/p>\n<ul>\n<li><strong>Mod\u00e8le de puce<\/strong>:ADN NTAG 424<\/li>\n<li><strong>Taille<\/strong>:Diam\u00e8tre 30mm<\/li>\n<li><strong>M\u00e9moire<\/strong>: 416 octets<\/li>\n<li><strong>Fr\u00e9quence<\/strong>: 13,56 MHz<\/li>\n<li><strong>Forum NFC<\/strong>: Type 4<\/li>\n<li><strong>Protocole de s\u00e9curit\u00e9<\/strong>: AES 128 bits, LRP<\/li>\n<li><strong>Touches d&#039;acc\u00e8s<\/strong>: 5 x 128 bits<\/li>\n<li><strong>\u00c9crire Endurance<\/strong>: 200 000 cycles<\/li>\n<li><strong>Mat\u00e9riel<\/strong>: PET (imperm\u00e9able \u00e0 l&#039;eau et aux intemp\u00e9ries)<\/li>\n<li><strong>Lieu d&#039;origine<\/strong>:Guangdong, Chine<\/li>\n<\/ul>\n<p>Ces sp\u00e9cifications indiquent que cet autocollant NFC est con\u00e7u pour des performances et une fiabilit\u00e9 \u00e9lev\u00e9es, id\u00e9al pour les applications n\u00e9cessitant une interaction constante et une s\u00e9curit\u00e9 des donn\u00e9es.<\/p>\n<p>&nbsp;<\/p>\n<p>&nbsp;<\/p>\n<h3><strong>Principales caract\u00e9ristiques de l&#039;autocollant NFC NTAG 424 DNA<\/strong><\/h3>\n<p>&nbsp;<\/p>\n<p>Le\u00a0<strong>Autocollant NFC<\/strong>\u00a0int\u00e8gre certains\u00a0<strong>Caract\u00e9ristiques sp\u00e9ciales<\/strong>\u00a0qui am\u00e9liorent ses performances globales. Voici quelques caract\u00e9ristiques remarquables\u00a0:<\/p>\n<ul>\n<li><strong>Imperm\u00e9able et r\u00e9sistant aux intemp\u00e9ries<\/strong>: Cet autocollant NFC est con\u00e7u pour r\u00e9sister \u00e0 diverses conditions environnementales, ce qui le rend adapt\u00e9 aux applications int\u00e9rieures et ext\u00e9rieures. Qu&#039;il s&#039;agisse d&#039;une \u00e9claboussure d&#039;eau ou d&#039;une exposition au soleil,\u00a0<strong>Autocollant NFC ADN NTAG 424<\/strong>\u00a0reste fonctionnel et intact.<\/li>\n<li><strong>Communication haute performance<\/strong>:Fonctionnant \u00e0 une fr\u00e9quence de\u00a0<strong>13,56 MHz<\/strong>, cet autocollant NFC permet une communication rapide avec\u00a0<strong>Smartphones compatibles NFC<\/strong>\u00a0et les appareils. Cette interaction transparente garantit un acc\u00e8s efficace et rapide aux informations lors de la num\u00e9risation de l&#039;autocollant.<\/li>\n<li><strong>Technologie inviolable<\/strong>:La capacit\u00e9 de l&#039;autocollant \u00e0 agir comme un sceau inviolable offre une tranquillit\u00e9 d&#039;esprit. Si quelqu&#039;un tente d&#039;acc\u00e9der aux informations sans autorisation appropri\u00e9e, l&#039;autocollant signale une alt\u00e9ration, prot\u00e9geant ainsi l&#039;int\u00e9grit\u00e9 de votre produit.<\/li>\n<\/ul>\n<p>Cette combinaison de fonctionnalit\u00e9s fait de l\u2019autocollant NFC NTAG 424 DNA un atout pr\u00e9cieux pour les entreprises qui investissent dans la protection et la v\u00e9rification de leurs produits.<\/p>\n<p>&nbsp;<\/p>\n<h3><strong>FAQ : Questions fr\u00e9quentes sur l&#039;autocollant NFC NTAG 424 DNA de 30 mm de diam\u00e8tre<\/strong><\/h3>\n<h3>1.\u00a0<strong>\u00c0 quoi sert l&#039;autocollant NFC NTAG 424 DNA de 30 mm de diam\u00e8tre ?<\/strong><\/h3>\n<p>L&#039;autocollant NFC NTAG 424 DNA est principalement utilis\u00e9 pour l&#039;authentification des produits et la lutte contre la contrefa\u00e7on, en particulier pour les articles de valeur tels que le vin rouge. Il peut \u00e9galement servir \u00e0 diverses applications dans des secteurs tels que la vente au d\u00e9tail, la logistique et la gestion des stocks en offrant un acc\u00e8s facile au contenu num\u00e9rique lorsqu&#039;il est scann\u00e9 avec un smartphone compatible NFC.<\/p>\n<h3>2.\u00a0<strong>Comment utiliser l&#039;autocollant NFC ?<\/strong><\/h3>\n<p>Pour utiliser l&#039;autocollant NFC, il suffit de d\u00e9coller le support adh\u00e9sif et de le coller sur la surface souhait\u00e9e. Pour scanner, les utilisateurs ont besoin d&#039;un smartphone ou d&#039;un appareil compatible NFC. En tenant l&#039;appareil pr\u00e8s de l&#039;autocollant, les informations qui y sont stock\u00e9es sont accessibles automatiquement.<\/p>\n<h3>3.\u00a0<strong>L&#039;autocollant NFC NTAG 424 DNA est-il \u00e9tanche ?<\/strong><\/h3>\n<p>Oui, l&#039;autocollant NFC NTAG 424 DNA est con\u00e7u pour \u00eatre \u00e9tanche et r\u00e9sistant aux intemp\u00e9ries. Il peut r\u00e9sister \u00e0 diverses conditions environnementales, ce qui le rend adapt\u00e9 aux applications int\u00e9rieures et ext\u00e9rieures.<\/p>\n<h3>4.\u00a0<strong>Dans quelle mesure les donn\u00e9es stock\u00e9es sur l\u2019autocollant NFC sont-elles s\u00e9curis\u00e9es\u00a0?<\/strong><\/h3>\n<p>L&#039;autocollant est dot\u00e9 de protocoles de s\u00e9curit\u00e9 robustes, notamment un cryptage AES 128 bits et plusieurs cl\u00e9s d&#039;acc\u00e8s (5 x 128 bits). Ce niveau de s\u00e9curit\u00e9 permet de prot\u00e9ger les donn\u00e9es contre tout acc\u00e8s non autoris\u00e9 et garantit que seuls les utilisateurs autoris\u00e9s peuvent r\u00e9cup\u00e9rer ou modifier les informations qui y sont stock\u00e9es.<\/p>\n<h3>5.\u00a0<strong>Les donn\u00e9es sur l&#039;autocollant NFC peuvent-elles \u00eatre mises \u00e0 jour ?<\/strong><\/h3>\n<p>Oui, les donn\u00e9es stock\u00e9es sur l&#039;autocollant NFC NTAG 424 DNA peuvent \u00eatre mises \u00e0 jour \u00e0 l&#039;aide d&#039;un appareil compatible NFC. Cette fonctionnalit\u00e9 est particuli\u00e8rement utile pour les entreprises qui doivent maintenir les informations sur leurs produits \u00e0 jour et pertinentes au fil du temps.<\/p>","protected":false},"excerpt":{"rendered":"<p>Le\u00a0<strong>Autocollant NFC NTAG 424 ADN diam\u00e8tre 30 mm<\/strong>\u00a0offre des fonctionnalit\u00e9s de s\u00e9curit\u00e9 \u00e9lev\u00e9es et inviolables, ce qui en fait une solution essentielle pour l&#039;authentification des produits et la lutte contre la contrefa\u00e7on. Con\u00e7u pour la durabilit\u00e9 et l&#039;\u00e9tanch\u00e9it\u00e9, cet autocollant NFC assure une protection et une tra\u00e7abilit\u00e9 fiables pour une large gamme d&#039;applications.<\/p>","protected":false},"featured_media":3304,"template":"","meta":[],"product_brand":[],"product_cat":[48],"product_tag":[],"class_list":{"0":"post-3303","1":"product","2":"type-product","3":"status-publish","4":"has-post-thumbnail","6":"product_cat-nfc-stickers","8":"first","9":"instock","10":"shipping-taxable","11":"product-type-simple"},"_links":{"self":[{"href":"https:\/\/nfc-readers.com\/fr\/wp-json\/wp\/v2\/product\/3303","targetHints":{"allow":["GET"]}}],"collection":[{"href":"https:\/\/nfc-readers.com\/fr\/wp-json\/wp\/v2\/product"}],"about":[{"href":"https:\/\/nfc-readers.com\/fr\/wp-json\/wp\/v2\/types\/product"}],"wp:featuredmedia":[{"embeddable":true,"href":"https:\/\/nfc-readers.com\/fr\/wp-json\/wp\/v2\/media\/3304"}],"wp:attachment":[{"href":"https:\/\/nfc-readers.com\/fr\/wp-json\/wp\/v2\/media?parent=3303"}],"wp:term":[{"taxonomy":"product_brand","embeddable":true,"href":"https:\/\/nfc-readers.com\/fr\/wp-json\/wp\/v2\/product_brand?post=3303"},{"taxonomy":"product_cat","embeddable":true,"href":"https:\/\/nfc-readers.com\/fr\/wp-json\/wp\/v2\/product_cat?post=3303"},{"taxonomy":"product_tag","embeddable":true,"href":"https:\/\/nfc-readers.com\/fr\/wp-json\/wp\/v2\/product_tag?post=3303"}],"curies":[{"name":"wp","href":"https:\/\/api.w.org\/{rel}","templated":true}]}}