{"id":3311,"date":"2024-11-01T05:20:56","date_gmt":"2024-11-01T05:20:56","guid":{"rendered":"https:\/\/nfc-readers.com\/?post_type=product&#038;p=3311"},"modified":"2024-11-01T05:20:57","modified_gmt":"2024-11-01T05:20:57","slug":"iso14443a-ntag-213-215-216-pet-wet-inlay-nfc-tag-dia30mm","status":"publish","type":"product","link":"https:\/\/nfc-readers.com\/fr\/ic-reader\/iso14443a-ntag-213-215-216-pet-wet-inlay-nfc-tag-dia30mm\/","title":{"rendered":"ISO14443A NTAG 213 215 216 \u00e9tiquette humide NFC de marqueterie d&#039;ANIMAL FAMILIER Dia30mm"},"content":{"rendered":"<h1 style=\"text-align: center;\"><strong>ISO14443A NTAG 213 215 216 \u00e9tiquette humide NFC de marqueterie d&#039;ANIMAL FAMILIER Dia30mm<\/strong><\/h1>\n<p>D\u00e9couvrez la puissance de la connectivit\u00e9 avec notre\u00a0<strong>ISO14443A NTAG 213 215 216 \u00c9tiquette NFC \u00e0 incrustation humide PET<\/strong>Cette \u00e9tiquette NFC de 30 mm de diam\u00e8tre est con\u00e7ue pour simplifier la communication entre les appareils \u00e0 une fr\u00e9quence de 13,56 MHz, vous permettant d&#039;\u00e9changer des donn\u00e9es facilement et rapidement. Id\u00e9ales pour diverses applications, ces \u00e9tiquettes pr\u00e9sentent de nombreux avantages qui am\u00e9liorent la convivialit\u00e9, la durabilit\u00e9 et la polyvalence. Que vous cherchiez \u00e0 int\u00e9grer la technologie NFC dans votre entreprise, \u00e0 cr\u00e9er des exp\u00e9riences interactives ou que vous ayez simplement besoin d&#039;une solution NFC fiable, nos \u00e9tiquettes m\u00e9ritent d&#039;\u00eatre prises en consid\u00e9ration.<\/p>\n<p><strong>Pourquoi acheter cette \u00e9tiquette NFC\u00a0:<\/strong><\/p>\n<ul>\n<li><strong>Durabilit\u00e9:<\/strong>\u00a0Chaque \u00e9tiquette NFC est fabriqu\u00e9e \u00e0 partir d&#039;un mat\u00e9riau PET de haute qualit\u00e9, garantissant qu&#039;elle r\u00e9siste aux d\u00e9fis environnementaux tels que l&#039;humidit\u00e9 et les fluctuations de temp\u00e9rature.<\/li>\n<li><strong>Capacit\u00e9 de r\u00e9\u00e9criture\u00a0:<\/strong>\u00a0Avec des puces disponibles dans les variantes NTAG 213, 215 et 216, ces balises offrent diff\u00e9rentes capacit\u00e9s de m\u00e9moire (144\/504\/888 octets), vous permettant de stocker diff\u00e9rents types de donn\u00e9es ou de modifier les informations selon vos besoins.<\/li>\n<li><strong>Int\u00e9gration facile :<\/strong>\u00a0Les \u00e9tiquettes NFC fonctionnent de mani\u00e8re transparente avec tous les appareils compatibles NFC, y compris les smartphones et les lecteurs NFC, ce qui les rend id\u00e9ales pour le marketing, les cartes de visite intelligentes et les informations interactives sur les produits.<\/li>\n<\/ul>\n<h2>Aper\u00e7u du produit<\/h2>\n<h3>1. Caract\u00e9ristiques des \u00e9tiquettes NFC PET ISO14443A NTAG 213 215 216<\/h3>\n<p>Le\u00a0<strong>\u00c9tiquettes NFC ISO14443A NTAG<\/strong>\u00a0sont dot\u00e9s de fonctionnalit\u00e9s con\u00e7ues pour \u00eatre efficaces dans diverses applications.\u00a0<strong>Autocollants NFC<\/strong>\u00a0utilisent une interface de communication qui assure un \u00e9change de donn\u00e9es rapide et efficace. Dot\u00e9es de capacit\u00e9s d&#039;\u00e9tanch\u00e9it\u00e9 et de r\u00e9sistance aux intemp\u00e9ries, ces \u00e9tiquettes peuvent \u00eatre d\u00e9ploy\u00e9es \u00e0 l&#039;int\u00e9rieur comme \u00e0 l&#039;ext\u00e9rieur sans risque de dommages. Leur taille compacte (Dia 30 mm) les rend faciles \u00e0 placer sur une grande vari\u00e9t\u00e9 de surfaces.<\/p>\n<h3>2. La technologie derri\u00e8re la communication NFC<\/h3>\n<p>Il est essentiel de comprendre la technologie qui se cache derri\u00e8re la NFC pour appr\u00e9cier les avantages de ces \u00e9tiquettes. Fonctionnant \u00e0 une fr\u00e9quence de\u00a0<strong>13,56 MHz<\/strong>La technologie NFC permet l&#039;\u00e9change de donn\u00e9es entre des appareils situ\u00e9s \u00e0 une courte distance, g\u00e9n\u00e9ralement de 4 cm ou moins. Cette courte port\u00e9e rend les \u00e9tiquettes NFC id\u00e9ales pour les transactions s\u00e9curis\u00e9es, les cartes de visite \u00e9lectroniques et les campagnes de marketing num\u00e9rique.<\/p>\n<h3>3. Variantes de m\u00e9moire expliqu\u00e9es\u00a0: NTAG 213, 215 et 216<\/h3>\n<p>Chaque variante de puce est dot\u00e9e de capacit\u00e9s de m\u00e9moire et de fonctionnalit\u00e9s distinctes.\u00a0<strong>NTAG 213<\/strong>\u00a0fournit 144 octets, ce qui le rend parfait pour les petites URL ou les identifiants simples.\u00a0<strong>NTAG 215<\/strong>\u00a0offre 504 octets, adapt\u00e9s aux donn\u00e9es plus complexes comme les cartes de visite ou les d\u00e9tails des produits. Enfin, le\u00a0<strong>NTAG 216<\/strong>\u00a0dispose de 888 octets, ce qui permet de stocker des ensembles de donn\u00e9es encore plus volumineux pour des applications avanc\u00e9es. Le choix de la balise appropri\u00e9e d\u00e9pend de vos besoins sp\u00e9cifiques et du stockage de donn\u00e9es souhait\u00e9.<\/p>\n<h3>4. Applications des tags NFC dans la vie quotidienne<\/h3>\n<p>Les tags NFC ont de nombreuses applications dans le monde moderne. Des paiements sans contact \u00e0 la billetterie mobile en passant par la publicit\u00e9 interactive et la gestion d&#039;\u00e9v\u00e9nements, ces tags transforment notre fa\u00e7on d&#039;interagir avec la technologie. Pour les entreprises, l&#039;utilisation de tags NFC pour partager des informations sur les produits ou des promotions peut am\u00e9liorer l&#039;engagement des clients et augmenter les ventes.<\/p>\n<h3>5. Impact environnemental et durabilit\u00e9<\/h3>\n<p>\u00c0 l\u2019heure o\u00f9 nous \u00e9voluons vers un monde de plus en plus connect\u00e9 num\u00e9riquement, il est essentiel de comprendre l\u2019impact environnemental de nos choix. Nos \u00e9tiquettes NFC sont fabriqu\u00e9es \u00e0 partir de mat\u00e9riaux durables et sont con\u00e7ues pour une utilisation durable, contribuant ainsi \u00e0 r\u00e9duire les d\u00e9chets \u00e9lectroniques. En utilisant la technologie NFC, les entreprises peuvent \u00e9galement minimiser l\u2019utilisation de papier, favorisant ainsi des pratiques respectueuses de l\u2019environnement en mati\u00e8re de marketing et de partage d\u2019informations.<\/p>\n<h3>Sp\u00e9cifications techniques<\/h3>\n<table class=\"w-fit !mb-0 !max-w-none\" style=\"height: 297px;\" width=\"424\">\n<thead>\n<tr>\n<th><strong>Sp\u00e9cification<\/strong><\/th>\n<th><strong>D\u00e9tails<\/strong><\/th>\n<\/tr>\n<\/thead>\n<tbody>\n<tr>\n<td><strong>Mat\u00e9riel<\/strong><\/td>\n<td>ANIMAL DE COMPAGNIE<\/td>\n<\/tr>\n<tr>\n<td><strong>Taille<\/strong><\/td>\n<td>Diam\u00e8tre 30 mm\/personnalis\u00e9<\/td>\n<\/tr>\n<tr>\n<td><strong>Fr\u00e9quence<\/strong><\/td>\n<td>13,56 MHz<\/td>\n<\/tr>\n<tr>\n<td><strong>Interface de Communication<\/strong><\/td>\n<td>NFC<\/td>\n<\/tr>\n<tr>\n<td><strong>Types de puces<\/strong><\/td>\n<td>NTAG 213, NTAG 215, NTAG 216<\/td>\n<\/tr>\n<tr>\n<td><strong>Options de m\u00e9moire<\/strong><\/td>\n<td>144 \/ 504 \/ 888 octets<\/td>\n<\/tr>\n<tr>\n<td><strong>Protocole<\/strong><\/td>\n<td>ISO14443A<\/td>\n<\/tr>\n<tr>\n<td><strong>D\u00e9tails de l&#039;emballage<\/strong><\/td>\n<td>100 pi\u00e8ces\/sac ; 5000 pi\u00e8ces\/bo\u00eete<\/td>\n<\/tr>\n<tr>\n<td><strong>Port d&#039;origine<\/strong><\/td>\n<td>Shenzhen, Chine<\/td>\n<\/tr>\n<tr>\n<td><strong>Capacit\u00e9 d&#039;approvisionnement<\/strong><\/td>\n<td>5 000 000 pi\u00e8ces\/mois<\/td>\n<\/tr>\n<\/tbody>\n<\/table>\n<h1>Questions fr\u00e9quemment pos\u00e9es (FAQ) sur les \u00e9tiquettes NFC ISO14443A NTAG<\/h1>\n<h3>1.\u00a0<strong>Que sont les tags NFC et comment fonctionnent-ils ?<\/strong><\/h3>\n<p>Les \u00e9tiquettes NFC (Near Field Communication) sont de petits dispositifs qui stockent des donn\u00e9es auxquelles les appareils compatibles NFC (comme les smartphones) peuvent acc\u00e9der en les touchant simplement. Elles utilisent des ondes \u00e9lectromagn\u00e9tiques pour transmettre des donn\u00e9es sur de courtes distances, g\u00e9n\u00e9ralement 4 cm ou moins.<\/p>\n<h3>2.\u00a0<strong>Quels types de tags NFC sont disponibles ?<\/strong><\/h3>\n<p>Nos tags NFC sont disponibles en diff\u00e9rents types, notamment\u00a0:<\/p>\n<ul>\n<li><strong>NTAG 213:<\/strong>\u00a0144 octets de m\u00e9moire, id\u00e9al pour les donn\u00e9es simples comme les URL.<\/li>\n<li><strong>NTAG 215:<\/strong>\u00a0504 octets de m\u00e9moire, adapt\u00e9s aux donn\u00e9es plus complexes, telles que les cartes de visite.<\/li>\n<li><strong>NTAG 216:<\/strong>\u00a0888 octets de m\u00e9moire, parfait pour les applications avanc\u00e9es n\u00e9cessitant des ensembles de donn\u00e9es plus volumineux.<\/li>\n<\/ul>\n<h3>3.\u00a0<strong>Les tags NFC sont-ils \u00e9tanches ?<\/strong><\/h3>\n<p>Oui, nos tags NFC sont con\u00e7us pour \u00eatre \u00e9tanches et r\u00e9sistants aux intemp\u00e9ries, ce qui les rend adapt\u00e9s \u00e0 une utilisation en int\u00e9rieur et en ext\u00e9rieur, m\u00eame dans des conditions m\u00e9t\u00e9orologiques difficiles.<\/p>\n<h3>4.\u00a0<strong>Les tags NFC peuvent-ils \u00eatre r\u00e9\u00e9crits ?<\/strong><\/h3>\n<p>Absolument ! Ces tags NFC sont r\u00e9inscriptibles, ce qui vous permet de modifier les informations stock\u00e9es selon vos besoins. Cette fonctionnalit\u00e9 est particuli\u00e8rement utile pour les campagnes temporaires ou les projets n\u00e9cessitant des mises \u00e0 jour fr\u00e9quentes.<\/p>\n<h3>5.\u00a0<strong>Comment programmer un tag NFC ?<\/strong><\/h3>\n<p>La programmation de votre \u00e9tiquette NFC est simple. Utilisez un smartphone compatible NFC et une application d&#039;\u00e9criture NFC. Ouvrez simplement l&#039;application, s\u00e9lectionnez les donn\u00e9es que vous souhaitez stocker (comme une URL, un texte ou des informations de contact) et appuyez votre t\u00e9l\u00e9phone sur l&#039;\u00e9tiquette pour \u00e9crire les donn\u00e9es.<\/p>\n<p>&nbsp;<\/p>","protected":false},"excerpt":{"rendered":"<p>L&#039;\u00e9tiquette NFC PET Wet Inlay ISO14443A NTAG 213\/215\/216 (diam\u00e8tre 30 mm) est une solution durable et \u00e9tanche pour un \u00e9change de donn\u00e9es fluide. Id\u00e9ale pour diverses applications, du marketing aux cartes de visite intelligentes.<\/p>","protected":false},"featured_media":3312,"template":"","meta":[],"product_brand":[],"product_cat":[47],"product_tag":[],"class_list":{"0":"post-3311","1":"product","2":"type-product","3":"status-publish","4":"has-post-thumbnail","6":"product_cat-nfc-tags","8":"first","9":"instock","10":"shipping-taxable","11":"product-type-simple"},"_links":{"self":[{"href":"https:\/\/nfc-readers.com\/fr\/wp-json\/wp\/v2\/product\/3311","targetHints":{"allow":["GET"]}}],"collection":[{"href":"https:\/\/nfc-readers.com\/fr\/wp-json\/wp\/v2\/product"}],"about":[{"href":"https:\/\/nfc-readers.com\/fr\/wp-json\/wp\/v2\/types\/product"}],"wp:featuredmedia":[{"embeddable":true,"href":"https:\/\/nfc-readers.com\/fr\/wp-json\/wp\/v2\/media\/3312"}],"wp:attachment":[{"href":"https:\/\/nfc-readers.com\/fr\/wp-json\/wp\/v2\/media?parent=3311"}],"wp:term":[{"taxonomy":"product_brand","embeddable":true,"href":"https:\/\/nfc-readers.com\/fr\/wp-json\/wp\/v2\/product_brand?post=3311"},{"taxonomy":"product_cat","embeddable":true,"href":"https:\/\/nfc-readers.com\/fr\/wp-json\/wp\/v2\/product_cat?post=3311"},{"taxonomy":"product_tag","embeddable":true,"href":"https:\/\/nfc-readers.com\/fr\/wp-json\/wp\/v2\/product_tag?post=3311"}],"curies":[{"name":"wp","href":"https:\/\/api.w.org\/{rel}","templated":true}]}}