{"id":3318,"date":"2024-11-01T05:29:10","date_gmt":"2024-11-01T05:29:10","guid":{"rendered":"https:\/\/nfc-readers.com\/?post_type=product&#038;p=3318"},"modified":"2024-11-01T05:29:20","modified_gmt":"2024-11-01T05:29:20","slug":"iso15693-icode-custom-size-pet-wet-dry-inlay-nfc-sticker","status":"publish","type":"product","link":"https:\/\/nfc-readers.com\/fr\/ic-reader\/iso15693-icode-custom-size-pet-wet-dry-inlay-nfc-sticker\/","title":{"rendered":"Autocollant NFC \u00e0 incrustation s\u00e8che et humide en PET de taille personnalis\u00e9e ISO15693 ICODE"},"content":{"rendered":"<h1 style=\"text-align: center;\"><strong>Autocollant NFC \u00e0 incrustation s\u00e8che et humide en PET de taille personnalis\u00e9e ISO15693 ICODE<\/strong><\/h1>\n<p>&nbsp;<\/p>\n<p>\u00c0 l\u2019\u00e8re du num\u00e9rique, l\u2019int\u00e9gration de la technologie Near Field Communication (NFC) a transform\u00e9 la fa\u00e7on dont les entreprises communiquent et interagissent avec leurs clients.\u00a0<strong>Autocollant NFC \u00e0 incrustation s\u00e8che et humide en PET de taille personnalis\u00e9e ISO15693 ICODE<\/strong>\u00a0repr\u00e9sente une avanc\u00e9e significative dans les produits NFC, offrant une communication fiable, des applications polyvalentes et une durabilit\u00e9 exceptionnelle. Cet autocollant NFC polyvalent, con\u00e7u pour divers cas d&#039;utilisation, garantit des interactions transparentes entre les appareils, ce qui en fait un outil essentiel pour les entreprises et les particuliers modernes.<\/p>\n<p>Avec un autocollant NFC, vous pouvez rationaliser les processus, am\u00e9liorer l&#039;engagement des utilisateurs et rendre les t\u00e2ches quotidiennes plus efficaces. Que vous cherchiez \u00e0 mettre \u00e0 niveau vos strat\u00e9gies marketing, \u00e0 am\u00e9liorer l&#039;exp\u00e9rience client ou \u00e0 simplifier les transactions, cet autocollant NFC offre les fonctionnalit\u00e9s et la fiabilit\u00e9 dont vous avez besoin.<\/p>\n<p>&nbsp;<\/p>\n<h2><strong>Caract\u00e9ristiques uniques<\/strong><\/h2>\n<p>Les caract\u00e9ristiques exceptionnelles de l&#039;autocollant NFC ISO15693 ICODE en font un incontournable pour les entreprises et les particuliers qui cherchent \u00e0 rationaliser leurs op\u00e9rations.<\/p>\n<ul>\n<li><strong>Imperm\u00e9able\/R\u00e9sistant aux intemp\u00e9ries<\/strong>:La capacit\u00e9 de r\u00e9sistance des autocollants NFC \u00e0 diverses conditions environnementales signifie qu&#039;ils peuvent \u00eatre utilis\u00e9s en ext\u00e9rieur ou dans des zones o\u00f9 l&#039;humidit\u00e9 peut \u00eatre pr\u00e9sente. Cette caract\u00e9ristique garantit que l&#039;autocollant conserve sa fonctionnalit\u00e9 sans se d\u00e9grader au fil du temps.<\/li>\n<li><strong>Tailles personnalis\u00e9es<\/strong>:Cet autocollant NFC peut \u00eatre fabriqu\u00e9 dans diff\u00e9rentes tailles et formes, selon vos besoins, ce qui le rend adapt\u00e9 \u00e0 diverses applications, qu&#039;il s&#039;agisse d&#039;\u00e9tiquetage de produits, de badges de contr\u00f4le d&#039;acc\u00e8s ou de mat\u00e9riel promotionnel.<\/li>\n<\/ul>\n<p>Ces fonctionnalit\u00e9s uniques am\u00e9liorent non seulement la convivialit\u00e9, mais \u00e9largissent \u00e9galement les possibilit\u00e9s d\u2019application dans de nombreux secteurs.<\/p>\n<p>&nbsp;<\/p>\n<h2><strong>Sp\u00e9cifications techniques<\/strong><\/h2>\n<table class=\"w-fit !mb-0 !max-w-none\" style=\"height: 300px;\" width=\"443\">\n<thead>\n<tr>\n<th>Sp\u00e9cification<\/th>\n<th>D\u00e9tails<\/th>\n<\/tr>\n<\/thead>\n<tbody>\n<tr>\n<td><strong>Fr\u00e9quence<\/strong><\/td>\n<td>13,56 MHz<\/td>\n<\/tr>\n<tr>\n<td><strong>Types de puces<\/strong><\/td>\n<td>ICODE SLIX \/ SLIX2 \/ SLIXS<\/td>\n<\/tr>\n<tr>\n<td><strong>M\u00e9moire<\/strong><\/td>\n<td>Bas\u00e9 sur la puce<\/td>\n<\/tr>\n<tr>\n<td><strong>Protocole<\/strong><\/td>\n<td>ISO15693<\/td>\n<\/tr>\n<tr>\n<td><strong>Mat\u00e9riel<\/strong><\/td>\n<td>ANIMAL DE COMPAGNIE<\/td>\n<\/tr>\n<tr>\n<td><strong>Taille personnalis\u00e9e<\/strong><\/td>\n<td>50*50MM ou personnalis\u00e9<\/td>\n<\/tr>\n<tr>\n<td><strong>Lieu d&#039;origine<\/strong><\/td>\n<td>Guangdong, Chine<\/td>\n<\/tr>\n<tr>\n<td><strong>D\u00e9tails de l&#039;emballage<\/strong><\/td>\n<td>100 pi\u00e8ces\/sac, 5000 pi\u00e8ces\/bo\u00eete<\/td>\n<\/tr>\n<tr>\n<td><strong>Port<\/strong><\/td>\n<td>Shenzhen<\/td>\n<\/tr>\n<tr>\n<td><strong>Poids<\/strong><\/td>\n<td>0,010 kg<\/td>\n<\/tr>\n<\/tbody>\n<\/table>\n<p>Les sp\u00e9cifications techniques d\u00e9taill\u00e9es garantissent que le produit r\u00e9pond aux normes de l\u2019industrie tout en offrant une flexibilit\u00e9 pour diverses applications.<\/p>\n<p>&nbsp;<\/p>\n<h2><strong>FAQ<\/strong><\/h2>\n<p>Voici quelques questions fr\u00e9quemment pos\u00e9es concernant la\u00a0<strong>Autocollant NFC \u00e0 incrustation s\u00e8che et humide en PET de taille personnalis\u00e9e ISO15693 ICODE<\/strong>\u00a0pour vous aider \u00e0 mieux comprendre ses capacit\u00e9s et ses applications\u00a0:<\/p>\n<h3><strong>1. Quels appareils peuvent interagir avec l\u2019autocollant NFC ?<\/strong><\/h3>\n<p>Les autocollants NFC sont compatibles avec la plupart\u00a0<strong>Smartphones compatibles NFC<\/strong>, tablettes et lecteurs sans contact. Les appareils prenant en charge la technologie NFC pourront lire les informations int\u00e9gr\u00e9es dans l&#039;autocollant.<\/p>\n<h3><strong>2. Quelle est la durabilit\u00e9 de l\u2019autocollant NFC ?<\/strong><\/h3>\n<p>L&#039;autocollant NFC ISO15693 ICODE est fabriqu\u00e9 \u00e0 partir de\u00a0<strong>Mat\u00e9riau PET<\/strong>, ce qui le rend \u00e0 la fois\u00a0<strong>imperm\u00e9able et r\u00e9sistant aux intemp\u00e9ries<\/strong>Il est con\u00e7u pour r\u00e9sister \u00e0 diverses conditions environnementales, garantissant fiabilit\u00e9 et long\u00e9vit\u00e9 dans diff\u00e9rents environnements.<\/p>\n<h3><strong>3. Puis-je personnaliser la taille et la forme de l&#039;autocollant NFC ?<\/strong><\/h3>\n<p>Oui ! L&#039;autocollant NFC peut \u00eatre fabriqu\u00e9 en\u00a0<strong>diff\u00e9rentes tailles et formes<\/strong>, permettant une personnalisation pour r\u00e9pondre aux besoins sp\u00e9cifiques de votre application. Veuillez vous renseigner sur les options disponibles.<\/p>\n<h3><strong>4. Quelle est la port\u00e9e de lecture de l&#039;autocollant NFC ?<\/strong><\/h3>\n<p>La port\u00e9e de lecture de la technologie NFC est g\u00e9n\u00e9ralement\u00a0<strong>quelques centim\u00e8tres<\/strong>\u00a0(jusqu&#039;\u00e0 10 cm). Les performances de l&#039;autocollant peuvent varier en fonction de l&#039;appareil utilis\u00e9 pour la num\u00e9risation et des facteurs environnementaux.<\/p>\n<h3><strong>5. Quelles informations puis-je stocker sur l&#039;autocollant NFC ?<\/strong><\/h3>\n<p>Vous pouvez stocker diff\u00e9rents types d\u2019informations sur un autocollant NFC, notamment\u00a0<strong>URL, informations de contact, texte et petites donn\u00e9es binaires<\/strong>\u00a0(g\u00e9n\u00e9ralement dans les limites de la m\u00e9moire de la puce). En utilisant diff\u00e9rentes options de puce (telles que ICODE SLIX), la m\u00e9moire peut varier.<\/p>","protected":false},"excerpt":{"rendered":"<p>L&#039;autocollant NFC personnalis\u00e9 ISO15693 ICODE PET WET Dry Inlay est une solution NFC polyvalente et durable con\u00e7ue pour une communication fluide dans les environnements humides et secs. Avec des tailles personnalisables et des fonctionnalit\u00e9s d&#039;\u00e9tanch\u00e9it\u00e9 robustes, il est id\u00e9al pour diverses applications, des promotions marketing au contr\u00f4le d&#039;acc\u00e8s s\u00e9curis\u00e9.<\/p>","protected":false},"featured_media":3319,"template":"","meta":[],"product_brand":[],"product_cat":[48],"product_tag":[],"class_list":{"0":"post-3318","1":"product","2":"type-product","3":"status-publish","4":"has-post-thumbnail","6":"product_cat-nfc-stickers","8":"first","9":"instock","10":"shipping-taxable","11":"product-type-simple"},"_links":{"self":[{"href":"https:\/\/nfc-readers.com\/fr\/wp-json\/wp\/v2\/product\/3318","targetHints":{"allow":["GET"]}}],"collection":[{"href":"https:\/\/nfc-readers.com\/fr\/wp-json\/wp\/v2\/product"}],"about":[{"href":"https:\/\/nfc-readers.com\/fr\/wp-json\/wp\/v2\/types\/product"}],"wp:featuredmedia":[{"embeddable":true,"href":"https:\/\/nfc-readers.com\/fr\/wp-json\/wp\/v2\/media\/3319"}],"wp:attachment":[{"href":"https:\/\/nfc-readers.com\/fr\/wp-json\/wp\/v2\/media?parent=3318"}],"wp:term":[{"taxonomy":"product_brand","embeddable":true,"href":"https:\/\/nfc-readers.com\/fr\/wp-json\/wp\/v2\/product_brand?post=3318"},{"taxonomy":"product_cat","embeddable":true,"href":"https:\/\/nfc-readers.com\/fr\/wp-json\/wp\/v2\/product_cat?post=3318"},{"taxonomy":"product_tag","embeddable":true,"href":"https:\/\/nfc-readers.com\/fr\/wp-json\/wp\/v2\/product_tag?post=3318"}],"curies":[{"name":"wp","href":"https:\/\/api.w.org\/{rel}","templated":true}]}}