{"id":3325,"date":"2024-11-01T05:35:51","date_gmt":"2024-11-01T05:35:51","guid":{"rendered":"https:\/\/nfc-readers.com\/?post_type=product&#038;p=3325"},"modified":"2024-11-01T05:35:51","modified_gmt":"2024-11-01T05:35:51","slug":"ntag-215-75mm-nfc-epoxy-custom-table-menu-sticker","status":"publish","type":"product","link":"https:\/\/nfc-readers.com\/fr\/ic-reader\/ntag-215-75mm-nfc-epoxy-custom-table-menu-sticker\/","title":{"rendered":"Autocollant de menu de table personnalis\u00e9 \u00e9poxy NFC Ntag 215 75MM"},"content":{"rendered":"<h1 style=\"text-align: center;\"><strong>Autocollant de menu de table personnalis\u00e9 \u00e9poxy NFC Ntag 215 75MM<\/strong><\/h1>\n<p>&nbsp;<\/p>\n<p>Dans le paysage en constante \u00e9volution de la technologie de la restauration, le\u00a0<strong>Autocollant de menu de table personnalis\u00e9 \u00e9poxy NFC Ntag 215 75MM<\/strong>\u00a0se pr\u00e9sente comme une solution innovante pour les exp\u00e9riences culinaires modernes. Cet autocollant NFC polyvalent permet aux restaurants de pr\u00e9senter leurs menus de mani\u00e8re innovante et attrayante tout en am\u00e9liorant l&#039;exp\u00e9rience client gr\u00e2ce \u00e0 la puissance de la technologie sans contact. Dites adieu aux menus papier traditionnels et bonjour \u00e0 une interaction num\u00e9rique fluide.<\/p>\n<p>&nbsp;<\/p>\n<h3><strong>Avantages de l&#039;autocollant \u00e9poxy NFC Ntag 215<\/strong><\/h3>\n<p>L&#039;autocollant NFC Ntag 215 n&#039;est pas seulement un produit, c&#039;est un outil de transformation pour am\u00e9liorer les services d&#039;accueil. Avec sa fonction d&#039;\u00e9tanch\u00e9it\u00e9 et ses options de personnalisation, cette \u00e9tiquette NFC r\u00e9pond aux besoins uniques de divers \u00e9tablissements de restauration. Voici des raisons convaincantes d&#039;investir dans ce produit :<\/p>\n<ul>\n<li><strong>Partage sans contact<\/strong>:Les clients peuvent acc\u00e9der sans effort aux menus num\u00e9riques \u00e0 l\u2019aide de leurs smartphones compatibles NFC, cr\u00e9ant ainsi une exp\u00e9rience culinaire hygi\u00e9nique et interactive.<\/li>\n<li><strong>Personnalisation<\/strong>:Personnalisez l&#039;autocollant avec diff\u00e9rentes tailles, impressions et motifs pour qu&#039;il corresponde au mieux \u00e0 l&#039;image de marque de votre restaurant tout en pr\u00e9sentant votre menu et vos promotions.<\/li>\n<li><strong>Durable et fiable<\/strong>:Avec une conception \u00e9tanche et r\u00e9sistante aux intemp\u00e9ries et fabriqu\u00e9 \u00e0 partir de mat\u00e9riaux de haute qualit\u00e9 comme l&#039;\u00e9poxy et le papier\/PVC, l&#039;autocollant Ntag 215 est con\u00e7u pour durer, garantissant une utilisation \u00e0 long terme dans les restaurants tr\u00e8s fr\u00e9quent\u00e9s.<\/li>\n<li><\/li>\n<\/ul>\n<h3><strong>Caract\u00e9ristiques de l&#039;autocollant NFC Ntag 215<\/strong><\/h3>\n<p>Le\u00a0<strong>Autocollant de menu de table personnalis\u00e9 \u00e9poxy NFC Ntag 215 75MM<\/strong>\u00a0dispose de nombreuses sp\u00e9cifications qui le distinguent :<\/p>\n<ul>\n<li><strong>Mat\u00e9riels<\/strong>:Fabriqu\u00e9 \u00e0 partir de\u00a0<strong>\u00e9poxy et papier\/PVC<\/strong>, cet autocollant est con\u00e7u pour durer et r\u00e9sister aux environnements de restauration typiques.<\/li>\n<li><strong>Taille et personnalisation<\/strong>:Alors que la taille standard est\u00a0<strong>75MM<\/strong>, des dimensions personnalis\u00e9es sont disponibles, permettant une personnalisation compl\u00e8te en fonction de n&#039;importe quel th\u00e8me de boutique ou besoin de menu.<\/li>\n<li><strong>Interface de Communication<\/strong>:En utilisant l&#039;interface de communication NFC, il fonctionne sur un\u00a0<strong>fr\u00e9quence de 13,56 MHz<\/strong>, garantissant fiabilit\u00e9 et rapidit\u00e9 dans le transfert de donn\u00e9es.<\/li>\n<\/ul>\n<p>Offrir des options pour\u00a0<strong>impression offset et s\u00e9rigraphie<\/strong>, l&#039;autocollant Ntag 215 peut \u00eatre accompagn\u00e9 de votre logo, de codes QR ou d&#039;\u00e9l\u00e9ments de menu d\u00e9taill\u00e9s, am\u00e9liorant ainsi la reconnaissance de la marque et l&#039;engagement des clients.<\/p>\n<p>&nbsp;<\/p>\n<h3><strong>Options de personnalisation<\/strong><\/h3>\n<p>La personnalisation \u00e9tant un aspect important de la\u00a0<strong>Autocollant NFC Ntag 215<\/strong>, les restaurants peuvent choisir parmi une myriade d&#039;options :<\/p>\n<ul>\n<li><strong>Options d&#039;impression<\/strong>:S\u00e9lectionnez parmi\u00a0<strong>impression offset, s\u00e9rigraphie ou codes QR<\/strong>\u00a0\u2013 tous con\u00e7us sur mesure pour s&#039;adapter au th\u00e8me du restaurant.<\/li>\n<li><strong>Tailles et formes<\/strong>:Alors que le diam\u00e8tre standard est\u00a0<strong>75MM<\/strong>, les entreprises peuvent demander des dimensions personnalis\u00e9es pour s&#039;adapter \u00e0 des tables ou \u00e0 des besoins de d\u00e9coration sp\u00e9cifiques. Des options flexibles permettent une adaptation \u00e0 diff\u00e9rents environnements, qu&#039;il s&#039;agisse de montages plats ou sur m\u00e9tal.<\/li>\n<\/ul>\n<p>La possibilit\u00e9 de personnaliser votre autocollant NFC signifie que votre restaurant peut maintenir la coh\u00e9rence de la marque tout en am\u00e9liorant l&#039;interaction avec les clients.<\/p>\n<p>&nbsp;<\/p>\n<h3><strong>FAQ sur l&#039;autocollant de menu de table personnalis\u00e9 en \u00e9poxy NFC Ntag 215<\/strong><\/h3>\n<h3>1.\u00a0<strong>Qu&#039;est-ce que l&#039;autocollant de menu de table personnalis\u00e9 \u00e9poxy NFC Ntag 215\u00a0?<\/strong><\/h3>\n<p>L&#039;autocollant de menu de table personnalis\u00e9 Ntag 215 NFC Epoxy est un autocollant NFC durable et sans contact con\u00e7u pour les restaurants et autres \u00e9tablissements de restauration. Il permet aux clients d&#039;acc\u00e9der facilement aux menus et promotions num\u00e9riques en pla\u00e7ant leur smartphone compatible NFC contre l&#039;autocollant.<\/p>\n<h3>2.\u00a0<strong>Comment fonctionne la technologie NFC ?<\/strong><\/h3>\n<p>La technologie NFC (Near Field Communication) permet la communication sans fil entre des appareils sur de courtes distances (g\u00e9n\u00e9ralement moins de 4 cm). Lorsqu&#039;un client pose son smartphone compatible NFC contre l&#039;autocollant Ntag 215, il lit les donn\u00e9es stock\u00e9es dans l&#039;autocollant et affiche le menu num\u00e9rique sur son appareil.<\/p>\n<h3>3.\u00a0<strong>Les autocollants sont-ils imperm\u00e9ables ?<\/strong><\/h3>\n<p>Oui, les autocollants Ntag 215 sont con\u00e7us pour \u00eatre imperm\u00e9ables et r\u00e9sistants aux intemp\u00e9ries. Cela garantit durabilit\u00e9 et long\u00e9vit\u00e9 m\u00eame dans les environnements de restauration tr\u00e8s fr\u00e9quent\u00e9s o\u00f9 les d\u00e9versements et les \u00e9claboussures sont fr\u00e9quents.<\/p>\n<h3>4.\u00a0<strong>Puis-je personnaliser le design de l&#039;autocollant ?<\/strong><\/h3>\n<p>Absolument ! Vous pouvez personnaliser l&#039;autocollant NFC Ntag 215 avec diverses options de conception, notamment l&#039;impression offset, la s\u00e9rigraphie, les logos, les codes QR et les dimensions personnalis\u00e9es. Cela vous permet d&#039;aligner efficacement l&#039;autocollant avec l&#039;image de marque de votre restaurant.<\/p>\n<h3>5.\u00a0<strong>Quelles options de puces sont disponibles\u00a0?<\/strong><\/h3>\n<p>L&#039;autocollant Ntag 215 est pr\u00e9charg\u00e9 avec la puce Ntag 215, mais vous pouvez \u00e9galement choisir d&#039;autres options de puce NFC telles que Ntag 213, Ntag 216 ou des configurations personnalis\u00e9es en fonction de vos besoins sp\u00e9cifiques.<\/p>","protected":false},"excerpt":{"rendered":"<p>L&#039;autocollant de menu de table personnalis\u00e9 NFC Ntag 215 75MM en \u00e9poxy offre aux clients un moyen simple et sans contact d&#039;acc\u00e9der aux menus num\u00e9riques. Durable et personnalisable, il am\u00e9liore l&#039;exp\u00e9rience culinaire des restaurants modernes.<\/p>","protected":false},"featured_media":3326,"template":"","meta":[],"product_brand":[],"product_cat":[48],"product_tag":[],"class_list":{"0":"post-3325","1":"product","2":"type-product","3":"status-publish","4":"has-post-thumbnail","6":"product_cat-nfc-stickers","8":"first","9":"instock","10":"shipping-taxable","11":"product-type-simple"},"_links":{"self":[{"href":"https:\/\/nfc-readers.com\/fr\/wp-json\/wp\/v2\/product\/3325","targetHints":{"allow":["GET"]}}],"collection":[{"href":"https:\/\/nfc-readers.com\/fr\/wp-json\/wp\/v2\/product"}],"about":[{"href":"https:\/\/nfc-readers.com\/fr\/wp-json\/wp\/v2\/types\/product"}],"wp:featuredmedia":[{"embeddable":true,"href":"https:\/\/nfc-readers.com\/fr\/wp-json\/wp\/v2\/media\/3326"}],"wp:attachment":[{"href":"https:\/\/nfc-readers.com\/fr\/wp-json\/wp\/v2\/media?parent=3325"}],"wp:term":[{"taxonomy":"product_brand","embeddable":true,"href":"https:\/\/nfc-readers.com\/fr\/wp-json\/wp\/v2\/product_brand?post=3325"},{"taxonomy":"product_cat","embeddable":true,"href":"https:\/\/nfc-readers.com\/fr\/wp-json\/wp\/v2\/product_cat?post=3325"},{"taxonomy":"product_tag","embeddable":true,"href":"https:\/\/nfc-readers.com\/fr\/wp-json\/wp\/v2\/product_tag?post=3325"}],"curies":[{"name":"wp","href":"https:\/\/api.w.org\/{rel}","templated":true}]}}