{"id":3332,"date":"2024-11-01T05:43:23","date_gmt":"2024-11-01T05:43:23","guid":{"rendered":"https:\/\/nfc-readers.com\/?post_type=product&#038;p=3332"},"modified":"2024-11-01T05:43:24","modified_gmt":"2024-11-01T05:43:24","slug":"ntag-213-custom-nfc-epoxy-sticker-for-nfc-smart-phone","status":"publish","type":"product","link":"https:\/\/nfc-readers.com\/fr\/ic-reader\/ntag-213-custom-nfc-epoxy-sticker-for-nfc-smart-phone\/","title":{"rendered":"Autocollant \u00e9poxy NFC personnalis\u00e9 Ntag 213 pour smartphone NFC"},"content":{"rendered":"<h1 style=\"text-align: center;\"><strong>Autocollant \u00e9poxy NFC personnalis\u00e9 Ntag 213 pour smartphone NFC<\/strong><\/h1>\n<p>&nbsp;<\/p>\n<p>Explorez l&#039;avenir de la connectivit\u00e9 avec le\u00a0<strong>Autocollant \u00e9poxy NFC personnalis\u00e9 Ntag 213<\/strong>, un produit polyvalent et innovant con\u00e7u pour des interactions transparentes avec\u00a0<strong>Smartphones compatibles NFC<\/strong>. Avec ses excellentes fonctionnalit\u00e9s, notamment\u00a0<em>imperm\u00e9abilisation<\/em>, un mat\u00e9riau \u00e9poxy durable et des options personnalisables, cette \u00e9tiquette NFC n&#039;est pas seulement un autre gadget mais un outil r\u00e9volutionnaire qui am\u00e9liore votre exp\u00e9rience num\u00e9rique. Des applications de paiement au partage facile d&#039;informations num\u00e9riques, l&#039;autocollant Ntag 213 est un incontournable pour tous ceux qui recherchent commodit\u00e9 et efficacit\u00e9.<\/p>\n<p>&nbsp;<\/p>\n<h3><strong>Pourquoi acheter des autocollants NFC Ntag 213<\/strong><\/h3>\n<p>Choisir la bonne \u00e9tiquette NFC peut rehausser l&#039;image de marque de votre entreprise ou de votre personnel tout en garantissant une exp\u00e9rience utilisateur fluide. L&#039;autocollant \u00e9poxy NFC personnalis\u00e9 Ntag 213 se distingue par son m\u00e9lange unique de fiabilit\u00e9, de hautes performances et d&#039;adaptabilit\u00e9. Avec la capacit\u00e9 de stocker 144 octets de donn\u00e9es, cet autocollant NFC est id\u00e9al pour une multitude d&#039;applications, ce qui en fait un outil essentiel dans le monde technologique d&#039;aujourd&#039;hui. Mais pourquoi cet autocollant vaut-il la peine d&#039;\u00eatre achet\u00e9 ? Voici quelques raisons convaincantes :<\/p>\n<ul>\n<li><strong>Durabilit\u00e9<\/strong>:Gr\u00e2ce \u00e0 son rev\u00eatement \u00e9poxy, cet autocollant NFC est\u00a0<strong>imperm\u00e9able et r\u00e9sistant aux intemp\u00e9ries<\/strong>, lui permettant de conserver ses fonctionnalit\u00e9s dans divers environnements.<\/li>\n<li><strong>Versatilit\u00e9<\/strong>:Avec des options de personnalisation de la taille, de la couleur et de la conception d&#039;impression, vous pouvez personnaliser ce produit pour r\u00e9pondre \u00e0 vos besoins de marque sp\u00e9cifiques.<\/li>\n<li><strong>Int\u00e9gration facile<\/strong>: Compatible avec une large gamme de\u00a0<strong>Appareils NFC<\/strong>, y compris Android et iPhone, il permet aux utilisateurs de partager sans effort des informations et d&#039;interagir avec du contenu num\u00e9rique.<\/li>\n<\/ul>\n<p>&nbsp;<\/p>\n<h3><strong>Caract\u00e9ristiques et avantages du produit<\/strong><\/h3>\n<h3>Tailles et couleurs personnalis\u00e9es<\/h3>\n<p>Chaque projet est unique et notre\u00a0<strong>Autocollants NFC Ntag 213<\/strong>\u00a0peut \u00eatre adapt\u00e9 pour r\u00e9pondre \u00e0 des exigences sp\u00e9cifiques. Que vous ayez besoin d&#039;un\u00a0<strong>rectangle<\/strong>, ovale ou rond, nous offrons une flexibilit\u00e9 de forme et de taille. Vous pouvez \u00e9galement choisir parmi une vari\u00e9t\u00e9 de couleurs pour compl\u00e9ter votre image de marque. Ce niveau de\u00a0<strong>Personnalisation<\/strong>\u00a0assure une ad\u00e9quation parfaite \u00e0 vos strat\u00e9gies marketing ou projets personnels.<\/p>\n<h3>Conception \u00e9tanche et r\u00e9sistante aux intemp\u00e9ries<\/h3>\n<p>Le\u00a0<strong>mat\u00e9riau \u00e9poxy<\/strong>\u00a0utilis\u00e9 dans l&#039;autocollant Ntag 213 lui conf\u00e8re une protection remarquable contre l&#039;humidit\u00e9 et les conditions m\u00e9t\u00e9orologiques difficiles.\u00a0<strong>\u00e9tanche<\/strong>\u00a0La capacit\u00e9 NFC signifie que vous n&#039;avez pas \u00e0 vous soucier de l&#039;exposition aux \u00e9l\u00e9ments. Qu&#039;elles soient utilis\u00e9es \u00e0 l&#039;int\u00e9rieur ou \u00e0 l&#039;ext\u00e9rieur, ces \u00e9tiquettes NFC conserveront leur fonctionnalit\u00e9 et leur efficacit\u00e9, ce qui les rend adapt\u00e9es aux applications telles que la publicit\u00e9 ext\u00e9rieure ou les appareils intelligents qui n\u00e9cessitent une r\u00e9silience.<\/p>\n<h3>Fr\u00e9quence de communication 13,56 MHz<\/h3>\n<p>Utilisation de la norme\u00a0<strong>Fr\u00e9quence de communication 13,56 MHz<\/strong>, ces autocollants NFC exploitent la puissance de\u00a0<strong>RFID<\/strong>\u00a0Technologie NFC. Cette fr\u00e9quence fournit une interface de communication fiable, garantissant un transfert de donn\u00e9es rapide et s\u00e9curis\u00e9 lors de la num\u00e9risation par un appareil compatible NFC. Cette compatibilit\u00e9 am\u00e9liore encore la convivialit\u00e9, permettant une exp\u00e9rience transparente sur diff\u00e9rentes plates-formes et appareils.<\/p>\n<h3>Puce NTAG213 pour des performances \u00e9lev\u00e9es<\/h3>\n<p>Au c\u0153ur de chaque autocollant personnalis\u00e9 Ntag 213 se trouve le\u00a0<strong>Puce NTAG213<\/strong>, r\u00e9put\u00e9 pour ses hautes performances et sa polyvalence. Avec une m\u00e9moire de\u00a0<strong>144 octets<\/strong>, il stocke avec succ\u00e8s des URL, du texte ou de petits ensembles de donn\u00e9es. L&#039;architecture de la puce permet des applications \u00e9tendues allant des cartes de visite aux campagnes de marketing interactives. Sa fiabilit\u00e9 garantit que vos \u00e9tiquettes peuvent \u00eatre scann\u00e9es et consult\u00e9es \u00e0 plusieurs reprises sans d\u00e9faillance.<\/p>\n<p>&nbsp;<\/p>\n<h3><strong>Sp\u00e9cifications techniques<\/strong><\/h3>\n<table class=\"w-fit !mb-0 !max-w-none\" style=\"height: 297px;\" width=\"431\">\n<thead>\n<tr>\n<th>Fonctionnalit\u00e9<\/th>\n<th>Sp\u00e9cification<\/th>\n<\/tr>\n<\/thead>\n<tbody>\n<tr>\n<td>\u00c9br\u00e9cher<\/td>\n<td>NTAG213<\/td>\n<\/tr>\n<tr>\n<td>Fr\u00e9quence<\/td>\n<td>13,56 MHz<\/td>\n<\/tr>\n<tr>\n<td>M\u00e9moire<\/td>\n<td>144 octets<\/td>\n<\/tr>\n<tr>\n<td>Protocole<\/td>\n<td>ISO14443<\/td>\n<\/tr>\n<tr>\n<td>Mat\u00e9riel<\/td>\n<td>\u00c9poxy<\/td>\n<\/tr>\n<tr>\n<td>Taille<\/td>\n<td>Coutume<\/td>\n<\/tr>\n<tr>\n<td>Couleur<\/td>\n<td>Coutume<\/td>\n<\/tr>\n<tr>\n<td>Options d&#039;impression<\/td>\n<td>Impression offset\/Pantone\/QR<\/td>\n<\/tr>\n<tr>\n<td>Lieu d&#039;origine<\/td>\n<td>Guangdong, Chine<\/td>\n<\/tr>\n<tr>\n<td>Fonctionnalit\u00e9s sp\u00e9ciales<\/td>\n<td>Imperm\u00e9able\/r\u00e9sistant aux intemp\u00e9ries<\/td>\n<\/tr>\n<\/tbody>\n<\/table>\n<h3><\/h3>\n<h3><strong>FAQ<\/strong><\/h3>\n<h3>Quels appareils sont compatibles avec l&#039;autocollant NFC Ntag 213 ?<\/h3>\n<p>Les autocollants Ntag 213 sont compatibles avec tous les smartphones compatibles NFC, y compris les marques populaires comme\u00a0<strong>iPhone<\/strong>\u00a0et\u00a0<strong>Samsung<\/strong>.<\/p>\n<h3>Combien de temps dure la batterie ?<\/h3>\n<p>Les autocollants NFC Ntag 213 ne n\u00e9cessitent pas de batterie. Ce sont des dispositifs passifs qui tirent leur \u00e9nergie du lecteur compatible NFC. Tant que l&#039;\u00e9tiquette est intacte et \u00e0 port\u00e9e, elle fonctionnera.<\/p>\n<h3>Ces autocollants peuvent-ils \u00eatre utilis\u00e9s \u00e0 l\u2019ext\u00e9rieur ?<\/h3>\n<p>Oui ! Nos autocollants NFC sont con\u00e7us pour \u00eatre\u00a0<strong>imperm\u00e9able et r\u00e9sistant aux intemp\u00e9ries<\/strong>, ce qui les rend adapt\u00e9s aux applications int\u00e9rieures et ext\u00e9rieures.<\/p>\n<h3>Existe-t-il une distance de num\u00e9risation maximale ?<\/h3>\n<p>La distance de num\u00e9risation effective est g\u00e9n\u00e9ralement de 10 cm (4 pouces), en fonction de la puissance de l&#039;antenne NFC de l&#039;appareil et des facteurs environnementaux.<\/p>","protected":false},"excerpt":{"rendered":"<p>Le\u00a0<strong>Autocollant \u00e9poxy NFC personnalis\u00e9 NTAG-213<\/strong>\u00a0est une \u00e9tiquette NFC polyvalente et \u00e9tanche con\u00e7ue pour une interaction transparente avec les smartphones compatibles NFC. Personnalisable en termes de taille, de couleur et d&#039;options d&#039;impression, cet autocollant durable permet aux entreprises et aux particuliers de partager du contenu num\u00e9rique sans effort, am\u00e9liorant ainsi l&#039;engagement des utilisateurs et les opportunit\u00e9s de valorisation de la marque.<\/p>","protected":false},"featured_media":3333,"template":"","meta":[],"product_brand":[],"product_cat":[48],"product_tag":[],"class_list":{"0":"post-3332","1":"product","2":"type-product","3":"status-publish","4":"has-post-thumbnail","6":"product_cat-nfc-stickers","8":"first","9":"instock","10":"shipping-taxable","11":"product-type-simple"},"_links":{"self":[{"href":"https:\/\/nfc-readers.com\/fr\/wp-json\/wp\/v2\/product\/3332","targetHints":{"allow":["GET"]}}],"collection":[{"href":"https:\/\/nfc-readers.com\/fr\/wp-json\/wp\/v2\/product"}],"about":[{"href":"https:\/\/nfc-readers.com\/fr\/wp-json\/wp\/v2\/types\/product"}],"wp:featuredmedia":[{"embeddable":true,"href":"https:\/\/nfc-readers.com\/fr\/wp-json\/wp\/v2\/media\/3333"}],"wp:attachment":[{"href":"https:\/\/nfc-readers.com\/fr\/wp-json\/wp\/v2\/media?parent=3332"}],"wp:term":[{"taxonomy":"product_brand","embeddable":true,"href":"https:\/\/nfc-readers.com\/fr\/wp-json\/wp\/v2\/product_brand?post=3332"},{"taxonomy":"product_cat","embeddable":true,"href":"https:\/\/nfc-readers.com\/fr\/wp-json\/wp\/v2\/product_cat?post=3332"},{"taxonomy":"product_tag","embeddable":true,"href":"https:\/\/nfc-readers.com\/fr\/wp-json\/wp\/v2\/product_tag?post=3332"}],"curies":[{"name":"wp","href":"https:\/\/api.w.org\/{rel}","templated":true}]}}