{"id":3348,"date":"2024-11-01T10:53:48","date_gmt":"2024-11-01T10:53:48","guid":{"rendered":"https:\/\/nfc-readers.com\/?post_type=product&#038;p=3348"},"modified":"2024-11-04T09:04:23","modified_gmt":"2024-11-04T09:04:23","slug":"rfid-ultralight-playground-ticket-proximity-pvc-vip-card","status":"publish","type":"product","link":"https:\/\/nfc-readers.com\/fr\/ic-reader\/rfid-ultralight-playground-ticket-proximity-pvc-vip-card\/","title":{"rendered":"Carte RFID PVC Mifare Ultralight ev1 pour ticket d&#039;aire de jeux"},"content":{"rendered":"<h1><strong><span style=\"color: #000080;\">Carte RFID PVC Mifare Ultralight ev1 pour ticket d&#039;aire de jeux<\/span><\/strong><\/h1>\n<p>&nbsp;<\/p>\n<h4><strong><span style=\"color: #008080;\">R\u00e9volutionner les solutions de contr\u00f4le d&#039;acc\u00e8s et de billetterie<\/span><\/strong><\/h4>\n<p><span style=\"color: #666699;\">Dans le monde sans esp\u00e8ces d&#039;aujourd&#039;hui, la carte RFID PVC Mifare Ultralight ev1 pour ticket d&#039;aire de jeux est \u00e0 l&#039;avant-garde des solutions modernes de billetterie et de contr\u00f4le d&#039;acc\u00e8s. Cette carte de haute technologie simplifie non seulement l&#039;entr\u00e9e dans les parcs d&#039;attractions et les \u00e9v\u00e9nements, mais am\u00e9liore \u00e9galement l&#039;exp\u00e9rience utilisateur gr\u00e2ce \u00e0 sa conception robuste et \u00e0 sa technologie de carte \u00e0 puce. Offrant une s\u00e9curit\u00e9, une commodit\u00e9 et une polyvalence in\u00e9gal\u00e9es, c&#039;est le choix id\u00e9al pour les entreprises qui souhaitent am\u00e9liorer l&#039;engagement de leurs clients et leur efficacit\u00e9 op\u00e9rationnelle.<\/span><\/p>\n<hr \/>\n<h2><\/h2>\n<h2 style=\"text-align: center;\"><span style=\"color: #000080;\"><em><strong>Caract\u00e9ristiques et avantages du produit<\/strong><\/em><\/span><\/h2>\n<h3><span style=\"color: #333399;\">1. <strong>Mat\u00e9riau durable et fiable<\/strong><\/span><\/h3>\n<p>Fabriqu\u00e9e en PVC de haute qualit\u00e9, cette carte RFID est con\u00e7ue pour r\u00e9sister aux conditions environnementales difficiles.\u00a0<strong>\u00e9tanche<\/strong>\u00a0et\u00a0<strong>imperm\u00e9abiliser<\/strong>\u00a0Les caract\u00e9ristiques emp\u00eachent l&#039;usure et garantissent une durabilit\u00e9 \u00e0 long terme. Qu&#039;ils soient utilis\u00e9s dans des parcs d&#039;attractions ext\u00e9rieurs ou des \u00e9v\u00e9nements en salle, les\u00a0<strong>Carte RFID pour terrain de jeu ultral\u00e9ger<\/strong>\u00a0reste fonctionnel et visuellement attrayant, ce qui peut r\u00e9duire les co\u00fbts de remplacement au fil du temps.<\/p>\n<p>&nbsp;<\/p>\n<h3><span style=\"color: #333399;\"><strong>2. Applications polyvalentes<\/strong><\/span><\/h3>\n<p>Con\u00e7ue pour une vari\u00e9t\u00e9 d&#039;utilisations, la carte RFID PVC Mifare Ultralight ev1 pour ticket de terrain de jeu est parfaite pour\u00a0<strong>billetterie<\/strong>,\u00a0<strong>contr\u00f4le d&#039;acc\u00e8s<\/strong>,\u00a0<strong>programmes de fid\u00e9lit\u00e9<\/strong>, et\u00a0<strong>gestion d&#039;\u00e9v\u00e9nements<\/strong>. La carte simplifie efficacement les processus d&#039;entr\u00e9e, ce qui en fait un excellent choix pour les syst\u00e8mes de transport public, les parcs d&#039;attractions, les festivals, etc. Sa polyvalence permet aux entreprises de mettre en \u0153uvre une solution unifi\u00e9e pour divers besoins op\u00e9rationnels.<\/p>\n<p>&nbsp;<\/p>\n<h3><span style=\"color: #333399;\">3. <strong>Exp\u00e9rience utilisateur pratique<\/strong><\/span><\/h3>\n<p>Avec un\u00a0<strong>Distance de lecture<\/strong>\u00a0de 1 \u00e0 20 cm et une option d&#039;\u00e9paisseur de\u00a0<strong>0,76 mm\/0,84 mm<\/strong>, la carte garantit la facilit\u00e9 d&#039;utilisation et la satisfaction du client. Les utilisateurs peuvent simplement poser la carte sur n&#039;importe quel appareil compatible NFC, ce qui permet une transaction rapide.\u00a0<strong>sans contact<\/strong>\u00a0Cette fonction minimise le contact physique et am\u00e9liore l\u2019hygi\u00e8ne, une consid\u00e9ration essentielle dans l\u2019environnement actuel.<\/p>\n<p>&nbsp;<\/p>\n<h3><span style=\"color: #333399;\"><strong>4. Options de personnalisation<\/strong><\/span><\/h3>\n<p>La carte RFID PVC Mifare Ultralight ev1 pour ticket de terrain de jeu offre une personnalisation compl\u00e8te pour r\u00e9pondre aux besoins de marque et de marketing. Les clients peuvent choisir parmi diff\u00e9rentes options d&#039;impression, notamment\u00a0<strong>Impression CMJN4C<\/strong>,\u00a0<strong>impression thermique<\/strong>, et\u00a0<strong>s\u00e9rigraphie<\/strong>. De plus, des \u00e9l\u00e9ments tels que\u00a0<strong>code laser<\/strong>,\u00a0<strong>num\u00e9ros de s\u00e9rie<\/strong>, et\u00a0<strong>gaufrage<\/strong>\u00a0peut \u00eatre personnalis\u00e9 pour cr\u00e9er une identit\u00e9 unique pour chaque carte, am\u00e9liorant ainsi la visibilit\u00e9 et la fid\u00e9lit\u00e9 de la marque.<\/p>\n<p>&nbsp;<\/p>\n<h3><span style=\"color: #333399;\"><strong>5. Sp\u00e9cifications techniques<\/strong><\/span><\/h3>\n<div class=\"table-with-header rounded-lg border border-solid border-grey-line2-normal w-fit max-w-full mb-2\">\n<div class=\"overflow-x-auto custom-scrollbar custom-scrollbar-float max-w-full\">\n<table class=\"w-fit !mb-0 !max-w-none\" style=\"height: 339px;\" width=\"403\">\n<thead>\n<tr>\n<th>Fonctionnalit\u00e9<\/th>\n<th>Sp\u00e9cification<\/th>\n<\/tr>\n<\/thead>\n<tbody>\n<tr>\n<td><\/td>\n<td><\/td>\n<\/tr>\n<tr>\n<td>Type de puce<\/td>\n<td>MIFARE Ultralight\u00ae C<\/td>\n<\/tr>\n<tr>\n<td>Fr\u00e9quence<\/td>\n<td>13,56 MHz<\/td>\n<\/tr>\n<tr>\n<td>Mat\u00e9riel<\/td>\n<td>PVC<\/td>\n<\/tr>\n<tr>\n<td>Distance de lecture<\/td>\n<td>2-10 CM<\/td>\n<\/tr>\n<tr>\n<td>\u00c9paisseur<\/td>\n<td>0,76 mm \/ 0,84 mm \/ Personnalis\u00e9<\/td>\n<\/tr>\n<tr>\n<td>Taille<\/td>\n<td>CR80<\/td>\n<\/tr>\n<tr>\n<td>Artisanat<\/td>\n<td>Code laser, encre UV, num\u00e9ro de s\u00e9rie.<\/td>\n<\/tr>\n<tr>\n<td>Cycle d&#039;\u00e9criture<\/td>\n<td>100 000 fois<\/td>\n<\/tr>\n<tr>\n<td>Lieu d&#039;origine<\/td>\n<td>Guangdong, Chine<\/td>\n<\/tr>\n<\/tbody>\n<\/table>\n<\/div>\n<\/div>\n<hr \/>\n<h2 style=\"text-align: center;\"><span style=\"color: #000080;\"><strong>Instructions d&#039;utilisation<\/strong><\/span><\/h2>\n<ol>\n<li><strong>Activer la carte<\/strong>: Assurez-vous que la carte est activ\u00e9e via votre logiciel de gestion RFID.<\/li>\n<li><strong>Appuyez sur le lecteur<\/strong>: Tenez la carte \u00e0 1 \u00e0 20 cm du lecteur NFC.<\/li>\n<li><strong>Confirmation de transaction<\/strong>:Le lecteur confirmera la transaction via un bip ou un indicateur lumineux.<\/li>\n<li><strong>Acc\u00e8s accord\u00e9<\/strong>:Les utilisateurs peuvent continuer \u00e0 entrer dans le lieu ou \u00e0 utiliser le service.<\/li>\n<\/ol>\n<p>&nbsp;<\/p>\n<h2 style=\"text-align: center;\"><em><span style=\"color: #000080;\"><strong>Production respectueuse de l&#039;environnement<\/strong><\/span><\/em><\/h2>\n<p><span style=\"color: #666699;\">La durabilit\u00e9 est la cl\u00e9 de la fabrication moderne, et la production de la carte RFID PVC Mifare Ultralight ev1 pour ticket de terrain de jeu s&#039;aligne sur des pratiques respectueuses de l&#039;environnement. En investissant dans des mat\u00e9riaux et des processus durables, les entreprises peuvent contribuer \u00e0 la pr\u00e9servation de l&#039;environnement tout en fournissant un produit de haute qualit\u00e9. Cet engagement trouve un \u00e9cho favorable aupr\u00e8s des consommateurs soucieux de l&#039;environnement et renforce la responsabilit\u00e9 des entreprises.<\/span><\/p>","protected":false},"excerpt":{"rendered":"<p>D\u00e9couvrez la carte RFID PVC Mifare Ultralight ev1 pour ticket d&#039;aire de jeux - durable, polyvalente et \u00e9cologique pour un contr\u00f4le d&#039;acc\u00e8s et une billetterie transparents.<\/p>","protected":false},"featured_media":3349,"template":"","meta":[],"product_brand":[],"product_cat":[46],"product_tag":[],"class_list":{"0":"post-3348","1":"product","2":"type-product","3":"status-publish","4":"has-post-thumbnail","6":"product_cat-nfc-cards","8":"first","9":"instock","10":"shipping-taxable","11":"product-type-simple"},"_links":{"self":[{"href":"https:\/\/nfc-readers.com\/fr\/wp-json\/wp\/v2\/product\/3348","targetHints":{"allow":["GET"]}}],"collection":[{"href":"https:\/\/nfc-readers.com\/fr\/wp-json\/wp\/v2\/product"}],"about":[{"href":"https:\/\/nfc-readers.com\/fr\/wp-json\/wp\/v2\/types\/product"}],"wp:featuredmedia":[{"embeddable":true,"href":"https:\/\/nfc-readers.com\/fr\/wp-json\/wp\/v2\/media\/3349"}],"wp:attachment":[{"href":"https:\/\/nfc-readers.com\/fr\/wp-json\/wp\/v2\/media?parent=3348"}],"wp:term":[{"taxonomy":"product_brand","embeddable":true,"href":"https:\/\/nfc-readers.com\/fr\/wp-json\/wp\/v2\/product_brand?post=3348"},{"taxonomy":"product_cat","embeddable":true,"href":"https:\/\/nfc-readers.com\/fr\/wp-json\/wp\/v2\/product_cat?post=3348"},{"taxonomy":"product_tag","embeddable":true,"href":"https:\/\/nfc-readers.com\/fr\/wp-json\/wp\/v2\/product_tag?post=3348"}],"curies":[{"name":"wp","href":"https:\/\/api.w.org\/{rel}","templated":true}]}}