{"id":3353,"date":"2024-11-01T11:19:32","date_gmt":"2024-11-01T11:19:32","guid":{"rendered":"https:\/\/nfc-readers.com\/?post_type=product&#038;p=3353"},"modified":"2024-11-04T08:59:53","modified_gmt":"2024-11-04T08:59:53","slug":"iso14443a-mifare-rfid-hotel-card-magnetic-stripe-available","status":"publish","type":"product","link":"https:\/\/nfc-readers.com\/fr\/ic-reader\/iso14443a-mifare-rfid-hotel-card-magnetic-stripe-available\/","title":{"rendered":"Carte d&#039;h\u00f4tel RFID MIFARE ISO14443A \u00e0 bande magn\u00e9tique disponible"},"content":{"rendered":"<h1><span style=\"color: #000080;\"><strong>Carte d&#039;h\u00f4tel RFID MIFARE ISO14443A \u00e0 bande magn\u00e9tique disponible<\/strong><\/span><\/h1>\n<p><span style=\"color: #666699;\">L&#039;avenir du contr\u00f4le d&#039;acc\u00e8sDans le secteur de l&#039;h\u00f4tellerie moderne, un acc\u00e8s transparent aux chambres et aux installations est primordial. <strong>Carte d&#039;h\u00f4tel RFID MIFARE ISO14443A avec bande magn\u00e9tique<\/strong>\u00a0est devenue une solution r\u00e9volutionnaire qui allie une technologie RFID avanc\u00e9e et une conception conviviale. Cette carte am\u00e9liore l&#039;exp\u00e9rience client tout en garantissant une s\u00e9curit\u00e9 de premier ordre pour la direction de l&#039;h\u00f4tel. <\/span><\/p>\n<p><span style=\"color: #666699;\">Les clients peuvent profiter d&#039;un acc\u00e8s sans contact, tandis que les h\u00f4teliers b\u00e9n\u00e9ficient d&#039;une s\u00e9curit\u00e9 et d&#039;une efficacit\u00e9 renforc\u00e9es. Gr\u00e2ce \u00e0 ses caract\u00e9ristiques d&#039;\u00e9tanch\u00e9it\u00e9 et de r\u00e9sistance aux intemp\u00e9ries, la carte RFID est con\u00e7ue pour durer, garantissant une long\u00e9vit\u00e9 m\u00eame dans les environnements les plus fr\u00e9quent\u00e9s. Non seulement cette carte simplifie le processus d&#039;enregistrement, mais elle sert \u00e9galement d&#039;outil fiable pour le contr\u00f4le d&#039;acc\u00e8s, tout en offrant des options de personnalisation refl\u00e9tant l&#039;identit\u00e9 de marque de votre h\u00f4tel.<\/span><\/p>\n<hr \/>\n<h2><\/h2>\n<h2 style=\"text-align: center;\"><em><strong><span style=\"color: #000080;\">Aper\u00e7u du produit<\/span><\/strong><\/em><\/h2>\n<h3><span style=\"color: #333399;\"> <strong>1. Principales caract\u00e9ristiques de la carte d&#039;h\u00f4tel RFID ISO14443A MIFARE<\/strong><\/span><\/h3>\n<p>Le\u00a0<strong>Carte d&#039;h\u00f4tel RFID MIFARE ISO14443A<\/strong>\u00a0propose une gamme de fonctionnalit\u00e9s innovantes qui s&#039;adressent \u00e0 la fois aux exploitants d&#039;h\u00f4tels et aux clients. En utilisant des technologies avanc\u00e9es\u00a0<strong>MIFARE\u00ae Ultralight C<\/strong>\u00a0technologie de puce, cette carte fonctionne \u00e0 une fr\u00e9quence de\u00a0<strong>13,56 MHz<\/strong>\u00a0sous le\u00a0<strong>Protocole ISO14443A<\/strong>. Cette sp\u00e9cification permet un acc\u00e8s rapide et s\u00e9curis\u00e9 avec une interaction minimale n\u00e9cessaire, offrant ainsi une v\u00e9ritable\u00a0<strong>exp\u00e9rience sans contact<\/strong>.Avec son\u00a0<strong>\u00e9tanche<\/strong>\u00a0et\u00a0<strong>imperm\u00e9abiliser<\/strong>\u00a0Gr\u00e2ce \u00e0 sa conception, la carte reste fonctionnelle dans divers environnements, garantissant ainsi sa r\u00e9sistance \u00e0 l&#039;usure quotidienne. De plus, l&#039;incorporation d&#039;un\u00a0<strong>bande magn\u00e9tique<\/strong>\u00a0permet une polyvalence dans les syst\u00e8mes de contr\u00f4le d&#039;acc\u00e8s. Cette double fonctionnalit\u00e9 garantit que, qu&#039;elle soit utilis\u00e9e pour les entr\u00e9es de chambres d&#039;h\u00f4tel ou d&#039;autres installations, la carte RFID offre un service fluide et fiable.<\/p>\n<p>&nbsp;<\/p>\n<h3><span style=\"color: #333399;\"><strong>3. Sp\u00e9cifications techniques<\/strong><\/span><\/h3>\n<p>La compr\u00e9hension des sp\u00e9cifications techniques est essentielle pour s\u00e9lectionner la bonne solution de contr\u00f4le d&#039;acc\u00e8s. Vous trouverez ci-dessous un tableau d\u00e9taill\u00e9 des\u00a0<strong>Carte d&#039;h\u00f4tel RFID MIFARE ISO14443A<\/strong> caract\u00e9ristiques:<\/p>\n<div class=\"table-with-header rounded-lg border border-solid border-grey-line2-normal w-fit max-w-full mb-2\">\n<div class=\"h-8 items-center flex justify-between px-2 text-xs border-0 border-b border-solid border-grey-line2-normal\">\n<div class=\"h-[26px] w-[26px] text-text-primary-3 cursor-pointer hover:text-text-primary-2 flex-center\"><\/div>\n<\/div>\n<div class=\"overflow-x-auto custom-scrollbar custom-scrollbar-float max-w-full\">\n<table class=\"w-fit !mb-0 !max-w-none\">\n<thead>\n<tr>\n<th>Sp\u00e9cification<\/th>\n<th>Valeur<\/th>\n<\/tr>\n<\/thead>\n<tbody>\n<tr>\n<td>\u00c9br\u00e9cher<\/td>\n<td>MIFARE\u00ae Ultralight C<\/td>\n<\/tr>\n<tr>\n<td>Fr\u00e9quence<\/td>\n<td>13,56 MHz<\/td>\n<\/tr>\n<tr>\n<td>Interface de Communication<\/td>\n<td>RFID, NFC<\/td>\n<\/tr>\n<tr>\n<td>Mat\u00e9riel<\/td>\n<td>PVC<\/td>\n<\/tr>\n<tr>\n<td>Taille<\/td>\n<td>85,5 x 54 mm \/ personnalis\u00e9<\/td>\n<\/tr>\n<tr>\n<td>Bande magn\u00e9tique<\/td>\n<td>Loco300 oe \/ Hico2750\/4000 oe<\/td>\n<\/tr>\n<tr>\n<td>Finition de surface<\/td>\n<td>Brillant, Mat, Givr\u00e9<\/td>\n<\/tr>\n<tr>\n<td>Encoder<\/td>\n<td>Impression de code QR\/code laser<\/td>\n<\/tr>\n<tr>\n<td>Options d&#039;impression<\/td>\n<td>Impression offset CMJN\/S\u00e9rigraphie\/Num\u00e9rique<\/td>\n<\/tr>\n<\/tbody>\n<\/table>\n<\/div>\n<\/div>\n<p>Ces sp\u00e9cifications soulignent la polyvalence et la technologie avanc\u00e9e de la carte, et la conception r\u00e9pond aux besoins des utilisateurs et de la direction de l&#039;h\u00f4tel.<\/p>\n<p>&nbsp;<\/p>\n<h3><span style=\"color: #333399;\"><strong>4. Avantages de l&#039;utilisation des cartes d&#039;h\u00f4tel RFID<\/strong><\/span><\/h3>\n<p><span style=\"color: #666699;\">Int\u00e9grer le\u00a0<strong>Carte d&#039;h\u00f4tel RFID MIFARE ISO14443A<\/strong>\u00a0dans les op\u00e9rations d&#039;un h\u00f4tel apporte de nombreux avantages. Tout d&#039;abord,\u00a0<strong>sans contact<\/strong>\u00a0La technologie am\u00e9liore l&#039;exp\u00e9rience client, permettant un acc\u00e8s rapide et facile aux chambres et aux installations sans avoir \u00e0 manipuler les cl\u00e9s traditionnelles. Cela acc\u00e9l\u00e8re les processus d&#039;enregistrement, ce qui se traduit en fin de compte par une meilleure satisfaction des clients.<\/span><\/p>\n<p><span style=\"color: #666699;\">De plus, la technologie RFID permet une\u00a0<strong>contr\u00f4le d&#039;acc\u00e8s<\/strong>\u00a0gestion. Le personnel de l&#039;h\u00f4tel peut facilement suivre les habitudes d&#039;utilisation, garantissant une s\u00e9curit\u00e9 renforc\u00e9e tout en minimisant les acc\u00e8s non autoris\u00e9s. Avec des fonctionnalit\u00e9s telles que\u00a0<strong>authentification mutuelle<\/strong>, les risques de duplication non autoris\u00e9e sont pratiquement \u00e9limin\u00e9s.<\/span><\/p>\n<p>&nbsp;<\/p>\n<h2 style=\"text-align: center;\"><span style=\"color: #000080;\"><em><strong>FAQ<\/strong><\/em><\/span><\/h2>\n<p><span style=\"color: #008080;\"><strong>1. Quelle est la dur\u00e9e de vie de la carte d&#039;h\u00f4tel RFID ?<\/strong><\/span><\/p>\n<p>La carte dure plusieurs ann\u00e9es dans des conditions normales d&#039;utilisation gr\u00e2ce \u00e0 son mat\u00e9riau en PVC durable et \u00e0 ses caract\u00e9ristiques de r\u00e9sistance aux intemp\u00e9ries.<\/p>\n<hr \/>\n<p><span style=\"color: #008080;\"><strong>2. La carte peut-elle \u00eatre personnalis\u00e9e avec notre marque ?<\/strong><\/span><\/p>\n<p>Oui, vous pouvez personnaliser la carte avec le logo et les couleurs de votre h\u00f4tel en utilisant diff\u00e9rentes options d&#039;impression et de finition.<\/p>\n<hr \/>\n<p><strong><span style=\"color: #008080;\">3. La carte est-elle compatible avec les syst\u00e8mes RFID existants ?<\/span><\/strong><\/p>\n<p>Oui, il est compatible avec la plupart des syst\u00e8mes de contr\u00f4le d&#039;acc\u00e8s RFID qui utilisent le <strong>Protocole ISO14443A<\/strong>.<\/p>","protected":false},"excerpt":{"rendered":"<p>La carte d&#039;h\u00f4tel RFID MIFARE ISO14443A offre un acc\u00e8s sans contact, une s\u00e9curit\u00e9 renforc\u00e9e et des options de personnalisation, ce qui la rend id\u00e9ale pour les besoins d&#039;h\u00f4tellerie modernes.<\/p>","protected":false},"featured_media":3354,"template":"","meta":[],"product_brand":[],"product_cat":[46],"product_tag":[],"class_list":{"0":"post-3353","1":"product","2":"type-product","3":"status-publish","4":"has-post-thumbnail","6":"product_cat-nfc-cards","8":"first","9":"instock","10":"shipping-taxable","11":"product-type-simple"},"_links":{"self":[{"href":"https:\/\/nfc-readers.com\/fr\/wp-json\/wp\/v2\/product\/3353","targetHints":{"allow":["GET"]}}],"collection":[{"href":"https:\/\/nfc-readers.com\/fr\/wp-json\/wp\/v2\/product"}],"about":[{"href":"https:\/\/nfc-readers.com\/fr\/wp-json\/wp\/v2\/types\/product"}],"wp:featuredmedia":[{"embeddable":true,"href":"https:\/\/nfc-readers.com\/fr\/wp-json\/wp\/v2\/media\/3354"}],"wp:attachment":[{"href":"https:\/\/nfc-readers.com\/fr\/wp-json\/wp\/v2\/media?parent=3353"}],"wp:term":[{"taxonomy":"product_brand","embeddable":true,"href":"https:\/\/nfc-readers.com\/fr\/wp-json\/wp\/v2\/product_brand?post=3353"},{"taxonomy":"product_cat","embeddable":true,"href":"https:\/\/nfc-readers.com\/fr\/wp-json\/wp\/v2\/product_cat?post=3353"},{"taxonomy":"product_tag","embeddable":true,"href":"https:\/\/nfc-readers.com\/fr\/wp-json\/wp\/v2\/product_tag?post=3353"}],"curies":[{"name":"wp","href":"https:\/\/api.w.org\/{rel}","templated":true}]}}