{"id":3365,"date":"2024-11-01T14:47:51","date_gmt":"2024-11-01T14:47:51","guid":{"rendered":"https:\/\/nfc-readers.com\/?post_type=product&#038;p=3365"},"modified":"2024-11-01T15:00:46","modified_gmt":"2024-11-01T15:00:46","slug":"custom-read-write-flexible-ntag213-215-216-epoxy-nfc-tag","status":"publish","type":"product","link":"https:\/\/nfc-readers.com\/fr\/ic-reader\/custom-read-write-flexible-ntag213-215-216-epoxy-nfc-tag\/","title":{"rendered":"\u00c9tiquette NFC \u00e9poxy flexible NTAG213 215 216 en lecture\/\u00e9criture personnalis\u00e9e"},"content":{"rendered":"<h1 style=\"text-align: center;\"><strong>\u00c9tiquette NFC \u00e9poxy flexible NTAG213 215 216 en lecture\/\u00e9criture personnalis\u00e9e<\/strong><\/h1>\n<p>&nbsp;<\/p>\n<p>Dans le monde num\u00e9rique en \u00e9volution rapide d&#039;aujourd&#039;hui, la technologie NFC (Near Field Communication) r\u00e9volutionne la fa\u00e7on dont nous interagissons avec nos appareils, partageons des informations et nous connectons avec les consommateurs. <strong>\u00c9tiquette NFC \u00e9poxy flexible NTAG213\/215\/216 en lecture\/\u00e9criture personnalis\u00e9e<\/strong>\u00a0est un produit innovant con\u00e7u pour am\u00e9liorer vos capacit\u00e9s de communication tout en \u00e9tant polyvalent et facile \u00e0 utiliser. Avec ses capacit\u00e9s d&#039;\u00e9tanch\u00e9it\u00e9, ses fonctionnalit\u00e9s personnalisables et sa gamme d&#039;applications, cette \u00e9tiquette NFC se distingue comme un choix de premier ordre pour les entreprises et les particuliers.<\/p>\n<p>En exploitant la puissance de la technologie NFC, vous pouvez simplifier les interactions, am\u00e9liorer l&#039;efficacit\u00e9 et impliquer directement les utilisateurs. Que vous recherchiez des tags NFC pour le partage sur les r\u00e9seaux sociaux ou pour cr\u00e9er des solutions intelligentes, ce produit offre le m\u00e9lange parfait de fonctionnalit\u00e9 et de commodit\u00e9. Am\u00e9liorez votre efficacit\u00e9 op\u00e9rationnelle et l&#039;engagement des utilisateurs en int\u00e9grant ces \u00e9l\u00e9ments <strong>Balises NFC<\/strong>\u00a0dans votre strat\u00e9gie d\u00e8s aujourd&#039;hui !<\/p>\n<p>&nbsp;<\/p>\n<h3><strong>Caract\u00e9ristiques sp\u00e9ciales de l&#039;\u00e9tiquette NFC \u00e9poxy NTAG213\/215\/216<\/strong><\/h3>\n<p>Le\u00a0<strong>\u00c9tiquette NFC \u00e9poxy flexible NTAG213\/215\/216 en lecture\/\u00e9criture personnalis\u00e9e<\/strong>\u00a0est \u00e9quip\u00e9 d&#039;une multitude de\u00a0<strong>Caract\u00e9ristiques sp\u00e9ciales<\/strong>\u00a0ce qui le distingue des tags NFC standard.<\/p>\n<ul>\n<li><strong>Imperm\u00e9able\/R\u00e9sistant aux intemp\u00e9ries :<\/strong>\u00a0Ces \u00e9tiquettes NFC sont fabriqu\u00e9es avec des mat\u00e9riaux qui garantissent durabilit\u00e9 et fonctionnalit\u00e9 dans diverses conditions environnementales. Qu&#039;elles soient utilis\u00e9es \u00e0 l&#039;int\u00e9rieur ou \u00e0 l&#039;ext\u00e9rieur, elles r\u00e9sistent \u00e0 l&#039;humidit\u00e9 et sont con\u00e7ues pour r\u00e9sister aux rigueurs de diff\u00e9rents climats.<\/li>\n<li><strong>Taille et facteur de forme personnalisables\u00a0:<\/strong>\u00a0Disponible dans une taille standard de\u00a0<strong>25 mm<\/strong>, avec des options de personnalisation, ces\u00a0<strong>Autocollants NFC<\/strong>\u00a0peut \u00eatre adapt\u00e9 pour r\u00e9pondre aux exigences sp\u00e9cifiques du projet ou aux besoins de marque.<\/li>\n<li><strong>Options de m\u00e9moire r\u00e9inscriptible\u00a0:<\/strong>\u00a0Selon le type de puce s\u00e9lectionn\u00e9, la m\u00e9moire peut varier de\u00a0<strong>144 \u00e0 888 octets<\/strong>, permettant aux utilisateurs de stocker des informations essentielles, telles que des URL, des coordonn\u00e9es ou des donn\u00e9es d&#039;application. Cela permet \u00e0\u00a0<strong>Tags NFC r\u00e9inscriptibles<\/strong>\u00a0\u00e0 r\u00e9utiliser pour diff\u00e9rentes campagnes et applications si n\u00e9cessaire.<\/li>\n<\/ul>\n<p>Dans un paysage num\u00e9rique o\u00f9 les informations sont constamment mises \u00e0 jour, disposer d\u2019options personnalisables et flexibles est inestimable pour les entreprises qui cherchent \u00e0 maintenir leur pertinence.<\/p>\n<p>&nbsp;<\/p>\n<h3><strong>Avantages de l&#039;utilisation des puces NTAG213, NTAG215 et NTAG216<\/strong><\/h3>\n<p>Chaque puce de la s\u00e9rie NTAG offre des avantages uniques qui r\u00e9pondent aux diff\u00e9rents besoins des utilisateurs\u00a0:<\/p>\n<ul>\n<li><strong>NTAG213:<\/strong>\u00a0Con\u00e7ue pour des applications simples, cette puce offre un espace de stockage important et des fonctionnalit\u00e9s de base, id\u00e9ales pour partager des URL ou des coordonn\u00e9es.<\/li>\n<li><strong>NTAG215:<\/strong>\u00a0Avec des capacit\u00e9s de m\u00e9moire \u00e9tendues, le NTAG215 est parfait pour les applications plus complexes, telles que les jeux mobiles, et la cr\u00e9ation d&#039;exp\u00e9riences suffisamment interactives pour se d\u00e9marquer.<\/li>\n<li><strong>NTAG216:<\/strong>\u00a0Pour ceux qui ont besoin d&#039;encore plus de stockage de donn\u00e9es, le NTAG216 offre la capacit\u00e9 de m\u00e9moire la plus \u00e9lev\u00e9e de la s\u00e9rie, ce qui le rend adapt\u00e9 aux applications n\u00e9cessitant un transfert ou un stockage de donn\u00e9es plus \u00e9tendu<\/li>\n<\/ul>\n<p>&nbsp;<\/p>\n<h3><strong>Questions fr\u00e9quemment pos\u00e9es (FAQ)<\/strong><\/h3>\n<h3>1.\u00a0<strong>Quels types de tags NFC sont disponibles ?<\/strong><\/h3>\n<p>Il existe diff\u00e9rents types d&#039;\u00e9tiquettes NFC, notamment NTAG213, NTAG215 et NTAG216. Chacune d&#039;entre elles offre des capacit\u00e9s de m\u00e9moire et des fonctionnalit\u00e9s diff\u00e9rentes. En outre, il existe des \u00e9tiquettes r\u00e9inscriptibles, des autocollants adh\u00e9sifs et des \u00e9tiquettes sp\u00e9cialis\u00e9es con\u00e7ues pour des surfaces sp\u00e9cifiques, notamment les applications m\u00e9talliques et sur m\u00e9tal.<\/p>\n<h3>2.\u00a0<strong>Comment savoir si mon t\u00e9l\u00e9phone est compatible NFC ?<\/strong><\/h3>\n<p>La plupart des smartphones produits ces derni\u00e8res ann\u00e9es, qu&#039;ils soient sous Android ou iOS, sont \u00e9quip\u00e9s de la technologie NFC. Vous pouvez v\u00e9rifier les sp\u00e9cifications ou les param\u00e8tres de votre appareil pour savoir si la technologie NFC est prise en charge. Recherchez l&#039;option NFC dans le menu des param\u00e8tres ou consultez le site Web du fabricant.<\/p>\n<h3>3.\u00a0<strong>Puis-je r\u00e9\u00e9crire des donn\u00e9es sur des tags NFC ?<\/strong><\/h3>\n<p>Oui! Notre\u00a0<strong>\u00c9tiquettes NFC NTAG213\/215\/216<\/strong>\u00a0sont r\u00e9inscriptibles, ce qui signifie que vous pouvez mettre \u00e0 jour ou modifier les donn\u00e9es qui y sont stock\u00e9es plusieurs fois. Cela en fait une solution polyvalente pour les entreprises et les particuliers, permettant des mises \u00e0 jour faciles sans avoir \u00e0 remplacer la balise.<\/p>\n<h3>4.\u00a0<strong>Quelle est la distance de lecture des tags NFC ?<\/strong><\/h3>\n<p>En r\u00e8gle g\u00e9n\u00e9rale, les \u00e9tiquettes NFC ont une distance de lecture de\u00a0<strong>1-5 cm<\/strong>. Cette courte port\u00e9e garantit une communication s\u00e9curis\u00e9e et directe entre l&#039;\u00e9tiquette NFC et l&#039;appareil compatible NFC.<\/p>\n<h3>5.\u00a0<strong>Les tags NFC sont-ils \u00e9tanches ?<\/strong><\/h3>\n<p>Oui, notre\u00a0<strong>\u00c9tiquettes NFC \u00e9poxy flexibles NTAG213\/215\/216 en lecture\/\u00e9criture personnalis\u00e9es<\/strong>\u00a0sont con\u00e7us pour \u00eatre imperm\u00e9ables et r\u00e9sistants aux intemp\u00e9ries, ce qui les rend adapt\u00e9s \u00e0 une utilisation en ext\u00e9rieur et \u00e0 des conditions environnementales variables.<\/p>","protected":false},"excerpt":{"rendered":"<p>L&#039;\u00e9tiquette NFC \u00e9poxy flexible NTAG213\/215\/216 en lecture\/\u00e9criture personnalis\u00e9e offre des solutions durables et \u00e9tanches pour des applications polyvalentes, permettant un partage et une interaction des donn\u00e9es fluides. Parfait pour le marketing, les r\u00e9seaux sociaux et bien plus encore\u00a0!<\/p>","protected":false},"featured_media":3366,"template":"","meta":[],"product_brand":[],"product_cat":[47],"product_tag":[],"class_list":{"0":"post-3365","1":"product","2":"type-product","3":"status-publish","4":"has-post-thumbnail","6":"product_cat-nfc-tags","8":"first","9":"instock","10":"shipping-taxable","11":"product-type-simple"},"_links":{"self":[{"href":"https:\/\/nfc-readers.com\/fr\/wp-json\/wp\/v2\/product\/3365","targetHints":{"allow":["GET"]}}],"collection":[{"href":"https:\/\/nfc-readers.com\/fr\/wp-json\/wp\/v2\/product"}],"about":[{"href":"https:\/\/nfc-readers.com\/fr\/wp-json\/wp\/v2\/types\/product"}],"wp:featuredmedia":[{"embeddable":true,"href":"https:\/\/nfc-readers.com\/fr\/wp-json\/wp\/v2\/media\/3366"}],"wp:attachment":[{"href":"https:\/\/nfc-readers.com\/fr\/wp-json\/wp\/v2\/media?parent=3365"}],"wp:term":[{"taxonomy":"product_brand","embeddable":true,"href":"https:\/\/nfc-readers.com\/fr\/wp-json\/wp\/v2\/product_brand?post=3365"},{"taxonomy":"product_cat","embeddable":true,"href":"https:\/\/nfc-readers.com\/fr\/wp-json\/wp\/v2\/product_cat?post=3365"},{"taxonomy":"product_tag","embeddable":true,"href":"https:\/\/nfc-readers.com\/fr\/wp-json\/wp\/v2\/product_tag?post=3365"}],"curies":[{"name":"wp","href":"https:\/\/api.w.org\/{rel}","templated":true}]}}