{"id":3372,"date":"2024-11-01T14:57:52","date_gmt":"2024-11-01T14:57:52","guid":{"rendered":"https:\/\/nfc-readers.com\/?post_type=product&#038;p=3372"},"modified":"2024-11-01T14:57:52","modified_gmt":"2024-11-01T14:57:52","slug":"13-56mhz-iso14443a-anti-fake-ntag-424-tamper-nfc-sticker","status":"publish","type":"product","link":"https:\/\/nfc-readers.com\/fr\/ic-reader\/13-56mhz-iso14443a-anti-fake-ntag-424-tamper-nfc-sticker\/","title":{"rendered":"Autocollant NFC anti-contrefa\u00e7on NTAG 424 ISO14443A 13,56 MHz"},"content":{"rendered":"<h1 style=\"text-align: center;\"><strong>Autocollant NFC anti-contrefa\u00e7on NTAG 424 ISO14443A 13,56 MHz<\/strong><\/h1>\n<p>&nbsp;<\/p>\n<p>Le\u00a0<strong>Autocollant NFC anti-contrefa\u00e7on ISO14443A 13,56 MHz NTAG 424 inviolable<\/strong>\u00a0repr\u00e9sente une solution de pointe en mati\u00e8re d&#039;authentification num\u00e9rique et de technologie anti-contrefa\u00e7on. Con\u00e7u avec des fonctionnalit\u00e9s avanc\u00e9es, cet autocollant NFC exploite la puissance de la communication RFID et est int\u00e9gr\u00e9 \u00e0 la puce ADN NTAG424, qui permet aux entreprises et aux particuliers de prot\u00e9ger leurs produits et leurs informations sensibles contre les menaces de contrefa\u00e7on.<\/p>\n<p>Sur le march\u00e9 actuel, il est crucial de garantir l&#039;authenticit\u00e9 des produits, et cette \u00e9tiquette NFC offre aux entreprises un moyen abordable et efficace de le faire. Que vous soyez un d\u00e9taillant cherchant \u00e0 am\u00e9liorer la s\u00e9curit\u00e9 de ses produits ou un particulier souhaitant v\u00e9rifier l&#039;authenticit\u00e9 de ses produits, investir dans nos autocollants NFC NTAG 424 est un choix judicieux.<\/p>\n<p>&nbsp;<\/p>\n<h3><strong>Caract\u00e9ristiques et avantages du produit<\/strong><\/h3>\n<p>&nbsp;<\/p>\n<h3>1. Technologie anti-contrefa\u00e7on avanc\u00e9e<\/h3>\n<p>Le\u00a0<strong>\u00c9tiquette NFC ADN NTAG 424<\/strong>\u00a0utilise une technologie anti-contrefa\u00e7on de pointe qui permet aux utilisateurs de v\u00e9rifier l&#039;authenticit\u00e9 du produit en toute transparence. La protection par mot de passe int\u00e9gr\u00e9e et la communication crypt\u00e9e s\u00e9curis\u00e9e garantissent que seuls les utilisateurs autoris\u00e9s peuvent acc\u00e9der aux informations sensibles. Que vous l&#039;utilisiez pour des articles de marque, des produits de collection ou m\u00eame des effets personnels, cet autocollant NFC offre la tranquillit\u00e9 d&#039;esprit de savoir que chaque \u00e9tiquette est inviolable.<\/p>\n<ul>\n<li><strong>Fonctionnalit\u00e9s de s\u00e9curit\u00e9 int\u00e9gr\u00e9es\u00a0:<\/strong>\u00a0La puce NTAG 424 int\u00e8gre plusieurs options de cryptage pour s\u00e9curiser efficacement vos donn\u00e9es.<\/li>\n<li><strong>Acc\u00e8s convivial :<\/strong>\u00a0Les consommateurs peuvent v\u00e9rifier l\u2019authenticit\u00e9 d\u2019un simple toucher, ce qui simplifie grandement la t\u00e2che.<\/li>\n<\/ul>\n<h3>2. Interface de communication polyvalente<\/h3>\n<p>Construit sur le protocole ISO 14443A, notre autocollant NFC prend en charge \u00e0 la fois\u00a0<strong>RFID<\/strong>\u00a0et des interfaces de communication NFC, ce qui le rend compatible avec une large gamme d&#039;appareils, notamment les smartphones, les tablettes et les lecteurs compatibles NFC. Cette polyvalence garantit que les clients peuvent acc\u00e9der facilement aux informations sur les produits, am\u00e9liorant ainsi l&#039;engagement et la fid\u00e9lit\u00e9 des clients.<\/p>\n<ul>\n<li><strong>Appareils compatibles :<\/strong>\u00a0Fonctionne parfaitement avec Android, iPhone et autres appareils NFC.<\/li>\n<li><strong>Exp\u00e9rience utilisateur am\u00e9lior\u00e9e\u00a0:<\/strong>\u00a0Les clients peuvent interagir avec les produits sans effort.<\/li>\n<\/ul>\n<h3>3. Options de taille personnalis\u00e9es<\/h3>\n<p>Tandis que le\u00a0<strong>Autocollant NFC inviolable NTAG 424<\/strong>\u00a0est disponible dans des tailles standards, nous proposons une personnalisation pour r\u00e9pondre \u00e0 des besoins sp\u00e9cifiques. Les options incluent :<\/p>\n<ul>\n<li><strong>Options de diam\u00e8tre :<\/strong>\u00a0Tailles configurables, y compris 25 mm et 45 mm x 30 mm.<\/li>\n<li><strong>Vari\u00e9t\u00e9 de formes :<\/strong>\u00a0Contours rectangulaires, circulaires ou personnalis\u00e9s pour compl\u00e9ter l&#039;esth\u00e9tique de votre marque.<\/li>\n<\/ul>\n<p>Ces diverses options de taille et de forme permettent aux entreprises de cr\u00e9er des exp\u00e9riences de marque uniques, garantissant que leurs produits se d\u00e9marquent sur les \u00e9tag\u00e8res.<\/p>\n<h3>4. Mat\u00e9riau durable et fiable<\/h3>\n<p>Fabriqu\u00e9s \u00e0 partir de papier couch\u00e9 et de PET, ces autocollants NFC sont con\u00e7us pour durer et \u00eatre fiables dans diverses conditions environnementales. Leur mat\u00e9riau robuste r\u00e9siste \u00e0 l&#039;usure, ce qui les rend adapt\u00e9s aux applications int\u00e9rieures et ext\u00e9rieures.<\/p>\n<ul>\n<li><strong>Options d&#039;\u00e9tanch\u00e9it\u00e9 :<\/strong>\u00a0Am\u00e9liore la durabilit\u00e9 et la long\u00e9vit\u00e9, parfait pour les produits expos\u00e9s \u00e0 l&#039;humidit\u00e9.<\/li>\n<li><strong>Qualit\u00e9 de l&#039;adh\u00e9sif :<\/strong>\u00a0Une forte adh\u00e9rence garantit que les autocollants restent intacts sur diverses surfaces.<\/li>\n<\/ul>\n<p>&nbsp;<\/p>\n<h3><strong>Sp\u00e9cifications techniques<\/strong><\/h3>\n<p>&nbsp;<\/p>\n<table class=\"w-fit !mb-0 !max-w-none\" style=\"height: 373px;\" width=\"446\">\n<thead>\n<tr>\n<th>Fonctionnalit\u00e9<\/th>\n<th>Sp\u00e9cification<\/th>\n<\/tr>\n<\/thead>\n<tbody>\n<tr>\n<td>Fr\u00e9quence<\/td>\n<td>13,56 MHz<\/td>\n<\/tr>\n<tr>\n<td>Protocole<\/td>\n<td>OIN 14443A<\/td>\n<\/tr>\n<tr>\n<td>\u00c9br\u00e9cher<\/td>\n<td>ADN NTAG424<\/td>\n<\/tr>\n<tr>\n<td>Mat\u00e9riel<\/td>\n<td>Papier couch\u00e9, PET<\/td>\n<\/tr>\n<tr>\n<td>Options de taille<\/td>\n<td>Diam\u00e8tre 25 mm, 45 mm x 30 mm (personnalis\u00e9)<\/td>\n<\/tr>\n<tr>\n<td>Distance de lecture<\/td>\n<td>1-10 cm<\/td>\n<\/tr>\n<tr>\n<td>Options d&#039;impression<\/td>\n<td>CMJN, Offset, S\u00e9rigraphie<\/td>\n<\/tr>\n<tr>\n<td>Lieu d&#039;origine<\/td>\n<td>Guangdong, Chine<\/td>\n<\/tr>\n<tr>\n<td>Marque<\/td>\n<td>SHUNXIN<\/td>\n<\/tr>\n<tr>\n<td>Num\u00e9ro de mod\u00e8le<\/td>\n<td>NFC SX<\/td>\n<\/tr>\n<tr>\n<td>Unit\u00e9s de vente<\/td>\n<td>Article unique<\/td>\n<\/tr>\n<tr>\n<td>Taille du paquet<\/td>\n<td>0,3 x 0,3 x 0,02 cm<\/td>\n<\/tr>\n<tr>\n<td>Poids brut<\/td>\n<td>0,001 kg<\/td>\n<\/tr>\n<\/tbody>\n<\/table>\n<h3><\/h3>\n<h3><strong>Questions fr\u00e9quemment pos\u00e9es (FAQ)<\/strong><\/h3>\n<p><strong>Q\u00a0:\u00a0Puis-je personnaliser la taille de l\u2019autocollant NFC\u00a0?<\/strong><br \/>\n<strong>UN:<\/strong>\u00a0Oui, nous proposons une personnalisation de la taille des autocollants NFC. Bien que les tailles standard incluent un diam\u00e8tre de 25 mm et 45 mm x 30 mm, vous pouvez demander des dimensions sp\u00e9cifiques pour r\u00e9pondre \u00e0 vos besoins.<\/p>\n<hr \/>\n<p><strong>Q\u00a0: Comment fonctionne la fonction anti-contrefa\u00e7on\u00a0?<\/strong><br \/>\n<strong>UN:<\/strong>\u00a0La puce ADN NTAG 424 int\u00e8gre des protocoles de cryptage et d&#039;authentification avanc\u00e9s. Lorsqu&#039;un utilisateur scanne l&#039;autocollant NFC avec un appareil compatible NFC, il v\u00e9rifie l&#039;int\u00e9grit\u00e9 des donn\u00e9es, ce qui permet aux utilisateurs de confirmer l&#039;authenticit\u00e9 du produit.<\/p>\n<hr \/>\n<p><strong>Q\u00a0: Quels appareils sont compatibles avec l\u2019autocollant NFC NTAG 424\u00a0?<\/strong><br \/>\n<strong>UN:<\/strong>\u00a0Nos autocollants NFC sont compatibles avec tous les appareils compatibles NFC, y compris la plupart des smartphones et tablettes modernes fonctionnant sous Android et iOS. Assurez-vous simplement que les fonctionnalit\u00e9s NFC sont activ\u00e9es sur votre appareil.<\/p>\n<hr \/>\n<p><strong>Q : Quels mat\u00e9riaux sont utilis\u00e9s pour produire les autocollants NFC ?<\/strong><br \/>\n<strong>UN:<\/strong>\u00a0Les autocollants sont fabriqu\u00e9s \u00e0 partir de papier couch\u00e9 et de PET, ce qui leur conf\u00e8re durabilit\u00e9 et r\u00e9sistance \u00e0 l&#039;usure. Ils sont con\u00e7us pour conserver leur qualit\u00e9 m\u00eame dans diverses conditions environnementales.<\/p>\n<p>&nbsp;<\/p>","protected":false},"excerpt":{"rendered":"<p>L&#039;autocollant NFC anti-contrefa\u00e7on NTAG 424 ISO14443A 13,56 MHz offre des fonctionnalit\u00e9s anti-contrefa\u00e7on avanc\u00e9es, garantissant l&#039;authenticit\u00e9 et la s\u00e9curit\u00e9 du produit. Sa conception compacte permet une int\u00e9gration facile dans diverses applications, offrant une fonctionnalit\u00e9 NFC fiable pour un acc\u00e8s et un transfert de donn\u00e9es s\u00e9curis\u00e9s.<\/p>","protected":false},"featured_media":3373,"template":"","meta":[],"product_brand":[],"product_cat":[48],"product_tag":[],"class_list":{"0":"post-3372","1":"product","2":"type-product","3":"status-publish","4":"has-post-thumbnail","6":"product_cat-nfc-stickers","8":"first","9":"instock","10":"shipping-taxable","11":"product-type-simple"},"_links":{"self":[{"href":"https:\/\/nfc-readers.com\/fr\/wp-json\/wp\/v2\/product\/3372","targetHints":{"allow":["GET"]}}],"collection":[{"href":"https:\/\/nfc-readers.com\/fr\/wp-json\/wp\/v2\/product"}],"about":[{"href":"https:\/\/nfc-readers.com\/fr\/wp-json\/wp\/v2\/types\/product"}],"wp:featuredmedia":[{"embeddable":true,"href":"https:\/\/nfc-readers.com\/fr\/wp-json\/wp\/v2\/media\/3373"}],"wp:attachment":[{"href":"https:\/\/nfc-readers.com\/fr\/wp-json\/wp\/v2\/media?parent=3372"}],"wp:term":[{"taxonomy":"product_brand","embeddable":true,"href":"https:\/\/nfc-readers.com\/fr\/wp-json\/wp\/v2\/product_brand?post=3372"},{"taxonomy":"product_cat","embeddable":true,"href":"https:\/\/nfc-readers.com\/fr\/wp-json\/wp\/v2\/product_cat?post=3372"},{"taxonomy":"product_tag","embeddable":true,"href":"https:\/\/nfc-readers.com\/fr\/wp-json\/wp\/v2\/product_tag?post=3372"}],"curies":[{"name":"wp","href":"https:\/\/api.w.org\/{rel}","templated":true}]}}