{"id":3379,"date":"2024-11-02T11:48:42","date_gmt":"2024-11-02T11:48:42","guid":{"rendered":"https:\/\/nfc-readers.com\/?post_type=product&#038;p=3379"},"modified":"2024-11-04T08:54:15","modified_gmt":"2024-11-04T08:54:15","slug":"custom-ntag-215-digital-smart-nfc-business-card","status":"publish","type":"product","link":"https:\/\/nfc-readers.com\/fr\/ic-reader\/custom-ntag-215-digital-smart-nfc-business-card\/","title":{"rendered":"Carte de visite personnalis\u00e9e NTAG 215 Digital Smart NFC"},"content":{"rendered":"<h1><span style=\"color: #000080;\"><strong>Carte de visite personnalis\u00e9e NTAG 215 Digital Smart NFC<\/strong><\/span><\/h1>\n<p><span style=\"color: #666699;\">R\u00e9volutionner le r\u00e9seautageDans le monde num\u00e9rique d&#039;aujourd&#039;hui, qui \u00e9volue \u00e0 un rythme effr\u00e9n\u00e9, il est essentiel de faire une impression m\u00e9morable. <strong>Carte de visite intelligente NFC num\u00e9rique NTAG215 personnalis\u00e9e<\/strong>\u00a0offre une solution innovante pour les professionnels qui souhaitent se d\u00e9marquer et partager efficacement leurs coordonn\u00e9es de mani\u00e8re moderne. Con\u00e7ue pour fonctionner de mani\u00e8re transparente avec divers appareils, cette carte transforme une approche r\u00e9seau traditionnelle en une exp\u00e9rience \u00e9l\u00e9gante et \u00e0 la pointe de la technologie.<\/span><\/p>\n<p>&nbsp;<\/p>\n<h2 style=\"text-align: center;\"><span style=\"color: #000080;\"><em><strong>Avantages de la carte de visite NFC NTAG215 personnalis\u00e9e<\/strong><\/em><\/span><\/h2>\n<p><span style=\"color: #666699;\">Le\u00a0<strong>Carte de visite intelligente NFC num\u00e9rique NTAG215 personnalis\u00e9e<\/strong>\u00a0offre un m\u00e9lange unique de commodit\u00e9, de durabilit\u00e9 et de fonctionnalit\u00e9. Voici quelques avantages cl\u00e9s :<\/span><\/p>\n<ol>\n<li><strong>Connectivit\u00e9 instantan\u00e9e<\/strong>:Appuyez simplement la carte contre un appareil compatible NFC pour permettre \u00e0 vos prospects ou relations d&#039;acc\u00e9der instantan\u00e9ment \u00e0 vos coordonn\u00e9es, \u00e0 vos profils sur les r\u00e9seaux sociaux ou \u00e0 votre mat\u00e9riel promotionnel. Plus besoin de fouiller dans votre portefeuille ou votre sac \u00e0 main.<\/li>\n<li><strong>Durable et imperm\u00e9able<\/strong>:Fabriqu\u00e9e en PVC de haute qualit\u00e9, cette carte pr\u00e9sente des caract\u00e9ristiques imperm\u00e9ables et r\u00e9sistantes aux intemp\u00e9ries, garantissant qu&#039;elle r\u00e9siste \u00e0 l&#039;usure quotidienne.<\/li>\n<li><strong>Conception personnalisable<\/strong>:Les options de personnalisation, telles que les styles d&#039;impression et les finitions uniques comme la transparence mate, brillante ou givr\u00e9e, vous permettent d&#039;exprimer pleinement l&#039;identit\u00e9 de votre marque.<\/li>\n<\/ol>\n<hr \/>\n<h2 style=\"text-align: center;\"><em><span style=\"color: #000080;\"><strong>Aper\u00e7u du produit<\/strong><\/span><\/em><\/h2>\n<h3><span style=\"color: #333399;\"><strong>1. Qu&#039;est-ce que la carte de visite NFC personnalis\u00e9e NTAG215\u00a0?<\/strong><\/span><\/h3>\n<p><span style=\"color: #666699;\">Le\u00a0<strong>Carte de visite intelligente NFC num\u00e9rique NTAG215 personnalis\u00e9e<\/strong>\u00a0est un outil de mise en r\u00e9seau moderne int\u00e9gr\u00e9 \u00e0 la technologie NFC avanc\u00e9e. Cette carte est enti\u00e8rement fonctionnelle\u00a0<strong>RFID<\/strong>\u00a0appareil fonctionnant \u00e0 une fr\u00e9quence de\u00a0<strong>13,56 MHz<\/strong>Les utilisateurs peuvent cr\u00e9er une exp\u00e9rience num\u00e9rique personnalis\u00e9e en programmant cette carte pour diverses actions, telles que la cr\u00e9ation d&#039;un lien vers un site Web ou l&#039;enregistrement d&#039;informations de contact.<\/span><\/p>\n<p>&nbsp;<\/p>\n<h3><span style=\"color: #333399;\"><strong>2. Principaux attributs de la carte NFC NTAG215<\/strong><\/span><\/h3>\n<h3><strong>Cette carte de visite NFC comprend plusieurs attributs cl\u00e9s notables\u00a0:<\/strong><\/h3>\n<ul>\n<li><strong>Technologie des puces<\/strong>:\u00c9quip\u00e9e de la puce NTAG215, qui est une marque d\u00e9pos\u00e9e de NXP, cette carte prend en charge les fonctionnalit\u00e9s de lecture et d&#039;\u00e9criture.<\/li>\n<li><strong>Distance de lecture<\/strong>:La carte peut \u00eatre lue efficacement \u00e0 une distance de\u00a0<strong>1-20 cm<\/strong>, offrant une flexibilit\u00e9 d&#039;utilisation.<\/li>\n<li><strong>Taille et \u00e9paisseur<\/strong>:Les dimensions de la carte sont\u00a0<strong>85,5 x 54 x 0,84 mm<\/strong>, ce qui en fait la taille standard pour un transport facile.<\/li>\n<\/ul>\n<p>&nbsp;<\/p>\n<h3 style=\"text-align: left;\"><span style=\"color: #333399;\"><strong>3. Sp\u00e9cifications techniques<\/strong><\/span><\/h3>\n<div class=\"table-with-header rounded-lg border border-solid border-grey-line2-normal w-fit max-w-full mb-2\">\n<div class=\"table-with-header rounded-lg border border-solid border-grey-line2-normal w-fit max-w-full mb-2\">\n<div class=\"overflow-x-auto custom-scrollbar custom-scrollbar-float max-w-full\">\n<table class=\"w-fit !mb-0 !max-w-none\">\n<thead>\n<tr>\n<th><strong>Sp\u00e9cification<\/strong><\/th>\n<th><strong>D\u00e9tails<\/strong><\/th>\n<\/tr>\n<\/thead>\n<tbody>\n<tr>\n<td><strong>Type de puce<\/strong><\/td>\n<td>NTAG\u00ae215<\/td>\n<\/tr>\n<tr>\n<td><strong>Fr\u00e9quence de fonctionnement<\/strong><\/td>\n<td>13,56 MHz<\/td>\n<\/tr>\n<tr>\n<td><strong>Interface de Communication<\/strong><\/td>\n<td>RFID<\/td>\n<\/tr>\n<tr>\n<td><strong>Mat\u00e9riel<\/strong><\/td>\n<td>PVC<\/td>\n<\/tr>\n<tr>\n<td><strong>Taille de la carte<\/strong><\/td>\n<td>85,5 x 54 x 0,84 mm<\/td>\n<\/tr>\n<tr>\n<td><strong>Distance de lecture<\/strong><\/td>\n<td>2-10 cm<\/td>\n<\/tr>\n<tr>\n<td><strong>Capacit\u00e9 de stockage<\/strong><\/td>\n<td>540 octets (avec environ 120 octets disponibles pour les donn\u00e9es utilisateur)<\/td>\n<\/tr>\n<tr>\n<td><strong>Temp\u00e9rature de fonctionnement<\/strong><\/td>\n<td>+20\u00b0C \u00e0 +80\u00b0C<\/td>\n<\/tr>\n<tr>\n<td><strong>Temp\u00e9rature de stockage<\/strong><\/td>\n<td>-25\u00b0C \u00e0 +70\u00b0C<\/td>\n<\/tr>\n<tr>\n<td><strong>\u00c9paisseur<\/strong><\/td>\n<td>0,84 mm<\/td>\n<\/tr>\n<tr>\n<td><strong>Finition de surface<\/strong><\/td>\n<td>Mat, brillant, givr\u00e9, transparent (options personnalisables)<\/td>\n<\/tr>\n<tr>\n<td><strong>Protocole<\/strong><\/td>\n<td>ISO\/CEI 14443A<\/td>\n<\/tr>\n<tr>\n<td><strong>Indice de r\u00e9sistance \u00e0 l&#039;eau<\/strong><\/td>\n<td>IP68 (\u00e9tanche \u00e0 l&#039;eau et \u00e0 la poussi\u00e8re)<\/td>\n<\/tr>\n<tr>\n<td><strong>Compatibilit\u00e9<\/strong><\/td>\n<td>Compatible avec tous les appareils compatibles NFC<\/td>\n<\/tr>\n<tr>\n<td><strong>Options de personnalisation<\/strong><\/td>\n<td>Diff\u00e9rentes options d&#039;impression (couleur, monochrome) disponibles<\/td>\n<\/tr>\n<tr>\n<td><strong>Impact environnemental<\/strong><\/td>\n<td>Fabriqu\u00e9 \u00e0 l&#039;aide de processus respectueux de l&#039;environnement, adh\u00e9rant aux normes de durabilit\u00e9<\/td>\n<\/tr>\n<tr>\n<td><strong>Applications<\/strong><\/td>\n<td>Id\u00e9al pour les professionnels de divers secteurs d&#039;activit\u00e9 (vente, immobilier, \u00e9v\u00e9nementiel, etc.)<\/td>\n<\/tr>\n<tr>\n<td><strong>Fonctionnalit\u00e9s suppl\u00e9mentaires<\/strong><\/td>\n<td>Facilement programmable via NFC pour modifier les donn\u00e9es, prend en charge les liens vers les r\u00e9seaux sociaux<\/td>\n<\/tr>\n<tr>\n<td><strong>Dur\u00e9e de vie<\/strong><\/td>\n<td>5 ann\u00e9es<\/td>\n<\/tr>\n<\/tbody>\n<\/table>\n<\/div>\n<\/div>\n<p><span style=\"color: #282828;\">Ce tableau fournit un aper\u00e7u complet de la\u00a0<strong>Carte de visite intelligente NFC num\u00e9rique NTAG215 personnalis\u00e9e<\/strong>, aidant les clients \u00e0 comprendre en d\u00e9tail les caract\u00e9ristiques et les avantages du produit.<\/span><\/p>\n<p>&nbsp;<\/p>\n<\/div>\n<h2 style=\"text-align: center;\"><em><span style=\"color: #000080;\"><strong>Pratiques \u00e9cologiques<\/strong><\/span><\/em><\/h2>\n<p style=\"text-align: left;\"><span style=\"color: #666699;\"><strong>Si la technologie est essentielle, l&#039;engagement envers l&#039;environnement l&#039;est tout autant. La carte de visite intelligente NFC num\u00e9rique NTAG215 personnalis\u00e9e est fabriqu\u00e9e \u00e0 l&#039;aide de processus respectueux de l&#039;environnement, minimisant ainsi son impact sur l&#039;environnement.<\/strong><\/span><\/p>\n<p>&nbsp;<\/p>\n<h2 style=\"text-align: center;\"><em><span style=\"color: #000080;\"><strong>Applications concr\u00e8tes<\/strong><\/span><\/em><\/h2>\n<p style=\"text-align: left;\"><span style=\"color: #666699;\"><strong>Les professionnels de diff\u00e9rents secteurs peuvent utiliser ces cartes de visite NFC. Que vous travailliez dans le secteur de la vente, de l&#039;immobilier ou dans tout autre domaine en contact direct avec la client\u00e8le, disposer d&#039;une carte \u00e0 puce peut am\u00e9liorer votre r\u00e9seautage.<\/strong><\/span><\/p>\n<p>&nbsp;<\/p>\n<h2 style=\"text-align: center;\"><em><span style=\"color: #000080;\"><strong>Avis et t\u00e9moignages de clients<\/strong><\/span><\/em><\/h2>\n<p>Les clients raffolent de la commodit\u00e9 et de l&#039;attrait moderne du\u00a0<strong>Carte de visite intelligente NFC num\u00e9rique NTAG215 personnalis\u00e9e<\/strong>Les critiques soulignent la facilit\u00e9 d\u2019utilisation et la conception impressionnante comme facteurs cl\u00e9s de leur succ\u00e8s en mati\u00e8re de r\u00e9seautage.<\/p>\n<blockquote><p>\u00ab J\u2019adore pouvoir partager mes informations facilement ! Chaque fois que je distribue ma carte, je re\u00e7ois des compliments. Cela facilite grandement le r\u00e9seautage ! \u00bb \u2013 Jessica H.<\/p>\n<p>&nbsp;<\/p><\/blockquote>\n<h2 style=\"text-align: center;\"><span style=\"color: #000080;\"><em><strong>FAQ<\/strong><\/em><\/span><\/h2>\n<p><span style=\"color: #008080;\"><strong>Q : La carte est-elle compatible avec tous les smartphones ?<\/strong><\/span><\/p>\n<p>A : Oui, le <strong>Carte de visite NFC NTAG215 personnalis\u00e9e<\/strong>\u00a0est compatible avec tous les smartphones et appareils compatibles NFC, ce qui le rend polyvalent pour les r\u00e9seaux modernes.<\/p>\n<p><span style=\"color: #008080;\"><strong>Q\u00a0:\u00a0Puis-je personnaliser le design de la carte\u00a0?<\/strong><\/span><\/p>\n<p>R : Absolument ! Vous pouvez personnaliser le design de la carte avec diff\u00e9rentes options d&#039;impression, couleurs et finitions pour refl\u00e9ter votre identit\u00e9 personnelle ou celle de votre marque.<\/p>","protected":false},"excerpt":{"rendered":"<p>Transformez la mise en r\u00e9seau avec la carte de visite NFC NTAG215 personnalis\u00e9e, permettant le partage instantan\u00e9 des informations de contact d&#039;un simple toucher, le tout dans une conception durable et personnalisable.<\/p>","protected":false},"featured_media":3380,"template":"","meta":[],"product_brand":[],"product_cat":[46],"product_tag":[],"class_list":{"0":"post-3379","1":"product","2":"type-product","3":"status-publish","4":"has-post-thumbnail","6":"product_cat-nfc-cards","8":"first","9":"instock","10":"shipping-taxable","11":"product-type-simple"},"_links":{"self":[{"href":"https:\/\/nfc-readers.com\/fr\/wp-json\/wp\/v2\/product\/3379","targetHints":{"allow":["GET"]}}],"collection":[{"href":"https:\/\/nfc-readers.com\/fr\/wp-json\/wp\/v2\/product"}],"about":[{"href":"https:\/\/nfc-readers.com\/fr\/wp-json\/wp\/v2\/types\/product"}],"wp:featuredmedia":[{"embeddable":true,"href":"https:\/\/nfc-readers.com\/fr\/wp-json\/wp\/v2\/media\/3380"}],"wp:attachment":[{"href":"https:\/\/nfc-readers.com\/fr\/wp-json\/wp\/v2\/media?parent=3379"}],"wp:term":[{"taxonomy":"product_brand","embeddable":true,"href":"https:\/\/nfc-readers.com\/fr\/wp-json\/wp\/v2\/product_brand?post=3379"},{"taxonomy":"product_cat","embeddable":true,"href":"https:\/\/nfc-readers.com\/fr\/wp-json\/wp\/v2\/product_cat?post=3379"},{"taxonomy":"product_tag","embeddable":true,"href":"https:\/\/nfc-readers.com\/fr\/wp-json\/wp\/v2\/product_tag?post=3379"}],"curies":[{"name":"wp","href":"https:\/\/api.w.org\/{rel}","templated":true}]}}