{"id":3386,"date":"2024-11-02T12:57:27","date_gmt":"2024-11-02T12:57:27","guid":{"rendered":"https:\/\/nfc-readers.com\/?post_type=product&#038;p=3386"},"modified":"2024-11-04T08:53:34","modified_gmt":"2024-11-04T08:53:34","slug":"rfid-design-music-event-event-staff-pvc-nfc-card","status":"publish","type":"product","link":"https:\/\/nfc-readers.com\/fr\/ic-reader\/rfid-design-music-event-event-staff-pvc-nfc-card\/","title":{"rendered":"Carte NFC en PVC pour \u00e9v\u00e9nement musical"},"content":{"rendered":"<h1 style=\"text-align: left;\"><span style=\"color: #000080;\"><strong>Carte NFC en PVC pour \u00e9v\u00e9nement musical<\/strong><\/span><\/h1>\n<div class=\"table-with-header rounded-lg border border-solid border-grey-line2-normal w-fit max-w-full mb-2\">\n<div class=\"h-8 items-center flex justify-between px-2 text-xs border-0 border-b border-solid border-grey-line2-normal\">\n<div class=\"text-text-primary-3 flex items-center gap-1\">\n<h3 style=\"text-align: left;\"><span style=\"color: #008080;\"><strong>Exploitez la puissance de la gestion transparente des \u00e9v\u00e9nements<\/strong><\/span><\/h3>\n<p style=\"text-align: left;\"><strong><span style=\"color: #666699;\">En tant qu&#039;organisateur d&#039;\u00e9v\u00e9nements, vous savez qu&#039;un contr\u00f4le d&#039;acc\u00e8s transparent et une gestion efficace des foules sont les cl\u00e9s d&#039;un \u00e9v\u00e9nement r\u00e9ussi. La carte NFC PVC pour \u00e9v\u00e9nement musical est la solution que vous recherchiez, r\u00e9volutionnant la fa\u00e7on dont vous g\u00e9rez vos festivals de musique, expositions et forums.<\/span><\/strong><\/p>\n<p style=\"text-align: left;\"><strong><span style=\"color: #666699;\">Fabriqu\u00e9es avec une technologie de pointe et une durabilit\u00e9 in\u00e9gal\u00e9e, ces cartes NFC offrent un ensemble complet de fonctionnalit\u00e9s qui am\u00e9lioreront votre exp\u00e9rience \u00e9v\u00e9nementielle. De l&#039;authentification d&#039;identit\u00e9 fiable au contr\u00f4le quotidien fluide des visiteurs, la carte NFC PVC pour \u00e9v\u00e9nement musical est l&#039;outil essentiel dont vous avez besoin pour faire passer la gestion de votre \u00e9v\u00e9nement au niveau sup\u00e9rieur.<\/span><\/strong><\/p>\n<h2 style=\"text-align: left;\"><span style=\"color: #000080;\"><em><strong>Aper\u00e7u du produit<\/strong><\/em><\/span><\/h2>\n<h3 style=\"text-align: left;\"><span style=\"color: #333399;\"><strong>1. Attributs cl\u00e9s : <\/strong><\/span><\/h3>\n<h3 style=\"text-align: left;\"><span style=\"color: #333399;\"><strong>Qualit\u00e9 et s\u00e9curit\u00e9 sans compromis<\/strong><\/span><\/h3>\n<p style=\"text-align: left;\">La carte NFC en PVC pour \u00e9v\u00e9nement musical est con\u00e7ue pour r\u00e9sister aux rigueurs des environnements \u00e0 fort trafic. Fabriqu\u00e9e \u00e0 partir de mat\u00e9riaux durables\u00a0<strong>PVC<\/strong>, ces cartes sont con\u00e7ues pour r\u00e9sister \u00e0 l&#039;usure, garantissant une fiabilit\u00e9 \u00e0 long terme m\u00eame dans les conditions les plus exigeantes.<\/p>\n<h3 style=\"text-align: left;\"><strong><span style=\"color: #333399;\">2. Avantages sp\u00e9cifiques au secteur : <\/span><\/strong><\/h3>\n<h3 style=\"text-align: left;\"><strong><span style=\"color: #333399;\">Con\u00e7u pour les organisateurs d&#039;\u00e9v\u00e9nements<\/span><\/strong><\/h3>\n<p style=\"text-align: left;\">Con\u00e7u en tenant compte des besoins uniques des organisateurs d&#039;\u00e9v\u00e9nements, <strong>la carte PVC NFC pour \u00e9v\u00e9nement musical<\/strong>\u00a0offre une suite de fonctionnalit\u00e9s qui s&#039;int\u00e8grent parfaitement aux syst\u00e8mes de contr\u00f4le d&#039;acc\u00e8s et rationalisent la gestion des foules.<\/p>\n<p>&nbsp;<\/p>\n<h3><span style=\"color: #333399;\"><strong>3. Caract\u00e9ristiques<\/strong><\/span><\/h3>\n<\/div>\n<\/div>\n<\/div>\n<div class=\"table-with-header rounded-lg border border-solid border-grey-line2-normal w-fit max-w-full mb-2\">\n<div class=\"overflow-x-auto custom-scrollbar custom-scrollbar-float max-w-full\">\n<table class=\"w-fit !mb-0 !max-w-none\">\n<thead>\n<tr>\n<th><strong>Cat\u00e9gorie<\/strong><\/th>\n<th><strong>D\u00e9tails<\/strong><\/th>\n<\/tr>\n<\/thead>\n<tbody>\n<tr>\n<td><strong>Mat\u00e9riel<\/strong><\/td>\n<td>PVC de haute qualit\u00e9, durable pour une utilisation \u00e0 long terme.<\/td>\n<\/tr>\n<tr>\n<td><strong>Technologie des puces<\/strong><\/td>\n<td>Puces compatibles NFC (Ntag213, Ntag215, Ntag216) pour une s\u00e9curit\u00e9 renforc\u00e9e.<\/td>\n<\/tr>\n<tr>\n<td><strong>Durabilit\u00e9<\/strong><\/td>\n<td>Imperm\u00e9able et r\u00e9sistant aux intemp\u00e9ries pour les \u00e9v\u00e9nements en plein air.<\/td>\n<\/tr>\n<tr>\n<td><strong>Fr\u00e9quence<\/strong><\/td>\n<td>13,56 MHz<\/td>\n<\/tr>\n<tr>\n<td><strong>Distance de lecture<\/strong><\/td>\n<td>0-10 cm<\/td>\n<\/tr>\n<tr>\n<td><strong>Options de taille<\/strong><\/td>\n<td>Tailles personnalis\u00e9es : 70x100mm, 80x120mm, 85,5x54mm<\/td>\n<\/tr>\n<tr>\n<td><strong>Options d&#039;\u00e9paisseur<\/strong><\/td>\n<td>0,76 mm \u00e0 0,85 mm<\/td>\n<\/tr>\n<tr>\n<td><strong>M\u00e9thode d&#039;impression<\/strong><\/td>\n<td>Impression en quadrichromie CMJN, offset et s\u00e9rigraphie.<\/td>\n<\/tr>\n<tr>\n<td><strong>Finition de surface<\/strong><\/td>\n<td>Options brillantes, mates ou givr\u00e9es disponibles.<\/td>\n<\/tr>\n<tr>\n<td><strong>V\u00e9rification d&#039;identit\u00e9<\/strong><\/td>\n<td>Prend en charge les syst\u00e8mes de contr\u00f4le d&#039;acc\u00e8s pour emp\u00eacher toute entr\u00e9e non autoris\u00e9e.<\/td>\n<\/tr>\n<tr>\n<td><strong>Contr\u00f4le des visiteurs<\/strong><\/td>\n<td>Gestion efficace des flux de participants pour les \u00e9v\u00e9nements de plusieurs jours.<\/td>\n<\/tr>\n<tr>\n<td><strong>Gestion des foules<\/strong><\/td>\n<td>Facilite les processus d\u2019entr\u00e9e en douceur, r\u00e9duisant ainsi les temps d\u2019attente.<\/td>\n<\/tr>\n<tr>\n<td><strong>Personnalisation<\/strong><\/td>\n<td>Conceptions personnalis\u00e9es pour les th\u00e8mes de marque et d&#039;\u00e9v\u00e9nements.<\/td>\n<\/tr>\n<tr>\n<td><strong>Impact environnemental<\/strong><\/td>\n<td>Mat\u00e9riaux \u00e9cologiques avec options de recyclage.<\/td>\n<\/tr>\n<tr>\n<td><strong>Commentaires des clients<\/strong><\/td>\n<td>Avis des utilisateurs soulignant l&#039;efficacit\u00e9 et la fiabilit\u00e9.<\/td>\n<\/tr>\n<tr>\n<td><\/td>\n<td><\/td>\n<\/tr>\n<\/tbody>\n<\/table>\n<\/div>\n<\/div>\n<div class=\"chat-list relative custom-scrollbar-reset-margin custom-scrollbar custom-scrollbar-hidden custom-scrollbar-float pb-9 flex-1 overflow-y-auto\">\n<div class=\"mx-auto max-w-[790px]\">\n<div class=\"message-item-outer relative px-4 mb-2\" data-id=\"d48d37b0-da1a-4c85-9917-d0c1a6993b41\">\n<div class=\"content-area pl-[0px]\">\n<div class=\"message-item select-text relative\">\n<div class=\"message-inner relative\">\n<div class=\"py-[2px]\">\n<div class=\"flex flex-col gap-2\">\n<div class=\"answer-markdown-box overflow-x-auto select-text custom-scrollbar\">\n<div class=\"markdown-body\">\n<h3><strong><span style=\"color: #333399;\">4. Interface de communication : <\/span><\/strong><\/h3>\n<h3><strong><span style=\"color: #333399;\">Exploiter les technologies RFID et NFC<\/span><\/strong><\/h3>\n<p>En utilisant\u00a0<strong>Interfaces de communication RFID et NFC<\/strong>, la carte PVC NFC pour \u00e9v\u00e9nement musical facilite l&#039;\u00e9change de donn\u00e9es rapide et fiable entre la carte et les lecteurs, permettant un contr\u00f4le d&#039;acc\u00e8s fluide et une gestion efficace de la foule.<\/p>\n<p>&nbsp;<\/p>\n<h3><span style=\"color: #333399;\"><strong>5. Fr\u00e9quence et distance de lecture : <\/strong><\/span><\/h3>\n<h3><span style=\"color: #333399;\"><strong>Optimis\u00e9 pour des performances fluides<\/strong><\/span><\/h3>\n<p>Fonctionnant \u00e0 un\u00a0<strong>Fr\u00e9quence 13,56 MHz<\/strong>\u00a0et se vantant d&#039;un\u00a0<strong>Distance de lecture de 0 \u00e0 10 cm<\/strong>, ces cartes NFC offrent des performances fiables, garantissant une exp\u00e9rience sans tracas pour les organisateurs d&#039;\u00e9v\u00e9nements et les participants.<\/p>\n<p>&nbsp;<\/p>\n<h3><strong><span style=\"color: #333399;\">6. Options de personnalisation\u00a0: <\/span><\/strong><\/h3>\n<h3><strong><span style=\"color: #333399;\">Adapt\u00e9 \u00e0 vos besoins<\/span><\/strong><\/h3>\n<p>Offrant une gamme de\u00a0<strong>options de taille et d&#039;\u00e9paisseur<\/strong>, la carte PVC NFC pour \u00e9v\u00e9nement musical peut \u00eatre personnalis\u00e9e pour r\u00e9pondre aux exigences sp\u00e9cifiques de votre \u00e9v\u00e9nement, qu&#039;il s&#039;agisse d&#039;un festival de musique \u00e0 grande \u00e9chelle ou d&#039;un forum industriel intime.<\/p>\n<p>&nbsp;<\/p>\n<h3><strong><span style=\"color: #333399;\">7. Impression et finitions de surface : <\/span><\/strong><\/h3>\n<h3><strong><span style=\"color: #333399;\">Am\u00e9liorez votre image de marque<\/span><\/strong><\/h3>\n<p>Avec\u00a0<strong>Impression CMJN 4C, offset et s\u00e9rigraphie<\/strong>\u00a0capacit\u00e9s, ces cartes NFC peuvent \u00eatre orn\u00e9es de graphismes et de logos dynamiques, compl\u00e9t\u00e9s par un choix de\u00a0<strong>finitions de surface brillantes, mates ou givr\u00e9es<\/strong>\u00a0pour s&#039;aligner sur l&#039;esth\u00e9tique de votre marque.<\/p>\n<p>&nbsp;<\/p>\n<h3><strong><span style=\"color: #333399;\">8. Impact environnemental : <\/span><\/strong><\/h3>\n<h3><strong><span style=\"color: #333399;\">Des solutions durables pour les \u00e9v\u00e9nements<\/span><\/strong><\/h3>\n<p>En tant qu&#039;organisateurs d&#039;\u00e9v\u00e9nements, nous comprenons l&#039;importance de la responsabilit\u00e9 environnementale. C&#039;est pourquoi la carte NFC en PVC pour \u00e9v\u00e9nement musical est con\u00e7ue avec des mat\u00e9riaux respectueux de l&#039;environnement et des options de recyclage, vous permettant d&#039;organiser vos \u00e9v\u00e9nements en mettant l&#039;accent sur la durabilit\u00e9.<\/p>\n<p>&nbsp;<\/p>\n<\/div>\n<\/div>\n<\/div>\n<\/div>\n<\/div>\n<\/div>\n<\/div>\n<\/div>\n<\/div>\n<\/div>\n<p>&nbsp;<\/p>\n<p><strong><span style=\"color: #008080;\">Ce tableau met en \u00e9vidence les principales caract\u00e9ristiques et avantages de la carte PVC NFC pour \u00e9v\u00e9nement musical, ce qui en fait un outil essentiel pour une gestion efficace des \u00e9v\u00e9nements. <\/span><\/strong><\/p>\n<h3><span style=\"color: #008000;\"><em><strong>Pour plus d&#039;informations ou pour demander des \u00e9chantillons gratuits, veuillez remplir le formulaire de demande et nous serons heureux de vous aider !<\/strong><\/em><\/span><\/h3>","protected":false},"excerpt":{"rendered":"<p>Am\u00e9liorez votre exp\u00e9rience \u00e9v\u00e9nementielle avec la carte PVC NFC pour \u00e9v\u00e9nement musical \u2013 la solution ultime pour un contr\u00f4le d&#039;acc\u00e8s transparent et une gestion efficace de la foule.<\/p>","protected":false},"featured_media":3387,"template":"","meta":[],"product_brand":[],"product_cat":[46],"product_tag":[],"class_list":{"0":"post-3386","1":"product","2":"type-product","3":"status-publish","4":"has-post-thumbnail","6":"product_cat-nfc-cards","8":"first","9":"instock","10":"shipping-taxable","11":"product-type-simple"},"_links":{"self":[{"href":"https:\/\/nfc-readers.com\/fr\/wp-json\/wp\/v2\/product\/3386","targetHints":{"allow":["GET"]}}],"collection":[{"href":"https:\/\/nfc-readers.com\/fr\/wp-json\/wp\/v2\/product"}],"about":[{"href":"https:\/\/nfc-readers.com\/fr\/wp-json\/wp\/v2\/types\/product"}],"wp:featuredmedia":[{"embeddable":true,"href":"https:\/\/nfc-readers.com\/fr\/wp-json\/wp\/v2\/media\/3387"}],"wp:attachment":[{"href":"https:\/\/nfc-readers.com\/fr\/wp-json\/wp\/v2\/media?parent=3386"}],"wp:term":[{"taxonomy":"product_brand","embeddable":true,"href":"https:\/\/nfc-readers.com\/fr\/wp-json\/wp\/v2\/product_brand?post=3386"},{"taxonomy":"product_cat","embeddable":true,"href":"https:\/\/nfc-readers.com\/fr\/wp-json\/wp\/v2\/product_cat?post=3386"},{"taxonomy":"product_tag","embeddable":true,"href":"https:\/\/nfc-readers.com\/fr\/wp-json\/wp\/v2\/product_tag?post=3386"}],"curies":[{"name":"wp","href":"https:\/\/api.w.org\/{rel}","templated":true}]}}