{"id":3396,"date":"2024-11-03T02:56:29","date_gmt":"2024-11-03T02:56:29","guid":{"rendered":"https:\/\/nfc-readers.com\/?post_type=product&#038;p=3396"},"modified":"2024-11-03T02:56:30","modified_gmt":"2024-11-03T02:56:30","slug":"fast-read-encrypted-rfid-nfc-event-wristband-ntag215-mifare","status":"publish","type":"product","link":"https:\/\/nfc-readers.com\/fr\/ic-reader\/fast-read-encrypted-rfid-nfc-event-wristband-ntag215-mifare\/","title":{"rendered":"Bracelet d&#039;\u00e9v\u00e9nement RFID NFC crypt\u00e9 \u00e0 lecture rapide Ntag215 MIFARE"},"content":{"rendered":"<h1 style=\"text-align: center;\">Bracelet d&#039;\u00e9v\u00e9nement RFID NFC crypt\u00e9 \u00e0 lecture rapide Ntag215 MIFARE<\/h1>\n<p>&nbsp;<\/p>\n<p>\u00c0 l&#039;\u00e8re du num\u00e9rique, les solutions de contr\u00f4le d&#039;acc\u00e8s et de transaction sans esp\u00e8ces sont devenues essentielles pour les \u00e9v\u00e9nements de toutes tailles. Pr\u00e9sentation de <strong>Bracelet d&#039;\u00e9v\u00e9nement RFID NFC crypt\u00e9 \u00e0 lecture rapide Ntag215 MIFARE<\/strong>\u00a0depuis\u00a0<em>NFC SX<\/em>, la solution ultime pour am\u00e9liorer l&#039;exp\u00e9rience client et assurer une gestion efficace des \u00e9v\u00e9nements. Con\u00e7u sp\u00e9cifiquement pour divers \u00e9v\u00e9nements, des festivals de musique et des \u00e9v\u00e9nements sportifs aux conf\u00e9rences et aux sc\u00e9narios de contr\u00f4le d&#039;acc\u00e8s, ce bracelet associe une technologie de pointe \u00e0 des fonctionnalit\u00e9s conviviales.<\/p>\n<p>&nbsp;<\/p>\n<h3>Pourquoi acheter le bracelet d&#039;\u00e9v\u00e9nement RFID NFC crypt\u00e9 \u00e0 lecture rapide ?<\/h3>\n<p>Le\u00a0<strong>Ntag215 MIFARE<\/strong>\u00a0Le bracelet RFID\/NFC est un produit innovant qui offre de nombreux avantages. Fabriqu\u00e9 \u00e0 partir de PVC durable et de mat\u00e9riaux tiss\u00e9s, il promet long\u00e9vit\u00e9 et fiabilit\u00e9. Sa fonctionnalit\u00e9 de lecture rapide garantit des temps d&#039;attente r\u00e9duits, am\u00e9liorant ainsi le flux des visiteurs aux points d&#039;entr\u00e9e. De plus, gr\u00e2ce \u00e0 sa conception \u00e9tanche, vous pouvez utiliser ces bracelets en toute confiance lors d&#039;\u00e9v\u00e9nements en plein air, de parcs aquatiques et plus encore, o\u00f9 l&#039;exposition \u00e0 l&#039;humidit\u00e9 est un probl\u00e8me.<\/p>\n<p>Avec le\u00a0<strong>Bracelet NFC<\/strong>, vous n&#039;achetez pas seulement un produit ; vous investissez dans une exp\u00e9rience am\u00e9lior\u00e9e pour les participants. Ces bracelets sont id\u00e9aux pour les transactions sans esp\u00e8ces, simplifiant les achats gr\u00e2ce \u00e0 des solutions de paiement sans contact. Vous n&#039;aurez plus \u00e0 vous soucier de la manipulation d&#039;argent liquide ou de billets physiques : tout peut \u00eatre g\u00e9r\u00e9 de mani\u00e8re pratique via le bracelet.<\/p>\n<p>&nbsp;<\/p>\n<h2>Caract\u00e9ristiques sp\u00e9ciales du bracelet \u00e9v\u00e9nementiel RFID NFC<\/h2>\n<p>Le\u00a0<strong>Bracelet d&#039;\u00e9v\u00e9nement RFID NFC crypt\u00e9 \u00e0 lecture rapide Ntag215 MIFARE<\/strong>\u00a0est dot\u00e9 de fonctionnalit\u00e9s qui en font un choix judicieux pour toutes les occasions.<\/p>\n<ul>\n<li><strong>S\u00e9curit\u00e9 inviolable :<\/strong>\u00a0Chaque bracelet est dot\u00e9 d&#039;une technologie crypt\u00e9e pour prot\u00e9ger les donn\u00e9es sensibles, offrant ainsi une tranquillit\u00e9 d&#039;esprit aux organisateurs d&#039;\u00e9v\u00e9nements et aux participants.<\/li>\n<li><strong>Convivial:<\/strong>\u00a0Les bracelets sont faciles \u00e0 utiliser : il suffit de les placer sur un lecteur compatible NFC et vous obtenez l&#039;acc\u00e8s ou effectuez un paiement sans esp\u00e8ces.<\/li>\n<li><strong>Plage de lecture :<\/strong>\u00a0Avec une distance de lecture allant jusqu&#039;\u00e0 10 cm, ces bracelets fonctionnent efficacement sans n\u00e9cessiter de contact direct avec le lecteur.<\/li>\n<\/ul>\n<p>La combinaison de ces fonctionnalit\u00e9s sp\u00e9ciales garantit non seulement une s\u00e9curit\u00e9 accrue, mais am\u00e9liore \u00e9galement l&#039;exp\u00e9rience globale de l&#039;utilisateur.<\/p>\n<p>&nbsp;<\/p>\n<h2>Avantages des transactions sans esp\u00e8ces avec les bracelets NFC<\/h2>\n<p>L&#039;essor des paiements sans esp\u00e8ces transforme rapidement le secteur de l&#039;\u00e9v\u00e9nementiel. Voici les principaux avantages de l&#039;utilisation de ces moyens de paiement\u00a0<strong>Bracelets NFC<\/strong>\u00a0pour les transactions sans esp\u00e8ces :<\/p>\n<ul>\n<li><strong>Confort accru :<\/strong>\u00a0Les clients peuvent effectuer des achats d&#039;un simple toucher de leur bracelet, ce qui rend les transactions rapides et faciles.<\/li>\n<li><strong>Temps d&#039;attente r\u00e9duits :<\/strong>\u00a0Moins de temps pass\u00e9 dans les files d&#039;attente signifie une am\u00e9lioration<\/li>\n<\/ul>\n<h2>Avantages des transactions sans esp\u00e8ces avec les bracelets NFC<\/h2>\n<p>L&#039;essor des paiements sans esp\u00e8ces transforme rapidement le secteur de l&#039;\u00e9v\u00e9nementiel. Voici les principaux avantages de l&#039;utilisation de ces moyens de paiement\u00a0<strong>Bracelets NFC<\/strong>\u00a0pour les transactions sans esp\u00e8ces :<\/p>\n<ul>\n<li><strong>Confort accru :<\/strong>\u00a0Les clients peuvent effectuer des achats d&#039;un simple toucher de leur bracelet, ce qui rend les transactions rapides et faciles.<\/li>\n<li><strong>Temps d&#039;attente r\u00e9duits :<\/strong>\u00a0Moins de temps pass\u00e9 dans les files d&#039;attente signifie une am\u00e9lioration<\/li>\n<\/ul>\n<p>&nbsp;<\/p>\n<h3>FAQ sur les bracelets \u00e9v\u00e9nementiels RFID NFC<\/h3>\n<h4>1.\u00a0<strong>Que sont les bracelets \u00e9v\u00e9nementiels RFID NFC ?<\/strong><\/h4>\n<p>Les bracelets \u00e9v\u00e9nementiels RFID NFC sont des dispositifs portables \u00e9quip\u00e9s de la technologie d&#039;identification par radiofr\u00e9quence (RFID) et de communication en champ proche (NFC). Ils facilitent le contr\u00f4le d&#039;acc\u00e8s s\u00e9curis\u00e9, les transactions sans esp\u00e8ces et la collecte de donn\u00e9es pour les \u00e9v\u00e9nements.<\/p>\n<h4>2.\u00a0<strong>Comment fonctionnent les bracelets RFID ?<\/strong><\/h4>\n<p>Les bracelets RFID fonctionnent en transmettant des informations sans fil via des ondes radio \u00e0 un lecteur RFID. Lorsqu&#039;un participant approche son bracelet d&#039;un lecteur, celui-ci transmet des donn\u00e9es pour le contr\u00f4le d&#039;acc\u00e8s ou le traitement des paiements.<\/p>\n<h4>3.\u00a0<strong>De quels mat\u00e9riaux sont fabriqu\u00e9s les bracelets RFID NFC ?<\/strong><\/h4>\n<p>Nos bracelets RFID sont principalement fabriqu\u00e9s \u00e0 partir de PVC durable et de mat\u00e9riaux tiss\u00e9s, con\u00e7us pour \u00eatre \u00e0 la fois imperm\u00e9ables et r\u00e9sistants aux intemp\u00e9ries afin de r\u00e9sister \u00e0 diverses conditions d&#039;\u00e9v\u00e9nement.<\/p>\n<h4>4.\u00a0<strong>Quel est l\u2019avantage d\u2019utiliser la technologie NFC dans les bracelets ?<\/strong><\/h4>\n<p>La technologie NFC permet des transactions sans contact rapides et s\u00e9curis\u00e9es, ce qui am\u00e9liore l&#039;exp\u00e9rience client en r\u00e9duisant les temps d&#039;attente et en minimisant le besoin d&#039;argent liquide ou de billets.<\/p>\n<h4>5.\u00a0<strong>Les bracelets sont-ils personnalisables ?<\/strong><\/h4>\n<p>Oui ! Nos bracelets RFID peuvent \u00eatre personnalis\u00e9s avec la marque, les logos et les couleurs de votre \u00e9v\u00e9nement pour am\u00e9liorer l&#039;engagement des participants et promouvoir votre \u00e9v\u00e9nement.<\/p>","protected":false},"excerpt":{"rendered":"<p>Le bracelet \u00e9v\u00e9nementiel NFC RFID crypt\u00e9 \u00e0 lecture rapide Ntag215 MIFARE permet un contr\u00f4le d&#039;acc\u00e8s s\u00e9curis\u00e9 et des paiements sans esp\u00e8ces, am\u00e9liorant ainsi l&#039;exp\u00e9rience des invit\u00e9s lors des \u00e9v\u00e9nements. \u00c9tanche et personnalisable, il garantit fiabilit\u00e9 et commodit\u00e9 pour toutes les occasions.<\/p>","protected":false},"featured_media":3397,"template":"","meta":[],"product_brand":[],"product_cat":[50],"product_tag":[],"class_list":{"0":"post-3396","1":"product","2":"type-product","3":"status-publish","4":"has-post-thumbnail","6":"product_cat-silicone-rfid-nfc-wristbands","8":"first","9":"instock","10":"shipping-taxable","11":"product-type-simple"},"_links":{"self":[{"href":"https:\/\/nfc-readers.com\/fr\/wp-json\/wp\/v2\/product\/3396","targetHints":{"allow":["GET"]}}],"collection":[{"href":"https:\/\/nfc-readers.com\/fr\/wp-json\/wp\/v2\/product"}],"about":[{"href":"https:\/\/nfc-readers.com\/fr\/wp-json\/wp\/v2\/types\/product"}],"wp:featuredmedia":[{"embeddable":true,"href":"https:\/\/nfc-readers.com\/fr\/wp-json\/wp\/v2\/media\/3397"}],"wp:attachment":[{"href":"https:\/\/nfc-readers.com\/fr\/wp-json\/wp\/v2\/media?parent=3396"}],"wp:term":[{"taxonomy":"product_brand","embeddable":true,"href":"https:\/\/nfc-readers.com\/fr\/wp-json\/wp\/v2\/product_brand?post=3396"},{"taxonomy":"product_cat","embeddable":true,"href":"https:\/\/nfc-readers.com\/fr\/wp-json\/wp\/v2\/product_cat?post=3396"},{"taxonomy":"product_tag","embeddable":true,"href":"https:\/\/nfc-readers.com\/fr\/wp-json\/wp\/v2\/product_tag?post=3396"}],"curies":[{"name":"wp","href":"https:\/\/api.w.org\/{rel}","templated":true}]}}