{"id":3403,"date":"2024-11-03T03:04:22","date_gmt":"2024-11-03T03:04:22","guid":{"rendered":"https:\/\/nfc-readers.com\/?post_type=product&#038;p=3403"},"modified":"2024-11-04T03:10:35","modified_gmt":"2024-11-04T03:10:35","slug":"silicone-wristband-smart-nfc-rfidtag-wristband-silicone-b","status":"publish","type":"product","link":"https:\/\/nfc-readers.com\/fr\/ic-reader\/silicone-wristband-smart-nfc-rfidtag-wristband-silicone-b\/","title":{"rendered":"Bracelet en silicone Smart NFC RFIDTag Bracelet en silicone B"},"content":{"rendered":"<h1 style=\"text-align: center;\"><strong>Bracelet en silicone Smart NFC RFIDTag Bracelet en silicone B<\/strong><\/h1>\n<p>&nbsp;<\/p>\n<p>Le <strong>Bracelet en silicone intelligent NFC RFID Tag Bracelet en silicone B<\/strong>\u00a0est un produit r\u00e9volutionnaire con\u00e7u pour diverses applications telles que la gestion d&#039;\u00e9v\u00e9nements, le contr\u00f4le d&#039;acc\u00e8s et les solutions de paiement sans esp\u00e8ces. Alliant innovation et praticit\u00e9, ce bracelet fusionne les technologies RFID et NFC pour offrir une exp\u00e9rience fluide aux utilisateurs et aux organisateurs d&#039;\u00e9v\u00e9nements. Gr\u00e2ce \u00e0 ses capacit\u00e9s d&#039;\u00e9tanch\u00e9it\u00e9 et \u00e0 sa conception personnalisable, le bracelet RFID est parfaitement adapt\u00e9 \u00e0 divers contextes, qu&#039;il s&#039;agisse d&#039;un festival de musique, d&#039;un \u00e9v\u00e9nement d&#039;entreprise ou m\u00eame d&#039;une visite d&#039;un parc aquatique. Opter pour ce bracelet de pointe am\u00e9liorera non seulement l&#039;efficacit\u00e9 op\u00e9rationnelle, mais am\u00e9liorera \u00e9galement consid\u00e9rablement l&#039;exp\u00e9rience globale des clients.<\/p>\n<p>&nbsp;<\/p>\n<h2>Pr\u00e9sentation du bracelet RFID<\/h2>\n<p>Le\u00a0<strong>Bracelet RFID<\/strong>\u00a0est con\u00e7u pour un contr\u00f4le d&#039;acc\u00e8s rapide, permettant aux organisateurs d&#039;\u00e9v\u00e9nements de rationaliser leurs op\u00e9rations. Utilisant une technologie RFID avanc\u00e9e avec une fr\u00e9quence de\u00a0<strong>13,56 MHz<\/strong>, ces\u00a0<strong>bracelets RFID en silicone<\/strong>\u00a0offrent \u00e0 la fois s\u00e9curit\u00e9 et commodit\u00e9. Con\u00e7u pour \u00eatre lu dans un\u00a0<strong>2-5 cm<\/strong>\u00a0De par leur gamme, ils offrent une transmission de donn\u00e9es rapide adapt\u00e9e \u00e0 diverses applications \u00e9v\u00e9nementielles, allant des festivals de musique aux rassemblements d&#039;entreprise.<\/p>\n<p>Avec des fonctionnalit\u00e9s am\u00e9lior\u00e9es telles que\u00a0<strong>imperm\u00e9able et r\u00e9sistant aux intemp\u00e9ries<\/strong>\u00a0Gr\u00e2ce \u00e0 ses mat\u00e9riaux de haute qualit\u00e9, ce bracelet garantit durabilit\u00e9 et fiabilit\u00e9, m\u00eame en ext\u00e9rieur. Les utilisateurs peuvent profiter d&#039;options de paiement sans esp\u00e8ces, augmentant ainsi l&#039;efficacit\u00e9 tout en r\u00e9duisant les temps d&#039;attente pour l&#039;entr\u00e9e et les transactions.<\/p>\n<p>&nbsp;<\/p>\n<hr \/>\n<h2>Principales caract\u00e9ristiques du bracelet RFID en silicone<\/h2>\n<p>Le\u00a0<strong>Bracelet RFID en silicone<\/strong>\u00a0englobe une vari\u00e9t\u00e9 de fonctionnalit\u00e9s qui en font un choix exceptionnel pour les organisateurs et les utilisateurs d&#039;\u00e9v\u00e9nements.<\/p>\n<ul>\n<li><strong>Imperm\u00e9able\/R\u00e9sistant aux intemp\u00e9ries :<\/strong>\u00a0Contrairement aux bracelets standards, ce mod\u00e8le est con\u00e7u pour r\u00e9sister \u00e0 l&#039;humidit\u00e9 et r\u00e9sister \u00e0 diverses conditions m\u00e9t\u00e9orologiques, ce qui le rend id\u00e9al pour les \u00e9v\u00e9nements en plein air tels que les concerts et les parcs aquatiques.<\/li>\n<li><strong>Interface de communication :<\/strong>\u00a0Avec int\u00e9gr\u00e9\u00a0<strong>NFC et RFID<\/strong>\u00a0Dot\u00e9 de fonctionnalit\u00e9s avanc\u00e9es, ce bracelet permet des transactions et des \u00e9changes de donn\u00e9es fluides. Les utilisateurs peuvent acc\u00e9der aux paiements sans esp\u00e8ces, d\u00e9verrouiller les portes et acc\u00e9der aux zones restreintes sans avoir \u00e0 se soucier des tickets physiques ou de l&#039;identification.<\/li>\n<li><strong>Personnalisation :<\/strong>\u00a0Des options sur mesure sont disponibles pour les tailles, les couleurs et les styles d&#039;impression. Cette adaptabilit\u00e9 permet aux marques d&#039;am\u00e9liorer leur visibilit\u00e9 gr\u00e2ce \u00e0\u00a0<strong>s\u00e9rigraphie<\/strong>\u00a0et d&#039;autres techniques d&#039;artisanat avanc\u00e9es comme\u00a0<strong>codage laser et impression thermique<\/strong>.<\/li>\n<\/ul>\n<p>Ces caract\u00e9ristiques sp\u00e9ciales mettent en valeur non seulement la fonctionnalit\u00e9, mais \u00e9galement une exp\u00e9rience utilisateur attrayante.<\/p>\n<p>&nbsp;<\/p>\n<hr \/>\n<h2>Avantages de l&#039;utilisation de bracelets RFID pour les \u00e9v\u00e9nements<\/h2>\n<p>Adopter\u00a0<strong>Bracelets RFID pour \u00e9v\u00e9nements<\/strong>\u00a0peut am\u00e9liorer consid\u00e9rablement la gestion globale des \u00e9v\u00e9nements\u00a0:<\/p>\n<ol>\n<li><strong>S\u00e9curit\u00e9 renforc\u00e9e :<\/strong>\u00a0L&#039;int\u00e9gration d&#039;une conception inviolable garantit que les donn\u00e9es contenues dans le bracelet restent s\u00e9curis\u00e9es. La duplication ou l&#039;acc\u00e8s non autoris\u00e9 est pratiquement impossible, ce qui fait de ces bracelets un excellent choix pour les \u00e9v\u00e9nements de grande envergure n\u00e9cessitant des mesures de s\u00e9curit\u00e9 renforc\u00e9es.<\/li>\n<li><strong>Collecte de donn\u00e9es :<\/strong>\u00a0Recueillez des informations essentielles sur le comportement des participants, qui peuvent \u00eatre utilis\u00e9es pour des \u00e9v\u00e9nements futurs.\u00a0<strong>Technologie RFID<\/strong>, les organisateurs d&#039;\u00e9v\u00e9nements peuvent analyser les mod\u00e8les d&#039;entr\u00e9e et les pr\u00e9f\u00e9rences, les aidant ainsi \u00e0 personnaliser les offres futures.<\/li>\n<li><strong>Temps d&#039;attente r\u00e9duits :<\/strong>\u00a0L&#039;efficacit\u00e9 offerte par les bracelets RFID se traduit par des files d&#039;attente plus courtes. Les participants peuvent se d\u00e9placer rapidement de l&#039;entr\u00e9e au site du festival, am\u00e9liorant ainsi leur exp\u00e9rience et r\u00e9duisant les frustrations potentielles.<\/li>\n<\/ol>\n<p>Avec ces avantages significatifs, il est clair que\u00a0<strong>bracelets RFID en silicone<\/strong>\u00a0ne sont pas seulement une tendance, mais un investissement intelligent.<\/p>\n<p>&nbsp;<\/p>\n<h2>Sp\u00e9cifications techniques du bracelet NFC<\/h2>\n<table class=\"w-fit !mb-0 !max-w-none\" style=\"height: 260px;\" width=\"451\">\n<thead>\n<tr>\n<th>Fonctionnalit\u00e9<\/th>\n<th>Sp\u00e9cification<\/th>\n<\/tr>\n<\/thead>\n<tbody>\n<tr>\n<td>Fr\u00e9quence<\/td>\n<td>13,56 MHz<\/td>\n<\/tr>\n<tr>\n<td>Type de puce<\/td>\n<td>FO8<\/td>\n<\/tr>\n<tr>\n<td>Distance de lecture<\/td>\n<td>2-5 cm<\/td>\n<\/tr>\n<tr>\n<td>Standard<\/td>\n<td>ISO\/CEI 14443A<\/td>\n<\/tr>\n<tr>\n<td>Mat\u00e9riel<\/td>\n<td>Caoutchouc<\/td>\n<\/tr>\n<tr>\n<td>Taille<\/td>\n<td>Taille personnalis\u00e9e<\/td>\n<\/tr>\n<tr>\n<td>Techniques d&#039;impression<\/td>\n<td>Impression s\u00e9rigraphique<\/td>\n<\/tr>\n<tr>\n<td>Conditionnement<\/td>\n<td>Article unique<\/td>\n<\/tr>\n<tr>\n<td>Poids brut<\/td>\n<td>0,500 kg<\/td>\n<\/tr>\n<\/tbody>\n<\/table>\n<h2><\/h2>\n<h2>FAQ concernant le bracelet RFID en silicone<\/h2>\n<h3>1.\u00a0<strong>Qu&#039;est-ce qu&#039;un bracelet RFID ?<\/strong><\/h3>\n<p>Un bracelet RFID (Radio Frequency Identification) utilise la technologie de radiofr\u00e9quence pour transmettre des donn\u00e9es sans fil. Il permet un acc\u00e8s rapide aux zones s\u00e9curis\u00e9es, facilite les paiements sans esp\u00e8ces et am\u00e9liore l&#039;exp\u00e9rience globale des participants \u00e0 l&#039;\u00e9v\u00e9nement.<\/p>\n<h3>2.\u00a0<strong>Comment fonctionne le bracelet RFID ?<\/strong><\/h3>\n<p>Le bracelet contient une puce RFID passive qui communique avec les lecteurs RFID. Lorsqu&#039;un utilisateur s&#039;approche d&#039;un lecteur, le bracelet transmet des donn\u00e9es par ondes radio, ce qui permet une identification et un contr\u00f4le d&#039;acc\u00e8s rapides.<\/p>\n<h3>3.\u00a0<strong>Le bracelet est-il \u00e9tanche ?<\/strong><\/h3>\n<p>Oui, le\u00a0<strong>Bracelet RFID en silicone<\/strong>\u00a0est con\u00e7u pour \u00eatre \u00e9tanche et r\u00e9sistant aux intemp\u00e9ries, ce qui le rend adapt\u00e9 aux \u00e9v\u00e9nements et environnements ext\u00e9rieurs tels que les parcs aquatiques et les concerts.<\/p>\n<h3>4.\u00a0<strong>Le bracelet peut-il \u00eatre personnalis\u00e9 ?<\/strong><\/h3>\n<p>Absolument ! Le bracelet peut \u00eatre personnalis\u00e9 en diff\u00e9rentes tailles, couleurs et motifs. Les organisations peuvent \u00e9galement choisir entre diff\u00e9rentes m\u00e9thodes d&#039;impression, notamment la s\u00e9rigraphie, le codage laser et l&#039;impression thermique.<\/p>\n<h3>5.\u00a0<strong>Quelle est la distance de lecture du bracelet RFID ?<\/strong><\/h3>\n<p>Le bracelet a une distance de lecture de\u00a0<strong>2-5 cm<\/strong>, assurant une transmission rapide et fiable des donn\u00e9es et une gestion des acc\u00e8s.<\/p>","protected":false},"excerpt":{"rendered":"<p>Le\u00a0<strong>Bracelet en silicone intelligent NFC RFID Tag Bracelet en silicone B<\/strong>\u00a0est une solution de contr\u00f4le d&#039;acc\u00e8s polyvalente con\u00e7ue pour les \u00e9v\u00e9nements, offrant une int\u00e9gration transparente des technologies RFID et NFC. \u00c9tanche et personnalisable, elle am\u00e9liore l&#039;exp\u00e9rience utilisateur tout en offrant des transactions s\u00e9curis\u00e9es sans esp\u00e8ces et une gestion facile des entr\u00e9es.<\/p>","protected":false},"featured_media":3404,"template":"","meta":[],"product_brand":[],"product_cat":[50],"product_tag":[],"class_list":{"0":"post-3403","1":"product","2":"type-product","3":"status-publish","4":"has-post-thumbnail","6":"product_cat-silicone-rfid-nfc-wristbands","8":"first","9":"instock","10":"shipping-taxable","11":"product-type-simple"},"_links":{"self":[{"href":"https:\/\/nfc-readers.com\/fr\/wp-json\/wp\/v2\/product\/3403","targetHints":{"allow":["GET"]}}],"collection":[{"href":"https:\/\/nfc-readers.com\/fr\/wp-json\/wp\/v2\/product"}],"about":[{"href":"https:\/\/nfc-readers.com\/fr\/wp-json\/wp\/v2\/types\/product"}],"wp:featuredmedia":[{"embeddable":true,"href":"https:\/\/nfc-readers.com\/fr\/wp-json\/wp\/v2\/media\/3404"}],"wp:attachment":[{"href":"https:\/\/nfc-readers.com\/fr\/wp-json\/wp\/v2\/media?parent=3403"}],"wp:term":[{"taxonomy":"product_brand","embeddable":true,"href":"https:\/\/nfc-readers.com\/fr\/wp-json\/wp\/v2\/product_brand?post=3403"},{"taxonomy":"product_cat","embeddable":true,"href":"https:\/\/nfc-readers.com\/fr\/wp-json\/wp\/v2\/product_cat?post=3403"},{"taxonomy":"product_tag","embeddable":true,"href":"https:\/\/nfc-readers.com\/fr\/wp-json\/wp\/v2\/product_tag?post=3403"}],"curies":[{"name":"wp","href":"https:\/\/api.w.org\/{rel}","templated":true}]}}