{"id":3410,"date":"2024-11-03T03:16:05","date_gmt":"2024-11-03T03:16:05","guid":{"rendered":"https:\/\/nfc-readers.com\/?post_type=product&#038;p=3410"},"modified":"2024-11-04T03:17:59","modified_gmt":"2024-11-04T03:17:59","slug":"custom-logo-waterproof-polyester-woven-rfid-nfc-wristbands","status":"publish","type":"product","link":"https:\/\/nfc-readers.com\/fr\/ic-reader\/custom-logo-waterproof-polyester-woven-rfid-nfc-wristbands\/","title":{"rendered":"Bracelets RFID NFC tiss\u00e9s en polyester imperm\u00e9able avec logo personnalis\u00e9"},"content":{"rendered":"<h1 style=\"text-align: center;\"><strong>Bracelets RFID NFC tiss\u00e9s en polyester imperm\u00e9able avec logo personnalis\u00e9<\/strong><\/h1>\n<p>&nbsp;<\/p>\n<p>Dans un monde qui valorise de plus en plus la commodit\u00e9 et la connectivit\u00e9, <strong>Bracelets RFID NFC tiss\u00e9s en polyester imperm\u00e9able avec logo personnalis\u00e9<\/strong>\u00a0se d\u00e9marquent comme un choix sup\u00e9rieur pour les entreprises et les organisateurs d&#039;\u00e9v\u00e9nements. Ces bracelets innovants combinent les derni\u00e8res\u00a0<strong>Technologie RFID<\/strong>\u00a0avec un design \u00e9l\u00e9gant et des mat\u00e9riaux robustes, ce qui les rend id\u00e9aux pour une vari\u00e9t\u00e9 d&#039;applications, des festivals et des parcs aquatiques aux \u00e9v\u00e9nements d&#039;entreprise et aux solutions de paiement sans esp\u00e8ces. Avec leur\u00a0<strong>\u00e9tanche<\/strong>\u00a0Gr\u00e2ce \u00e0 leurs fonctionnalit\u00e9s et \u00e0 leur personnalisation, ces bracelets augmentent non seulement la visibilit\u00e9 de la marque, mais am\u00e9liorent \u00e9galement l&#039;exp\u00e9rience utilisateur, garantissant ainsi que vous obtenez le meilleur rapport qualit\u00e9-prix pour votre investissement.<\/p>\n<p>&nbsp;<\/p>\n<h2>Pourquoi choisir des bracelets RFID NFC tiss\u00e9s personnalis\u00e9s\u00a0?<\/h2>\n<p>En tant qu&#039;organisateurs d&#039;\u00e9v\u00e9nements, vous comprenez l&#039;importance d&#039;un contr\u00f4le d&#039;acc\u00e8s transparent, d&#039;une image de marque efficace et de l&#039;optimisation de l&#039;exp\u00e9rience des invit\u00e9s. Ces bracelets offrent tout cela et plus encore.\u00a0<strong>Technologie RFID<\/strong>\u00a0fonctionnant \u00e0 une fr\u00e9quence de\u00a0<strong>13,56 MHz<\/strong>, ils rationalisent les op\u00e9rations, r\u00e9duisent les temps d&#039;attente et am\u00e9liorent la s\u00e9curit\u00e9 pour les \u00e9v\u00e9nements de toute taille. De plus, avec la possibilit\u00e9 d&#039;int\u00e9grer des logos personnalis\u00e9s gr\u00e2ce \u00e0 des fonctionnalit\u00e9s avanc\u00e9es\u00a0<strong>Impression CMJN<\/strong>, ces bracelets font \u00e9galement office d&#039;outil promotionnel. Ils sont non seulement fonctionnels mais aussi \u00e0 la mode, ce qui en fait un succ\u00e8s aupr\u00e8s des participants !<\/p>\n<p>&nbsp;<\/p>\n<h2>Caract\u00e9ristiques des bracelets RFID NFC<\/h2>\n<h3>Solutions avanc\u00e9es de contr\u00f4le d&#039;acc\u00e8s<\/h3>\n<p>Les bracelets RFID NFC constituent un outil puissant pour\u00a0<strong>contr\u00f4le d&#039;acc\u00e8s<\/strong>, permettant aux organisateurs d&#039;\u00e9v\u00e9nements de fournir des zones VIP et un acc\u00e8s sp\u00e9cial en toute simplicit\u00e9.\u00a0<strong>Puce MIFARE Classic 1K<\/strong>, ces bracelets peuvent stocker des informations cl\u00e9s et les transmettre via un r\u00e9seau s\u00e9curis\u00e9\u00a0<strong>Interface de communication NFC<\/strong>. Par cons\u00e9quent, ils sont parfaits pour les lieux qui doivent allouer des zones aux invit\u00e9s ou fournir un acc\u00e8s \u00e0 plusieurs niveaux lors d&#039;\u00e9v\u00e9nements.<\/p>\n<h3>Fonctionnalit\u00e9 de paiement sans esp\u00e8ces<\/h3>\n<p>Dites adieu aux longues files d&#039;attente et aux manipulations d&#039;argent inutiles avec\u00a0<strong>paiement sans esp\u00e8ces<\/strong>\u00a0syst\u00e8mes. Nos bracelets RFID permettent des transactions transparentes, permettant aux utilisateurs d&#039;effectuer des paiements rapidement et facilement dans les stands, les bars et les attractions. Cela am\u00e9liore non seulement la\u00a0<strong>exp\u00e9rience client<\/strong>\u00a0mais r\u00e9duit consid\u00e9rablement les temps d&#039;attente, permettant aux participants de se concentrer sur le plaisir de l&#039;\u00e9v\u00e9nement plut\u00f4t que de s&#039;inqui\u00e9ter de l&#039;argent.<\/p>\n<h2>Mat\u00e9riaux et durabilit\u00e9<\/h2>\n<h3>Conception robuste pour tout environnement<\/h3>\n<p>Construit \u00e0 partir d&#039;un m\u00e9lange unique de\u00a0<strong>polyester tiss\u00e9<\/strong>\u00a0et\u00a0<strong>PVC<\/strong>, ces bracelets offrent une durabilit\u00e9 impressionnante et\u00a0<strong>\u00e9tanche<\/strong>\u00a0Qu&#039;il s&#039;agisse d&#039;une journ\u00e9e ensoleill\u00e9e dans un festival ou d&#039;une journ\u00e9e pass\u00e9e \u00e0 barboter dans un parc aquatique, ces bracelets sont con\u00e7us pour r\u00e9sister aux \u00e9l\u00e9ments. Leurs propri\u00e9t\u00e9s de r\u00e9sistance aux intemp\u00e9ries garantissent qu&#039;ils ne se d\u00e9graderont pas lorsqu&#039;ils seront expos\u00e9s \u00e0 la pluie ou \u00e0 l&#039;eau, pr\u00e9servant ainsi la facilit\u00e9 d&#039;utilisation et la fiabilit\u00e9 du produit.\u00a0<strong>Technologie RFID<\/strong>\u00a0int\u00e9gr\u00e9 \u00e0 l&#039;int\u00e9rieur.<\/p>\n<h3>R\u00e9silience \u00e0 la temp\u00e9rature<\/h3>\n<p>Le\u00a0<strong>temp\u00e9rature de travail<\/strong>\u00a0de nos gammes de bracelets vont de\u00a0<strong>-20\u00b0C \u00e0 +80\u00b0C<\/strong>, garantissant leur fonctionnalit\u00e9 aussi bien lors d&#039;\u00e9v\u00e9nements estivaux chauds que lors de rassemblements ext\u00e9rieurs froids. Cette r\u00e9sistance \u00e0 la temp\u00e9rature pr\u00e9serve les performances du\u00a0<strong>Puce RFID<\/strong>\u00a0et aide \u00e0 maintenir l&#039;int\u00e9grit\u00e9, vous pouvez donc \u00eatre assur\u00e9 que votre bracelet fonctionnera efficacement dans toutes les conditions.<\/p>\n<p>&nbsp;<\/p>\n<h2>Sp\u00e9cifications techniques<\/h2>\n<table class=\"w-fit !mb-0 !max-w-none\" style=\"height: 303px;\" width=\"424\">\n<thead>\n<tr>\n<th><strong>Sp\u00e9cification<\/strong><\/th>\n<th><strong>D\u00e9tails<\/strong><\/th>\n<\/tr>\n<\/thead>\n<tbody>\n<tr>\n<td><strong>Num\u00e9ro de mod\u00e8le<\/strong><\/td>\n<td>SX-NW<\/td>\n<\/tr>\n<tr>\n<td><strong>Type de puce<\/strong><\/td>\n<td>MIFARE Classic 1K<\/td>\n<\/tr>\n<tr>\n<td><strong>Fr\u00e9quence<\/strong><\/td>\n<td>13,56 MHz<\/td>\n<\/tr>\n<tr>\n<td><strong>Plage de lecture<\/strong><\/td>\n<td>2-5 cm<\/td>\n<\/tr>\n<tr>\n<td><strong>Mat\u00e9riel<\/strong><\/td>\n<td>Tiss\u00e9 + PVC<\/td>\n<\/tr>\n<tr>\n<td><strong>Options de taille<\/strong><\/td>\n<td>30<em>26 mm, 40<\/em>25 mm ou personnalis\u00e9<\/td>\n<\/tr>\n<tr>\n<td><strong>Type d&#039;impression<\/strong><\/td>\n<td>Impression CMJN 4C, s\u00e9rigraphie<\/td>\n<\/tr>\n<tr>\n<td><strong>Finition de surface<\/strong><\/td>\n<td>Brillant, givr\u00e9, mat<\/td>\n<\/tr>\n<tr>\n<td><strong>Plage de temp\u00e9rature<\/strong><\/td>\n<td>-20\u00b0C \u00e0 +80\u00b0C<\/td>\n<\/tr>\n<tr>\n<td><strong>Protocole<\/strong><\/td>\n<td>OIN 14443A<\/td>\n<\/tr>\n<\/tbody>\n<\/table>\n<h2><\/h2>\n<h2>Questions fr\u00e9quemment pos\u00e9es (FAQ)<\/h2>\n<h3>1. Que sont les bracelets RFID ?<\/h3>\n<p><strong>Bracelets RFID<\/strong>\u00a0sont des bracelets portables dot\u00e9s de la technologie d&#039;identification par radiofr\u00e9quence (RFID). Ils stockent des donn\u00e9es qui peuvent \u00eatre transmises sans fil \u00e0 l&#039;aide de la technologie NFC (Near Field Communication), permettant un contr\u00f4le d&#039;acc\u00e8s efficace, des transactions sans esp\u00e8ces et la collecte de donn\u00e9es lors d&#039;\u00e9v\u00e9nements.<\/p>\n<h3>2. Comment fonctionnent les bracelets RFID ?<\/h3>\n<p>Les bracelets RFID contiennent une petite puce RFID qui communique avec un lecteur par ondes radio. Lorsqu&#039;il est scann\u00e9 par un lecteur RFID, le bracelet transmet les informations stock\u00e9es, ce qui permet d&#039;acc\u00e9der au bracelet ou de traiter des transactions sans qu&#039;il soit n\u00e9cessaire de le contacter physiquement.<\/p>\n<h3>3. Ces bracelets sont-ils \u00e9tanches ?<\/h3>\n<p>Oui! Notre\u00a0<strong>bracelets RFID tiss\u00e9s sur mesure<\/strong>\u00a0sont con\u00e7us pour \u00eatre\u00a0<strong>\u00e9tanche<\/strong>, ce qui les rend adapt\u00e9s \u00e0 divers \u00e9v\u00e9nements, notamment ceux organis\u00e9s dans les parcs aquatiques et les festivals en plein air. Leurs mat\u00e9riaux durables garantissent qu&#039;ils conservent leur fonctionnalit\u00e9 m\u00eame lorsqu&#039;ils sont expos\u00e9s \u00e0 l&#039;eau.<\/p>\n<h3>4. Les bracelets peuvent-ils \u00eatre personnalis\u00e9s ?<\/h3>\n<p>Absolument ! Nos bracelets RFID peuvent \u00eatre enti\u00e8rement personnalis\u00e9s pour r\u00e9pondre \u00e0 vos besoins de marque. Vous pouvez choisir diff\u00e9rentes tailles, couleurs et techniques d&#039;impression telles que\u00a0<strong>Impression couleur CMJN<\/strong>,\u00a0<strong>Impression ponctuelle UV<\/strong>, et des finitions m\u00e9talliques comme\u00a0<strong>feuille d&#039;argent ou d&#039;or<\/strong>.<\/p>\n<h3>5. Quelle est la durabilit\u00e9 des bracelets ?<\/h3>\n<p>Fabriqu\u00e9 \u00e0 partir d&#039;une combinaison de\u00a0<strong>polyester tiss\u00e9<\/strong>\u00a0et\u00a0<strong>PVC<\/strong>, nos bracelets sont robustes et con\u00e7us pour r\u00e9sister \u00e0 des conditions environnementales variables, y compris des plages de temp\u00e9rature de\u00a0<strong>-20\u00b0C \u00e0 +80\u00b0C<\/strong>Ils sont \u00e9galement inviolables, ce qui garantit leur s\u00e9curit\u00e9 lors des \u00e9v\u00e9nements.<\/p>","protected":false},"excerpt":{"rendered":"<p>Les bracelets RFID NFC tiss\u00e9s en polyester imperm\u00e9able avec logo personnalis\u00e9 combinent durabilit\u00e9 et style de marque, ce qui les rend id\u00e9aux pour les \u00e9v\u00e9nements et le contr\u00f4le d&#039;acc\u00e8s s\u00e9curis\u00e9. Parfaits pour les transactions sans esp\u00e8ces, ils am\u00e9liorent l&#039;exp\u00e9rience utilisateur tout en faisant la promotion de votre marque.<\/p>","protected":false},"featured_media":3411,"template":"","meta":[],"product_brand":[],"product_cat":[50],"product_tag":[],"class_list":{"0":"post-3410","1":"product","2":"type-product","3":"status-publish","4":"has-post-thumbnail","6":"product_cat-silicone-rfid-nfc-wristbands","8":"first","9":"instock","10":"shipping-taxable","11":"product-type-simple"},"_links":{"self":[{"href":"https:\/\/nfc-readers.com\/fr\/wp-json\/wp\/v2\/product\/3410","targetHints":{"allow":["GET"]}}],"collection":[{"href":"https:\/\/nfc-readers.com\/fr\/wp-json\/wp\/v2\/product"}],"about":[{"href":"https:\/\/nfc-readers.com\/fr\/wp-json\/wp\/v2\/types\/product"}],"wp:featuredmedia":[{"embeddable":true,"href":"https:\/\/nfc-readers.com\/fr\/wp-json\/wp\/v2\/media\/3411"}],"wp:attachment":[{"href":"https:\/\/nfc-readers.com\/fr\/wp-json\/wp\/v2\/media?parent=3410"}],"wp:term":[{"taxonomy":"product_brand","embeddable":true,"href":"https:\/\/nfc-readers.com\/fr\/wp-json\/wp\/v2\/product_brand?post=3410"},{"taxonomy":"product_cat","embeddable":true,"href":"https:\/\/nfc-readers.com\/fr\/wp-json\/wp\/v2\/product_cat?post=3410"},{"taxonomy":"product_tag","embeddable":true,"href":"https:\/\/nfc-readers.com\/fr\/wp-json\/wp\/v2\/product_tag?post=3410"}],"curies":[{"name":"wp","href":"https:\/\/api.w.org\/{rel}","templated":true}]}}