{"id":3417,"date":"2024-11-03T03:26:02","date_gmt":"2024-11-03T03:26:02","guid":{"rendered":"https:\/\/nfc-readers.com\/?post_type=product&#038;p=3417"},"modified":"2024-11-03T03:26:03","modified_gmt":"2024-11-03T03:26:03","slug":"fabric-wrist-band-13-56mhz-nfc-bracelet-dispose-wristbands","status":"publish","type":"product","link":"https:\/\/nfc-readers.com\/fr\/ic-reader\/fabric-wrist-band-13-56mhz-nfc-bracelet-dispose-wristbands\/","title":{"rendered":"Bracelet en tissu 13,56 MHz NFC Bracelet Jetez les bracelets"},"content":{"rendered":"<h1 style=\"text-align: center;\"><strong>Bracelet en tissu 13,56 MHz NFC Bracelet Jetez les bracelets<\/strong><\/h1>\n<p>&nbsp;<\/p>\n<p>Dans le monde en \u00e9volution rapide d&#039;aujourd&#039;hui, le besoin d&#039;une gestion transparente et d&#039;une exp\u00e9rience utilisateur am\u00e9lior\u00e9e est primordial, en particulier lors d&#039;\u00e9v\u00e9nements, de festivals et de lieux o\u00f9 un contr\u00f4le d&#039;acc\u00e8s efficace est crucial. <strong>Bracelet en tissu 13,56 MHz NFC Bracelet Jetez les bracelets<\/strong>\u00a0offrent un m\u00e9lange unique de fonctionnalit\u00e9 et d&#039;esth\u00e9tique, garantissant le bon d\u00e9roulement de vos op\u00e9rations tout en offrant aux clients une exp\u00e9rience m\u00e9morable. Avec des fonctionnalit\u00e9s telles que\u00a0<strong>usage unique<\/strong>,\u00a0<strong>dessins color\u00e9s<\/strong>, et avanc\u00e9\u00a0<strong>NFC<\/strong>\u00a0Gr\u00e2ce \u00e0 leur technologie, ces bracelets changent la donne pour tout organisateur d&#039;\u00e9v\u00e9nements.<\/p>\n<p>&nbsp;<\/p>\n<h2>Pourquoi choisir les bracelets NFC en tissu ?<\/h2>\n<p>Lorsqu&#039;il s&#039;agit de naviguer dans le spectre des produits RFID et NFC, le bracelet jetable en tissu NFC 13,56 MHz se distingue par sa conception innovante et ses capacit\u00e9s robustes.<\/p>\n<h3>Points forts du produit :<\/h3>\n<ul>\n<li><strong>Facilement personnalisable<\/strong>\u00a0avec des options d&#039;impression de logo, de codes-barres et de codes QR.<\/li>\n<li><strong>Contr\u00f4le d&#039;acc\u00e8s rapide<\/strong>\u00a0et des op\u00e9rations rationalis\u00e9es qui am\u00e9liorent l&#039;exp\u00e9rience et la s\u00e9curit\u00e9 des clients.<\/li>\n<li><strong>Tissu durable mais confortable<\/strong>\u00a0c&#039;est parfait \u00e0 porter toute la journ\u00e9e lors de festivals de musique, de parcs aquatiques ou d&#039;\u00e9v\u00e9nements d&#039;entreprise.<\/li>\n<\/ul>\n<p>Ces bracelets sont con\u00e7us pour fournir un\u00a0<strong>paiement sans esp\u00e8ces<\/strong>\u00a0solution tout en garantissant aux organisateurs d\u2019\u00e9v\u00e9nements une tranquillit\u00e9 d\u2019esprit, sachant qu\u2019ils disposent de moyens fiables pour g\u00e9rer efficacement le contr\u00f4le d\u2019acc\u00e8s.<\/p>\n<p>&nbsp;<\/p>\n<h2>Caract\u00e9ristiques particuli\u00e8res des bracelets NFC en tissu<\/h2>\n<p>Lorsque l&#039;on consid\u00e8re\u00a0<strong>bracelets rfid pour \u00e9v\u00e9nements<\/strong>, le\u00a0<em>Bracelet en tissu NFC 13,56 MHz<\/em>\u00a0offre une multitude de fonctionnalit\u00e9s sp\u00e9ciales con\u00e7ues pour am\u00e9liorer l&#039;efficacit\u00e9 et enrichir l&#039;exp\u00e9rience des clients.<\/p>\n<h3>Conception color\u00e9e \u00e0 usage unique<\/h3>\n<p>Ces bracelets sont disponibles dans une gamme de couleurs vives, garantissant qu&#039;ils remplissent non seulement un r\u00f4le fonctionnel, mais qu&#039;ils s&#039;alignent \u00e9galement sur les exigences esth\u00e9tiques de votre marque.\u00a0<strong>usage unique<\/strong>\u00a0Cette fonctionnalit\u00e9 ajoute une couche de s\u00e9curit\u00e9, car chaque bracelet est cod\u00e9 de mani\u00e8re unique pour un seul \u00e9v\u00e9nement, minimisant ainsi le risque d&#039;acc\u00e8s non autoris\u00e9.<\/p>\n<h3>Interfaces de communication RFID et NFC<\/h3>\n<p>Con\u00e7us avec une technologie de pointe, ces bracelets utilisent\u00a0<strong>RFID<\/strong>\u00a0et\u00a0<strong>NFC<\/strong>\u00a0interfaces de communication pour assurer des interactions rapides et fiables avec les lecteurs RFID. Cette capacit\u00e9 facilite\u00a0<strong>paiement sans contact<\/strong>\u00a0et la gestion des acc\u00e8s, simplifiant le processus d&#039;admission pour les invit\u00e9s et les employ\u00e9s.<\/p>\n<p>&nbsp;<\/p>\n<h2>Questions fr\u00e9quemment pos\u00e9es sur la technologie NFC<\/h2>\n<h3>Qu&#039;est-ce que la technologie NFC ?<\/h3>\n<p>La technologie NFC (Near Field Communication) permet aux appareils de communiquer entre eux par ondes radio. Elle permet des transactions et un partage d&#039;informations fluides en rapprochant simplement les appareils.<\/p>\n<h3>Ces bracelets sont-ils \u00e9tanches ?<\/h3>\n<p>Nos bracelets NFC sont con\u00e7us pour \u00eatre r\u00e9sistants \u00e0 l&#039;eau, ce qui les rend adapt\u00e9s aux \u00e9v\u00e9nements dans les parcs aquatiques ou les festivals en plein air.<\/p>\n<h3>Puis-je personnaliser les bracelets ?<\/h3>\n<p>Oui, des options de personnalisation sont disponibles, notamment l\u2019impression de logos, de codes-barres et de codes QR sur le bracelet et la carte.<\/p>","protected":false},"excerpt":{"rendered":"<p>Le\u00a0<strong>Bracelet en tissu NFC 13,56 MHz<\/strong>\u00a0est une solution \u00e9l\u00e9gante et pratique pour la gestion d&#039;\u00e9v\u00e9nements, offrant un contr\u00f4le d&#039;acc\u00e8s transparent et des capacit\u00e9s de paiement sans esp\u00e8ces. Con\u00e7us pour une utilisation unique, ces bracelets aux couleurs vives am\u00e9liorent l&#039;exp\u00e9rience des invit\u00e9s tout en garantissant la s\u00e9curit\u00e9 et l&#039;efficacit\u00e9 de tout \u00e9v\u00e9nement.<\/p>","protected":false},"featured_media":3424,"template":"","meta":[],"product_brand":[],"product_cat":[50],"product_tag":[],"class_list":{"0":"post-3417","1":"product","2":"type-product","3":"status-publish","4":"has-post-thumbnail","6":"product_cat-silicone-rfid-nfc-wristbands","8":"first","9":"instock","10":"shipping-taxable","11":"product-type-simple"},"_links":{"self":[{"href":"https:\/\/nfc-readers.com\/fr\/wp-json\/wp\/v2\/product\/3417","targetHints":{"allow":["GET"]}}],"collection":[{"href":"https:\/\/nfc-readers.com\/fr\/wp-json\/wp\/v2\/product"}],"about":[{"href":"https:\/\/nfc-readers.com\/fr\/wp-json\/wp\/v2\/types\/product"}],"wp:featuredmedia":[{"embeddable":true,"href":"https:\/\/nfc-readers.com\/fr\/wp-json\/wp\/v2\/media\/3424"}],"wp:attachment":[{"href":"https:\/\/nfc-readers.com\/fr\/wp-json\/wp\/v2\/media?parent=3417"}],"wp:term":[{"taxonomy":"product_brand","embeddable":true,"href":"https:\/\/nfc-readers.com\/fr\/wp-json\/wp\/v2\/product_brand?post=3417"},{"taxonomy":"product_cat","embeddable":true,"href":"https:\/\/nfc-readers.com\/fr\/wp-json\/wp\/v2\/product_cat?post=3417"},{"taxonomy":"product_tag","embeddable":true,"href":"https:\/\/nfc-readers.com\/fr\/wp-json\/wp\/v2\/product_tag?post=3417"}],"curies":[{"name":"wp","href":"https:\/\/api.w.org\/{rel}","templated":true}]}}