{"id":3430,"date":"2024-11-03T03:39:41","date_gmt":"2024-11-03T03:39:41","guid":{"rendered":"https:\/\/nfc-readers.com\/?post_type=product&#038;p=3430"},"modified":"2024-11-03T03:39:42","modified_gmt":"2024-11-03T03:39:42","slug":"waterproof-passive-nfc-rfid-silicone-wristband","status":"publish","type":"product","link":"https:\/\/nfc-readers.com\/fr\/ic-reader\/waterproof-passive-nfc-rfid-silicone-wristband\/","title":{"rendered":"Bracelet en silicone NFC RFID passif et \u00e9tanche"},"content":{"rendered":"<h1 style=\"text-align: center;\"><strong>Bracelet en silicone NFC RFID passif et \u00e9tanche<\/strong><\/h1>\n<p>&nbsp;<\/p>\n<p>\u00c0 une \u00e9poque o\u00f9 la technologie et la praticit\u00e9 s&#039;entrem\u00ealent harmonieusement, <strong>Bracelet en silicone NFC RFID passif et \u00e9tanche<\/strong>\u00a0se distingue comme un accessoire exceptionnel. Ce bracelet innovant est con\u00e7u pour r\u00e9pondre aux besoins dynamiques des utilisateurs, offrant une commodit\u00e9 et une s\u00e9curit\u00e9 in\u00e9gal\u00e9es pour une vari\u00e9t\u00e9 d&#039;applications, notamment les \u00e9v\u00e9nements, le contr\u00f4le d&#039;acc\u00e8s et les transactions sans esp\u00e8ces. Que vous organisiez un festival impressionnant, que vous dirigiez une salle de sport ou que vous g\u00e9riez un parc aquatique, ce bracelet offre une solution \u00e9tanche pour rationaliser les op\u00e9rations et am\u00e9liorer l&#039;exp\u00e9rience utilisateur.<\/p>\n<p>Mais pourquoi le bracelet en silicone RFID NFC passif et \u00e9tanche vaut-il la peine d&#039;\u00eatre investi ? Eh bien, il offre non seulement des avantages pratiques comme la r\u00e9sistance \u00e0 l&#039;eau et la durabilit\u00e9, mais aussi un design personnalisable, garantissant que votre marque se d\u00e9marque. Avec la possibilit\u00e9 de prendre en charge les paiements sans esp\u00e8ces et le contr\u00f4le d&#039;acc\u00e8s, il s&#039;agit d&#039;un outil efficace pour les organisateurs d&#039;\u00e9v\u00e9nements et les entreprises. Examinons de plus pr\u00e8s les caract\u00e9ristiques et les avantages de ce produit remarquable.<\/p>\n<p>&nbsp;<\/p>\n<h2>Durabilit\u00e9 et caract\u00e9ristiques d&#039;\u00e9tanch\u00e9it\u00e9 in\u00e9gal\u00e9es<\/h2>\n<p>L\u2019une des caract\u00e9ristiques les plus remarquables de la\u00a0<strong>Bracelet en silicone NFC RFID passif et \u00e9tanche<\/strong>\u00a0est sa durabilit\u00e9 remarquable. Fabriqu\u00e9 \u00e0 partir de silicone de haute qualit\u00e9, ce bracelet est\u00a0<strong>\u00e9tanche<\/strong>,\u00a0<strong>imperm\u00e9abiliser<\/strong>, et\u00a0<strong>r\u00e9sistant \u00e0 l&#039;humidit\u00e9<\/strong>, ce qui le rend adapt\u00e9 \u00e0 divers environnements et conditions. Qu&#039;il pleuve ou qu&#039;il fasse beau, ce bracelet ne s&#039;ab\u00eemera pas facilement, permettant \u00e0 vos invit\u00e9s ou participants de profiter de leur exp\u00e9rience sans se soucier de l&#039;usure.<\/p>\n<p>Le\u00a0<strong>silicone<\/strong>\u00a0Le mat\u00e9riau assure non seulement la long\u00e9vit\u00e9, mais est \u00e9galement confortable contre la peau, ce qui le rend parfait pour les tenues d\u00e9contract\u00e9es et les situations actives comme les festivals ou les \u00e9v\u00e9nements sportifs. Cette durabilit\u00e9 signifie que vous n&#039;aurez pas \u00e0 remplacer fr\u00e9quemment les bracelets, ce qui se traduit par des \u00e9conomies de co\u00fbts importantes au fil du temps.<\/p>\n<p>De plus, les propri\u00e9t\u00e9s du silicone le rendent r\u00e9sistant aux \u00e9l\u00e9ments agressifs, ce qui lui permet de r\u00e9sister \u00e0 l&#039;exposition aux parcs aquatiques, aux spas, aux gymnases et \u00e0 divers \u00e9v\u00e9nements en plein air. Par cons\u00e9quent, les utilisateurs peuvent porter ce bracelet en toute confiance en sachant qu&#039;il peut g\u00e9rer des activit\u00e9s rigoureuses sans compromettre la fonctionnalit\u00e9.<\/p>\n<h2>Interface de communication polyvalente<\/h2>\n<p>Utilisation\u00a0<strong>Technologie NFC<\/strong>, le bracelet en silicone RFID NFC passif et \u00e9tanche b\u00e9n\u00e9ficie d&#039;une interface de communication transparente qui am\u00e9liore l&#039;exp\u00e9rience utilisateur. Fonctionnant \u00e0 une fr\u00e9quence de\u00a0<strong>13,56 MHz<\/strong>, ce bracelet est optimis\u00e9 pour des interactions rapides et fiables.<\/p>\n<p>La technologie NFC permet\u00a0<strong>paiements sans contact<\/strong>, ce qui en fait une solution parfaite pour les organisateurs d&#039;\u00e9v\u00e9nements qui cherchent \u00e0 rationaliser les processus. Les invit\u00e9s peuvent facilement utiliser leur bracelet aux points de vente sans avoir \u00e0 fouiller avec de l&#039;argent liquide ou des cartes, r\u00e9duisant ainsi les temps d&#039;attente et am\u00e9liorant le flux global lors des \u00e9v\u00e9nements.\u00a0<strong>paiement sans contact<\/strong>\u00a0Cette fonction am\u00e9liore non seulement la commodit\u00e9 pour les utilisateurs, mais \u00e9galement l&#039;efficacit\u00e9 pour les vendeurs et le personnel de l&#039;\u00e9v\u00e9nement.<\/p>\n<p>De plus, les bracelets compatibles NFC sont une aubaine pour le contr\u00f4le d&#039;acc\u00e8s. Vous pouvez accorder ou restreindre l&#039;acc\u00e8s \u00e0 des zones sp\u00e9cifiques en scannant simplement le bracelet avec un lecteur RFID, garantissant ainsi un processus d&#039;entr\u00e9e fluide et s\u00e9curis\u00e9 pour les zones VIP, les coulisses ou toute zone restreinte.<\/p>\n<h2>Options de personnalisation innovantes<\/h2>\n<p>La personnalisation est une caract\u00e9ristique importante du bracelet en silicone RFID NFC passif et \u00e9tanche. Avec des options pour\u00a0<strong>logos personnalis\u00e9s<\/strong>\u00a0et diverses techniques d&#039;impression telles que\u00a0<strong>s\u00e9rigraphie<\/strong>,\u00a0<strong>gaufrage<\/strong>, et\u00a0<strong>gravure au laser<\/strong>, les entreprises peuvent cr\u00e9er une identit\u00e9 unique qui r\u00e9sonne avec leur marque.<\/p>\n<p>La personnalisation s\u2019\u00e9tend \u00e0 la taille, aux couleurs et aux designs, permettant aux entreprises d\u2019adapter les bracelets aux th\u00e8mes de l\u2019\u00e9v\u00e9nement ou \u00e0 l\u2019esth\u00e9tique de la marque. Cette touche personnalis\u00e9e am\u00e9liore non seulement la visibilit\u00e9 de la marque, mais peut \u00e9galement accro\u00eetre l\u2019engagement des participants gr\u00e2ce \u00e0 des exp\u00e9riences m\u00e9morables. Imaginez arriver \u00e0 un festival o\u00f9 chaque bracelet porte un logo ou un design unique repr\u00e9sentant le th\u00e8me de l\u2019\u00e9v\u00e9nement : cet aspect contribue de mani\u00e8re significative \u00e0 l\u2019atmosph\u00e8re g\u00e9n\u00e9rale et au plaisir.<\/p>\n<p>De plus, la possibilit\u00e9 d\u2019int\u00e9grer des codes QR peut \u00e9galement ouvrir la voie \u00e0 une interaction am\u00e9lior\u00e9e. Les participants peuvent scanner leurs bracelets pour acc\u00e9der aux horaires, participer \u00e0 des concours ou m\u00eame r\u00e9cup\u00e9rer des informations de contact, am\u00e9liorant ainsi leur exp\u00e9rience globale lors de l\u2019\u00e9v\u00e9nement.<\/p>\n<h2>Capacit\u00e9s de s\u00e9curit\u00e9 et de contr\u00f4le d&#039;acc\u00e8s<\/h2>\n<p>La s\u00e9curit\u00e9 est primordiale dans tout \u00e9v\u00e9nement ou op\u00e9ration commerciale, et le bracelet en silicone RFID NFC passif et \u00e9tanche r\u00e9pond efficacement \u00e0 ce besoin. En int\u00e9grant des technologies avanc\u00e9es\u00a0<strong>Technologie RFID<\/strong>, ces bracelets offrent une\u00a0<strong>inviolable<\/strong>\u00a0moyen de contr\u00f4le d\u2019acc\u00e8s qui augmente consid\u00e9rablement les niveaux de s\u00e9curit\u00e9 lors des \u00e9v\u00e9nements.<\/p>\n<p>Avec int\u00e9gr\u00e9\u00a0<strong>Technologie de puce MIFARE DESfire EV3<\/strong>, les utilisateurs b\u00e9n\u00e9ficient d&#039;une transmission de donn\u00e9es s\u00e9curis\u00e9e, garantissant que les informations contenues dans le bracelet restent prot\u00e9g\u00e9es. Cette puce prend non seulement en charge les techniques de cryptage, offrant des couches de s\u00e9curit\u00e9, mais garantit \u00e9galement un transfert de donn\u00e9es rapide, am\u00e9liorant l&#039;exp\u00e9rience utilisateur et r\u00e9duisant les d\u00e9lais.<\/p>\n<p>De plus, les bracelets RFID peuvent \u00eatre programm\u00e9s pour des autorisations d&#039;acc\u00e8s sp\u00e9cifiques, garantissant que seul le personnel autoris\u00e9 peut acc\u00e9der \u00e0 certaines zones. Cette fonctionnalit\u00e9 est particuli\u00e8rement utile pour les grands \u00e9v\u00e9nements, o\u00f9 la gestion des foules est essentielle \u00e0 la fois pour la s\u00e9curit\u00e9 et l&#039;efficacit\u00e9 op\u00e9rationnelle.<\/p>\n<p>&nbsp;<\/p>\n<h2>Sp\u00e9cifications techniques et dimensions<\/h2>\n<table class=\"w-fit !mb-0 !max-w-none\" style=\"height: 133px;\" width=\"407\">\n<thead>\n<tr>\n<th>Sp\u00e9cification<\/th>\n<th>D\u00e9tails<\/th>\n<\/tr>\n<\/thead>\n<tbody>\n<tr>\n<td><strong>Mat\u00e9riel<\/strong><\/td>\n<td>Silicone<\/td>\n<\/tr>\n<tr>\n<td><strong>Taille<\/strong><\/td>\n<td>238 x 13 mm<\/td>\n<\/tr>\n<tr>\n<td><strong>\u00c9paisseur<\/strong><\/td>\n<td>3 mm<\/td>\n<\/tr>\n<tr>\n<td><strong>Type de puce<\/strong><\/td>\n<td>MIFARE DESfire EV3<\/td>\n<\/tr>\n<\/tbody>\n<\/table>\n<p>&nbsp;<\/p>\n<h2>Questions fr\u00e9quemment pos\u00e9es (FAQ)<\/h2>\n<p>Voici quelques questions fr\u00e9quemment pos\u00e9es concernant la\u00a0<strong>Bracelet en silicone NFC RFID passif et \u00e9tanche<\/strong>, ainsi que leurs r\u00e9ponses pour vous aider \u00e0 prendre une d\u00e9cision \u00e9clair\u00e9e.<\/p>\n<h3>1.\u00a0<strong>Qu&#039;est-ce que la technologie NFC et comment fonctionne-t-elle avec le bracelet ?<\/strong><\/h3>\n<p>NFC (Near Field Communication) est un ensemble de protocoles de communication qui permet \u00e0 deux appareils \u00e9lectroniques, g\u00e9n\u00e9ralement un smartphone et un lecteur, de communiquer sur de courtes distances, g\u00e9n\u00e9ralement inf\u00e9rieures \u00e0 4 pouces. Le bracelet contient une puce NFC int\u00e9gr\u00e9e qui peut transmettre des informations lorsqu&#039;elle est plac\u00e9e \u00e0 proximit\u00e9 d&#039;un lecteur NFC, permettant ainsi des fonctions telles que les paiements sans contact, le contr\u00f4le d&#039;acc\u00e8s et le partage de donn\u00e9es.<\/p>\n<h3>2.\u00a0<strong>Le bracelet est-il adapt\u00e9 aux activit\u00e9s nautiques ?<\/strong><\/h3>\n<p>Absolument ! Le bracelet en silicone NFC RFID passif et \u00e9tanche est con\u00e7u pour \u00eatre\u00a0<strong>\u00e9tanche<\/strong>\u00a0et\u00a0<strong>imperm\u00e9abiliser<\/strong>. Cela le rend id\u00e9al pour une utilisation dans divers environnements li\u00e9s \u00e0 l&#039;eau tels que les parcs aquatiques, les piscines et les spas.<\/p>\n<h3>3.\u00a0<strong>Puis-je personnaliser les bracelets avec mon logo ou mon design ?<\/strong><\/h3>\n<p>Oui, des options de personnalisation sont disponibles ! Vous pouvez commander des bracelets avec le logo de votre entreprise et choisir parmi plusieurs techniques d&#039;impression telles que la s\u00e9rigraphie, le gaufrage ou la gravure au laser pour cr\u00e9er un bracelet qui compl\u00e8te l&#039;identit\u00e9 de votre marque.<\/p>\n<h3>4.\u00a0<strong>Combien de temps durera le bracelet ?<\/strong><\/h3>\n<p>Le bracelet est fabriqu\u00e9 en silicone de haute qualit\u00e9, ce qui lui conf\u00e8re une excellente durabilit\u00e9 et une r\u00e9sistance \u00e0 l&#039;usure, m\u00eame dans des environnements difficiles. Avec un entretien appropri\u00e9, ils peuvent durer plusieurs utilisations, surtout s&#039;ils sont utilis\u00e9s dans des environnements contr\u00f4l\u00e9s.<\/p>\n<h3>5.\u00a0<strong>Le bracelet peut-il \u00eatre r\u00e9utilis\u00e9 ?<\/strong><\/h3>\n<p>Bien que le bracelet soit durable, son utilisation pr\u00e9vue est principalement destin\u00e9e \u00e0 des \u00e9v\u00e9nements ponctuels tels que des festivals ou des concerts. Cependant, ils peuvent \u00eatre r\u00e9utilis\u00e9s dans diff\u00e9rents sc\u00e9narios \u00e0 condition qu&#039;ils ne soient pas endommag\u00e9s ou marqu\u00e9s d&#039;une mani\u00e8re qui les identifie comme utilis\u00e9s.<\/p>","protected":false},"excerpt":{"rendered":"<div class=\"chat-list relative custom-scrollbar-reset-margin custom-scrollbar custom-scrollbar-hidden custom-scrollbar-float pb-9 flex-1 overflow-y-auto\">\n<div class=\"mx-auto max-w-[790px]\">\n<div class=\"message-item-outer relative px-4 mb-2\" data-id=\"d5e57210-2b0a-4a51-8aa4-f3908258a790\">\n<div class=\"content-area pl-[0px]\">\n<div class=\"message-item select-text relative\">\n<div class=\"message-inner relative\">\n<div class=\"py-[2px]\">\n<div class=\"flex flex-col gap-2\">\n<div class=\"answer-markdown-box overflow-x-auto select-text custom-scrollbar\">\n<div class=\"markdown-body\"><\/div>\n<\/div>\n<\/div>\n<\/div>\n<\/div>\n<\/div>\n<\/div>\n<\/div>\n<\/div>\n<\/div>\n<div>\n<div class=\"input-box relative max-w-[790px] mx-auto\">\n<div class=\"chat-input-box relative bg-grey-layer2-normal px-3 max-w-[790px] mx-auto pb-1\">\n<div class=\"main-input-area\">\n<div class=\"chat-input-top-bar gap-2 py-2 flex justify-start items-center\">\n<div class=\"flex gap-[6px] min-w-[90px] max-w-[calc(100%-40px)]\">\n<div class=\"flex gap-0\">\n<div class=\"relative\">\n<div class=\"topbar-btn h-[30px] w-[30px] flex overflow-hidden text-text-primary-1 items-center justify-center text-xs leading-4 rounded-lg model-btn model-btn-no-bg\" role=\"button\">Le bracelet en silicone NFC RFID passif et \u00e9tanche offre une solution fiable et durable pour un contr\u00f4le d&#039;acc\u00e8s s\u00e9curis\u00e9 et des transactions sans esp\u00e8ces lors de tout \u00e9v\u00e9nement. Id\u00e9al pour les festivals, les salles de sport et les parcs aquatiques, il offre commodit\u00e9 et personnalisation avec un design \u00e9l\u00e9gant.<\/div>\n<\/div>\n<\/div>\n<\/div>\n<\/div>\n<\/div>\n<\/div>\n<\/div>\n<\/div>","protected":false},"featured_media":3431,"template":"","meta":[],"product_brand":[],"product_cat":[50],"product_tag":[],"class_list":{"0":"post-3430","1":"product","2":"type-product","3":"status-publish","4":"has-post-thumbnail","6":"product_cat-silicone-rfid-nfc-wristbands","8":"first","9":"instock","10":"shipping-taxable","11":"product-type-simple"},"_links":{"self":[{"href":"https:\/\/nfc-readers.com\/fr\/wp-json\/wp\/v2\/product\/3430","targetHints":{"allow":["GET"]}}],"collection":[{"href":"https:\/\/nfc-readers.com\/fr\/wp-json\/wp\/v2\/product"}],"about":[{"href":"https:\/\/nfc-readers.com\/fr\/wp-json\/wp\/v2\/types\/product"}],"wp:featuredmedia":[{"embeddable":true,"href":"https:\/\/nfc-readers.com\/fr\/wp-json\/wp\/v2\/media\/3431"}],"wp:attachment":[{"href":"https:\/\/nfc-readers.com\/fr\/wp-json\/wp\/v2\/media?parent=3430"}],"wp:term":[{"taxonomy":"product_brand","embeddable":true,"href":"https:\/\/nfc-readers.com\/fr\/wp-json\/wp\/v2\/product_brand?post=3430"},{"taxonomy":"product_cat","embeddable":true,"href":"https:\/\/nfc-readers.com\/fr\/wp-json\/wp\/v2\/product_cat?post=3430"},{"taxonomy":"product_tag","embeddable":true,"href":"https:\/\/nfc-readers.com\/fr\/wp-json\/wp\/v2\/product_tag?post=3430"}],"curies":[{"name":"wp","href":"https:\/\/api.w.org\/{rel}","templated":true}]}}