{"id":3437,"date":"2024-11-03T04:49:53","date_gmt":"2024-11-03T04:49:53","guid":{"rendered":"https:\/\/nfc-readers.com\/?post_type=product&#038;p=3437"},"modified":"2024-11-05T10:39:50","modified_gmt":"2024-11-05T10:39:50","slug":"disposable-hf-uhf-rfid-nfc-wristband-for-event-ticket","status":"publish","type":"product","link":"https:\/\/nfc-readers.com\/fr\/ic-reader\/disposable-hf-uhf-rfid-nfc-wristband-for-event-ticket\/","title":{"rendered":"Bracelet jetable HF RFID NFC pour billet d&#039;\u00e9v\u00e9nement"},"content":{"rendered":"<h1 style=\"text-align: center;\"><strong>Bracelet jetable HF RFID NFC pour billet d&#039;\u00e9v\u00e9nement<\/strong><\/h1>\n<p>&nbsp;<\/p>\n<p>Dans le monde en constante \u00e9volution d&#039;aujourd&#039;hui, les organisateurs d&#039;\u00e9v\u00e9nements doivent se tenir au courant des derni\u00e8res technologies pour offrir une exp\u00e9rience inoubliable \u00e0 leurs participants. L&#039;un des moyens les plus efficaces pour y parvenir est de <strong>Bracelets jetables HF RFID NFC<\/strong>Ces bracelets innovants r\u00e9volutionnent la gestion des \u00e9v\u00e9nements, en renfor\u00e7ant la s\u00e9curit\u00e9, en simplifiant le contr\u00f4le d&#039;acc\u00e8s et en favorisant les paiements sans esp\u00e8ces. Qu&#039;il s&#039;agisse de festivals de musique, de parcs aquatiques ou d&#039;\u00e9v\u00e9nements d&#039;entreprise, ces bracelets garantissent une exp\u00e9rience fluide tant pour les invit\u00e9s que pour les organisateurs.<\/p>\n<p>&nbsp;<\/p>\n<h3><strong>Pourquoi choisir des bracelets RFID\/NFC jetables ?<\/strong><\/h3>\n<p>Le\u00a0<strong>Bracelet jetable HF RFID NFC<\/strong>\u00a0est con\u00e7u sp\u00e9cifiquement pour les \u00e9v\u00e9nements, alliant commodit\u00e9 et technologie de pointe. Voici pourquoi investir dans ces bracelets vaut chaque centime\u00a0:<\/p>\n<ol>\n<li><strong>S\u00e9curit\u00e9 renforc\u00e9e :<\/strong>\u00a0Les bracelets utilisent la technologie RFID pour offrir des solutions d&#039;entr\u00e9e s\u00e9curis\u00e9es, r\u00e9duisant consid\u00e9rablement le risque d&#039;acc\u00e8s non autoris\u00e9. Le mat\u00e9riau et la conception durables garantissent qu&#039;ils sont inviolables.<\/li>\n<li><strong>Solutions sans esp\u00e8ces :<\/strong>\u00a0Les consommateurs \u00e9tant de plus en plus nombreux \u00e0 pr\u00e9f\u00e9rer les paiements sans esp\u00e8ces, ces bracelets peuvent \u00eatre int\u00e9gr\u00e9s aux syst\u00e8mes de traitement des paiements, ce qui permet aux participants d&#039;effectuer des achats rapidement et sans effort. Cela simplifie le flux commercial lors des \u00e9v\u00e9nements, am\u00e9liorant ainsi l&#039;exp\u00e9rience des invit\u00e9s.<\/li>\n<li><strong>Commodit\u00e9 et convivialit\u00e9 :<\/strong>\u00a0Les participants peuvent simplement scanner leurs bracelets pour entrer et effectuer des achats, r\u00e9duisant ainsi les temps d&#039;attente et rendant leur exp\u00e9rience plus agr\u00e9able.<\/li>\n<li><strong>Personnalisation :<\/strong>\u00a0Les marques ont la possibilit\u00e9 de personnaliser chaque bracelet avec des logos, des d\u00e9tails sur l&#039;\u00e9v\u00e9nement et des codes QR, permettant ainsi une image de marque et un marketing efficaces.<\/li>\n<li><strong>Rentable :<\/strong>\u00a0\u00c9tant une option jetable, ces bracelets offrent un choix \u00e9conomique sans compromettre la qualit\u00e9 ou la s\u00e9curit\u00e9.<\/li>\n<\/ol>\n<p>Maintenant, approfondissons les fonctionnalit\u00e9s de notre\u00a0<strong>Bracelet jetable HF RFID NFC pour billets d&#039;\u00e9v\u00e9nements<\/strong>.<\/p>\n<p>&nbsp;<\/p>\n<h3><strong>Sp\u00e9cifications techniques<\/strong><\/h3>\n<table class=\"w-fit !mb-0 !max-w-none\">\n<thead>\n<tr>\n<th>Fonctionnalit\u00e9<\/th>\n<th>Sp\u00e9cification<\/th>\n<\/tr>\n<\/thead>\n<tbody>\n<tr>\n<td>Marque<\/td>\n<td>NFC SX<\/td>\n<\/tr>\n<tr>\n<td>Lieu d&#039;origine<\/td>\n<td>Guangdong, Chine<\/td>\n<\/tr>\n<tr>\n<td>Fr\u00e9quence<\/td>\n<td>13,56 MHz<\/td>\n<\/tr>\n<tr>\n<td>Protocole<\/td>\n<td>ISO14443A<\/td>\n<\/tr>\n<tr>\n<td>Type de puce<\/td>\n<td>Puce NFC\/HF<\/td>\n<\/tr>\n<tr>\n<td>Usage<\/td>\n<td>Billetterie \u00e9v\u00e9nementielle, contr\u00f4le d&#039;acc\u00e8s, paiement sans esp\u00e8ces<\/td>\n<\/tr>\n<tr>\n<td>Mat\u00e9riel<\/td>\n<td>Papier Dupont<\/td>\n<\/tr>\n<tr>\n<td>Taille<\/td>\n<td>250*19,5 mm<\/td>\n<\/tr>\n<tr>\n<td>Impression<\/td>\n<td>Impression offset en couleur<\/td>\n<\/tr>\n<\/tbody>\n<\/table>\n<p>&nbsp;<\/p>\n<h3><strong>Questions fr\u00e9quemment pos\u00e9es (FAQ)<\/strong><\/h3>\n<p><strong>Q1 : Comment personnaliser les bracelets ?<\/strong><br \/>\nR : Des personnalisations peuvent \u00eatre demand\u00e9es lors du processus de commande. Vous pouvez sp\u00e9cifier votre design, votre logo, vos codes QR ou vos num\u00e9ros de s\u00e9rie.<\/p>\n<p><strong>Q2 : Les bracelets sont-ils \u00e9tanches ?<\/strong><br \/>\nA : Oui, le\u00a0<strong>Papier Dupont<\/strong>\u00a0le mat\u00e9riau utilis\u00e9 dans la fabrication est r\u00e9sistant \u00e0 l&#039;eau, ce qui garantit qu&#039;ils r\u00e9sistent \u00e0 diverses conditions d&#039;\u00e9v\u00e9nements.<\/p>\n<p><strong>Q3 : Les bracelets peuvent-ils \u00eatre r\u00e9utilis\u00e9s ?<\/strong><br \/>\nR : Ces bracelets sont con\u00e7us pour un usage unique uniquement ; ils garantissent une s\u00e9curit\u00e9 maximale et des capacit\u00e9s inviolables tout au long de l&#039;\u00e9v\u00e9nement.<\/p>\n<p>&nbsp;<\/p>\n<h3><strong>Tout en r\u00e9duisant les d\u00e9chets : des solutions \u00e9co-responsables<\/strong><\/h3>\n<p>Dans notre qu\u00eate de solutions innovantes, nous sommes \u00e9galement attentifs \u00e0 notre impact environnemental.\u00a0<strong>Bracelet jetable HF UHF RFID NFC<\/strong>\u00a0soutient la durabilit\u00e9 \u00e9cologique des mani\u00e8res suivantes :<\/p>\n<ul>\n<li><strong>Conception \u00e0 usage unique :<\/strong>\u00a0En tant que\u00a0<strong>bracelet \u00e0 usage unique<\/strong>, vous \u00e9liminez le besoin de processus de retour et de lavage, ce qui \u00e9conomise des ressources et de l&#039;\u00e9nergie.<\/li>\n<li><strong>Consid\u00e9ration mat\u00e9rielle :<\/strong>\u00a0En utilisant\u00a0<strong>Papier Dupont<\/strong>, reconnu pour \u00eatre recyclable, contribue \u00e0 r\u00e9duire l\u2019empreinte carbone globale associ\u00e9e aux fournitures \u00e9v\u00e9nementielles.<\/li>\n<\/ul>","protected":false},"excerpt":{"rendered":"<p>Le bracelet jetable HF RFID NFC pour billets d&#039;\u00e9v\u00e9nements offre un moyen s\u00fbr et efficace de g\u00e9rer le contr\u00f4le d&#039;acc\u00e8s \u00e0 tout \u00e9v\u00e9nement. Sa conception personnalisable garantit une exp\u00e9rience fluide pour les participants tout en permettant des paiements sans esp\u00e8ces et des mesures de s\u00e9curit\u00e9 renforc\u00e9es.<\/p>","protected":false},"featured_media":3438,"template":"","meta":[],"product_brand":[],"product_cat":[50],"product_tag":[],"class_list":{"0":"post-3437","1":"product","2":"type-product","3":"status-publish","4":"has-post-thumbnail","6":"product_cat-silicone-rfid-nfc-wristbands","8":"first","9":"instock","10":"shipping-taxable","11":"product-type-simple"},"_links":{"self":[{"href":"https:\/\/nfc-readers.com\/fr\/wp-json\/wp\/v2\/product\/3437","targetHints":{"allow":["GET"]}}],"collection":[{"href":"https:\/\/nfc-readers.com\/fr\/wp-json\/wp\/v2\/product"}],"about":[{"href":"https:\/\/nfc-readers.com\/fr\/wp-json\/wp\/v2\/types\/product"}],"wp:featuredmedia":[{"embeddable":true,"href":"https:\/\/nfc-readers.com\/fr\/wp-json\/wp\/v2\/media\/3438"}],"wp:attachment":[{"href":"https:\/\/nfc-readers.com\/fr\/wp-json\/wp\/v2\/media?parent=3437"}],"wp:term":[{"taxonomy":"product_brand","embeddable":true,"href":"https:\/\/nfc-readers.com\/fr\/wp-json\/wp\/v2\/product_brand?post=3437"},{"taxonomy":"product_cat","embeddable":true,"href":"https:\/\/nfc-readers.com\/fr\/wp-json\/wp\/v2\/product_cat?post=3437"},{"taxonomy":"product_tag","embeddable":true,"href":"https:\/\/nfc-readers.com\/fr\/wp-json\/wp\/v2\/product_tag?post=3437"}],"curies":[{"name":"wp","href":"https:\/\/api.w.org\/{rel}","templated":true}]}}