{"id":3444,"date":"2024-11-03T06:44:10","date_gmt":"2024-11-03T06:44:10","guid":{"rendered":"https:\/\/nfc-readers.com\/?post_type=product&#038;p=3444"},"modified":"2024-11-04T08:51:14","modified_gmt":"2024-11-04T08:51:14","slug":"custom-fm1208-8k-memory-smart-campus-card","status":"publish","type":"product","link":"https:\/\/nfc-readers.com\/fr\/ic-reader\/custom-fm1208-8k-memory-smart-campus-card\/","title":{"rendered":"Carte de campus intelligente personnalis\u00e9e FM1208 avec m\u00e9moire 8k"},"content":{"rendered":"<h1><span style=\"color: #000080;\"><strong>Carte de campus intelligente personnalis\u00e9e FM1208 avec m\u00e9moire 8k<\/strong><\/span><\/h1>\n<p><span style=\"color: #666699;\">L&#039;avenir des solutions de contr\u00f4le d&#039;acc\u00e8sDans un monde de plus en plus num\u00e9rique, un contr\u00f4le d&#039;acc\u00e8s transparent est plus essentiel que jamais. <strong>Carte m\u00e9moire Smart Campus personnalis\u00e9e FM12088K<\/strong>\u00a0est con\u00e7ue pour les institutions modernes \u00e0 la recherche de moyens s\u00fbrs et efficaces pour g\u00e9rer l&#039;acc\u00e8s, l&#039;identification et les transactions sur le campus. Avec une m\u00e9moire de 8 Ko, des capacit\u00e9s de communication RFID et NFC et une conception robuste, cette carte se distingue comme une solution essentielle pour les \u00e9tablissements d&#039;enseignement, les entreprises et les organisations. Ce produit offre de nombreux avantages qui en font un investissement pr\u00e9cieux pour toute entit\u00e9 soucieuse d&#039;am\u00e9liorer la s\u00e9curit\u00e9 et de rationaliser les op\u00e9rations.<\/span><\/p>\n<p>&nbsp;<\/p>\n<h2 style=\"text-align: center;\"><em><strong><span style=\"color: #000080;\">Pourquoi choisir la carte m\u00e9moire Smart Campus personnalis\u00e9e FM12088K\u00a0?<\/span><\/strong><\/em><\/h2>\n<p>La carte m\u00e9moire Smart Campus personnalis\u00e9e FM12088K est bien plus qu&#039;un simple morceau de plastique : c&#039;est un outil innovant qui int\u00e8gre une technologie de pointe \u00e0 des applications pratiques. Les principaux avantages sont les suivants :<\/p>\n<ul>\n<li><strong>S\u00e9curit\u00e9 renforc\u00e9e<\/strong>:Avec avanc\u00e9\u00a0<strong>Mifare Desfire<\/strong>\u00a0capacit\u00e9s et\u00a0<strong>authentification mutuelle<\/strong>, votre syst\u00e8me de contr\u00f4le d&#039;acc\u00e8s devient consid\u00e9rablement plus s\u00e9curis\u00e9.<\/li>\n<li><strong>Exp\u00e9rience utilisateur am\u00e9lior\u00e9e<\/strong>:Con\u00e7ue pour une utilisation facile, la carte\u00a0<strong>conception sans contact<\/strong>\u00a0permet un acc\u00e8s rapide et pratique, id\u00e9al pour les environnements de campus tr\u00e8s fr\u00e9quent\u00e9s.<\/li>\n<li><strong>Applications polyvalentes<\/strong>:Ne se limitant pas au contr\u00f4le d\u2019acc\u00e8s, ces cartes peuvent \u00e9galement \u00eatre utilis\u00e9es pour les transactions financi\u00e8res, la billetterie et les programmes de fid\u00e9lit\u00e9.<\/li>\n<li><strong>Durabilit\u00e9 et long\u00e9vit\u00e9<\/strong>:Fabriqu\u00e9 \u00e0 partir de\u00a0<strong>PVC<\/strong>, ces cartes sont\u00a0<strong>imperm\u00e9able\/r\u00e9sistant aux intemp\u00e9ries<\/strong>, garantissant une long\u00e9vit\u00e9 m\u00eame dans des conditions environnementales difficiles.<\/li>\n<\/ul>\n<hr \/>\n<h2><\/h2>\n<h2 style=\"text-align: center;\"><span style=\"color: #000080;\"><em><strong>Evolution de la technologie Mifare<\/strong><\/em><\/span><\/h2>\n<p><span style=\"color: #008080;\">La technologie Mifare a \u00e9volu\u00e9 au fil des ann\u00e9es, passant de l&#039;original <strong>Mifare Classique<\/strong>\u00a0famille aux it\u00e9rations avanc\u00e9es comme la\u00a0<strong>Mifare Desfire<\/strong>\u00a0s\u00e9rie. <\/span><\/p>\n<p><span style=\"color: #008080;\">Ces avanc\u00e9es permettent des capacit\u00e9s de m\u00e9moire plus importantes, des fonctionnalit\u00e9s de s\u00e9curit\u00e9 plus \u00e9lev\u00e9es et des applications diverses.\u00a0<strong>M\u00e9moire 8K<\/strong>\u00a0r\u00e9affirme ses capacit\u00e9s \u00e0 g\u00e9rer des transactions de donn\u00e9es complexes de mani\u00e8re s\u00fbre et efficace.<\/span><\/p>\n<p>&nbsp;<\/p>\n<h2 style=\"text-align: center;\"><em><strong><span style=\"color: #000080;\">Principaux attributs des cartes \u00e0 puce<\/span><\/strong><\/em><\/h2>\n<h3>Les cartes \u00e0 puce comme la FM1208 offrent plusieurs attributs cl\u00e9s, notamment\u00a0:<\/h3>\n<ul>\n<li><strong>Communication sans contact<\/strong>:Utilisation\u00a0<strong>RFID\/NFC<\/strong>\u00a0Gr\u00e2ce \u00e0 la technologie, la carte peut \u00eatre scann\u00e9e rapidement sans contact physique, offrant ainsi un acc\u00e8s rapide.<\/li>\n<li><strong>Haute s\u00e9curit\u00e9<\/strong>: Avec\u00a0<strong>cl\u00e9s de cryptage<\/strong>\u00a0et des capacit\u00e9s d&#039;authentification mutuelle, les utilisateurs peuvent \u00eatre assur\u00e9s que leurs informations d&#039;identification sont en s\u00e9curit\u00e9.<\/li>\n<li><strong>\u00c9volutivit\u00e9<\/strong>:Le FM1208 peut facilement s&#039;int\u00e9grer aux syst\u00e8mes existants ou \u00e9voluer pour r\u00e9pondre aux besoins croissants du campus, am\u00e9liorant ainsi l&#039;efficacit\u00e9 op\u00e9rationnelle globale.<\/li>\n<\/ul>\n<hr \/>\n<h2><\/h2>\n<h2 style=\"text-align: center;\"><em><span style=\"color: #000080;\"><strong>Caract\u00e9ristiques uniques<\/strong><\/span><\/em><\/h2>\n<p><span style=\"color: #666699;\">La carte de campus intelligente personnalis\u00e9e FM1208 est dot\u00e9e de fonctionnalit\u00e9s uniques con\u00e7ues pour le paysage technologique actuel.<\/span><\/p>\n<h3><span style=\"color: #333399;\"><strong>Imperm\u00e9able et r\u00e9sistant aux intemp\u00e9ries<\/strong><\/span><\/h3>\n<p>Cette carte \u00e0 puce est con\u00e7ue pour r\u00e9sister aux conditions difficiles, ce qui la rend adapt\u00e9e aux applications int\u00e9rieures et ext\u00e9rieures.\u00a0<strong>PVC<\/strong>\u00a0Le mat\u00e9riau utilis\u00e9 garantit qu&#039;il reste intact et enti\u00e8rement fonctionnel sous diff\u00e9rentes pressions environnementales.<\/p>\n<p>&nbsp;<\/p>\n<h3><span style=\"color: #333399;\"><strong>Compatibilit\u00e9 des mini-balises<\/strong><\/span><\/h3>\n<p>Le FM1208 peut \u00e9galement fonctionner comme un\u00a0<strong>mini-balise<\/strong>, permettant des sc\u00e9narios d&#039;utilisation vari\u00e9s. Qu&#039;il soit int\u00e9gr\u00e9 dans des v\u00eatements, des sacs \u00e0 dos ou des portefeuilles, il offre une flexibilit\u00e9 aux \u00e9tudiants et au personnel.<\/p>\n<hr \/>\n<h3><span style=\"color: #333399;\"><strong>Sp\u00e9cifications techniques<\/strong><\/span><\/h3>\n<p><strong>Voici un aper\u00e7u d\u00e9taill\u00e9 des sp\u00e9cifications techniques de la carte m\u00e9moire Smart Campus personnalis\u00e9e FM12088K\u00a0:<\/strong><\/p>\n<div class=\"table-with-header rounded-lg border border-solid border-grey-line2-normal w-fit max-w-full mb-2\">\n<div class=\"overflow-x-auto custom-scrollbar custom-scrollbar-float max-w-full\">\n<table class=\"w-fit !mb-0 !max-w-none\">\n<thead>\n<tr>\n<th>Fonctionnalit\u00e9<\/th>\n<th>Sp\u00e9cification<\/th>\n<\/tr>\n<\/thead>\n<tbody>\n<tr>\n<td><strong>Nom du produit<\/strong><\/td>\n<td>Carte RFID<\/td>\n<\/tr>\n<tr>\n<td><strong>\u00c9br\u00e9cher<\/strong><\/td>\n<td>FM1208<\/td>\n<\/tr>\n<tr>\n<td><strong>M\u00e9moire<\/strong><\/td>\n<td>8K<\/td>\n<\/tr>\n<tr>\n<td><strong>Mat\u00e9riel<\/strong><\/td>\n<td>PVC<\/td>\n<\/tr>\n<tr>\n<td><strong>Taille<\/strong><\/td>\n<td>85,5 x 54 mm<\/td>\n<\/tr>\n<tr>\n<td><strong>Fr\u00e9quence<\/strong><\/td>\n<td>13,56 MHz<\/td>\n<\/tr>\n<tr>\n<td><strong>Distance de lecture<\/strong><\/td>\n<td>1-10 cm<\/td>\n<\/tr>\n<tr>\n<td><strong>MOQ (quantit\u00e9 minimum de commande)<\/strong><\/td>\n<td>500<\/td>\n<\/tr>\n<tr>\n<td><strong>Impression<\/strong><\/td>\n<td>Impression offset<\/td>\n<\/tr>\n<tr>\n<td><strong>Lieu d&#039;origine<\/strong><\/td>\n<td>Guangdong, Chine<\/td>\n<\/tr>\n<tr>\n<td><strong>Application<\/strong><\/td>\n<td>Contr\u00f4le d&#039;acc\u00e8s, transactions<\/td>\n<\/tr>\n<\/tbody>\n<\/table>\n<\/div>\n<\/div>\n<p><strong>Ces sp\u00e9cifications pr\u00e9sentent une carte qui met l\u2019accent sur la s\u00e9curit\u00e9, la durabilit\u00e9 et l\u2019efficacit\u00e9.<\/strong><\/p>\n<hr \/>\n<h2><\/h2>\n<h2 style=\"text-align: center;\"><em><span style=\"color: #000080;\"><strong>Impact environnemental et durabilit\u00e9<\/strong><\/span><\/em><\/h2>\n<p><span style=\"color: #666699;\">Reconnaissant l&#039;empreinte environnementale de la technologie, la carte Custom FM1208 adopte une approche durable. Construite \u00e0 partir de\u00a0<strong>PVC<\/strong>, il offre une durabilit\u00e9 sans compromettre les pr\u00e9occupations environnementales.Pratiques durables- <strong>Recyclabilit\u00e9<\/strong>:Les mat\u00e9riaux utilis\u00e9s peuvent \u00eatre recycl\u00e9s, soulignant ainsi l\u2019engagement envers la gestion environnementale.<\/span><\/p>\n<ul>\n<li><strong>Longue dur\u00e9e de vie<\/strong>:Gr\u00e2ce \u00e0 une conception durable, la carte r\u00e9duit le besoin de remplacements fr\u00e9quents, r\u00e9duisant ainsi les d\u00e9chets.<\/li>\n<\/ul>\n<hr \/>\n<h2><\/h2>\n<h2 style=\"text-align: center;\"><em><span style=\"color: #000080;\"><strong>Applications dans l&#039;\u00e9ducation et au-del\u00e0<\/strong><\/span><\/em><\/h2>\n<p><span style=\"color: #666699;\">La carte de campus intelligente personnalis\u00e9e FM1208 sert \u00e0 diverses applications, en particulier dans les \u00e9tablissements d&#039;enseignement, am\u00e9liorant l&#039;exp\u00e9rience globale du campus.<\/span><\/p>\n<p>&nbsp;<\/p>\n<h2 style=\"text-align: center;\"><em><strong><span style=\"color: #000080;\">Dans les \u00e9tablissements d&#039;enseignement<\/span><\/strong><\/em><\/h2>\n<p style=\"text-align: left;\">1.\u00a0<strong>Contr\u00f4le d&#039;acc\u00e8s<\/strong>:Entr\u00e9e s\u00e9curis\u00e9e des b\u00e2timents, biblioth\u00e8ques ou laboratoires.<\/p>\n<ol start=\"2\">\n<li><strong>Carte d&#039;\u00e9tudiant<\/strong>:Servant d\u2019identifiants \u00e9tudiants, ces cartes simplifient les d\u00e9marches d\u2019identification.<\/li>\n<li><strong>Syst\u00e8mes de paiement<\/strong>:Int\u00e9gration avec les comptes scolaires pour les transactions sans esp\u00e8ces dans les caf\u00e9t\u00e9rias et les distributeurs automatiques.<\/li>\n<\/ol>","protected":false},"excerpt":{"rendered":"<p>La carte de campus intelligente \u00e0 m\u00e9moire personnalis\u00e9e FM12088K offre un contr\u00f4le d&#039;acc\u00e8s s\u00e9curis\u00e9 et sans contact, id\u00e9al pour les \u00e9tablissements d&#039;enseignement et les entreprises. Durable et polyvalent !<\/p>","protected":false},"featured_media":3449,"template":"","meta":[],"product_brand":[],"product_cat":[46],"product_tag":[],"class_list":{"0":"post-3444","1":"product","2":"type-product","3":"status-publish","4":"has-post-thumbnail","6":"product_cat-nfc-cards","8":"first","9":"instock","10":"shipping-taxable","11":"product-type-simple"},"_links":{"self":[{"href":"https:\/\/nfc-readers.com\/fr\/wp-json\/wp\/v2\/product\/3444","targetHints":{"allow":["GET"]}}],"collection":[{"href":"https:\/\/nfc-readers.com\/fr\/wp-json\/wp\/v2\/product"}],"about":[{"href":"https:\/\/nfc-readers.com\/fr\/wp-json\/wp\/v2\/types\/product"}],"wp:featuredmedia":[{"embeddable":true,"href":"https:\/\/nfc-readers.com\/fr\/wp-json\/wp\/v2\/media\/3449"}],"wp:attachment":[{"href":"https:\/\/nfc-readers.com\/fr\/wp-json\/wp\/v2\/media?parent=3444"}],"wp:term":[{"taxonomy":"product_brand","embeddable":true,"href":"https:\/\/nfc-readers.com\/fr\/wp-json\/wp\/v2\/product_brand?post=3444"},{"taxonomy":"product_cat","embeddable":true,"href":"https:\/\/nfc-readers.com\/fr\/wp-json\/wp\/v2\/product_cat?post=3444"},{"taxonomy":"product_tag","embeddable":true,"href":"https:\/\/nfc-readers.com\/fr\/wp-json\/wp\/v2\/product_tag?post=3444"}],"curies":[{"name":"wp","href":"https:\/\/api.w.org\/{rel}","templated":true}]}}