{"id":3450,"date":"2024-11-03T08:01:44","date_gmt":"2024-11-03T08:01:44","guid":{"rendered":"https:\/\/nfc-readers.com\/?post_type=product&#038;p=3450"},"modified":"2024-11-04T08:45:59","modified_gmt":"2024-11-04T08:45:59","slug":"nfc-with-qr-code-stainless-contactless-business-card","status":"publish","type":"product","link":"https:\/\/nfc-readers.com\/fr\/ic-reader\/nfc-with-qr-code-stainless-contactless-business-card\/","title":{"rendered":"NFC avec code QR Carte de visite sans contact en acier inoxydable"},"content":{"rendered":"<h1><span style=\"color: #000080;\"><strong>NFC avec code QR Carte de visite sans contact en acier inoxydable<\/strong><\/span><\/h1>\n<p><span style=\"color: #666699;\">Dans le monde num\u00e9rique en \u00e9volution rapide d&#039;aujourd&#039;hui, le besoin de solutions de r\u00e9seau innovantes et efficaces est plus important que jamais. <strong>Carte de visite sans contact NFC avec code QR en acier inoxydable<\/strong>, un outil de pointe con\u00e7u pour red\u00e9finir la mani\u00e8re dont les professionnels partagent leurs informations. Alliant technologie moderne et design \u00e9l\u00e9gant, cette carte de visite permet aux utilisateurs de partager sans effort leurs coordonn\u00e9es, leurs profils sociaux et bien plus encore par de simples tapotements et num\u00e9risations. Avec d&#039;innombrables options de personnalisation, cette carte de visite sans contact am\u00e9liore non seulement votre image professionnelle, mais rationalise \u00e9galement les processus de r\u00e9seautage.<\/span><\/p>\n<p>&nbsp;<\/p>\n<h2 style=\"text-align: center;\"><span style=\"color: #000080;\"><strong>Principaux attributs des cartes de visite NFC\u00a0<\/strong><\/span><\/h2>\n<p>La technologie NFC transforme les r\u00e9seaux en offrant des attributs uniques qui la distinguent des cartes de visite traditionnelles. Ces cartes facilitent le partage rapide et efficace des informations, permettant aux utilisateurs de transf\u00e9rer leurs coordonn\u00e9es d&#039;une simple pression sur un smartphone.\u00a0<strong>Carte de visite sans contact NFC avec code QR en acier inoxydable<\/strong>\u00a0int\u00e8gre des technologies avanc\u00e9es telles que :<\/p>\n<ul>\n<li><strong>Communication RFID :<\/strong>\u00a0Fonctionnant sur une fr\u00e9quence de 13,56 MHz, permettant des connexions rapides entre les appareils.<\/li>\n<li><strong>Options de puces personnalis\u00e9es\u00a0:<\/strong>\u00a0Disponible avec les puces NTAG213, NTAG215 ou NTAG216, offrant une flexibilit\u00e9 en fonction des besoins de l&#039;utilisateur.<\/li>\n<\/ul>\n<p>En tirant parti de ces attributs cl\u00e9s, cette carte de visite repr\u00e9sente non seulement votre marque professionnelle, mais met \u00e9galement en valeur votre engagement envers l\u2019innovation.<\/p>\n<p>&nbsp;<\/p>\n<h2 style=\"text-align: center;\"><span style=\"color: #000080;\"><em><strong>Caract\u00e9ristiques de conception : <\/strong><\/em><\/span><\/h2>\n<h2>Faire une impression durable<\/h2>\n<p><strong>Attrait esth\u00e9tique<\/strong>\u00a0est crucial dans toute interaction commerciale.\u00a0<strong>Carte de visite sans contact NFC avec code QR en acier inoxydable<\/strong>\u00a0est con\u00e7u avec une gamme de fonctionnalit\u00e9s personnalisables pour s&#039;adapter aux pr\u00e9f\u00e9rences individuelles, garantissant non seulement qu&#039;il se d\u00e9marque mais s&#039;aligne \u00e9galement sur l&#039;identit\u00e9 de votre marque. Les principales caract\u00e9ristiques de conception comprennent\u00a0:<\/p>\n<ul>\n<li><strong>Finitions :<\/strong>\u00a0Choisissez entre des surfaces brillantes ou mates pour une apparence sophistiqu\u00e9e qui convient \u00e0 votre style.<\/li>\n<li><strong>Options de mat\u00e9riaux :<\/strong>\u00a0Fabriqu\u00e9es en acier inoxydable de haute qualit\u00e9, ces cartes sont non seulement luxueuses, mais offrent \u00e9galement une durabilit\u00e9 contre l&#039;usure.<\/li>\n<li><strong>Logos et motifs personnalis\u00e9s\u00a0:<\/strong>\u00a0Personnalisez votre carte avec votre logo grav\u00e9, cr\u00e9ant une touche unique qui am\u00e9liore la visibilit\u00e9 de votre marque.<\/li>\n<\/ul>\n<p>En investissant dans une carte de visite NFC con\u00e7ue par des professionnels, vous vous d\u00e9marquez de la concurrence.<\/p>\n<p>&nbsp;<\/p>\n<h2 style=\"text-align: center;\"><span style=\"color: #000080;\"><em><strong>Durabilit\u00e9 \u00e0 l&#039;eau et aux intemp\u00e9ries <\/strong><\/em><\/span><\/h2>\n<p><span style=\"color: #666699;\">Dans l\u2019agitation du r\u00e9seautage quotidien, vous avez besoin d\u2019une carte de visite capable de r\u00e9sister \u00e0 diverses conditions environnementales. <\/span><\/p>\n<p><span style=\"color: #666699;\">Le mat\u00e9riau inoxydable du\u00a0<strong>Carte de visite sans contact NFC avec code QR en acier inoxydable<\/strong>\u00a0est:<\/span><\/p>\n<ul>\n<li><strong>\u00c9tanche:<\/strong>\u00a0Prot\u00e8ge vos informations contre les d\u00e9versements accidentels et les conditions humides.<\/li>\n<li><strong>Imperm\u00e9abiliser:<\/strong>\u00a0Id\u00e9al pour tous les climats, garantissant que votre carte reste intacte et enti\u00e8rement fonctionnelle quels que soient les \u00e9l\u00e9ments ext\u00e9rieurs.<\/li>\n<\/ul>\n<p>Cette durabilit\u00e9 garantit que votre carte conservera ses qualit\u00e9s esth\u00e9tiques et fonctionnelles au fil du temps, ce qui en fait un investissement judicieux.<\/p>\n<p>&nbsp;<\/p>\n<h2 style=\"text-align: center;\"><em><strong><span style=\"color: #000080;\">Interface de communication conviviale\u00a0<\/span><\/strong><\/em><\/h2>\n<p>L\u2019une des caract\u00e9ristiques les plus remarquables de la\u00a0<strong>Carte de visite sans contact NFC avec code QR en acier inoxydable<\/strong>\u00a0est son interface de communication conviviale. La capacit\u00e9 d&#039;utiliser les deux\u00a0<strong>NFC et RFID<\/strong>\u00a0Les technologies permettent d&#039;acc\u00e9der rapidement et facilement \u00e0 vos informations \u00e0 partir de divers appareils. Voici comment cela fonctionne\u00a0:<\/p>\n<ul>\n<li><strong>Technologie NFC :<\/strong>\u00a0Il suffit aux utilisateurs de poser leur smartphone sur la carte pour r\u00e9cup\u00e9rer les coordonn\u00e9es du contact. Cette simplicit\u00e9 favorise les interactions rapides dans les environnements r\u00e9seau.<\/li>\n<li><strong>Int\u00e9gration du code QR\u00a0:<\/strong>\u00a0La carte comporte un code QR int\u00e9gr\u00e9, offrant un moyen suppl\u00e9mentaire de partager des informations pour ceux qui ne disposent pas d&#039;appareils compatibles NFC.<\/li>\n<\/ul>\n<p>Cette interface de double communication vous permet de vous connecter sans effort avec des clients ou des partenaires potentiels.<\/p>\n<p>&nbsp;<\/p>\n<h2 style=\"text-align: center;\"><span style=\"color: #000080;\"><em><strong>Des sp\u00e9cifications qui comptent<\/strong><\/em><\/span><\/h2>\n<p>|\u00a0<strong>Mat\u00e9riel<\/strong>\u00a0| Acier inoxydable |<br \/>\n|\u00a0<strong>Fr\u00e9quence<\/strong>\u00a0|13,56 MHz |<br \/>\n|\u00a0<strong>Taille<\/strong>\u00a0|85,5 mm x 54 mm \/ Personnalis\u00e9 |<br \/>\n|\u00a0<strong>\u00c9paisseur<\/strong>\u00a0|0,8 mm \/ Personnalis\u00e9 |<br \/>\n|\u00a0<strong>Options de puces<\/strong> | Personnalis\u00e9 \/ NTAG213 \/215 \/216 |<br \/>\n|\u00a0<strong>Options de couleur<\/strong>\u00a0| Noir, Blanc, Or Rose, Or, Bleu |<br \/>\n|\u00a0<strong>Fonctionnalit\u00e9s sp\u00e9ciales<\/strong>\u00a0|Imperm\u00e9able \/ R\u00e9sistant aux intemp\u00e9ries, Luxe|<\/p>\n<p>&nbsp;<\/p>\n<h2 style=\"text-align: center;\"><span style=\"color: #000080;\"><em><strong>Rubrique FAQ<\/strong><\/em><\/span><\/h2>\n<p><strong><span style=\"color: #008080;\">Q\u00a0:\u00a0Puis-je personnaliser le design de la carte\u00a0?<\/span><\/strong><\/p>\n<p>R : Absolument ! Vous pouvez choisir les couleurs, les finitions de surface et m\u00eame les gravures des logos, ce qui rend votre carte vraiment unique.<\/p>\n<p>&nbsp;<\/p>\n<p><strong><span style=\"color: #008080;\">Q : La fonctionnalit\u00e9 NFC est-elle compatible avec tous les smartphones ?<\/span><\/strong><\/p>\n<p>R : Oui, la carte NFC est con\u00e7ue pour fonctionner avec la plupart des smartphones prenant en charge la technologie NFC.<\/p>","protected":false},"excerpt":{"rendered":"<p>R\u00e9volutionnez la mise en r\u00e9seau avec notre carte de visite sans contact NFC et QR Code en acier inoxydable : partagez des informations sans effort avec un design \u00e9l\u00e9gant et personnalisable !<\/p>","protected":false},"featured_media":3448,"template":"","meta":[],"product_brand":[],"product_cat":[46],"product_tag":[],"class_list":{"0":"post-3450","1":"product","2":"type-product","3":"status-publish","4":"has-post-thumbnail","6":"product_cat-nfc-cards","8":"first","9":"instock","10":"shipping-taxable","11":"product-type-simple"},"_links":{"self":[{"href":"https:\/\/nfc-readers.com\/fr\/wp-json\/wp\/v2\/product\/3450","targetHints":{"allow":["GET"]}}],"collection":[{"href":"https:\/\/nfc-readers.com\/fr\/wp-json\/wp\/v2\/product"}],"about":[{"href":"https:\/\/nfc-readers.com\/fr\/wp-json\/wp\/v2\/types\/product"}],"wp:featuredmedia":[{"embeddable":true,"href":"https:\/\/nfc-readers.com\/fr\/wp-json\/wp\/v2\/media\/3448"}],"wp:attachment":[{"href":"https:\/\/nfc-readers.com\/fr\/wp-json\/wp\/v2\/media?parent=3450"}],"wp:term":[{"taxonomy":"product_brand","embeddable":true,"href":"https:\/\/nfc-readers.com\/fr\/wp-json\/wp\/v2\/product_brand?post=3450"},{"taxonomy":"product_cat","embeddable":true,"href":"https:\/\/nfc-readers.com\/fr\/wp-json\/wp\/v2\/product_cat?post=3450"},{"taxonomy":"product_tag","embeddable":true,"href":"https:\/\/nfc-readers.com\/fr\/wp-json\/wp\/v2\/product_tag?post=3450"}],"curies":[{"name":"wp","href":"https:\/\/api.w.org\/{rel}","templated":true}]}}