{"id":3460,"date":"2024-11-04T06:26:42","date_gmt":"2024-11-04T06:26:42","guid":{"rendered":"https:\/\/nfc-readers.com\/?post_type=product&#038;p=3460"},"modified":"2024-11-04T08:39:37","modified_gmt":"2024-11-04T08:39:37","slug":"custom-logo-printing-yelptripadvisor-review-nfc-card","status":"publish","type":"product","link":"https:\/\/nfc-readers.com\/fr\/ic-reader\/custom-logo-printing-yelptripadvisor-review-nfc-card\/","title":{"rendered":"Impression de logo personnalis\u00e9 sur une carte NFC pour les avis Yelp\\Tripadvisor"},"content":{"rendered":"<h1><span style=\"color: #000080;\"><strong>Impression de logo personnalis\u00e9 sur une carte NFC pour les avis Yelp\\Tripadvisor<\/strong><\/span><\/h1>\n<p>&nbsp;<\/p>\n<p><span style=\"color: #666699;\">Avantages de l&#039;impression de logo personnalis\u00e9 Cartes NFC d&#039;avis Yelp\/TripadvisorL&#039;int\u00e9gration de\u00a0<strong>Technologie NFC<\/strong>\u00a0L&#039;int\u00e9gration de cartes dans les strat\u00e9gies d&#039;engagement client peut consid\u00e9rablement am\u00e9liorer la commodit\u00e9 et recueillir efficacement des commentaires pr\u00e9cieux. Ces cartes peuvent catalyser les conversations, encourager l&#039;interaction avec les clients et, par la suite, am\u00e9liorer votre classement Yelp ou TripAdvisor. Avec des caract\u00e9ristiques telles que la durabilit\u00e9 imperm\u00e9able et r\u00e9sistante aux intemp\u00e9ries, ces cartes sont con\u00e7ues pour une vari\u00e9t\u00e9 d&#039;environnements, ce qui en fait un ajout pr\u00e9cieux \u00e0 votre arsenal marketing.<\/span><\/p>\n<hr \/>\n<h2><\/h2>\n<h2 style=\"text-align: center;\"><em><strong><span style=\"color: #000080;\">Aper\u00e7u du produit<\/span><\/strong><\/em><\/h2>\n<h3><span style=\"color: #333399;\"><strong>1. Que sont les cartes NFC avec logo personnalis\u00e9\u00a0?<\/strong><\/span><\/h3>\n<p>La carte NFC d&#039;impression de logo personnalis\u00e9e pour Yelp\\Tripadvisor Review est une carte \u00e0 puce qui utilise\u00a0<strong>NFC (communication en champ proche)<\/strong>\u00a0Technologie facilitant les interactions sans contact. En tapant simplement la carte avec un smartphone compatible, les clients peuvent acc\u00e9der \u00e0 un lien menant directement \u00e0 votre page d&#039;avis. Cela \u00e9limine le besoin de saisies manuelles, rationalise le processus de feedback et am\u00e9liore les taux de r\u00e9ponse globaux.<\/p>\n<p>&nbsp;<\/p>\n<h3><span style=\"color: #333399;\"><strong>2. Principales caract\u00e9ristiques des cartes NFC<\/strong><\/span><\/h3>\n<p><strong>Attributs cl\u00e9s<\/strong>\u00a0de nos cartes NFC incluent :<\/p>\n<ul>\n<li><strong>Fr\u00e9quence de fonctionnement<\/strong>:13,56 MHz permet une communication stable.<\/li>\n<li><strong>Distance de lecture<\/strong>:Les cartes peuvent \u00eatre lues de 2 \u00e0 10 cm, garantissant une facilit\u00e9 d&#039;utilisation.<\/li>\n<li><strong>Composition du mat\u00e9riau<\/strong>:Fabriqu\u00e9 en PVC durable, assurant la long\u00e9vit\u00e9.<\/li>\n<li><strong>Impression personnalis\u00e9e<\/strong>:Disponible avec l&#039;impression CMJN4C, qui permet une image de marque dynamique.<\/li>\n<\/ul>\n<p>&nbsp;<\/p>\n<h3><span style=\"color: #333399;\"><strong>3. Avantages de l&#039;utilisation des cartes NFC pour les avis clients<\/strong><\/span><\/h3>\n<p>Les cartes NFC sont non seulement efficaces pour g\u00e9n\u00e9rer du trafic vers vos pages d&#039;avis, mais elles am\u00e9liorent \u00e9galement la satisfaction client. En permettant aux clients de fournir facilement leurs commentaires, vous recueillez rapidement des informations sur leurs exp\u00e9riences, ce qui conduit \u00e0 des am\u00e9liorations et met en valeur votre engagement envers le service client.<\/p>\n<p>&nbsp;<\/p>\n<h2><span style=\"color: #333399;\"><strong>4. Sp\u00e9cifications techniques des cartes NFC<\/strong><\/span><\/h2>\n<p>Vous trouverez ci-dessous les <strong>sp\u00e9cifications techniques<\/strong> de notre avis sur la carte NFC avec impression de logo personnalis\u00e9 pour Yelp\\Tripadvisor\u00a0:<\/p>\n<div class=\"table-with-header rounded-lg border border-solid border-grey-line2-normal w-fit max-w-full mb-2\">\n<div class=\"overflow-x-auto custom-scrollbar custom-scrollbar-float max-w-full\">\n<table class=\"w-fit !mb-0 !max-w-none\">\n<thead>\n<tr>\n<th>Attribut<\/th>\n<th>Sp\u00e9cification<\/th>\n<\/tr>\n<\/thead>\n<tbody>\n<tr>\n<td>Lieu d&#039;origine<\/td>\n<td>Guangdong, Chine<\/td>\n<\/tr>\n<tr>\n<td>Type de puce<\/td>\n<td>NFC213\/215\/216 (NTAG\u00ae)<\/td>\n<\/tr>\n<tr>\n<td>Taille de la m\u00e9moire<\/td>\n<td>144\/504\/888 octets<\/td>\n<\/tr>\n<tr>\n<td>Taille<\/td>\n<td>85,5*54 mm\/personnalis\u00e9<\/td>\n<\/tr>\n<tr>\n<td>Interface de Communication<\/td>\n<td>RFID, NFC<\/td>\n<\/tr>\n<tr>\n<td>Impression<\/td>\n<td>Impression offset CMJN<\/td>\n<\/tr>\n<tr>\n<td>Quantit\u00e9 minimale de commande (MOQ)<\/td>\n<td>500<\/td>\n<\/tr>\n<tr>\n<td>Fonctionnalit\u00e9s sp\u00e9ciales<\/td>\n<td>Imperm\u00e9able \/ R\u00e9sistant aux intemp\u00e9ries, MINI TAG<\/td>\n<\/tr>\n<\/tbody>\n<\/table>\n<\/div>\n<\/div>\n<h3><strong><span style=\"color: #333399;\">5. Arguments de vente uniques : <\/span><\/strong><\/h3>\n<h3><strong>Imperm\u00e9able et r\u00e9sistant aux intemp\u00e9ries<\/strong><\/h3>\n<p>L&#039;une des principales pr\u00e9occupations des supports promotionnels physiques est la durabilit\u00e9. Nos cartes NFC sont livr\u00e9es avec <strong>imperm\u00e9able et r\u00e9sistant aux intemp\u00e9ries<\/strong>\u00a0qualit\u00e9s qui leur permettent de survivre dans des conditions vari\u00e9es, que ce soit \u00e0 l&#039;int\u00e9rieur ou \u00e0 l&#039;ext\u00e9rieur. Cette particularit\u00e9 les rend adapt\u00e9s \u00e0 toute campagne marketing, que ce soit dans un restaurant, un magasin de d\u00e9tail ou lors d&#039;\u00e9v\u00e9nements en plein air.<\/p>\n<p>&nbsp;<\/p>\n<h2 style=\"text-align: center;\"><em><span style=\"color: #000080;\"><strong>Comment utiliser les cartes NFC avec logo personnalis\u00e9<\/strong><\/span><\/em><\/h2>\n<p>L&#039;utilisation des cartes NFC est simple :<\/p>\n<ol>\n<li>Distribuez les cartes aux clients en vous assurant qu\u2019ils comprennent leur objectif.<\/li>\n<li>Les clients placent leur appareil mobile contre la carte.<\/li>\n<li>L&#039;appareil se connecte \u00e0 votre page de commentaires sur des plateformes comme Yelp ou TripAdvisor.<\/li>\n<li>Encouragez-les \u00e0 laisser un avis pour que d\u2019autres clients puissent le voir.<\/li>\n<\/ol>\n<p>&nbsp;<\/p>\n<h2 style=\"text-align: center;\"><em><span style=\"color: #000080;\"><strong>Concevoir la carte NFC avec logo personnalis\u00e9 parfaite<\/strong><\/span><\/em><\/h2>\n<p>La conception de votre <strong>carte de r\u00e9vision<\/strong>\u00a0est essentiel pour attirer l&#039;attention. Incorporez les couleurs de votre marque, votre logo et un appel \u00e0 l&#039;action clair. Une impression CMJN de haute qualit\u00e9 garantit que votre conception est non seulement accrocheuse, mais refl\u00e8te \u00e9galement l&#039;\u00e9thique de votre marque, ce qui incite vos clients \u00e0 interagir avec vos cartes.<\/p>\n<p>&nbsp;<\/p>\n<h2 style=\"text-align: center;\"><em><span style=\"color: #000080;\"><strong>Impact environnemental des cartes NFC<\/strong><\/span><\/em><\/h2>\n<p>Dans un monde en \u00e9volution rapide, la durabilit\u00e9 est essentielle. Nos cartes NFC sont fabriqu\u00e9es \u00e0 partir de mat\u00e9riaux PVC respectueux de l&#039;environnement, r\u00e9duisant ainsi l&#039;empreinte environnementale associ\u00e9e aux m\u00e9thodes traditionnelles de collecte d&#039;avis. La transition vers des solutions num\u00e9riques telles que <strong>Technologie NFC<\/strong>\u00a0contribue \u00e0 un mod\u00e8le \u00e9conomique plus durable.<\/p>\n<p>&nbsp;<\/p>\n<h2 style=\"text-align: center;\"><em><span style=\"color: #000080;\"><strong>Avis des clients<\/strong><\/span><\/em><\/h2>\n<p>Commentaires r\u00e9els des utilisateursClients qui ont d\u00e9j\u00e0 int\u00e9gr\u00e9 <strong>Cartes NFC<\/strong>\u00a0Les entreprises qui s&#039;int\u00e9ressent \u00e0 leurs activit\u00e9s font \u00e9tat d&#039;une augmentation significative de leurs niveaux d&#039;engagement et de la qualit\u00e9 de leurs retours. Voici quelques t\u00e9moignages :<\/p>\n<ul>\n<li><span style=\"color: #008080;\"><strong>\u00ab Les cartes NFC ont grandement facilit\u00e9 la collecte d\u2019avis. Nos clients appr\u00e9cient la rapidit\u00e9 et la simplicit\u00e9 de cette solution ! \u00bb<\/strong><\/span> \u2013 \u00c9milie R.<\/li>\n<li><span style=\"color: #666699;\"><strong>\u00ab Nous avons constat\u00e9 une augmentation des retours d&#039;exp\u00e9rience apr\u00e8s avoir commenc\u00e9 \u00e0 utiliser les cartes NFC. Cela a \u00e9t\u00e9 fantastique pour notre r\u00e9putation en ligne. \u00bb<\/strong><\/span> \u2013 Mike T.<\/li>\n<\/ul>","protected":false},"excerpt":{"rendered":"<p>Les cartes NFC avec logo personnalis\u00e9 am\u00e9liorent l&#039;engagement des clients en permettant une soumission d&#039;avis facile et sans contact, renfor\u00e7ant ainsi la r\u00e9putation en ligne gr\u00e2ce \u00e0 une durabilit\u00e9 \u00e9tanche.<\/p>","protected":false},"featured_media":3462,"template":"","meta":[],"product_brand":[],"product_cat":[46],"product_tag":[],"class_list":{"0":"post-3460","1":"product","2":"type-product","3":"status-publish","4":"has-post-thumbnail","6":"product_cat-nfc-cards","8":"first","9":"instock","10":"shipping-taxable","11":"product-type-simple"},"_links":{"self":[{"href":"https:\/\/nfc-readers.com\/fr\/wp-json\/wp\/v2\/product\/3460","targetHints":{"allow":["GET"]}}],"collection":[{"href":"https:\/\/nfc-readers.com\/fr\/wp-json\/wp\/v2\/product"}],"about":[{"href":"https:\/\/nfc-readers.com\/fr\/wp-json\/wp\/v2\/types\/product"}],"wp:featuredmedia":[{"embeddable":true,"href":"https:\/\/nfc-readers.com\/fr\/wp-json\/wp\/v2\/media\/3462"}],"wp:attachment":[{"href":"https:\/\/nfc-readers.com\/fr\/wp-json\/wp\/v2\/media?parent=3460"}],"wp:term":[{"taxonomy":"product_brand","embeddable":true,"href":"https:\/\/nfc-readers.com\/fr\/wp-json\/wp\/v2\/product_brand?post=3460"},{"taxonomy":"product_cat","embeddable":true,"href":"https:\/\/nfc-readers.com\/fr\/wp-json\/wp\/v2\/product_cat?post=3460"},{"taxonomy":"product_tag","embeddable":true,"href":"https:\/\/nfc-readers.com\/fr\/wp-json\/wp\/v2\/product_tag?post=3460"}],"curies":[{"name":"wp","href":"https:\/\/api.w.org\/{rel}","templated":true}]}}