{"id":3498,"date":"2024-11-04T07:04:41","date_gmt":"2024-11-04T07:04:41","guid":{"rendered":"https:\/\/nfc-readers.com\/?post_type=product&#038;p=3498"},"modified":"2024-11-04T08:28:09","modified_gmt":"2024-11-04T08:28:09","slug":"tap-url-writing-social-business-facebook-review-nfc-cards","status":"publish","type":"product","link":"https:\/\/nfc-readers.com\/fr\/ic-reader\/tap-url-writing-social-business-facebook-review-nfc-cards\/","title":{"rendered":"Appuyez sur l&#039;URL R\u00e9daction d&#039;avis sur les r\u00e9seaux sociaux Entreprise Facebook Cartes NFC"},"content":{"rendered":"<h1><span style=\"color: #000080;\"><strong>Appuyez sur l&#039;URL R\u00e9daction d&#039;avis sur les r\u00e9seaux sociaux Entreprise Facebook Cartes NFC<\/strong><\/span><\/h1>\n<p><span style=\"color: #333399;\">Dans le monde num\u00e9rique actuel, en constante \u00e9volution, les entreprises s&#039;efforcent d&#039;assurer une connectivit\u00e9 et une interaction transparentes avec leurs clients. Les cartes NFC sont devenues un outil r\u00e9volutionnaire qui comble le foss\u00e9 entre les domaines physique et num\u00e9rique. Gr\u00e2ce \u00e0 leurs fonctionnalit\u00e9s remarquables, notamment la saisie d&#039;URL par tapotement, elles constituent un puissant moyen d&#039;int\u00e9gration des entreprises sociales et d&#039;am\u00e9lioration de l&#039;engagement des clients via des canaux tels que les avis Facebook. Cet article explore en profondeur le charme et les avantages de nos cartes NFC et la mani\u00e8re dont elles peuvent transformer vos op\u00e9rations commerciales.<\/span><\/p>\n<h2><\/h2>\n<h2 style=\"text-align: center;\"><em><strong><span style=\"color: #000080;\">Pourquoi investir dans les cartes NFC ?<\/span><\/strong><\/em><\/h2>\n<p style=\"text-align: left;\">Les cartes NFC simplifient la complexit\u00e9 de l&#039;engagement client et de la promotion de la marque. Avec des fonctionnalit\u00e9s telles que la r\u00e9daction d&#039;URL et la cr\u00e9ation de liens vers des avis sur les r\u00e9seaux sociaux comme Facebook, ces cartes am\u00e9liorent l&#039;exp\u00e9rience client tout en cr\u00e9ant de nouvelles voies de marketing. Leur construction \u00e9tanche et leurs nombreuses options de m\u00e9moire garantissent non seulement qu&#039;elles r\u00e9pondent aux normes de qualit\u00e9, mais qu&#039;elles peuvent \u00e9galement survivre \u00e0 diff\u00e9rents environnements, ce qui en fait un excellent investissement pour les entreprises.<\/p>\n<p>&nbsp;<\/p>\n<p>&nbsp;<\/p>\n<h2 style=\"text-align: center;\"><em><span style=\"color: #000080;\"><strong>Pr\u00e9sentation compl\u00e8te des cartes NFC<\/strong><\/span><\/em><\/h2>\n<h3><span style=\"color: #333399;\"><strong> Principaux attributs des cartes NFC<\/strong><\/span><\/h3>\n<p>Les cartes NFC sont con\u00e7ues avec plusieurs attributs cl\u00e9s qui r\u00e9pondent aux besoins commerciaux modernes\u00a0:<br \/>\n<strong>Imperm\u00e9able \/ R\u00e9sistant aux intemp\u00e9ries :<\/strong><\/p>\n<p>Con\u00e7ues pour durer, nos cartes NFC peuvent r\u00e9sister \u00e0 diverses conditions environnementales. Cette durabilit\u00e9 signifie que vous pouvez les utiliser pour le marketing ext\u00e9rieur, les \u00e9v\u00e9nements ou tout autre endroit o\u00f9 les cartes traditionnelles \u00e9choueraient probablement.<\/p>\n<p><strong>Interface de communication :<\/strong><\/p>\n<p>L&#039;utilisation de la technologie NFC (Near Field Communication) permet une communication sans contact pratique. Cette fonctionnalit\u00e9 simplifie non seulement les transactions, mais facilite \u00e9galement le partage d&#039;informations commerciales.<\/p>\n<p><strong>Attributs sp\u00e9cifiques \u00e0 l&#039;industrie :<\/strong><\/p>\n<p>Les cartes NFC sont particuli\u00e8rement avantageuses pour les secteurs sp\u00e9cifiques qui n\u00e9cessitent des solutions d\u2019identification et de contr\u00f4le.<\/p>\n<p>Les entreprises allant du commerce de d\u00e9tail \u00e0 l\u2019h\u00f4tellerie peuvent tirer parti des fonctionnalit\u00e9s de ces cartes.<\/p>\n<p><strong>Tailles et mod\u00e8les personnalis\u00e9s\u00a0:<\/strong><\/p>\n<p>Nos cartes NFC peuvent \u00eatre personnalis\u00e9es dans diff\u00e9rentes tailles (dimensions standard ou sur mesure de 85,5 * 54 mm) et designs pour correspondre parfaitement \u00e0 l&#039;image de marque de votre entreprise.<\/p>\n<p><strong>Technologie de puce avanc\u00e9e :<\/strong><\/p>\n<p>En utilisant des puces telles que NTAG213, 215 et 216 (marques d\u00e9pos\u00e9es de NXP BV), nos cartes garantissent des performances \u00e9lev\u00e9es et des capacit\u00e9s de partage de donn\u00e9es rapides.<\/p>\n<h3><span style=\"color: #333399;\"><strong>Particularit\u00e9s de nos cartes NFC<\/strong><\/span><\/h3>\n<h3><strong>Fonctionnalit\u00e9 polyvalente<\/strong><\/h3>\n<p><span style=\"color: #008080;\">Qu&#039;elles soient utilis\u00e9es \u00e0 des fins d&#039;identification, de contr\u00f4le d&#039;acc\u00e8s, de programmes de fid\u00e9lit\u00e9 ou simplement comme outil marketing, les cartes NFC sont polyvalentes :<\/span><\/p>\n<p><strong>Appuyez sur la fonctionnalit\u00e9 d&#039;\u00e9criture d&#039;URL\u00a0: <\/strong><\/p>\n<p>En permettant aux utilisateurs d&#039;appuyer sur leur t\u00e9l\u00e9phone pour acc\u00e9der \u00e0 la carte NFC, ils sont automatiquement redirig\u00e9s vers des URL sp\u00e9cifiques, telles que des sites Web d&#039;entreprise ou des profils de r\u00e9seaux sociaux. Cette fonctionnalit\u00e9 est essentielle pour promouvoir efficacement des produits ou des services.<\/p>\n<p><strong>Avis sur les entreprises sociales :<\/strong><\/p>\n<p>Gr\u00e2ce \u00e0 un lien d&#039;\u00e9valuation Facebook d\u00e9di\u00e9, les clients potentiels peuvent lire des t\u00e9moignages et des exp\u00e9riences qui \u00e9tablissent instantan\u00e9ment la confiance.<\/p>\n<h2><\/h2>\n<h2 style=\"text-align: center;\"><em><span style=\"color: #000080;\"><strong>Respectueux de l&#039;environnement<\/strong><\/span><\/em><\/h2>\n<p>Fabriqu\u00e9es \u00e0 partir de mat\u00e9riaux respectueux de l&#039;environnement comme le PVC, nos cartes NFC sont non seulement robustes mais privil\u00e9gient \u00e9galement la durabilit\u00e9 :<\/p>\n<p><strong>Mat\u00e9riaux recyclables :<\/strong> Notre engagement en mati\u00e8re de responsabilit\u00e9 environnementale signifie qu&#039;une fois la dur\u00e9e de vie de la carte termin\u00e9e, elle peut \u00eatre recycl\u00e9e, r\u00e9duisant ainsi votre empreinte carbone.<\/p>\n<h2 style=\"text-align: center;\"><span style=\"color: #000080;\"><em><strong>Sp\u00e9cifications techniques \u00e0 conna\u00eetre<\/strong><\/em><\/span><\/h2>\n<p><strong><span style=\"color: #008080;\">| Sp\u00e9cifications | D\u00e9tails |<\/span><\/strong><br \/>\n<strong><span style=\"color: #008080;\">|&#8212;&#8212;&#8212;&#8212;&#8212;&#8212;&#8212;&#8212;|&#8212;&#8212;&#8212;&#8212;&#8212;&#8212;&#8212;&#8212;&#8212;&#8212;&#8212;&#8212;&#8212;&#8212;&#8212;-|<\/span><\/strong><br \/>\n<strong><span style=\"color: #008080;\">| Fr\u00e9quence |13,56 MHz |<\/span><\/strong><br \/>\n<strong><span style=\"color: #008080;\">| Options de m\u00e9moire |144\/504\/888 octets |<\/span><\/strong><br \/>\n<strong><span style=\"color: #008080;\">| Mat\u00e9riau | PVC\/\u00c9poxy\/Papier\/PET |<\/span><\/strong><br \/>\n<strong><span style=\"color: #008080;\">| Taille | Personnalisable, standard 85,5 * 54 mm |<\/span><\/strong><br \/>\n<strong><span style=\"color: #008080;\">| Micropuce | NTAG213\/215\/216 |<\/span><\/strong><br \/>\n<strong><span style=\"color: #008080;\">| Distance de lecture |2-10 cm |<\/span><\/strong><br \/>\n<strong><span style=\"color: #008080;\">| Artisanat | Code QR, Impression jet d&#039;encre, Gravure laser|<\/span><\/strong><br \/>\n<strong><span style=\"color: #008080;\">| Quantit\u00e9 minimum de commande (MOQ) | 500 unit\u00e9s |<\/span><\/strong><\/p>\n<p>&nbsp;<\/p>\n<h2 style=\"text-align: center;\"><em><strong><span style=\"color: #000080;\">Instructions d&#039;utilisation<\/span><\/strong><\/em><\/h2>\n<p>Utiliser des cartes NFC est aussi simple qu&#039;un simple appui. Il suffit de tenir votre appareil compatible NFC \u00e0 proximit\u00e9 de la carte pour d\u00e9clencher l&#039;action d\u00e9finie sur celle-ci. Voici un guide d&#039;utilisation rapide :<br \/>\nAssurez-vous que la fonctionnalit\u00e9 NFC est activ\u00e9e sur votre smartphone.<br \/>\nRapprochez votre appareil de la carte NFC.<br \/>\nAttendez que la notification ou l\u2019invite apparaisse sur votre \u00e9cran, vous conduisant \u00e0 l\u2019URL ou \u00e0 la page de r\u00e9seau social souhait\u00e9e.<\/p>\n<h2 style=\"text-align: center;\"><em><span style=\"color: #000080;\"><strong>Commentaires et informations des clients<\/strong><\/span><\/em><\/h2>\n<p><strong>Applications concr\u00e8tes<\/strong><\/p>\n<p>Les clients ont utilis\u00e9 nos cartes NFC de diff\u00e9rentes mani\u00e8res\u00a0:<br \/>\nProgrammes de fid\u00e9lit\u00e9 : les entreprises int\u00e8grent des cartes NFC dans leurs programmes de fid\u00e9lit\u00e9, permettant aux clients d&#039;acc\u00e9der aux r\u00e9compenses d&#039;un simple toucher.<\/p>\n<p><strong>Engagement \u00e9v\u00e9nementiel : <\/strong><\/p>\n<p>Lors de salons et d\u2019\u00e9v\u00e9nements, les entreprises utilisent ces cartes pour offrir aux visiteurs un acc\u00e8s instantan\u00e9 aux informations, renfor\u00e7ant ainsi l\u2019engagement.<\/p>","protected":false},"excerpt":{"rendered":"<p>D\u00e9couvrez comment les cartes NFC relient les mondes num\u00e9rique et physique, am\u00e9liorant l&#039;engagement des clients et simplifiant l&#039;acc\u00e8s aux avis et informations sociales.<\/p>","protected":false},"featured_media":3494,"template":"","meta":[],"product_brand":[],"product_cat":[46],"product_tag":[],"class_list":{"0":"post-3498","1":"product","2":"type-product","3":"status-publish","4":"has-post-thumbnail","6":"product_cat-nfc-cards","8":"first","9":"instock","10":"shipping-taxable","11":"product-type-simple"},"_links":{"self":[{"href":"https:\/\/nfc-readers.com\/fr\/wp-json\/wp\/v2\/product\/3498","targetHints":{"allow":["GET"]}}],"collection":[{"href":"https:\/\/nfc-readers.com\/fr\/wp-json\/wp\/v2\/product"}],"about":[{"href":"https:\/\/nfc-readers.com\/fr\/wp-json\/wp\/v2\/types\/product"}],"wp:featuredmedia":[{"embeddable":true,"href":"https:\/\/nfc-readers.com\/fr\/wp-json\/wp\/v2\/media\/3494"}],"wp:attachment":[{"href":"https:\/\/nfc-readers.com\/fr\/wp-json\/wp\/v2\/media?parent=3498"}],"wp:term":[{"taxonomy":"product_brand","embeddable":true,"href":"https:\/\/nfc-readers.com\/fr\/wp-json\/wp\/v2\/product_brand?post=3498"},{"taxonomy":"product_cat","embeddable":true,"href":"https:\/\/nfc-readers.com\/fr\/wp-json\/wp\/v2\/product_cat?post=3498"},{"taxonomy":"product_tag","embeddable":true,"href":"https:\/\/nfc-readers.com\/fr\/wp-json\/wp\/v2\/product_tag?post=3498"}],"curies":[{"name":"wp","href":"https:\/\/api.w.org\/{rel}","templated":true}]}}