{"id":3499,"date":"2024-11-04T07:44:11","date_gmt":"2024-11-04T07:44:11","guid":{"rendered":"https:\/\/nfc-readers.com\/?post_type=product&#038;p=3499"},"modified":"2024-11-04T08:27:35","modified_gmt":"2024-11-04T08:27:35","slug":"mifare-1k-4k-s50-membership-loyalty-colorful-hotel-key-card","status":"publish","type":"product","link":"https:\/\/nfc-readers.com\/fr\/ic-reader\/mifare-1k-4k-s50-membership-loyalty-colorful-hotel-key-card\/","title":{"rendered":"Carte-cl\u00e9 d&#039;h\u00f4tel color\u00e9e Mifare 1k 4k S50 pour fid\u00e9lit\u00e9 et adh\u00e9sion"},"content":{"rendered":"<h1><span style=\"color: #000080;\"><strong>Carte-cl\u00e9 d&#039;h\u00f4tel color\u00e9e Mifare 1k 4k S50 pour fid\u00e9lit\u00e9 et adh\u00e9sion<\/strong><\/span><\/h1>\n<p><span style=\"color: #666699;\">\u00c0 l\u2019\u00e8re de la num\u00e9risation, l\u2019importance d\u2019un contr\u00f4le d\u2019acc\u00e8s efficace et de l\u2019engagement des clients ne peut \u00eatre sous-estim\u00e9e. <strong>Carte-cl\u00e9 d&#039;h\u00f4tel color\u00e9e de fid\u00e9lit\u00e9 Mifare1k4k S50<\/strong>\u00a0La carte Mifare S50 est un produit incontournable dans les secteurs de l&#039;h\u00f4tellerie et de l&#039;adh\u00e9sion. Ces cartes polyvalentes int\u00e8grent parfaitement la technologie RFID pour un acc\u00e8s s\u00e9curis\u00e9 et am\u00e9liorent l&#039;exp\u00e9rience des clients gr\u00e2ce \u00e0 des programmes de fid\u00e9lit\u00e9. Cet article explore les fonctionnalit\u00e9s, les avantages et les applications convaincants de la carte Mifare S50.<\/span><\/p>\n<p>&nbsp;<\/p>\n<h2 style=\"text-align: center;\"><em><span style=\"color: #000080;\"><strong>Pourquoi investir dans les cartes-cl\u00e9s d&#039;h\u00f4tel color\u00e9es Mifare1k4k S50 Membership Loyalty ?<\/strong><\/span><\/em><\/h2>\n<p><span style=\"color: #333333;\"><strong>Investir dans les cartes de fid\u00e9lit\u00e9 Mifare offre aux entreprises <span style=\"color: #333399;\">une opportunit\u00e9 unique d&#039;am\u00e9liorer l&#039;exp\u00e9rience client et la s\u00e9curit\u00e9<\/span>. Dot\u00e9es de fonctionnalit\u00e9s sp\u00e9cialement adapt\u00e9es au secteur de l&#039;h\u00f4tellerie, ces cartes simplifient les processus d&#039;enregistrement des clients tout en facilitant les interactions personnalis\u00e9es avec eux. Que vous soyez un h\u00f4telier g\u00e9rant des chambres ou une entreprise \u00e0 la recherche de solutions de fid\u00e9lisation, ces cartes garantissent fiabilit\u00e9 et s\u00e9curit\u00e9.<\/strong><\/span><\/p>\n<p><span style=\"color: #333333;\"><strong><span style=\"color: #333399;\">Les couleurs vibrantes et les designs personnalisables<\/span> Les cartes de membre Mifare sont non seulement fonctionnelles, mais aussi visuellement attrayantes pour les clients. Elles servent \u00e0 la fois d&#039;identification et d&#039;outil marketing, car les h\u00f4tels peuvent y inclure des \u00e9l\u00e9ments de marque qui am\u00e9liorent la reconnaissance et la m\u00e9morisation des clients.<\/strong><\/span><\/p>\n<p>&nbsp;<\/p>\n<p>&nbsp;<\/p>\n<h2 style=\"text-align: center;\"><em><span style=\"color: #000080;\"><strong>Aper\u00e7u du produit<\/strong><\/span><\/em><\/h2>\n<h3><strong><span style=\"color: #333399;\">1. Principaux attributs des cartes Mifare<\/span><\/strong><\/h3>\n<h4>Le <strong>Mifare1k4k S50<\/strong>\u00a0Les cartes-cl\u00e9s sont con\u00e7ues pour am\u00e9liorer l&#039;exp\u00e9rience utilisateur gr\u00e2ce \u00e0 plusieurs attributs cl\u00e9s\u00a0:<\/h4>\n<h4><span style=\"color: #008080;\"><strong>Durabilit\u00e9 et polyvalence<\/strong><\/span><\/h4>\n<h4>Construit \u00e0 partir de\u00a0<strong>PVC\/PET<\/strong>, ces cartes sont non seulement imperm\u00e9ables mais \u00e9galement r\u00e9sistantes aux intemp\u00e9ries, ce qui garantit leur long\u00e9vit\u00e9 dans diverses conditions environnementales. Qu&#039;elles soient utilis\u00e9es \u00e0 l&#039;int\u00e9rieur ou \u00e0 l&#039;ext\u00e9rieur, leur durabilit\u00e9 garantit une utilisation prolong\u00e9e.<\/h4>\n<h4><span style=\"color: #008080;\"><strong>Technologie de carte \u00e0 puce<\/strong><\/span><\/h4>\n<h4>Ces cartes utilisent\u00a0<strong>Technologie RFID<\/strong>\u00a0fonctionnant \u00e0 une fr\u00e9quence de\u00a0<strong>13,56 MHz<\/strong>, qui permet des transactions s\u00e9curis\u00e9es et sans contact. L&#039;int\u00e9gration de la technologie de puce de NXP garantit la compatibilit\u00e9 avec les syst\u00e8mes de contr\u00f4le d&#039;acc\u00e8s existants tout en offrant des performances et une fiabilit\u00e9 \u00e9lev\u00e9es.<\/h4>\n<p>&nbsp;<\/p>\n<h3><span style=\"color: #333399;\"><strong>2. Applications sectorielles sp\u00e9cifiques pour les cartes Mifare<\/strong><\/span><\/h3>\n<p>Les cartes Mifare sont largement utilis\u00e9es dans diff\u00e9rents secteurs, notamment dans l&#039;h\u00f4tellerie pour le contr\u00f4le d&#039;acc\u00e8s :<\/p>\n<h4><span style=\"color: #008080;\"><strong>Secteur de l&#039;h\u00f4tellerie et de la restauration<\/strong><\/span><\/h4>\n<h4>Les h\u00f4teliers utilisent des cartes Mifare pour acc\u00e9der aux chambres et effectuer leurs paiements. Les clients peuvent entrer facilement dans leur chambre d&#039;un simple appui sur la carte, \u00e9liminant ainsi le besoin de cl\u00e9s traditionnelles.<\/h4>\n<h4><span style=\"color: #008080;\"><strong>Programmes d&#039;adh\u00e9sion et de fid\u00e9lit\u00e9<\/strong><\/span><\/h4>\n<h4>Les entreprises qui mettent en place des programmes de fid\u00e9lit\u00e9 peuvent \u00e9mettre des cartes Mifare qui permettent d&#039;accumuler des points pour les achats. Cela encourage les clients fid\u00e8les \u00e0 revenir et les r\u00e9compense efficacement.<\/h4>\n<p>&nbsp;<\/p>\n<h3><span style=\"color: #333399;\"><strong>3. Sp\u00e9cifications techniques <\/strong><\/span><\/h3>\n<p>Il est essentiel de comprendre les d\u00e9tails techniques pour que les entreprises puissent prendre des d\u00e9cisions \u00e9clair\u00e9es. Voici les principales sp\u00e9cifications de la carte Mifare1k S50\u00a0:<\/p>\n<div class=\"table-with-header rounded-lg border border-solid border-grey-line2-normal w-fit max-w-full mb-2\">\n<div class=\"overflow-x-auto custom-scrollbar custom-scrollbar-float max-w-full\">\n<table class=\"w-fit !mb-0 !max-w-none\">\n<thead>\n<tr>\n<th>Sp\u00e9cification<\/th>\n<th>D\u00e9tails<\/th>\n<\/tr>\n<\/thead>\n<tbody>\n<tr>\n<td>Fr\u00e9quence<\/td>\n<td>13,56 MHz<\/td>\n<\/tr>\n<tr>\n<td>Options de m\u00e9moire<\/td>\n<td>1\u00a0000, 4\u00a0000<\/td>\n<\/tr>\n<tr>\n<td>Mat\u00e9riel<\/td>\n<td>PVC\/PET<\/td>\n<\/tr>\n<tr>\n<td>Taille<\/td>\n<td>85,5 mm x 54 mm\/personnalis\u00e9<\/td>\n<\/tr>\n<tr>\n<td>\u00c9br\u00e9cher<\/td>\n<td>MIFARE Classic1K<\/td>\n<\/tr>\n<tr>\n<td>Distance de lecture<\/td>\n<td>2-10 cm<\/td>\n<\/tr>\n<tr>\n<td>Artisanat<\/td>\n<td>Code laser, encre UV, num\u00e9ro de s\u00e9rie<\/td>\n<\/tr>\n<\/tbody>\n<\/table>\n<p>&nbsp;<\/p>\n<\/div>\n<\/div>\n<h2 style=\"text-align: center;\"><em><span style=\"color: #000080;\"><strong>Impact environnemental des cartes Mifare<\/strong><\/span><\/em><\/h2>\n<p>Le respect de l\u2019environnement est de plus en plus essentiel sur le march\u00e9 actuel, et les cartes Mifare s\u2019alignent sur des pratiques durables.<\/p>\n<h3><strong><span style=\"color: #008080;\">Mat\u00e9riaux durables<\/span><\/strong><\/h3>\n<h4>Fabriqu\u00e9 \u00e0 partir de mat\u00e9riaux respectueux de l&#039;environnement\u00a0<strong>Mat\u00e9riaux PVC et PET<\/strong>, ces cartes minimisent l&#039;impact environnemental. \u00c0 la fin de leur cycle de vie, elles peuvent \u00eatre recycl\u00e9es, contribuant ainsi \u00e0 une plan\u00e8te plus verte.<\/h4>\n<h3><span style=\"color: #008080;\"><strong>R\u00e9duction de l&#039;empreinte carbone<\/strong><\/span><\/h3>\n<h4>En facilitant l\u2019acc\u00e8s sans contact, les entreprises peuvent r\u00e9duire leur empreinte carbone et r\u00e9duire le besoin de syst\u00e8mes de billetterie papier, favorisant ainsi la durabilit\u00e9 tout au long de leurs op\u00e9rations.<\/h4>\n<p>&nbsp;<\/p>\n<p>&nbsp;<\/p>\n<h2 style=\"text-align: center;\"><em><span style=\"color: #000080;\"><strong>FAQ<\/strong><\/span><\/em><\/h2>\n<h4><span style=\"color: #008080;\"><strong>Q1 : Les cartes Mifare sont-elles compatibles avec les syst\u00e8mes existants ?<\/strong><\/span><\/h4>\n<p><strong>A1:<\/strong>\u00a0Oui, les cartes Mifare sont con\u00e7ues pour \u00eatre compatibles avec une large gamme de lecteurs RFID et de syst\u00e8mes de contr\u00f4le d&#039;acc\u00e8s, en particulier ceux utilisant la norme ISO\/IEC14443 Type A. Cette flexibilit\u00e9 permet aux entreprises d&#039;int\u00e9grer facilement les cartes Mifare dans leur infrastructure existante.<\/p>\n<p>&nbsp;<\/p>\n<h4><strong><span style=\"color: #008080;\">Q2 : Comment fonctionne la s\u00e9curit\u00e9 des cartes Mifare ?<\/span><\/strong><\/h4>\n<p><strong>A2:<\/strong>\u00a0Les cartes Mifare utilisent des protocoles d&#039;authentification mutuelle et de cryptage pour s\u00e9curiser le transfert de donn\u00e9es entre la carte et le lecteur. Cela garantit que seuls les appareils autoris\u00e9s peuvent acc\u00e9der aux informations stock\u00e9es sur la carte, offrant ainsi un niveau de s\u00e9curit\u00e9 \u00e9lev\u00e9 pour les donn\u00e9es sensibles.<\/p>","protected":false},"excerpt":{"rendered":"<p>D\u00e9couvrez les cartes-cl\u00e9s color\u00e9es Mifare1k4k S50 pour un acc\u00e8s s\u00e9curis\u00e9 et des programmes de fid\u00e9lit\u00e9. Am\u00e9liorez l&#039;exp\u00e9rience de vos clients avec des designs personnalisables et durables !<\/p>","protected":false},"featured_media":3356,"template":"","meta":[],"product_brand":[],"product_cat":[46],"product_tag":[],"class_list":{"0":"post-3499","1":"product","2":"type-product","3":"status-publish","4":"has-post-thumbnail","6":"product_cat-nfc-cards","8":"first","9":"instock","10":"shipping-taxable","11":"product-type-simple"},"_links":{"self":[{"href":"https:\/\/nfc-readers.com\/fr\/wp-json\/wp\/v2\/product\/3499","targetHints":{"allow":["GET"]}}],"collection":[{"href":"https:\/\/nfc-readers.com\/fr\/wp-json\/wp\/v2\/product"}],"about":[{"href":"https:\/\/nfc-readers.com\/fr\/wp-json\/wp\/v2\/types\/product"}],"wp:featuredmedia":[{"embeddable":true,"href":"https:\/\/nfc-readers.com\/fr\/wp-json\/wp\/v2\/media\/3356"}],"wp:attachment":[{"href":"https:\/\/nfc-readers.com\/fr\/wp-json\/wp\/v2\/media?parent=3499"}],"wp:term":[{"taxonomy":"product_brand","embeddable":true,"href":"https:\/\/nfc-readers.com\/fr\/wp-json\/wp\/v2\/product_brand?post=3499"},{"taxonomy":"product_cat","embeddable":true,"href":"https:\/\/nfc-readers.com\/fr\/wp-json\/wp\/v2\/product_cat?post=3499"},{"taxonomy":"product_tag","embeddable":true,"href":"https:\/\/nfc-readers.com\/fr\/wp-json\/wp\/v2\/product_tag?post=3499"}],"curies":[{"name":"wp","href":"https:\/\/api.w.org\/{rel}","templated":true}]}}