{"id":3515,"date":"2024-11-06T08:47:18","date_gmt":"2024-11-06T08:47:18","guid":{"rendered":"https:\/\/nfc-readers.com\/?post_type=product&#038;p=3515"},"modified":"2024-11-06T14:47:51","modified_gmt":"2024-11-06T14:47:51","slug":"custom-etched-copper-antenna-hf-nfc-inlay","status":"publish","type":"product","link":"https:\/\/nfc-readers.com\/fr\/ic-reader\/custom-etched-copper-antenna-hf-nfc-inlay\/","title":{"rendered":"Antenne en cuivre grav\u00e9e s\u00e9rie NTAG HF NFC"},"content":{"rendered":"<h1 style=\"text-align: center;\">Antenne en cuivre grav\u00e9e s\u00e9rie NTAG HF NFC<\/h1>\n<p>&nbsp;<\/p>\n<p>Le <strong>Antenne en cuivre grav\u00e9e s\u00e9rie NTAG HF NFC\u00a0<\/strong>propose une solution innovante dans le monde de la technologie NFC (Near Field Communication). Avec sa conception de pointe et ses hautes performances, ce produit se d\u00e9marque sur un march\u00e9 qui valorise de plus en plus l&#039;efficacit\u00e9, la polyvalence et la durabilit\u00e9. Que vous cherchiez \u00e0 am\u00e9liorer les capacit\u00e9s de votre entreprise ou \u00e0 ajouter une fonctionnalit\u00e9 unique \u00e0 votre gamme de produits, ces \u00e9tiquettes NFC offrent des avantages in\u00e9gal\u00e9s qui valent la peine d&#039;\u00eatre pris en consid\u00e9ration.<\/p>\n<p>&nbsp;<\/p>\n<h3>Pourquoi choisir l&#039;antenne en cuivre grav\u00e9e personnalis\u00e9e HF NFC<\/h3>\n<p>Incorporation\u00a0<strong>Technologie NFC<\/strong>\u00a0dans vos applications permet un \u00e9change de donn\u00e9es transparent et am\u00e9liore l&#039;exp\u00e9rience utilisateur.\u00a0<strong>Antenne en cuivre grav\u00e9e personnalis\u00e9e HF NFC<\/strong>\u00a0fournit une interface de communication fiable \u00e0 une fr\u00e9quence de\u00a0<strong>13,56 MHz<\/strong>, ce qui le rend compatible avec divers appareils compatibles NFC. Cette \u00e9tiquette NFC n&#039;est pas seulement fonctionnelle ; elle est construite avec des mat\u00e9riaux de haute qualit\u00e9 comme\u00a0<strong>ANIMAL DE COMPAGNIE<\/strong>, assurant durabilit\u00e9 et r\u00e9silience.<\/p>\n<p>Qu&#039;il soit utilis\u00e9 dans le marketing, dans les emballages intelligents ou pour des applications interactives, les avantages sont \u00e9vidents :<\/p>\n<ul>\n<li><strong>Communication am\u00e9lior\u00e9e<\/strong>:Facilite le transfert instantan\u00e9 de donn\u00e9es entre les appareils, rationalisant ainsi les op\u00e9rations dans divers secteurs.<\/li>\n<li><strong>Versatilit\u00e9<\/strong>:Les tailles et conceptions personnalis\u00e9es garantissent que les incrustations NFC peuvent s&#039;adapter \u00e0 diverses applications, des supports marketing aux emballages de produits.<\/li>\n<li><strong>Durabilit\u00e9<\/strong>:Les caract\u00e9ristiques d&#039;\u00e9tanch\u00e9it\u00e9 et de r\u00e9sistance aux intemp\u00e9ries am\u00e9liorent les performances, les rendant adapt\u00e9es \u00e0 une utilisation int\u00e9rieure et ext\u00e9rieure.<\/li>\n<li><strong>Capacit\u00e9 de m\u00e9moire \u00e9lev\u00e9e<\/strong>: Avec\u00a0<strong>416 octets<\/strong>\u00a0de m\u00e9moire inscriptible, il permet un stockage et une r\u00e9cup\u00e9ration efficaces des donn\u00e9es.<\/li>\n<\/ul>\n<p>&nbsp;<\/p>\n<h3>Principales caract\u00e9ristiques de l&#039;antenne en cuivre grav\u00e9e personnalis\u00e9e HF NFC<\/h3>\n<p>Le\u00a0<strong>Antenne en cuivre grav\u00e9e personnalis\u00e9e HF NFC<\/strong>\u00a0est con\u00e7u avec une gamme de fonctionnalit\u00e9s adapt\u00e9es \u00e0 diverses applications.<\/p>\n<h3>Communication avanc\u00e9e<\/h3>\n<p>Cette \u00e9tiquette NFC utilise un\u00a0<strong>interface de communication<\/strong>\u00a0qui fonctionne de mani\u00e8re transparente avec\u00a0<strong>Appareils compatibles NFC<\/strong>Les utilisateurs peuvent simplement appuyer sur leur\u00a0<strong>Lecteur NFC<\/strong>\u00a0ou\u00a0<strong>t\u00e9l\u00e9phone intelligent<\/strong>\u00a0contre l&#039;incrustation pour obtenir des connexions instantan\u00e9es et un transfert de donn\u00e9es.<\/p>\n<h3>Options de taille personnalisables<\/h3>\n<p>Nos inlays NFC sont disponibles dans une taille standard de\u00a0<strong>Diam\u00e8tre 30 mm<\/strong>, avec des options pour\u00a0<strong>dimensionnement personnalis\u00e9<\/strong>\u00a0pour r\u00e9pondre \u00e0 vos besoins sp\u00e9cifiques. Que vous ayez besoin d&#039;une \u00e9tiquette plus petite pour un produit sp\u00e9cifique ou d&#039;une \u00e9tiquette plus grande pour des affichages marketing, nous avons ce qu&#039;il vous faut.<\/p>\n<h3>Imperm\u00e9able et r\u00e9sistant aux intemp\u00e9ries<\/h3>\n<p>Toutes les \u00e9tiquettes NFC ne sont pas \u00e9gales ; les n\u00f4tres se vantent\u00a0<strong>capacit\u00e9s d&#039;\u00e9tanch\u00e9it\u00e9 et de r\u00e9sistance aux intemp\u00e9ries<\/strong>Cela signifie que vous pouvez les utiliser \u00e0 l&#039;ext\u00e9rieur sans vous soucier de leur durabilit\u00e9 ou de leurs performances, ce qui les rend id\u00e9aux pour les \u00e9v\u00e9nements, les campagnes marketing et les produits expos\u00e9s aux \u00e9l\u00e9ments.<\/p>\n<p>&nbsp;<\/p>\n<h2>Sp\u00e9cifications techniques de l&#039;inlay NFC<\/h2>\n<table class=\"w-fit !mb-0 !max-w-none\" style=\"height: 311px;\" width=\"449\">\n<thead>\n<tr>\n<th><strong>Sp\u00e9cification<\/strong><\/th>\n<th><strong>D\u00e9tails<\/strong><\/th>\n<\/tr>\n<\/thead>\n<tbody>\n<tr>\n<td><strong>Taper<\/strong><\/td>\n<td>Forum NFC Type 4<\/td>\n<\/tr>\n<tr>\n<td><strong>Mat\u00e9riel<\/strong><\/td>\n<td>ANIMAL DE COMPAGNIE<\/td>\n<\/tr>\n<tr>\n<td><strong>Taille<\/strong><\/td>\n<td>Diam\u00e8tre 30 mm\/Taille personnalis\u00e9e<\/td>\n<\/tr>\n<tr>\n<td><strong>Capacit\u00e9 de m\u00e9moire<\/strong><\/td>\n<td>416 octets<\/td>\n<\/tr>\n<tr>\n<td><strong>\u00c9br\u00e9cher<\/strong><\/td>\n<td>S\u00e9rie NTAG<\/td>\n<\/tr>\n<tr>\n<td><strong>Fr\u00e9quence<\/strong><\/td>\n<td>13,56 MHz<\/td>\n<\/tr>\n<tr>\n<td><strong>\u00c9crire Endurance<\/strong><\/td>\n<td>100 000 fois<\/td>\n<\/tr>\n<tr>\n<td><strong>Impression<\/strong><\/td>\n<td>Impression offset CMJN<\/td>\n<\/tr>\n<tr>\n<td><strong>Conditionnement<\/strong><\/td>\n<td>200 pi\u00e8ces\/bo\u00eete blanche int\u00e9rieure, 25 bo\u00eetes\/carton<\/td>\n<\/tr>\n<tr>\n<td><strong>Port<\/strong><\/td>\n<td>Shenzhen<\/td>\n<\/tr>\n<tr>\n<td><strong>Poids brut unitaire<\/strong><\/td>\n<td>0,010 kg<\/td>\n<\/tr>\n<\/tbody>\n<\/table>\n<p>&nbsp;<\/p>\n<p>&nbsp;<\/p>\n<h3>Questions fr\u00e9quemment pos\u00e9es (FAQ)<\/h3>\n<h2>1. Qu&#039;est-ce que l&#039;antenne NFC HF en cuivre grav\u00e9e personnalis\u00e9e ?<\/h2>\n<p>Le\u00a0<strong>Antenne en cuivre grav\u00e9e personnalis\u00e9e HF NFC<\/strong>\u00a0est une \u00e9tiquette NFC haute fr\u00e9quence con\u00e7ue pour un \u00e9change de donn\u00e9es efficace et une communication transparente avec les appareils compatibles NFC. Elle utilise une technologie avanc\u00e9e pour la durabilit\u00e9 et la polyvalence dans diverses applications, notamment le marketing, l&#039;emballage intelligent et les interactions avec les produits.<\/p>\n<h2>2. Comment fonctionne la technologie NFC ?<\/h2>\n<p>La technologie NFC (Near Field Communication) permet le transfert de donn\u00e9es sans fil entre appareils sur de courtes distances. Lorsqu&#039;un appareil compatible NFC, tel qu&#039;un smartphone ou un lecteur, s&#039;approche de l&#039;\u00e9tiquette NFC, les donn\u00e9es sont \u00e9chang\u00e9es via une communication par radiofr\u00e9quence, ce qui permet aux utilisateurs d&#039;acc\u00e9der rapidement \u00e0 des informations ou de lancer des applications.<\/p>\n<h2>3. Quelle est la capacit\u00e9 de m\u00e9moire et l&#039;endurance d&#039;\u00e9criture de l&#039;inlay NFC ?<\/h2>\n<p>Le\u00a0<strong>Antenne en cuivre grav\u00e9e personnalis\u00e9e HF NFC<\/strong>\u00a0a une capacit\u00e9 de m\u00e9moire de\u00a0<strong>416 octets<\/strong>\u00a0et prend en charge jusqu&#039;\u00e0\u00a0<strong>100 000 cycles d&#039;\u00e9criture<\/strong>Cela permet un stockage de donn\u00e9es \u00e9tendu et la possibilit\u00e9 de mettre \u00e0 jour les informations selon les besoins.<\/p>\n<h2>4. L&#039;antenne NFC HF en cuivre grav\u00e9e personnalis\u00e9e est-elle \u00e9tanche et r\u00e9sistante aux intemp\u00e9ries ?<\/h2>\n<p>Oui, l\u2019une des caract\u00e9ristiques remarquables de notre incrustation NFC est son\u00a0<strong>capacit\u00e9s d&#039;\u00e9tanch\u00e9it\u00e9 et de r\u00e9sistance aux intemp\u00e9ries<\/strong>Cela garantit que l&#039;\u00e9tiquette peut r\u00e9sister \u00e0 l&#039;exposition aux \u00e9l\u00e9ments, la rendant ainsi adapt\u00e9e aux applications int\u00e9rieures et ext\u00e9rieures.<\/p>","protected":false},"excerpt":{"rendered":"<p>L&#039;antenne NFC HF grav\u00e9e sur mesure en cuivre est une solution NFC polyvalente et durable con\u00e7ue pour un transfert de donn\u00e9es fluide et des applications innovantes. Sa conception \u00e9tanche et ses options personnalisables en font un outil id\u00e9al pour divers secteurs, am\u00e9liorant l&#039;engagement des utilisateurs et l&#039;efficacit\u00e9 op\u00e9rationnelle.<\/p>","protected":false},"featured_media":3516,"template":"","meta":[],"product_brand":[],"product_cat":[48],"product_tag":[],"class_list":{"0":"post-3515","1":"product","2":"type-product","3":"status-publish","4":"has-post-thumbnail","6":"product_cat-nfc-stickers","8":"first","9":"instock","10":"shipping-taxable","11":"product-type-simple"},"_links":{"self":[{"href":"https:\/\/nfc-readers.com\/fr\/wp-json\/wp\/v2\/product\/3515","targetHints":{"allow":["GET"]}}],"collection":[{"href":"https:\/\/nfc-readers.com\/fr\/wp-json\/wp\/v2\/product"}],"about":[{"href":"https:\/\/nfc-readers.com\/fr\/wp-json\/wp\/v2\/types\/product"}],"wp:featuredmedia":[{"embeddable":true,"href":"https:\/\/nfc-readers.com\/fr\/wp-json\/wp\/v2\/media\/3516"}],"wp:attachment":[{"href":"https:\/\/nfc-readers.com\/fr\/wp-json\/wp\/v2\/media?parent=3515"}],"wp:term":[{"taxonomy":"product_brand","embeddable":true,"href":"https:\/\/nfc-readers.com\/fr\/wp-json\/wp\/v2\/product_brand?post=3515"},{"taxonomy":"product_cat","embeddable":true,"href":"https:\/\/nfc-readers.com\/fr\/wp-json\/wp\/v2\/product_cat?post=3515"},{"taxonomy":"product_tag","embeddable":true,"href":"https:\/\/nfc-readers.com\/fr\/wp-json\/wp\/v2\/product_tag?post=3515"}],"curies":[{"name":"wp","href":"https:\/\/api.w.org\/{rel}","templated":true}]}}